{"id":4156,"date":"2015-05-11T08:58:05","date_gmt":"2015-05-11T06:58:05","guid":{"rendered":"https:\/\/art-memorials.com\/information\/"},"modified":"2024-01-27T11:34:54","modified_gmt":"2024-01-27T09:34:54","slug":"information","status":"publish","type":"page","link":"https:\/\/www.art-memorials.com\/de\/information\/","title":{"rendered":"Information"},"content":{"rendered":"<div class=\"wpb-content-wrapper\"><p>[vc_row][vc_column]<div class=\"sc_section\"><div class=\"sc_content content_wrap\"><div class=\"columns_wrap sc_columns columns_nofluid sc_columns_count_2\"><div class=\"column-1_2 sc_column_item sc_column_item_1 odd first\">[vc_column_text]Willkommen auf unserer Informationsseite. Hier finden Sie h\u00e4ufig gestellte Fragen, Einzelheiten zur Kontaktaufnahme und informative Artikel (unten) zu unseren exklusiven Urnen und Kunstdenkm\u00e4lern.<\/p>\n<p>Wir sind hier, um Ihnen die Informationen zur Verf\u00fcgung zu stellen, die Sie ben\u00f6tigen, um fundierte Entscheidungen zu treffen und unsere Angebote zu erkunden.[\/vc_column_text]<\/div><div class=\"column-1_2 sc_column_item sc_column_item_2 even\">[vc_column_text]F\u00fcr pers\u00f6nliche Anfragen oder Unterst\u00fctzung senden Sie uns gerne eine E-Mail \u00fcber <a href=\"https:\/\/art-memorials.com\/contact\/\">das Kontaktformular<\/a> oder direkt an info@art-memorials.com.<\/p>\n<p>F\u00fcr gesch\u00e4ftliche Anfragen oder Kooperationen senden Sie bitte eine E-Mail an unseren Account Manager unter sales@art-memorials.com. Wir freuen uns darauf, von Ihnen zu h\u00f6ren und Sie bei Ihren spezifischen Bed\u00fcrfnissen zu unterst\u00fctzen.<\/p>\n<p>[\/vc_column_text]<\/div><\/div>[vc_zigzag el_border_width=&#8221;15&#8243;]<\/div><\/div><div class=\"sc_section\"><div class=\"sc_accordion sc_accordion_style_1\" data-active=\"0\"><div id=\"sc_accordion_item_1660050061082_2\" class=\"sc_accordion_item odd first\"><h5 class=\"sc_accordion_title\"><span class=\"sc_accordion_icon sc_accordion_icon_closed icon-ok\"><\/span><span class=\"sc_accordion_icon sc_accordion_icon_opened icon-ok\"><\/span>H\u00e4ufig gestellte Fragen<\/h5><div class=\"sc_accordion_content\">[vc_column_text]<\/p>\n<p>Lesen Sie hier die am h\u00e4ufigsten gestellten Fragen. Kontaktieren Sie uns bei weiteren Fragen, wir helfen Ihnen gerne bei der Suche nach einem guten Kunstdenkmal f\u00fcr Ihren Angeh\u00f6rigen.<\/p>\n<p>[\/vc_column_text]<\/div><\/div><div id=\"sc_accordion_item_1698137559196_4\" class=\"sc_accordion_item even\"><h5 class=\"sc_accordion_title\"><span class=\"sc_accordion_icon sc_accordion_icon_closed icon-ok\"><\/span><span class=\"sc_accordion_icon sc_accordion_icon_opened icon-ok\"><\/span>Worauf sollte ich beim Urnenkauf achten?<\/h5><div class=\"sc_accordion_content\">[vc_column_text]Der Kauf einer Urne ist ein emotionaler Prozess, bei dem es wichtig ist, dass die Urne sch\u00f6n, passend und langlebig ist. Wir empfehlen Ihnen, sich Zeit zu nehmen. Besuchen Sie unseren <a href=\"https:\/\/www.art-memorials.com\/de\/urnen\/\">Online-Showroom<\/a>, um zu sehen, was Ihnen gef\u00e4llt. Dies wird Sie zu Ideen inspirieren, die Sie mit Ihrer Familie und Ihren Lieben besprechen k\u00f6nnen. Wir sind f\u00fcr Sie da und helfen Ihnen gerne weiter.[\/vc_column_text]<\/div><\/div><div id=\"sc_accordion_item_1698137676919_9\" class=\"sc_accordion_item odd\"><h5 class=\"sc_accordion_title\"><span class=\"sc_accordion_icon sc_accordion_icon_closed icon-ok\"><\/span><span class=\"sc_accordion_icon sc_accordion_icon_opened icon-ok\"><\/span>Wie viel Asche wird nach einer Ein\u00e4scherung freigesetzt?<\/h5><div class=\"sc_accordion_content\">[vc_column_text]Im Durchschnitt fallen nach der Ein\u00e4scherung eines Erwachsenen etwa 3 bis 3,5 Liter Asche an.<\/p>\n<p>Die Menge der Asche kann je nach Gewicht und Gr\u00f6\u00dfe der Person, der f\u00fcr den Sarg verwendeten Holzart und den darin befindlichen Gegenst\u00e4nden variieren.<\/p>\n<p>Bei Tierurnen h\u00e4ngt die Menge der freigesetzten Asche vom Gewicht Ihres geliebten Tieres ab.<\/p>\n<p>Hier finden Sie einen groben Anhaltspunkt zum Mindestinhalt von Urnen f\u00fcr <a href=\"https:\/\/www.art-memorials.com\/de\/shop\/feuerbestattung-urnen\/\">Mensch<\/a> und <a href=\"https:\/\/www.art-memorials.com\/de\/shop\/feuerbestattung-urnen\/tierurnen\/\">Tier<\/a>.[\/vc_column_text]<\/div><\/div><div id=\"sc_accordion_item_1698138605519_1\" class=\"sc_accordion_item even\"><h5 class=\"sc_accordion_title\"><span class=\"sc_accordion_icon sc_accordion_icon_closed icon-ok\"><\/span><span class=\"sc_accordion_icon sc_accordion_icon_opened icon-ok\"><\/span>Welche Urnengr\u00f6\u00dfe ist geeignet?<\/h5><div class=\"sc_accordion_content\">[vc_column_text]F\u00fcr die vollst\u00e4ndige Konservierung der Asche eines Erwachsenen sollten Sie \u00fcber eine Urne mit einem Fassungsverm\u00f6gen von 3 bis 3,5 Litern verf\u00fcgen.<\/p>\n<p>F\u00fcr ein Kind sollten Sie eine Urne mit einem Fassungsverm\u00f6gen von bis zu 1,8 Litern in Betracht ziehen. Das Fassungsverm\u00f6gen jeder Urne ist bei jeder Urne angegeben. Wenn nicht, lassen Sie es uns wissen.<\/p>\n<p>Eine kleinere Urne kann einen Teil der Kremationsasche, eine Haarstr\u00e4hne oder ein anderes Erinnerungsst\u00fcck enthalten. Es ist \u00fcblich, dass Familienmitglieder mehrere kleinere Urnen erwerben, damit jeder einen Teil der Asche aufbewahren kann.[\/vc_column_text]<\/div><\/div><div id=\"sc_accordion_item_1659706522224_3\" class=\"sc_accordion_item odd\"><h5 class=\"sc_accordion_title\"><span class=\"sc_accordion_icon sc_accordion_icon_closed icon-ok\"><\/span><span class=\"sc_accordion_icon sc_accordion_icon_opened icon-ok\"><\/span>Kann ich die Urne zur\u00fcckgeben, wenn sie mir nicht gef\u00e4llt?<\/h5><div class=\"sc_accordion_content\">[vc_column_text]Alle unsere Gedenkartikel sind von hoher Qualit\u00e4t und sorgf\u00e4ltig gefertigt. Wenn Ihr Kauf innerhalb dieses Zeitraums nicht zu Ihrer Zufriedenheit ist, ist das kein Grund zur Sorge.<\/p>\n<p>Sie k\u00f6nnen den Artikel innerhalb von 14 Tagen ohne Angabe von Gr\u00fcnden zur\u00fccksenden. Auf diese Weise m\u00f6chten wir Ihnen in jedem Fall den Prozess erleichtern.<\/p>\n<p>Bitte beachten Sie, dass die Kunstwerke in ihrem Originalzustand und in der Originalverpackung zur\u00fcckgegeben werden m\u00fcssen.<\/p>\n<p><strong><a href=\"https:\/\/art-memorials.com\/shipping-returns\/\">Lesen Sie hier mehr \u00fcber unsere R\u00fcckgabebedingungen.<\/a> Eine R\u00fcckgabe eines Aschegem\u00e4ldes ist leider NICHT m\u00f6glich.<br \/>\n<\/strong>[\/vc_column_text]<\/div><\/div><div class=\"sc_accordion_item even\"><h5 class=\"sc_accordion_title\"><span class=\"sc_accordion_icon sc_accordion_icon_closed icon-ok\"><\/span><span class=\"sc_accordion_icon sc_accordion_icon_opened icon-ok\"><\/span>Kann ein Gem\u00e4lde Kleidung oder pers\u00f6nliche Gegenst\u00e4nde eines Verstorbenen enthalten?<\/h5><div class=\"sc_accordion_content\">[vc_column_text]Ja, es ist m\u00f6glich, ein Gem\u00e4lde zu schaffen, das Kleidung oder pers\u00f6nliche Gegenst\u00e4nde einer verstorbenen Person einbezieht. Dies kann eine sinnvolle M\u00f6glichkeit sein, der Person ein Denkmal zu setzen und ein einzigartiges und pers\u00f6nliches Kunstwerk zu schaffen. <a href=\"https:\/\/art-memorials.com\/contact\/\">Kontaktieren Sie uns.<\/a>[\/vc_column_text]<\/div><\/div><div class=\"sc_accordion_item odd\"><h5 class=\"sc_accordion_title\"><span class=\"sc_accordion_icon sc_accordion_icon_closed icon-ok\"><\/span><span class=\"sc_accordion_icon sc_accordion_icon_opened icon-ok\"><\/span>Wie versende ich die Asche f\u00fcr ein gekauftes Aschegem\u00e4lde?<\/h5><div class=\"sc_accordion_content\">[vc_column_text]<\/p>\n<ol>\n<li><strong>Kaufen Sie das gew\u00fcnschte Aschebild.<\/strong> Unsere K\u00fcnstlerin wird die Bilder so nachbilden, wie sie auf den Bildern zu sehen sind, aber nat\u00fcrlich kann das Endergebnis davon abweichen.<\/li>\n<li><strong>Senden Sie uns die Bestellnummer<\/strong>. Entweder <a href=\"https:\/\/art-memorials.com\/contact\/\">per E-Mai<\/a>l oder \u00fcbermitteln Sie sie als <strong>&#8220;Kaufnotiz&#8221;<\/strong> w\u00e4hrend des Bestellvorgangs.<\/li>\n<li><strong>Wir werden die Bestellung best\u00e4tigen und Sie bez\u00fcglich der Versandanweisungen kontaktieren.<\/strong><\/li>\n<li><strong>Unsere K\u00fcnstler gestalten das Bild neu.<\/strong> Sie f\u00fcgen respektvoll ein St\u00fcckchen Asche Ihrer Lieben in das Bild ein.<\/li>\n<li><strong>Das Kunstwerk wird zu Ihnen nach Hause geliefert.<\/strong> Sie erhalten einen Sendeverfolgungsnummer, mit dem Sie Ihre Sendung verfolgen k\u00f6nnen.<\/li>\n<\/ol>\n<p>[\/vc_column_text]<\/div><\/div><div class=\"sc_accordion_item even\"><h5 class=\"sc_accordion_title\"><span class=\"sc_accordion_icon sc_accordion_icon_closed icon-ok\"><\/span><span class=\"sc_accordion_icon sc_accordion_icon_opened icon-ok\"><\/span>Was ist Cortenstahl?<\/h5><div class=\"sc_accordion_content\">[vc_column_text]Unsere Kremations-\/Bestattungsurnen (aus Metall) sind einzigartig gestaltet, werden in limitierter Auflage hergestellt und bestehen aus den hochwertigsten Materialien, in diesem Fall aus Cortenstahl.<\/p>\n<div class=\"button alt\"><a href=\"https:\/\/www.art-memorials.com\/de\/urnen\/?filter_material=cortenstaal\">Bestattungskunstwerken aus Cortenstahl ansehen.<\/a><\/div>\n<p>[\/vc_column_text]<\/div><\/div><div id=\"sc_accordion_item_1671718590259_0\" class=\"sc_accordion_item odd\"><h5 class=\"sc_accordion_title\"><span class=\"sc_accordion_icon sc_accordion_icon_closed icon-ok\"><\/span><span class=\"sc_accordion_icon sc_accordion_icon_opened icon-ok\"><\/span>Haben Sie Informationen \u00fcber den K\u00fcnstler?<\/h5><div class=\"sc_accordion_content\">[vc_column_text]Ja, wir haben Informationen \u00fcber den K\u00fcnstler jeweiliger Produktseite f\u00fcr jedes Kunstwerk. Sie k\u00f6nnen sich auch mit uns in Verbindung setzen, wenn Sie spezielle Fragen zu den K\u00fcnstlern oder ihrer Werke haben.[\/vc_column_text]<\/div><\/div><div id=\"sc_accordion_item\" class=\"sc_accordion_item even\"><h5 class=\"sc_accordion_title\"><span class=\"sc_accordion_icon sc_accordion_icon_closed icon-ok\"><\/span><span class=\"sc_accordion_icon sc_accordion_icon_opened icon-ok\"><\/span>Wie pflege ich das Kunstwerk?<\/h5><div class=\"sc_accordion_content\">[vc_column_text]Einige Kunstwerke sind witterungsbest\u00e4ndig, wie unsere Urnen, aber Wandkunst und gerahmte Kunstwerke ben\u00f6tigen Pflege und sind nicht witterungsbest\u00e4ndig. Sie k\u00f6nnen Ihr Kunstwerk pflegen, indem Sie es vor direkter Sonneneinstrahlung, Feuchtigkeit und Hitze sch\u00fctzen. Wenn das Kunstwerk gerahmt ist, sollten Sie auch sicherstellen, dass der Rahmen sicher und in einem guten Zustand ist.[\/vc_column_text]<\/div><\/div><div id=\"sc_accordion_item\" class=\"sc_accordion_item odd\"><h5 class=\"sc_accordion_title\"><span class=\"sc_accordion_icon sc_accordion_icon_closed icon-ok\"><\/span><span class=\"sc_accordion_icon sc_accordion_icon_opened icon-ok\"><\/span>Bieten Sie individuelle oder personalisierte Kunstwerke an?<\/h5><div class=\"sc_accordion_content\">[vc_column_text]Ja, wir bieten individuelle Kunstwerke und\/oder Gr\u00f6\u00dfen an. Sie k\u00f6nnen uns Ihre speziellen W\u00fcnsche mitteilen, und wir werden unser Bestes tun, um sie zu erf\u00fcllen. Bitte beachten Sie, dass die Erstellung individueller Kunstwerke l\u00e4nger dauern kann und zus\u00e4tzliche Geb\u00fchren anfallen k\u00f6nnen.[\/vc_column_text]<\/div><\/div><div id=\"sc_accordion_item\" class=\"sc_accordion_item even\"><h5 class=\"sc_accordion_title\"><span class=\"sc_accordion_icon sc_accordion_icon_closed icon-ok\"><\/span><span class=\"sc_accordion_icon sc_accordion_icon_opened icon-ok\"><\/span>Bieten Sie internationalen Versand an?<\/h5><div class=\"sc_accordion_content\">[vc_column_text]Ja, wir bieten internationalen Versand in vielen L\u00e4ndern an. Die Kosten f\u00fcr den internationalen Versand werden w\u00e4hrend des Bestellvorgangs auf der Grundlage des Bestimmungsorts und der Gr\u00f6\u00dfe des Kunstwerks berechnet. Wir bieten jedoch kostenlosen Versand f\u00fcr viele Artikel in normaler Gr\u00f6\u00dfe.[\/vc_column_text]<\/div><\/div><div id=\"sc_accordion_item\" class=\"sc_accordion_item odd\"><h5 class=\"sc_accordion_title\"><span class=\"sc_accordion_icon sc_accordion_icon_closed icon-ok\"><\/span><span class=\"sc_accordion_icon sc_accordion_icon_opened icon-ok\"><\/span>Bieten Sie Rabatte oder Sonderangebote an?<\/h5><div class=\"sc_accordion_content\">[vc_column_text]Ja, wir bieten von Zeit zu Zeit Rabatte und Sonderangebote an. Sie k\u00f6nnen sich bei der Registrierung f\u00fcr unseren Newsletter anmelden, um \u00fcber Sonderangebote und Verk\u00e4ufe informiert zu werden. Sie k\u00f6nnen uns auch auf Instagram folgen, um \u00fcber die neuesten Angebote informiert zu bleiben.[\/vc_column_text]<\/div><\/div><\/div><\/div><div class=\"sc_section\"><h2 class=\"sc_title sc_title_regular sc_align_center fig_border\" style=\"margin-top:50px;margin-bottom:25px;text-align:center;\">Blogeintr\u00e4ge<\/h2>[vc_masonry_grid post_type=&#8221;post&#8221; max_items=&#8221;10&#8243; style=&#8221;load-more&#8221; items_per_page=&#8221;6&#8243; btn_color=&#8221;success&#8221; grid_id=&#8221;vc_gid:1698140351836-0c309f33-1b41-8&#8243;]<\/div>[\/vc_column][\/vc_row]<\/p>\n<\/div>","protected":false},"excerpt":{"rendered":"<p> [&hellip;]<\/p>\n","protected":false},"author":1,"featured_media":0,"parent":0,"menu_order":0,"comment_status":"closed","ping_status":"open","template":"page.php","meta":{"footnotes":""},"class_list":["post-4156","page","type-page","status-publish","hentry"],"yoast_head":"<!-- This site is optimized with the Yoast SEO plugin v24.4 - https:\/\/yoast.com\/wordpress\/plugins\/seo\/ -->\n<title>Information &#8902; Art-Memorials.com<\/title>\n<meta name=\"description\" content=\"Informationen und h\u00e4ufig gestellte Fragen zu Kunstdenkm\u00e4lern. Funeral Urns, Ash Paintings and more. Gedenkkunstwerke f\u00fcr Menschen und Haustiere.\" \/>\n<meta name=\"robots\" content=\"index, follow, max-snippet:-1, max-image-preview:large, max-video-preview:-1\" \/>\n<link rel=\"canonical\" href=\"https:\/\/www.art-memorials.com\/de\/information\/\" \/>\n<meta property=\"og:locale\" content=\"de_DE\" \/>\n<meta property=\"og:type\" content=\"article\" \/>\n<meta property=\"og:title\" content=\"Information &#8902; Art-Memorials.com\" \/>\n<meta property=\"og:description\" content=\"Informationen und h\u00e4ufig gestellte Fragen zu Kunstdenkm\u00e4lern. Funeral Urns, Ash Paintings and more. Gedenkkunstwerke f\u00fcr Menschen und Haustiere.\" \/>\n<meta property=\"og:url\" content=\"https:\/\/www.art-memorials.com\/de\/information\/\" \/>\n<meta property=\"og:site_name\" content=\"Art-Memorials\" \/>\n<meta property=\"article:modified_time\" content=\"2024-01-27T09:34:54+00:00\" \/>\n<meta name=\"twitter:card\" content=\"summary_large_image\" \/>\n<meta name=\"twitter:label1\" content=\"Gesch\u00e4tzte Lesezeit\" \/>\n\t<meta name=\"twitter:data1\" content=\"4\u00a0Minuten\" \/>\n<script type=\"application\/ld+json\" class=\"yoast-schema-graph\">{\"@context\":\"https:\/\/schema.org\",\"@graph\":[{\"@type\":\"WebPage\",\"@id\":\"https:\/\/www.art-memorials.com\/de\/information\/\",\"url\":\"https:\/\/www.art-memorials.com\/de\/information\/\",\"name\":\"Information &#8902; Art-Memorials.com\",\"isPartOf\":{\"@id\":\"http:\/\/www.art-memorials.com\/de\/#website\"},\"datePublished\":\"2015-05-11T06:58:05+00:00\",\"dateModified\":\"2024-01-27T09:34:54+00:00\",\"description\":\"Informationen und h\u00e4ufig gestellte Fragen zu Kunstdenkm\u00e4lern. Funeral Urns, Ash Paintings and more. Gedenkkunstwerke f\u00fcr Menschen und Haustiere.\",\"breadcrumb\":{\"@id\":\"https:\/\/www.art-memorials.com\/de\/information\/#breadcrumb\"},\"inLanguage\":\"de\",\"potentialAction\":[{\"@type\":\"ReadAction\",\"target\":[\"https:\/\/www.art-memorials.com\/de\/information\/\"]}]},{\"@type\":\"BreadcrumbList\",\"@id\":\"https:\/\/www.art-memorials.com\/de\/information\/#breadcrumb\",\"itemListElement\":[{\"@type\":\"ListItem\",\"position\":1,\"name\":\"Home\",\"item\":\"https:\/\/www.art-memorials.com\/de\/\"},{\"@type\":\"ListItem\",\"position\":2,\"name\":\"Information\"}]},{\"@type\":\"WebSite\",\"@id\":\"http:\/\/www.art-memorials.com\/de\/#website\",\"url\":\"http:\/\/www.art-memorials.com\/de\/\",\"name\":\"Art-Memorials\",\"description\":\"Exclusive Cremation Urns, Ash Paintings, and Sculptures\",\"potentialAction\":[{\"@type\":\"SearchAction\",\"target\":{\"@type\":\"EntryPoint\",\"urlTemplate\":\"http:\/\/www.art-memorials.com\/de\/?s={search_term_string}\"},\"query-input\":{\"@type\":\"PropertyValueSpecification\",\"valueRequired\":true,\"valueName\":\"search_term_string\"}}],\"inLanguage\":\"de\"}]}<\/script>\n<!-- \/ Yoast SEO plugin. -->","yoast_head_json":{"title":"Information &#8902; Art-Memorials.com","description":"Informationen und h\u00e4ufig gestellte Fragen zu Kunstdenkm\u00e4lern. Funeral Urns, Ash Paintings and more. Gedenkkunstwerke f\u00fcr Menschen und Haustiere.","robots":{"index":"index","follow":"follow","max-snippet":"max-snippet:-1","max-image-preview":"max-image-preview:large","max-video-preview":"max-video-preview:-1"},"canonical":"https:\/\/www.art-memorials.com\/de\/information\/","og_locale":"de_DE","og_type":"article","og_title":"Information &#8902; Art-Memorials.com","og_description":"Informationen und h\u00e4ufig gestellte Fragen zu Kunstdenkm\u00e4lern. Funeral Urns, Ash Paintings and more. Gedenkkunstwerke f\u00fcr Menschen und Haustiere.","og_url":"https:\/\/www.art-memorials.com\/de\/information\/","og_site_name":"Art-Memorials","article_modified_time":"2024-01-27T09:34:54+00:00","twitter_card":"summary_large_image","twitter_misc":{"Gesch\u00e4tzte Lesezeit":"4\u00a0Minuten"},"schema":{"@context":"https:\/\/schema.org","@graph":[{"@type":"WebPage","@id":"https:\/\/www.art-memorials.com\/de\/information\/","url":"https:\/\/www.art-memorials.com\/de\/information\/","name":"Information &#8902; Art-Memorials.com","isPartOf":{"@id":"http:\/\/www.art-memorials.com\/de\/#website"},"datePublished":"2015-05-11T06:58:05+00:00","dateModified":"2024-01-27T09:34:54+00:00","description":"Informationen und h\u00e4ufig gestellte Fragen zu Kunstdenkm\u00e4lern. Funeral Urns, Ash Paintings and more. Gedenkkunstwerke f\u00fcr Menschen und Haustiere.","breadcrumb":{"@id":"https:\/\/www.art-memorials.com\/de\/information\/#breadcrumb"},"inLanguage":"de","potentialAction":[{"@type":"ReadAction","target":["https:\/\/www.art-memorials.com\/de\/information\/"]}]},{"@type":"BreadcrumbList","@id":"https:\/\/www.art-memorials.com\/de\/information\/#breadcrumb","itemListElement":[{"@type":"ListItem","position":1,"name":"Home","item":"https:\/\/www.art-memorials.com\/de\/"},{"@type":"ListItem","position":2,"name":"Information"}]},{"@type":"WebSite","@id":"http:\/\/www.art-memorials.com\/de\/#website","url":"http:\/\/www.art-memorials.com\/de\/","name":"Art-Memorials","description":"Exclusive Cremation Urns, Ash Paintings, and Sculptures","potentialAction":[{"@type":"SearchAction","target":{"@type":"EntryPoint","urlTemplate":"http:\/\/www.art-memorials.com\/de\/?s={search_term_string}"},"query-input":{"@type":"PropertyValueSpecification","valueRequired":true,"valueName":"search_term_string"}}],"inLanguage":"de"}]}},"featured_image_src":null,"featured_image_src_square":null,"_links":{"self":[{"href":"https:\/\/www.art-memorials.com\/de\/wp-json\/wp\/v2\/pages\/4156","targetHints":{"allow":["GET"]}}],"collection":[{"href":"https:\/\/www.art-memorials.com\/de\/wp-json\/wp\/v2\/pages"}],"about":[{"href":"https:\/\/www.art-memorials.com\/de\/wp-json\/wp\/v2\/types\/page"}],"author":[{"embeddable":true,"href":"https:\/\/www.art-memorials.com\/de\/wp-json\/wp\/v2\/users\/1"}],"replies":[{"embeddable":true,"href":"https:\/\/www.art-memorials.com\/de\/wp-json\/wp\/v2\/comments?post=4156"}],"version-history":[{"count":0,"href":"https:\/\/www.art-memorials.com\/de\/wp-json\/wp\/v2\/pages\/4156\/revisions"}],"wp:attachment":[{"href":"https:\/\/www.art-memorials.com\/de\/wp-json\/wp\/v2\/media?parent=4156"}],"curies":[{"name":"wp","href":"https:\/\/api.w.org\/{rel}","templated":true}]}}