{"id":4160,"date":"2015-05-04T14:45:22","date_gmt":"2015-05-04T12:45:22","guid":{"rendered":"https:\/\/art-memorials.com\/information\/ueber-uns\/"},"modified":"2023-10-16T17:05:22","modified_gmt":"2023-10-16T15:05:22","slug":"ueber-uns","status":"publish","type":"page","link":"https:\/\/www.art-memorials.com\/de\/information\/ueber-uns\/","title":{"rendered":"\u00dcber Uns"},"content":{"rendered":"<div class=\"wpb-content-wrapper\"><p>[vc_row][vc_column]<div class=\"columns_wrap sc_columns columns_nofluid sc_columns_count_3\" style=\"margin-top:1em;\" data-animation=\"animated fadeInUp normal\"><div class=\"column-1_3 sc_column_item sc_column_item_1 odd first\">[vc_column_text]<strong>Kontaktinformationen<\/strong>[\/vc_column_text]<ul class=\"sc_list boxed_icon sc_list_style_iconed\"><li class=\"sc_list_item odd first\"><span class=\"sc_list_icon icon-home-1\"><\/span>Art-Memorials.com, von Colonia-Art b.v.<\/li><li class=\"sc_list_item even\"><span class=\"sc_list_icon icon-location-1\"><\/span>Niederlande, Winterswijk<\/li><li class=\"sc_list_item odd\"><span class=\"sc_list_icon icon-location-1\"><\/span>Deutschland, Bocholt<\/li><li class=\"sc_list_item even\"><a href=\"http:\/\/www.art-memorials.com\" target=\"_blank\"><span class=\"sc_list_icon icon-mail-2\"><\/span>info@art-memorials.com<\/a><\/li><\/ul><\/div><div class=\"column-2_3 sc_column_item sc_column_item_2 even span_2\"><h2 class=\"sc_title sc_title_regular \" style=\"margin-top:0px;\"><\/p>\n<p>Willkommen auf Art-Memorials<\/p>\n<p><\/h2>[vc_column_text]<\/p>\n<p>Art-Memorials ist spezialisiert auf Urnen, Bildern mit Asche und andere Asche-Gedenkst\u00e4tten.<\/p>\n<p>Das Hauptunternehmen Colonia-Art begann als Webshop f\u00fcr eine breite Palette von Gem\u00e4lden, Arbeiten auf Papier, Fotografien, Skulpturen und angewandter Kunst aus eigenem Bestand. Dann haben wir auch externe K\u00fcnstler gewonnen.<\/p>\n<p>Sie k\u00f6nnen sich als K\u00fcnstler registrieren und ihre eigenen Kunstwerke in einer exklusiven K\u00fcnstlerumgebung einstellen. Wir haben uns immer weiter entwickelt.<\/p>\n<p>Wir stiegen in die Welt der digitalen Kunst ein, indem wir eine Auswahl von Sammlungen als NFTs auf der Blockchain anboten, die zum ersten Mal einen Eigentumsnachweis f\u00fcr digitale Kunstwerke lieferten.<\/p>\n<p>Inzwischen ist unsere Sammlung von Feuerbestattungsurnen, Aschebildern und Gedenksteinen so gestiegen, dass wir Art-Memorials gr\u00fcndeten. Auf diese Weise k\u00f6nnen wir unseren gesch\u00e4tzten Kunden weiterhin die M\u00f6glichkeit geben, ihre Lieben bei sich zu haben.<\/p>\n<p>Wir w\u00fcnschen Ihnen viel Spa\u00df in unserem Shop und freuen uns, von Ihnen zu h\u00f6ren!<\/p>\n<p>[\/vc_column_text]<\/div><\/div>[\/vc_column][\/vc_row][vc_row][vc_column][vc_column_text]<\/p>\n<div><\/div>\n<p>[\/vc_column_text][\/vc_column][\/vc_row]<\/p>\n<\/div>","protected":false},"excerpt":{"rendered":"<p> [&hellip;]<\/p>\n","protected":false},"author":1,"featured_media":0,"parent":4156,"menu_order":0,"comment_status":"open","ping_status":"open","template":"","meta":{"footnotes":""},"class_list":["post-4160","page","type-page","status-publish","hentry"],"yoast_head":"<!-- This site is optimized with the Yoast SEO plugin v24.4 - https:\/\/yoast.com\/wordpress\/plugins\/seo\/ -->\n<title>\u00dcber Uns &#8902; Art-Memorials.com<\/title>\n<meta name=\"robots\" content=\"index, follow, max-snippet:-1, max-image-preview:large, max-video-preview:-1\" \/>\n<link rel=\"canonical\" href=\"https:\/\/www.art-memorials.com\/de\/information\/ueber-uns\/\" \/>\n<meta property=\"og:locale\" content=\"de_DE\" \/>\n<meta property=\"og:type\" content=\"article\" \/>\n<meta property=\"og:title\" content=\"\u00dcber Uns &#8902; Art-Memorials.com\" \/>\n<meta property=\"og:description\" content=\"[&hellip;]\" \/>\n<meta property=\"og:url\" content=\"https:\/\/www.art-memorials.com\/de\/information\/ueber-uns\/\" \/>\n<meta property=\"og:site_name\" content=\"Art-Memorials\" \/>\n<meta property=\"article:modified_time\" content=\"2023-10-16T15:05:22+00:00\" \/>\n<meta name=\"twitter:card\" content=\"summary_large_image\" \/>\n<meta name=\"twitter:label1\" content=\"Gesch\u00e4tzte Lesezeit\" \/>\n\t<meta name=\"twitter:data1\" content=\"1\u00a0Minute\" \/>\n<script type=\"application\/ld+json\" class=\"yoast-schema-graph\">{\"@context\":\"https:\/\/schema.org\",\"@graph\":[{\"@type\":\"WebPage\",\"@id\":\"https:\/\/www.art-memorials.com\/de\/information\/ueber-uns\/\",\"url\":\"https:\/\/www.art-memorials.com\/de\/information\/ueber-uns\/\",\"name\":\"\u00dcber Uns &#8902; Art-Memorials.com\",\"isPartOf\":{\"@id\":\"http:\/\/www.art-memorials.com\/de\/#website\"},\"datePublished\":\"2015-05-04T12:45:22+00:00\",\"dateModified\":\"2023-10-16T15:05:22+00:00\",\"breadcrumb\":{\"@id\":\"https:\/\/www.art-memorials.com\/de\/information\/ueber-uns\/#breadcrumb\"},\"inLanguage\":\"de\",\"potentialAction\":[{\"@type\":\"ReadAction\",\"target\":[\"https:\/\/www.art-memorials.com\/de\/information\/ueber-uns\/\"]}]},{\"@type\":\"BreadcrumbList\",\"@id\":\"https:\/\/www.art-memorials.com\/de\/information\/ueber-uns\/#breadcrumb\",\"itemListElement\":[{\"@type\":\"ListItem\",\"position\":1,\"name\":\"Home\",\"item\":\"https:\/\/www.art-memorials.com\/de\/\"},{\"@type\":\"ListItem\",\"position\":2,\"name\":\"Information\",\"item\":\"https:\/\/www.art-memorials.com\/de\/information\/\"},{\"@type\":\"ListItem\",\"position\":3,\"name\":\"\u00dcber Uns\"}]},{\"@type\":\"WebSite\",\"@id\":\"http:\/\/www.art-memorials.com\/de\/#website\",\"url\":\"http:\/\/www.art-memorials.com\/de\/\",\"name\":\"Art-Memorials\",\"description\":\"Exclusive Cremation Urns, Ash Paintings, and Sculptures\",\"potentialAction\":[{\"@type\":\"SearchAction\",\"target\":{\"@type\":\"EntryPoint\",\"urlTemplate\":\"http:\/\/www.art-memorials.com\/de\/?s={search_term_string}\"},\"query-input\":{\"@type\":\"PropertyValueSpecification\",\"valueRequired\":true,\"valueName\":\"search_term_string\"}}],\"inLanguage\":\"de\"}]}<\/script>\n<!-- \/ Yoast SEO plugin. -->","yoast_head_json":{"title":"\u00dcber Uns &#8902; Art-Memorials.com","robots":{"index":"index","follow":"follow","max-snippet":"max-snippet:-1","max-image-preview":"max-image-preview:large","max-video-preview":"max-video-preview:-1"},"canonical":"https:\/\/www.art-memorials.com\/de\/information\/ueber-uns\/","og_locale":"de_DE","og_type":"article","og_title":"\u00dcber Uns &#8902; Art-Memorials.com","og_description":"[&hellip;]","og_url":"https:\/\/www.art-memorials.com\/de\/information\/ueber-uns\/","og_site_name":"Art-Memorials","article_modified_time":"2023-10-16T15:05:22+00:00","twitter_card":"summary_large_image","twitter_misc":{"Gesch\u00e4tzte Lesezeit":"1\u00a0Minute"},"schema":{"@context":"https:\/\/schema.org","@graph":[{"@type":"WebPage","@id":"https:\/\/www.art-memorials.com\/de\/information\/ueber-uns\/","url":"https:\/\/www.art-memorials.com\/de\/information\/ueber-uns\/","name":"\u00dcber Uns &#8902; Art-Memorials.com","isPartOf":{"@id":"http:\/\/www.art-memorials.com\/de\/#website"},"datePublished":"2015-05-04T12:45:22+00:00","dateModified":"2023-10-16T15:05:22+00:00","breadcrumb":{"@id":"https:\/\/www.art-memorials.com\/de\/information\/ueber-uns\/#breadcrumb"},"inLanguage":"de","potentialAction":[{"@type":"ReadAction","target":["https:\/\/www.art-memorials.com\/de\/information\/ueber-uns\/"]}]},{"@type":"BreadcrumbList","@id":"https:\/\/www.art-memorials.com\/de\/information\/ueber-uns\/#breadcrumb","itemListElement":[{"@type":"ListItem","position":1,"name":"Home","item":"https:\/\/www.art-memorials.com\/de\/"},{"@type":"ListItem","position":2,"name":"Information","item":"https:\/\/www.art-memorials.com\/de\/information\/"},{"@type":"ListItem","position":3,"name":"\u00dcber Uns"}]},{"@type":"WebSite","@id":"http:\/\/www.art-memorials.com\/de\/#website","url":"http:\/\/www.art-memorials.com\/de\/","name":"Art-Memorials","description":"Exclusive Cremation Urns, Ash Paintings, and Sculptures","potentialAction":[{"@type":"SearchAction","target":{"@type":"EntryPoint","urlTemplate":"http:\/\/www.art-memorials.com\/de\/?s={search_term_string}"},"query-input":{"@type":"PropertyValueSpecification","valueRequired":true,"valueName":"search_term_string"}}],"inLanguage":"de"}]}},"featured_image_src":null,"featured_image_src_square":null,"_links":{"self":[{"href":"https:\/\/www.art-memorials.com\/de\/wp-json\/wp\/v2\/pages\/4160","targetHints":{"allow":["GET"]}}],"collection":[{"href":"https:\/\/www.art-memorials.com\/de\/wp-json\/wp\/v2\/pages"}],"about":[{"href":"https:\/\/www.art-memorials.com\/de\/wp-json\/wp\/v2\/types\/page"}],"author":[{"embeddable":true,"href":"https:\/\/www.art-memorials.com\/de\/wp-json\/wp\/v2\/users\/1"}],"replies":[{"embeddable":true,"href":"https:\/\/www.art-memorials.com\/de\/wp-json\/wp\/v2\/comments?post=4160"}],"version-history":[{"count":0,"href":"https:\/\/www.art-memorials.com\/de\/wp-json\/wp\/v2\/pages\/4160\/revisions"}],"up":[{"embeddable":true,"href":"https:\/\/www.art-memorials.com\/de\/wp-json\/wp\/v2\/pages\/4156"}],"wp:attachment":[{"href":"https:\/\/www.art-memorials.com\/de\/wp-json\/wp\/v2\/media?parent=4160"}],"curies":[{"name":"wp","href":"https:\/\/api.w.org\/{rel}","templated":true}]}}