{"id":4173,"date":"2022-07-26T17:36:49","date_gmt":"2022-07-26T15:36:49","guid":{"rendered":"https:\/\/art-memorials.com\/kuenstler\/"},"modified":"2025-03-23T17:33:54","modified_gmt":"2025-03-23T15:33:54","slug":"kuenstler-innen","status":"publish","type":"page","link":"https:\/\/www.art-memorials.com\/de\/information\/kuenstler-innen\/","title":{"rendered":"K\u00fcnstler"},"content":{"rendered":"<div class=\"wp-block-columns is-layout-flex wp-container-core-columns-is-layout-1 wp-block-columns-is-layout-flex\"><div class=\"wp-block-column is-layout-flow wp-block-column-is-layout-flow\"><div style=\"background-color:#f2f2f2;color:#32373c\" class=\"wp-block-genesis-blocks-gb-profile-box square gb-font-size-18 gb-block-profile gb-profile-columns\"><div class=\"gb-profile-column gb-profile-content-wrap\"><h2 class=\"gb-profile-name\" style=\"color:#32373c\">Chroessi Schnell<\/h2><p class=\"gb-profile-title\" style=\"color:#32373c\"><a href=\"https:\/\/www.art-memorials.com\/de\/kuenstler-innen\/chroessi-schnell\/\">Designerin unserer Rustikalen Stahlurnen-Kollektion<\/a><\/p><div class=\"gb-profile-text\"><p>Chroessi Schnell studierte Kunst, Theater und P\u00e4dagogik in Essen. Nach Abschluss ihres Studiums im Jahr 2011 arbeitete sie zun\u00e4chst in M\u00fclheim a.d. Ruhr und Hannover.<\/p><p>Heute arbeitet sie als Lehrerin f\u00fcr Kunst und Theater in Bocholt.<\/p><p><a href=\"https:\/\/www.art-memorials.com\/de\/kuenstler-innen\/chroessi-schnell\/\"><strong>Sehen Sie sich alle Werke von Chroessi Schnell an und erfahren Sie mehr \u00fcber Ihr Leben.<\/strong><\/a><\/p><\/div><ul class=\"gb-social-links\"><\/ul><\/div><\/div>\n\n<div style=\"background-color:#f2f2f2;color:#32373c\" class=\"wp-block-genesis-blocks-gb-profile-box square gb-font-size-18 gb-block-profile gb-profile-columns\"><div class=\"gb-profile-column gb-profile-content-wrap\"><h2 class=\"gb-profile-name\" style=\"color:#32373c\">Suzanne Willems<\/h2><p class=\"gb-profile-title\" style=\"color:#32373c\"><a href=\"https:\/\/www.art-memorials.com\/de\/kuenstler-innen\/suzanne-willems\/\">Designerin und Sch\u00f6pferin von keramischen Hundeurnen-Kunstwerken<\/a><\/p><div class=\"gb-profile-text\"><p>&#8220;Ich habe Hunde immer geliebt&#8230; Hunde sind meine Muzes&#8221;<\/p><p>Bereits w\u00e4hrend ihres Studiums an der Kunsthochschule fertigte die K\u00fcnstlerin verschiedene Tierskulpturen an, um verschiedene Emotionen und Charaktere von Hunden und anderen Tieren darzustellen. <\/p><p>Die Einzigartigkeit eines jeden Hundes und die Beziehung zwischen Hund und Besitzer sollen eingefangen und hervorgehoben werden. <\/p><p><a href=\"https:\/\/www.art-memorials.com\/de\/kuenstler-innen\/suzanne-willems\/\"><strong>Sehen Sie sich alle Kunstwerke von Suzanne Willems an und lesen Sie eine ausf\u00fchrliche Biografie.<\/strong><\/a><\/p><\/div><ul class=\"gb-social-links\"><\/ul><\/div><\/div>\n\n<div style=\"background-color:#f2f2f2;color:#32373c\" class=\"wp-block-genesis-blocks-gb-profile-box square gb-font-size-18 gb-block-profile gb-profile-columns\"><div class=\"gb-profile-column gb-profile-content-wrap\"><h2 class=\"gb-profile-name\" style=\"color:#32373c\">Gerhard Richter<\/h2><p class=\"gb-profile-title\" style=\"color:#32373c\"><\/p><div class=\"gb-profile-text\"><p>Gerhard Richter (geboren am 9. Februar 1932) ist ein deutscher, bildender K\u00fcnstler.<\/p><p>Richter hat abstrakte und fotorealistische Gem\u00e4lde, aber auch Fotografien und Glasarbeiten geschaffen.<\/p><p><strong><a href=\"https:\/\/www.art-memorials.com\/de\/kuenstler-innen\/heidi-gerstner\/\">Sehen Sie sich alle Werke von Gerhard Richter an und erfahren Sie mehr \u00fcber sein Leben.<\/a><\/strong><\/p><\/div><ul class=\"gb-social-links\"><\/ul><\/div><\/div><\/div>\n\n<div class=\"wp-block-column is-layout-flow wp-block-column-is-layout-flow\"><div style=\"background-color:#f2f2f2;color:#32373c\" class=\"wp-block-genesis-blocks-gb-profile-box square gb-font-size-18 gb-block-profile gb-profile-columns\"><div class=\"gb-profile-column gb-profile-content-wrap\"><h2 class=\"gb-profile-name\" style=\"color:#32373c\">Heidi Gerstner<\/h2><p class=\"gb-profile-title\" style=\"color:#32373c\"><a href=\"https:\/\/www.art-memorials.com\/de\/kuenstler-innen\/heidi-gerstner\/\">Sehen Sie sich ihre symbolischen Gem\u00e4lde an<\/a><\/p><div class=\"gb-profile-text\"><p>Dies geschieht durch eine Spachteltechnik, unterlegt mit edlen Materialien wie Silber und Gold! <\/p><p>BILDER sind wie gute Musikst\u00fccke, sie gefallen, wenn die Komposition auf den Betrachter abgestimmt ist!<\/p><p><a href=\"https:\/\/www.art-memorials.com\/de\/kuenstler-innen\/heidi-gerstner\/\"><strong>Sehen Sie sich alle Kunstwerke von Heidi Gerstner und eine ausf\u00fchrlichere Biografie an.<\/strong><\/a><\/p><\/div><ul class=\"gb-social-links\"><\/ul><\/div><\/div>\n\n<div style=\"background-color:#f2f2f2;color:#32373c\" class=\"wp-block-genesis-blocks-gb-profile-box square gb-font-size-18 gb-block-profile gb-profile-columns\"><div class=\"gb-profile-column gb-profile-content-wrap\"><h2 class=\"gb-profile-name\" style=\"color:#32373c\">Marike Fahrenhorst<\/h2><p class=\"gb-profile-title\" style=\"color:#32373c\"><a href=\"https:\/\/www.art-memorials.com\/de\/kuenstler-innen\/suzanne-willems\/\">Designer und Sch\u00f6pfer von Vasen und kleinen Koffer-Kunstwerke<\/a> <\/p><div class=\"gb-profile-text\"><p>Marike Farenhorst hat an der Kunsthochschule verschiedene Textilkurse absolviert, darunter auch Mode, und unterrichtet an freien Schulen textile Arbeitsformen. Sie stellt Kombinationen &#8220;MIT TEXTILEN&#8221; her; sie malt Landschaften, Portr\u00e4ts und \u00e4sthetische Bilder auf einem Hintergrund aus anderen Textilien, Portr\u00e4ts werden von Textilien umrahmt, oder ein Portr\u00e4t besteht aus F\u00e4den. Und in den letzten Jahren hat sie auch Keramik und Textilien kombiniert, diese aufregende Kombination von hart und weich, es sind immer 2 Welten, die in ihrer Arbeit zusammenkommen.<\/p><p>Sie m\u00f6chte Verbindungen herstellen, neue Materialien entdecken oder sie miteinander verbinden k\u00f6nnen. Verbundenheit ist f\u00fcr sie ein entscheidendes Wort. Was m\u00f6glich ist und mehr sein kann. Und was hat das mit Kommunikation, Denken, anderen L\u00e4ndern, der Gesellschaft, der Welt um sie herum zu tun? Die Welt mit einem unabh\u00e4ngigen Blick interpretieren wollen und dabei ihren eigenen Eigensinn erforschen, philosophieren, denken und wagen.<\/p><\/div><ul class=\"gb-social-links\"><\/ul><\/div><\/div><\/div><\/div><div style=\"text-align:center\" class=\"wp-block-genesis-blocks-gb-cta gb-block-cta\"><div class=\"gb-cta-content\"><h2 class=\"gb-cta-title gb-font-size-32\" style=\"color:#32373c\"><strong>Sind Sie ein K\u00fcnstler, der Kunstwerke f\u00fcr Beerdigungszwecke anfertigt?<\/strong><\/h2><div class=\"gb-cta-text gb-font-size-32\" style=\"color:#32373c\"><p><strong>Verkaufen Sie Ihre Kunstwerke mit uns.<\/strong><\/p><\/div><\/div><div class=\"gb-cta-button\"><a href=\"https:\/\/art-memorials.com\/de\/kontaktieren-sie-uns\/\" target=\"_self\" rel=\"noopener noreferrer\" class=\"gb-button gb-button-shape-rounded gb-button-size-medium\" style=\"color:#ffffff;background-color:#592131\">Kontaktieren Sie uns<\/a><\/div><\/div>","protected":false},"excerpt":{"rendered":" [...]","protected":false},"author":1,"featured_media":0,"parent":4156,"menu_order":0,"comment_status":"closed","ping_status":"closed","template":"","meta":{"footnotes":""},"class_list":["post-4173","page","type-page","status-publish","hentry"],"yoast_head":"<!-- This site is optimized with the Yoast SEO plugin v24.4 - https:\/\/yoast.com\/wordpress\/plugins\/seo\/ -->\n<title>K\u00fcnstler &#8902; Art-Memorials.com<\/title>\n<meta name=\"description\" content=\"Unsere sorgf\u00e4ltig zusammengestellte Auswahl an K\u00fcnstlern, die Kunstwerke f\u00fcr Feuerbestattungsurnen, symbolische Kunst und Bestattungsskulpturen schaffen. Kaufen Sie einzigartige handgefertigte Bestattungskunstwerke.\" \/>\n<meta name=\"robots\" content=\"index, follow, max-snippet:-1, max-image-preview:large, max-video-preview:-1\" \/>\n<link rel=\"canonical\" href=\"https:\/\/www.art-memorials.com\/de\/information\/kuenstler-innen\/\" \/>\n<meta property=\"og:locale\" content=\"de_DE\" \/>\n<meta property=\"og:type\" content=\"article\" \/>\n<meta property=\"og:title\" content=\"K\u00fcnstler &#8902; Art-Memorials.com\" \/>\n<meta property=\"og:description\" content=\"Unsere sorgf\u00e4ltig zusammengestellte Auswahl an K\u00fcnstlern, die Kunstwerke f\u00fcr Feuerbestattungsurnen, symbolische Kunst und Bestattungsskulpturen schaffen. Kaufen Sie einzigartige handgefertigte Bestattungskunstwerke.\" \/>\n<meta property=\"og:url\" content=\"https:\/\/www.art-memorials.com\/de\/information\/kuenstler-innen\/\" \/>\n<meta property=\"og:site_name\" content=\"Art-Memorials\" \/>\n<meta property=\"article:modified_time\" content=\"2025-03-23T15:33:54+00:00\" \/>\n<meta name=\"twitter:card\" content=\"summary_large_image\" \/>\n<meta name=\"twitter:label1\" content=\"Gesch\u00e4tzte Lesezeit\" \/>\n\t<meta name=\"twitter:data1\" content=\"2\u00a0Minuten\" \/>\n<script type=\"application\/ld+json\" class=\"yoast-schema-graph\">{\"@context\":\"https:\/\/schema.org\",\"@graph\":[{\"@type\":\"WebPage\",\"@id\":\"https:\/\/www.art-memorials.com\/de\/information\/kuenstler-innen\/\",\"url\":\"https:\/\/www.art-memorials.com\/de\/information\/kuenstler-innen\/\",\"name\":\"K\u00fcnstler &#8902; Art-Memorials.com\",\"isPartOf\":{\"@id\":\"http:\/\/www.art-memorials.com\/de\/#website\"},\"datePublished\":\"2022-07-26T15:36:49+00:00\",\"dateModified\":\"2025-03-23T15:33:54+00:00\",\"description\":\"Unsere sorgf\u00e4ltig zusammengestellte Auswahl an K\u00fcnstlern, die Kunstwerke f\u00fcr Feuerbestattungsurnen, symbolische Kunst und Bestattungsskulpturen schaffen. Kaufen Sie einzigartige handgefertigte Bestattungskunstwerke.\",\"breadcrumb\":{\"@id\":\"https:\/\/www.art-memorials.com\/de\/information\/kuenstler-innen\/#breadcrumb\"},\"inLanguage\":\"de\",\"potentialAction\":[{\"@type\":\"ReadAction\",\"target\":[\"https:\/\/www.art-memorials.com\/de\/information\/kuenstler-innen\/\"]}]},{\"@type\":\"BreadcrumbList\",\"@id\":\"https:\/\/www.art-memorials.com\/de\/information\/kuenstler-innen\/#breadcrumb\",\"itemListElement\":[{\"@type\":\"ListItem\",\"position\":1,\"name\":\"Home\",\"item\":\"https:\/\/www.art-memorials.com\/de\/\"},{\"@type\":\"ListItem\",\"position\":2,\"name\":\"K\u00fcnstler\"}]},{\"@type\":\"WebSite\",\"@id\":\"http:\/\/www.art-memorials.com\/de\/#website\",\"url\":\"http:\/\/www.art-memorials.com\/de\/\",\"name\":\"Art-Memorials\",\"description\":\"Exclusive Cremation Urns, Ash Paintings, and Sculptures\",\"potentialAction\":[{\"@type\":\"SearchAction\",\"target\":{\"@type\":\"EntryPoint\",\"urlTemplate\":\"http:\/\/www.art-memorials.com\/de\/?s={search_term_string}\"},\"query-input\":{\"@type\":\"PropertyValueSpecification\",\"valueRequired\":true,\"valueName\":\"search_term_string\"}}],\"inLanguage\":\"de\"}]}<\/script>\n<!-- \/ Yoast SEO plugin. -->","yoast_head_json":{"title":"K\u00fcnstler &#8902; Art-Memorials.com","description":"Unsere sorgf\u00e4ltig zusammengestellte Auswahl an K\u00fcnstlern, die Kunstwerke f\u00fcr Feuerbestattungsurnen, symbolische Kunst und Bestattungsskulpturen schaffen. Kaufen Sie einzigartige handgefertigte Bestattungskunstwerke.","robots":{"index":"index","follow":"follow","max-snippet":"max-snippet:-1","max-image-preview":"max-image-preview:large","max-video-preview":"max-video-preview:-1"},"canonical":"https:\/\/www.art-memorials.com\/de\/information\/kuenstler-innen\/","og_locale":"de_DE","og_type":"article","og_title":"K\u00fcnstler &#8902; Art-Memorials.com","og_description":"Unsere sorgf\u00e4ltig zusammengestellte Auswahl an K\u00fcnstlern, die Kunstwerke f\u00fcr Feuerbestattungsurnen, symbolische Kunst und Bestattungsskulpturen schaffen. Kaufen Sie einzigartige handgefertigte Bestattungskunstwerke.","og_url":"https:\/\/www.art-memorials.com\/de\/information\/kuenstler-innen\/","og_site_name":"Art-Memorials","article_modified_time":"2025-03-23T15:33:54+00:00","twitter_card":"summary_large_image","twitter_misc":{"Gesch\u00e4tzte Lesezeit":"2\u00a0Minuten"},"schema":{"@context":"https:\/\/schema.org","@graph":[{"@type":"WebPage","@id":"https:\/\/www.art-memorials.com\/de\/information\/kuenstler-innen\/","url":"https:\/\/www.art-memorials.com\/de\/information\/kuenstler-innen\/","name":"K\u00fcnstler &#8902; Art-Memorials.com","isPartOf":{"@id":"http:\/\/www.art-memorials.com\/de\/#website"},"datePublished":"2022-07-26T15:36:49+00:00","dateModified":"2025-03-23T15:33:54+00:00","description":"Unsere sorgf\u00e4ltig zusammengestellte Auswahl an K\u00fcnstlern, die Kunstwerke f\u00fcr Feuerbestattungsurnen, symbolische Kunst und Bestattungsskulpturen schaffen. Kaufen Sie einzigartige handgefertigte Bestattungskunstwerke.","breadcrumb":{"@id":"https:\/\/www.art-memorials.com\/de\/information\/kuenstler-innen\/#breadcrumb"},"inLanguage":"de","potentialAction":[{"@type":"ReadAction","target":["https:\/\/www.art-memorials.com\/de\/information\/kuenstler-innen\/"]}]},{"@type":"BreadcrumbList","@id":"https:\/\/www.art-memorials.com\/de\/information\/kuenstler-innen\/#breadcrumb","itemListElement":[{"@type":"ListItem","position":1,"name":"Home","item":"https:\/\/www.art-memorials.com\/de\/"},{"@type":"ListItem","position":2,"name":"K\u00fcnstler"}]},{"@type":"WebSite","@id":"http:\/\/www.art-memorials.com\/de\/#website","url":"http:\/\/www.art-memorials.com\/de\/","name":"Art-Memorials","description":"Exclusive Cremation Urns, Ash Paintings, and Sculptures","potentialAction":[{"@type":"SearchAction","target":{"@type":"EntryPoint","urlTemplate":"http:\/\/www.art-memorials.com\/de\/?s={search_term_string}"},"query-input":{"@type":"PropertyValueSpecification","valueRequired":true,"valueName":"search_term_string"}}],"inLanguage":"de"}]}},"featured_image_src":null,"featured_image_src_square":null,"_links":{"self":[{"href":"https:\/\/www.art-memorials.com\/de\/wp-json\/wp\/v2\/pages\/4173","targetHints":{"allow":["GET"]}}],"collection":[{"href":"https:\/\/www.art-memorials.com\/de\/wp-json\/wp\/v2\/pages"}],"about":[{"href":"https:\/\/www.art-memorials.com\/de\/wp-json\/wp\/v2\/types\/page"}],"author":[{"embeddable":true,"href":"https:\/\/www.art-memorials.com\/de\/wp-json\/wp\/v2\/users\/1"}],"replies":[{"embeddable":true,"href":"https:\/\/www.art-memorials.com\/de\/wp-json\/wp\/v2\/comments?post=4173"}],"version-history":[{"count":0,"href":"https:\/\/www.art-memorials.com\/de\/wp-json\/wp\/v2\/pages\/4173\/revisions"}],"up":[{"embeddable":true,"href":"https:\/\/www.art-memorials.com\/de\/wp-json\/wp\/v2\/pages\/4156"}],"wp:attachment":[{"href":"https:\/\/www.art-memorials.com\/de\/wp-json\/wp\/v2\/media?parent=4173"}],"curies":[{"name":"wp","href":"https:\/\/api.w.org\/{rel}","templated":true}]}}