{"id":5695,"date":"2023-05-25T06:34:37","date_gmt":"2023-05-25T04:34:37","guid":{"rendered":"https:\/\/art-memorials.com\/zahlungssicherheit\/"},"modified":"2025-03-23T17:28:50","modified_gmt":"2025-03-23T15:28:50","slug":"zahlungssicherheit","status":"publish","type":"page","link":"https:\/\/www.art-memorials.com\/de\/zahlungssicherheit\/","title":{"rendered":"Zahlung und Sicherheit"},"content":{"rendered":"<h2 class=\"wp-block-heading\">Zahlung und Sicherheit<\/h2><p>Wir bei Art-Memorials sind bestrebt, Ihnen ein sicheres Online-Einkaufserlebnis zu bieten. Wir wissen, wie wichtig es ist, Ihre pers\u00f6nlichen Daten zu sch\u00fctzen und sicherzustellen, dass Ihre Zahlungstransaktionen sicher abgewickelt werden. Deshalb bieten wir eine Vielzahl von Zahlungsm\u00f6glichkeiten an und setzen fortschrittliche Sicherheitsma\u00dfnahmen zum Schutz Ihrer Daten ein.<\/p><h3 class=\"wp-block-heading\">Zahlungs Optionen<\/h3><p>Wir bieten Ihnen eine Reihe von bequemen Zahlungsm\u00f6glichkeiten, die Ihren W\u00fcnschen entsprechen. Wenn Sie einen Kauf auf unserer Website t\u00e4tigen, k\u00f6nnen Sie zwischen den folgenden Methoden w\u00e4hlen:<\/p><ol class=\"wp-block-list\"><li>Kreditkarte und Debitkarte: Wir akzeptieren alle g\u00e4ngigen Kreditkarten, einschlie\u00dflich Visa, Mastercard, American Express und Discover. Sie k\u00f6nnen Ihre Kartendaten getrost angeben, denn wir verwenden sichere Verschl\u00fcsselungsprotokolle zum Schutz Ihrer Daten.<\/li>\n\n<li>PayPal: F\u00fcr zus\u00e4tzlichen Komfort und Sicherheit akzeptieren wir auch Zahlungen \u00fcber PayPal. Wenn Sie ein PayPal-Konto haben, k\u00f6nnen Sie Ihren Einkauf damit nahtlos abschlie\u00dfen. PayPal bietet einen zus\u00e4tzlichen Schutz, da Ihre finanziellen Informationen vertraulich behandelt werden.<\/li>\n\n<li>Sofort: Sofort erm\u00f6glicht sichere Online-Zahlungen direkt von Ihrem Bankkonto. Es verwendet Ihre bestehenden Online-Banking-Anmeldedaten, um die Zahlung sicher und bequem zu autorisieren.<\/li>\n\n<li>Bankkontakt: Kunden aus Belgien k\u00f6nnen die Vorteile von Bankkontakt nutzen, einer beliebten Zahlungsmethode, mit der Sie sichere Online-Zahlungen mit Ihrer Bankkarte vornehmen k\u00f6nnen. Sie ist schnell, zuverl\u00e4ssig und im Land weit verbreitet.<\/li>\n\n<li>EPS: Wenn Sie in \u00d6sterreich ans\u00e4ssig sind, bietet EPS (Electronic Payment Standard) eine sichere und effiziente M\u00f6glichkeit, Ihre Online-Transaktionen \u00fcber Ihr \u00f6sterreichisches Bankkonto abzuwickeln.<\/li>\n\n<li>Giropay: Kunden in Deutschland k\u00f6nnen mit Giropay ihre Bestellungen bequem und sicher bezahlen. Es erm\u00f6glicht direkte Bank\u00fcberweisungen unter Verwendung Ihrer bestehenden Online-Banking-Daten.<\/li>\n\n<li>iDEAL: iDEAL ist eine weit verbreitete Zahlungsmethode in den Niederlanden. Es erm\u00f6glicht den Kunden, sichere Online-Zahlungen direkt von ihrem Bankkonto aus vorzunehmen.<\/li>\n\n<li>P24: P24 ist eine beliebte Zahlungsoption in Polen, die es den Kunden erm\u00f6glicht, schnelle und sichere Online-Zahlungen von ihrem Bankkonto aus vorzunehmen.<\/li>\n\n<li>Kryptow\u00e4hrungen: Als Verfechter des technologischen Fortschritts akzeptieren wir auch verschiedene Kryptow\u00e4hrungen als Zahlungsmittel. Sie k\u00f6nnen Ihren Kauf mit g\u00e4ngigen Kryptow\u00e4hrungen wie Bitcoin, Ethereum oder Litecoin abschlie\u00dfen.<\/li><\/ol><h3 class=\"wp-block-heading\">Sicherheitsma\u00dfnahmen<\/h3><p>Die Gew\u00e4hrleistung der Sicherheit Ihrer pers\u00f6nlichen Daten und Zahlungsinformationen ist f\u00fcr uns von gr\u00f6\u00dfter Bedeutung. Deshalb haben wir verschiedene Sicherheitsma\u00dfnahmen getroffen, um Ihre Daten zu sch\u00fctzen:<\/p><ol class=\"wp-block-list\"><li>SSL-Verschl\u00fcsselung: Wir verwenden auf unserer gesamten Website die Verschl\u00fcsselungstechnologie Secure Socket Layer (SSL). Dieses dem Industriestandard entsprechende Protokoll gew\u00e4hrleistet, dass alle zwischen Ihrem Browser und unseren Servern \u00fcbertragenen Daten verschl\u00fcsselt und gesch\u00fctzt bleiben.<\/li>\n\n<li>Sicherheit der Zahlungsgateways: Wir arbeiten mit seri\u00f6sen Zahlungsgateways zusammen, die fortschrittliche Sicherheitsma\u00dfnahmen einsetzen, um Ihre Transaktionen sicher zu verarbeiten. Diese Gateways entsprechen dem Payment Card Industry Data Security Standard (PCI DSS) und bieten damit eine zus\u00e4tzliche Schutzschicht.<\/li>\n\n<li>Sichere Speicherung von Daten: Wir speichern Ihre pers\u00f6nlichen Daten sicher und halten uns an strenge Datenschutzbestimmungen. Ihre Zahlungsdaten werden verschl\u00fcsselt und in einer hochsicheren Umgebung gespeichert, um die Vertraulichkeit Ihrer Daten zu gew\u00e4hrleisten.<\/li>\n\n<li>Regelm\u00e4\u00dfige Sicherheitspr\u00fcfungen: Wir f\u00fchren regelm\u00e4\u00dfig Sicherheitspr\u00fcfungen und -bewertungen durch, um potenzielle Schwachstellen zu ermitteln und zu beheben. Unser engagiertes Team \u00fcberwacht unsere Systeme proaktiv, um ein H\u00f6chstma\u00df an Sicherheit zu gew\u00e4hrleisten.<\/li><\/ol><h3 class=\"wp-block-heading\">Produktangebot<\/h3><p>Wir von Art-Memorials haben uns darauf spezialisiert, eine breite Palette exklusiver und einzigartiger (handgefertigter) Gedenkprodukte anzubieten, um die Erinnerung an Ihre Lieben zu ehren. Wir verkaufen haupts\u00e4chlich folgende Produkte:<\/p><p><strong>Ein\u00e4scherungsurnen<\/strong> sowohl f\u00fcr <a href=\"https:\/\/www.art-memorials.com\/de\/shop\/feuerbestattung-urnen\/\">Menschen<\/a> als auch f\u00fcr Haustiere wie <a href=\"https:\/\/www.art-memorials.com\/de\/shop\/feuerbestattung-urnen\/tierurnen\/katzen-urnen\/\">Katzen<\/a> und <a href=\"https:\/\/www.art-memorials.com\/de\/shop\/feuerbestattung-urnen\/tierurnen\/hunde-urnen\/\">Hunde<\/a>: Wir bieten eine Vielzahl wundersch\u00f6ner, exklusiver, handgefertigter Ein\u00e4scherungsurnen an, die eine w\u00fcrdige Ruhest\u00e4tte f\u00fcr die Asche Ihrer Angeh\u00f6rigen oder Haustiere bieten. Wir bieten wetterfeste Urnen, <a href=\"https:\/\/www.art-memorials.com\/de\/shop\/feuerbestattung-urnen\/goldene-urnen\/\">goldene Urnen<\/a>, <a href=\"https:\/\/www.art-memorials.com\/de\/shop\/feuerbestattung-urnen\/\">Keramikurnen<\/a>, <a href=\"https:\/\/art-memorials.com\/shop\/metal-urns\/\">Urnen aus Stahl (Corten, beschichtet und rostfrei)<\/a> und andere Metallurnen und <a href=\"https:\/\/art-memorials.com\/de\/shop\/feuerbestattung-urnen\/\">vieles mehr.<\/a><\/p><p><strong>Asche-Gem\u00e4lde:<\/strong> In unseren <a href=\"https:\/\/www.art-memorials.com\/de\/shop\/wandkunst\/aschebilder\/\">einzigartigen Aschebildern<\/a> wird eine kleine Menge der Kremationsasche in ein pers\u00f6nliches Kunstwerk eingearbeitet, das ein bleibendes Andenken schafft.<\/p><p><strong>Andere dekorative Friedhofs- und Beerdigungsprodukte:<\/strong> Wir bieten eine Auswahl an Friedhofs- und Bestattungsprodukten wie <a href=\"https:\/\/www.art-memorials.com\/de\/shop\/skulpturen-denkmaeler\/\">(Asche-)Skulpturen und Denkm\u00e4ler<\/a>, <a href=\"https:\/\/www.art-memorials.com\/de\/shop\/wandkunst\/symbolic-art-beerdigung\/\">symbolische Wandkunst<\/a> und <a href=\"https:\/\/art-memorials.com\/de\/shop\/symbolic-art-de\/vanitas-kunst\/\">Vanitas.<\/a><\/p><p>Bei Art-Memorials nehmen wir die Zahlungssicherheit ernst, um ein sorgenfreies Einkaufserlebnis zu gew\u00e4hrleisten. Wenn Sie Fragen oder Bedenken in Bezug auf Zahlungen oder Sicherheit haben, z\u00f6gern Sie bitte nicht, sich an unser engagiertes Kundenserviceteam zu wenden.<\/p><p>Kaufen Sie mit Vertrauen bei Art-Memorials.com ein und genie\u00dfen Sie bei jedem Kauf eine sichere Zahlungsabwicklung.<\/p>","protected":false},"excerpt":{"rendered":"<p> [&hellip;]<\/p>\n","protected":false},"author":1,"featured_media":0,"parent":0,"menu_order":0,"comment_status":"closed","ping_status":"closed","template":"","meta":{"footnotes":""},"class_list":["post-5695","page","type-page","status-publish","hentry"],"yoast_head":"<!-- This site is optimized with the Yoast SEO plugin v24.4 - https:\/\/yoast.com\/wordpress\/plugins\/seo\/ -->\n<title>Zahlung und Sicherheit &#8902; Art-Memorials.com<\/title>\n<meta name=\"robots\" content=\"index, follow, max-snippet:-1, max-image-preview:large, max-video-preview:-1\" \/>\n<link rel=\"canonical\" href=\"https:\/\/www.art-memorials.com\/de\/zahlungssicherheit\/\" \/>\n<meta property=\"og:locale\" content=\"de_DE\" \/>\n<meta property=\"og:type\" content=\"article\" \/>\n<meta property=\"og:title\" content=\"Zahlung und Sicherheit &#8902; Art-Memorials.com\" \/>\n<meta property=\"og:description\" content=\"[&hellip;]\" \/>\n<meta property=\"og:url\" content=\"https:\/\/www.art-memorials.com\/de\/zahlungssicherheit\/\" \/>\n<meta property=\"og:site_name\" content=\"Art-Memorials\" \/>\n<meta property=\"article:modified_time\" content=\"2025-03-23T15:28:50+00:00\" \/>\n<meta name=\"twitter:card\" content=\"summary_large_image\" \/>\n<meta name=\"twitter:label1\" content=\"Gesch\u00e4tzte Lesezeit\" \/>\n\t<meta name=\"twitter:data1\" content=\"4\u00a0Minuten\" \/>\n<script type=\"application\/ld+json\" class=\"yoast-schema-graph\">{\"@context\":\"https:\/\/schema.org\",\"@graph\":[{\"@type\":\"WebPage\",\"@id\":\"https:\/\/www.art-memorials.com\/de\/zahlungssicherheit\/\",\"url\":\"https:\/\/www.art-memorials.com\/de\/zahlungssicherheit\/\",\"name\":\"Zahlung und Sicherheit &#8902; Art-Memorials.com\",\"isPartOf\":{\"@id\":\"http:\/\/www.art-memorials.com\/de\/#website\"},\"datePublished\":\"2023-05-25T04:34:37+00:00\",\"dateModified\":\"2025-03-23T15:28:50+00:00\",\"breadcrumb\":{\"@id\":\"https:\/\/www.art-memorials.com\/de\/zahlungssicherheit\/#breadcrumb\"},\"inLanguage\":\"de\",\"potentialAction\":[{\"@type\":\"ReadAction\",\"target\":[\"https:\/\/www.art-memorials.com\/de\/zahlungssicherheit\/\"]}]},{\"@type\":\"BreadcrumbList\",\"@id\":\"https:\/\/www.art-memorials.com\/de\/zahlungssicherheit\/#breadcrumb\",\"itemListElement\":[{\"@type\":\"ListItem\",\"position\":1,\"name\":\"Home\",\"item\":\"https:\/\/www.art-memorials.com\/de\/\"},{\"@type\":\"ListItem\",\"position\":2,\"name\":\"Zahlung und Sicherheit\"}]},{\"@type\":\"WebSite\",\"@id\":\"http:\/\/www.art-memorials.com\/de\/#website\",\"url\":\"http:\/\/www.art-memorials.com\/de\/\",\"name\":\"Art-Memorials\",\"description\":\"Exclusive Cremation Urns, Ash Paintings, and Sculptures\",\"potentialAction\":[{\"@type\":\"SearchAction\",\"target\":{\"@type\":\"EntryPoint\",\"urlTemplate\":\"http:\/\/www.art-memorials.com\/de\/?s={search_term_string}\"},\"query-input\":{\"@type\":\"PropertyValueSpecification\",\"valueRequired\":true,\"valueName\":\"search_term_string\"}}],\"inLanguage\":\"de\"}]}<\/script>\n<!-- \/ Yoast SEO plugin. -->","yoast_head_json":{"title":"Zahlung und Sicherheit &#8902; Art-Memorials.com","robots":{"index":"index","follow":"follow","max-snippet":"max-snippet:-1","max-image-preview":"max-image-preview:large","max-video-preview":"max-video-preview:-1"},"canonical":"https:\/\/www.art-memorials.com\/de\/zahlungssicherheit\/","og_locale":"de_DE","og_type":"article","og_title":"Zahlung und Sicherheit &#8902; Art-Memorials.com","og_description":"[&hellip;]","og_url":"https:\/\/www.art-memorials.com\/de\/zahlungssicherheit\/","og_site_name":"Art-Memorials","article_modified_time":"2025-03-23T15:28:50+00:00","twitter_card":"summary_large_image","twitter_misc":{"Gesch\u00e4tzte Lesezeit":"4\u00a0Minuten"},"schema":{"@context":"https:\/\/schema.org","@graph":[{"@type":"WebPage","@id":"https:\/\/www.art-memorials.com\/de\/zahlungssicherheit\/","url":"https:\/\/www.art-memorials.com\/de\/zahlungssicherheit\/","name":"Zahlung und Sicherheit &#8902; Art-Memorials.com","isPartOf":{"@id":"http:\/\/www.art-memorials.com\/de\/#website"},"datePublished":"2023-05-25T04:34:37+00:00","dateModified":"2025-03-23T15:28:50+00:00","breadcrumb":{"@id":"https:\/\/www.art-memorials.com\/de\/zahlungssicherheit\/#breadcrumb"},"inLanguage":"de","potentialAction":[{"@type":"ReadAction","target":["https:\/\/www.art-memorials.com\/de\/zahlungssicherheit\/"]}]},{"@type":"BreadcrumbList","@id":"https:\/\/www.art-memorials.com\/de\/zahlungssicherheit\/#breadcrumb","itemListElement":[{"@type":"ListItem","position":1,"name":"Home","item":"https:\/\/www.art-memorials.com\/de\/"},{"@type":"ListItem","position":2,"name":"Zahlung und Sicherheit"}]},{"@type":"WebSite","@id":"http:\/\/www.art-memorials.com\/de\/#website","url":"http:\/\/www.art-memorials.com\/de\/","name":"Art-Memorials","description":"Exclusive Cremation Urns, Ash Paintings, and Sculptures","potentialAction":[{"@type":"SearchAction","target":{"@type":"EntryPoint","urlTemplate":"http:\/\/www.art-memorials.com\/de\/?s={search_term_string}"},"query-input":{"@type":"PropertyValueSpecification","valueRequired":true,"valueName":"search_term_string"}}],"inLanguage":"de"}]}},"featured_image_src":null,"featured_image_src_square":null,"_links":{"self":[{"href":"https:\/\/www.art-memorials.com\/de\/wp-json\/wp\/v2\/pages\/5695","targetHints":{"allow":["GET"]}}],"collection":[{"href":"https:\/\/www.art-memorials.com\/de\/wp-json\/wp\/v2\/pages"}],"about":[{"href":"https:\/\/www.art-memorials.com\/de\/wp-json\/wp\/v2\/types\/page"}],"author":[{"embeddable":true,"href":"https:\/\/www.art-memorials.com\/de\/wp-json\/wp\/v2\/users\/1"}],"replies":[{"embeddable":true,"href":"https:\/\/www.art-memorials.com\/de\/wp-json\/wp\/v2\/comments?post=5695"}],"version-history":[{"count":0,"href":"https:\/\/www.art-memorials.com\/de\/wp-json\/wp\/v2\/pages\/5695\/revisions"}],"wp:attachment":[{"href":"https:\/\/www.art-memorials.com\/de\/wp-json\/wp\/v2\/media?parent=5695"}],"curies":[{"name":"wp","href":"https:\/\/api.w.org\/{rel}","templated":true}]}}