{"id":6615,"date":"2024-01-26T16:06:55","date_gmt":"2024-01-26T14:06:55","guid":{"rendered":"https:\/\/www.art-memorials.com\/information\/design-center\/"},"modified":"2025-03-23T17:32:24","modified_gmt":"2025-03-23T15:32:24","slug":"design-center-3","status":"publish","type":"page","link":"https:\/\/www.art-memorials.com\/de\/design-center-3\/","title":{"rendered":"Design Center"},"content":{"rendered":"<div class=\"wp-block-genesis-blocks-gb-container gb-block-container\"><div class=\"gb-container-inside\"><div class=\"gb-container-content\"><div class=\"wp-block-genesis-blocks-gb-columns gb-layout-columns-2 gb-2-col-wideleft\"><div class=\"gb-layout-column-wrap gb-block-layout-column-gap-2 gb-is-responsive-column\"><div class=\"wp-block-genesis-blocks-gb-column gb-block-layout-column\"><div class=\"gb-block-layout-column-inner\"><p><\/p>\n\n<p class=\"has-text-align-left\">Willkommen im Design Center. Hier finden Sie Informationen zu aufregenden neuen Projekten in Zusammenarbeit mit K\u00fcnstlern aus der ganzen Welt. Erfahren Sie mehr dar\u00fcber, wie wir neue Arten von Kremationsurnen, Andenken und anderen Trauergedenken gestalten und kreieren.<\/p><\/div><\/div>\n\n<div class=\"wp-block-genesis-blocks-gb-column gb-block-layout-column\"><div class=\"gb-block-layout-column-inner\"><div class=\"wp-block-image\"><figure class=\"alignright size-medium\"><img loading=\"lazy\" decoding=\"async\" width=\"300\" height=\"300\" src=\"https:\/\/www.art-memorials.com\/wp-content\/uploads\/2024\/01\/DESIGN-CENTRE-AM-LOGO-TEXT-1-300x300.png\" alt=\"\" class=\"wp-image-6398\" srcset=\"https:\/\/www.art-memorials.com\/wp-content\/uploads\/2024\/01\/DESIGN-CENTRE-AM-LOGO-TEXT-1-300x300.png 300w, https:\/\/www.art-memorials.com\/wp-content\/uploads\/2024\/01\/DESIGN-CENTRE-AM-LOGO-TEXT-1-800x800.png 800w, https:\/\/www.art-memorials.com\/wp-content\/uploads\/2024\/01\/DESIGN-CENTRE-AM-LOGO-TEXT-1-100x100.png 100w, https:\/\/www.art-memorials.com\/wp-content\/uploads\/2024\/01\/DESIGN-CENTRE-AM-LOGO-TEXT-1-1200x1200.png 1200w, https:\/\/www.art-memorials.com\/wp-content\/uploads\/2024\/01\/DESIGN-CENTRE-AM-LOGO-TEXT-1-64x64.png 64w, https:\/\/www.art-memorials.com\/wp-content\/uploads\/2024\/01\/DESIGN-CENTRE-AM-LOGO-TEXT-1-1024x1024.png 1024w, https:\/\/www.art-memorials.com\/wp-content\/uploads\/2024\/01\/DESIGN-CENTRE-AM-LOGO-TEXT-1-150x150.png 150w, https:\/\/www.art-memorials.com\/wp-content\/uploads\/2024\/01\/DESIGN-CENTRE-AM-LOGO-TEXT-1-768x768.png 768w, https:\/\/www.art-memorials.com\/wp-content\/uploads\/2024\/01\/DESIGN-CENTRE-AM-LOGO-TEXT-1-1536x1536.png 1536w, https:\/\/www.art-memorials.com\/wp-content\/uploads\/2024\/01\/DESIGN-CENTRE-AM-LOGO-TEXT-1-600x600.png 600w, https:\/\/www.art-memorials.com\/wp-content\/uploads\/2024\/01\/DESIGN-CENTRE-AM-LOGO-TEXT-1-1150x1150.png 1150w, https:\/\/www.art-memorials.com\/wp-content\/uploads\/2024\/01\/DESIGN-CENTRE-AM-LOGO-TEXT-1-750x750.png 750w, https:\/\/www.art-memorials.com\/wp-content\/uploads\/2024\/01\/DESIGN-CENTRE-AM-LOGO-TEXT-1-400x400.png 400w, https:\/\/www.art-memorials.com\/wp-content\/uploads\/2024\/01\/DESIGN-CENTRE-AM-LOGO-TEXT-1-68x68.png 68w, https:\/\/www.art-memorials.com\/wp-content\/uploads\/2024\/01\/DESIGN-CENTRE-AM-LOGO-TEXT-1-250x250.png 250w, https:\/\/www.art-memorials.com\/wp-content\/uploads\/2024\/01\/DESIGN-CENTRE-AM-LOGO-TEXT-1-350x350.png 350w, https:\/\/www.art-memorials.com\/wp-content\/uploads\/2024\/01\/DESIGN-CENTRE-AM-LOGO-TEXT-1-75x75.png 75w, https:\/\/www.art-memorials.com\/wp-content\/uploads\/2024\/01\/DESIGN-CENTRE-AM-LOGO-TEXT-1.png 1654w\" sizes=\"auto, (max-width: 300px) 100vw, 300px\" \/><\/figure><\/div><\/div><\/div><\/div><\/div><\/div><\/div><\/div><div class=\"wp-block-genesis-blocks-gb-columns gb-layout-service-3 gb-layout-columns-2 gb-2-col-equal gb-columns-center alignfull\"><div class=\"gb-layout-column-wrap gb-block-layout-column-gap-4 gb-is-responsive-column\" style=\"max-width:1200px\"><div class=\"wp-block-genesis-blocks-gb-column gb-block-layout-column\"><div class=\"gb-block-layout-column-inner\"><figure class=\"wp-block-image size-large\"><img loading=\"lazy\" decoding=\"async\" width=\"1024\" height=\"911\" src=\"https:\/\/www.art-memorials.com\/wp-content\/uploads\/2024\/01\/photo-urn-sketch-digital-preview-1024x911.jpg\" alt=\"\" class=\"wp-image-6413\" srcset=\"https:\/\/www.art-memorials.com\/wp-content\/uploads\/2024\/01\/photo-urn-sketch-digital-preview-1024x911.jpg 1024w, https:\/\/www.art-memorials.com\/wp-content\/uploads\/2024\/01\/photo-urn-sketch-digital-preview-1200x1067.jpg 1200w, https:\/\/www.art-memorials.com\/wp-content\/uploads\/2024\/01\/photo-urn-sketch-digital-preview-64x57.jpg 64w, https:\/\/www.art-memorials.com\/wp-content\/uploads\/2024\/01\/photo-urn-sketch-digital-preview-300x267.jpg 300w, https:\/\/www.art-memorials.com\/wp-content\/uploads\/2024\/01\/photo-urn-sketch-digital-preview-768x683.jpg 768w, https:\/\/www.art-memorials.com\/wp-content\/uploads\/2024\/01\/photo-urn-sketch-digital-preview-1150x1023.jpg 1150w, https:\/\/www.art-memorials.com\/wp-content\/uploads\/2024\/01\/photo-urn-sketch-digital-preview-750x667.jpg 750w, https:\/\/www.art-memorials.com\/wp-content\/uploads\/2024\/01\/photo-urn-sketch-digital-preview-400x356.jpg 400w, https:\/\/www.art-memorials.com\/wp-content\/uploads\/2024\/01\/photo-urn-sketch-digital-preview-68x60.jpg 68w, https:\/\/www.art-memorials.com\/wp-content\/uploads\/2024\/01\/photo-urn-sketch-digital-preview-250x222.jpg 250w, https:\/\/www.art-memorials.com\/wp-content\/uploads\/2024\/01\/photo-urn-sketch-digital-preview.jpg 1402w\" sizes=\"auto, (max-width: 1024px) 100vw, 1024px\" \/><\/figure><\/div><\/div>\n\n<div class=\"wp-block-genesis-blocks-gb-column gb-block-layout-column gb-is-vertically-aligned-center\"><div class=\"gb-block-layout-column-inner\"><h2 class=\"wp-block-heading\">Edelstahl-Fotourne<\/h2>\n\n<p>Der Gutenberg-Editor verwendet Bl\u00f6cke, um alle Arten von Inhalten zu erstellen, ersetzt ein halbes Dutzend M\u00f6glichkeiten zur Anpassung von WordPress, bringt es in Einklang mit modernen Kodierungsstandards und passt sich offenen Web-Initiativen an. Das klingt ziemlich gro\u00dfartig, oder?<\/p>\n\n<div class=\"wp-block-buttons is-layout-flex wp-block-buttons-is-layout-flex\"><div class=\"wp-block-button has-custom-font-size gb-block-button\" style=\"font-size:20px;line-height:1.2\"><a class=\"wp-block-button__link has-text-color has-background wp-element-button\" href=\"https:\/\/www.art-memorials.com\/de\/design-center-3\/\" style=\"border-radius:5px;color:#ffffff;background-color:#592131;padding-top:10px;padding-right:1em;padding-bottom:10px;padding-left:1em\">Erfahren Sie mehr \u00fcber dieses Projekt.<\/a><\/div><\/div>\n\n<p><\/p><\/div><\/div><\/div><\/div><div class=\"wp-block-genesis-blocks-gb-columns gb-layout-service-3 gb-layout-columns-2 gb-2-col-equal gb-columns-center alignfull\"><div class=\"gb-layout-column-wrap gb-block-layout-column-gap-4 gb-is-responsive-column\" style=\"max-width:1200px\"><div class=\"wp-block-genesis-blocks-gb-column gb-block-layout-column\"><div class=\"gb-block-layout-column-inner\"><figure class=\"wp-block-image size-full\"><img decoding=\"async\" src=\"https:\/\/www.art-memorials.com\/wp-content\/uploads\/2024\/01\/DALL&#xB7;E-2024-01-26-15.45.33-A-modern-black-and-white-sketch-showing-various-basic-shapes-that-could-be-part-of-a-cremation-urn.-The-drawing-should-be-simplistic-focusing-on-geo.jpg\" alt=\"\" class=\"wp-image-6417\"\/><\/figure><\/div><\/div>\n\n<div class=\"wp-block-genesis-blocks-gb-column gb-block-layout-column gb-is-vertically-aligned-center\"><div class=\"gb-block-layout-column-inner\"><h2 class=\"wp-block-heading\">Project: Lorem Ipsum <br\/><\/h2>\n\n<p>Der Gutenberg-Editor verwendet Bl\u00f6cke, um alle Arten von Inhalten zu erstellen, ersetzt ein halbes Dutzend M\u00f6glichkeiten zur Anpassung von WordPress, bringt es in Einklang mit modernen Kodierungsstandards und passt sich offenen Web-Initiativen an. Das klingt ziemlich gro\u00dfartig, oder?<\/p>\n\n<div class=\"wp-block-buttons is-layout-flex wp-block-buttons-is-layout-flex\"><div class=\"wp-block-button has-custom-font-size gb-block-button\" style=\"font-size:20px;line-height:1.2\"><a class=\"wp-block-button__link has-text-color has-background wp-element-button\" href=\"#\" style=\"border-radius:5px;color:#ffffff;background-color:#592131;padding-top:10px;padding-right:1em;padding-bottom:10px;padding-left:1em\">Erfahren Sie mehr \u00fcber dieses Design.<\/a><\/div><\/div>\n\n<p><\/p><\/div><\/div><\/div><\/div><div class=\"wp-block-genesis-blocks-gb-columns gb-layout-service-3 gb-layout-columns-2 gb-2-col-equal gb-columns-center alignfull\"><div class=\"gb-layout-column-wrap gb-block-layout-column-gap-4 gb-is-responsive-column\" style=\"max-width:1200px\"><div class=\"wp-block-genesis-blocks-gb-column gb-block-layout-column\"><div class=\"gb-block-layout-column-inner\"><figure class=\"wp-block-image size-full\"><img decoding=\"async\" src=\"https:\/\/www.art-memorials.com\/wp-content\/uploads\/2024\/01\/DALL&#xB7;E-2024-01-26-15.53.56-A-simple-modern-pencil-sketch-on-white-paper-showing-various-views-of-a-single-cremation-urn-focusing-solely-on-its-geometric-shapes.-The-sketch-sh.jpg\" alt=\"\" class=\"wp-image-6421\"\/><\/figure><\/div><\/div>\n\n<div class=\"wp-block-genesis-blocks-gb-column gb-block-layout-column gb-is-vertically-aligned-center\"><div class=\"gb-block-layout-column-inner\"><h2 class=\"wp-block-heading\">Project: Lorem Ipsum <br\/><\/h2>\n\n<p>Der Gutenberg-Editor verwendet Bl\u00f6cke, um alle Arten von Inhalten zu erstellen, ersetzt ein halbes Dutzend M\u00f6glichkeiten zur Anpassung von WordPress, bringt es in Einklang mit modernen Kodierungsstandards und passt sich offenen Web-Initiativen an. Das klingt ziemlich gro\u00dfartig, oder?<\/p>\n\n<div class=\"wp-block-buttons is-layout-flex wp-block-buttons-is-layout-flex\"><div class=\"wp-block-button has-custom-font-size gb-block-button\" style=\"font-size:20px;line-height:1.2\"><a class=\"wp-block-button__link has-text-color has-background wp-element-button\" href=\"#\" style=\"border-radius:5px;color:#ffffff;background-color:#592131;padding-top:10px;padding-right:1em;padding-bottom:10px;padding-left:1em\">Erfahren Sie mehr \u00fcber dieses Design.<\/a><\/div><\/div>\n\n<p><\/p><\/div><\/div><\/div><\/div>","protected":false},"excerpt":{"rendered":" [...]","protected":false},"author":1,"featured_media":0,"parent":0,"menu_order":0,"comment_status":"closed","ping_status":"closed","template":"","meta":{"footnotes":""},"class_list":["post-6615","page","type-page","status-publish","hentry"],"yoast_head":"<!-- This site is optimized with the Yoast SEO plugin v24.4 - https:\/\/yoast.com\/wordpress\/plugins\/seo\/ -->\n<title>Design Center &#8902; Art-Memorials.com<\/title>\n<meta name=\"description\" content=\"Lernen Sie mehr \u00fcber unsere Zusammenarbeit mit K\u00fcnstlern aus aller Welt, um exklusive Bestattungs- und Kremationsurnen, Andenken und andere Kunstgedenkm\u00e4ler zu entwerfen.\" \/>\n<meta name=\"robots\" content=\"index, follow, max-snippet:-1, max-image-preview:large, max-video-preview:-1\" \/>\n<link rel=\"canonical\" href=\"https:\/\/www.art-memorials.com\/de\/design-center-3\/\" \/>\n<meta property=\"og:locale\" content=\"de_DE\" \/>\n<meta property=\"og:type\" content=\"article\" \/>\n<meta property=\"og:title\" content=\"Design Center &#8902; Art-Memorials.com\" \/>\n<meta property=\"og:description\" content=\"Lernen Sie mehr \u00fcber unsere Zusammenarbeit mit K\u00fcnstlern aus aller Welt, um exklusive Bestattungs- und Kremationsurnen, Andenken und andere Kunstgedenkm\u00e4ler zu entwerfen.\" \/>\n<meta property=\"og:url\" content=\"https:\/\/www.art-memorials.com\/de\/design-center-3\/\" \/>\n<meta property=\"og:site_name\" content=\"Art-Memorials\" \/>\n<meta property=\"article:modified_time\" content=\"2025-03-23T15:32:24+00:00\" \/>\n<meta property=\"og:image\" content=\"https:\/\/www.art-memorials.com\/wp-content\/uploads\/2024\/01\/DESIGN-CENTRE-AM-LOGO-TEXT-1-300x300.png\" \/>\n<meta name=\"twitter:card\" content=\"summary_large_image\" \/>\n<meta name=\"twitter:label1\" content=\"Gesch\u00e4tzte Lesezeit\" \/>\n\t<meta name=\"twitter:data1\" content=\"1\u00a0Minute\" \/>\n<script type=\"application\/ld+json\" class=\"yoast-schema-graph\">{\"@context\":\"https:\/\/schema.org\",\"@graph\":[{\"@type\":\"WebPage\",\"@id\":\"https:\/\/www.art-memorials.com\/de\/design-center-3\/\",\"url\":\"https:\/\/www.art-memorials.com\/de\/design-center-3\/\",\"name\":\"Design Center &#8902; Art-Memorials.com\",\"isPartOf\":{\"@id\":\"http:\/\/www.art-memorials.com\/de\/#website\"},\"primaryImageOfPage\":{\"@id\":\"https:\/\/www.art-memorials.com\/de\/design-center-3\/#primaryimage\"},\"image\":{\"@id\":\"https:\/\/www.art-memorials.com\/de\/design-center-3\/#primaryimage\"},\"thumbnailUrl\":\"https:\/\/www.art-memorials.com\/wp-content\/uploads\/2024\/01\/DESIGN-CENTRE-AM-LOGO-TEXT-1-300x300.png\",\"datePublished\":\"2024-01-26T14:06:55+00:00\",\"dateModified\":\"2025-03-23T15:32:24+00:00\",\"description\":\"Lernen Sie mehr \u00fcber unsere Zusammenarbeit mit K\u00fcnstlern aus aller Welt, um exklusive Bestattungs- und Kremationsurnen, Andenken und andere Kunstgedenkm\u00e4ler zu entwerfen.\",\"breadcrumb\":{\"@id\":\"https:\/\/www.art-memorials.com\/de\/design-center-3\/#breadcrumb\"},\"inLanguage\":\"de\",\"potentialAction\":[{\"@type\":\"ReadAction\",\"target\":[\"https:\/\/www.art-memorials.com\/de\/design-center-3\/\"]}]},{\"@type\":\"ImageObject\",\"inLanguage\":\"de\",\"@id\":\"https:\/\/www.art-memorials.com\/de\/design-center-3\/#primaryimage\",\"url\":\"https:\/\/www.art-memorials.com\/wp-content\/uploads\/2024\/01\/DESIGN-CENTRE-AM-LOGO-TEXT-1-300x300.png\",\"contentUrl\":\"https:\/\/www.art-memorials.com\/wp-content\/uploads\/2024\/01\/DESIGN-CENTRE-AM-LOGO-TEXT-1-300x300.png\"},{\"@type\":\"BreadcrumbList\",\"@id\":\"https:\/\/www.art-memorials.com\/de\/design-center-3\/#breadcrumb\",\"itemListElement\":[{\"@type\":\"ListItem\",\"position\":1,\"name\":\"Home\",\"item\":\"https:\/\/www.art-memorials.com\/de\/\"},{\"@type\":\"ListItem\",\"position\":2,\"name\":\"Information\",\"item\":\"https:\/\/www.art-memorials.com\/de\/information\/\"},{\"@type\":\"ListItem\",\"position\":3,\"name\":\"Design Center\"}]},{\"@type\":\"WebSite\",\"@id\":\"http:\/\/www.art-memorials.com\/de\/#website\",\"url\":\"http:\/\/www.art-memorials.com\/de\/\",\"name\":\"Art-Memorials\",\"description\":\"Exclusive Cremation Urns, Ash Paintings, and Sculptures\",\"potentialAction\":[{\"@type\":\"SearchAction\",\"target\":{\"@type\":\"EntryPoint\",\"urlTemplate\":\"http:\/\/www.art-memorials.com\/de\/?s={search_term_string}\"},\"query-input\":{\"@type\":\"PropertyValueSpecification\",\"valueRequired\":true,\"valueName\":\"search_term_string\"}}],\"inLanguage\":\"de\"}]}<\/script>\n<!-- \/ Yoast SEO plugin. -->","yoast_head_json":{"title":"Design Center &#8902; Art-Memorials.com","description":"Lernen Sie mehr \u00fcber unsere Zusammenarbeit mit K\u00fcnstlern aus aller Welt, um exklusive Bestattungs- und Kremationsurnen, Andenken und andere Kunstgedenkm\u00e4ler zu entwerfen.","robots":{"index":"index","follow":"follow","max-snippet":"max-snippet:-1","max-image-preview":"max-image-preview:large","max-video-preview":"max-video-preview:-1"},"canonical":"https:\/\/www.art-memorials.com\/de\/design-center-3\/","og_locale":"de_DE","og_type":"article","og_title":"Design Center &#8902; Art-Memorials.com","og_description":"Lernen Sie mehr \u00fcber unsere Zusammenarbeit mit K\u00fcnstlern aus aller Welt, um exklusive Bestattungs- und Kremationsurnen, Andenken und andere Kunstgedenkm\u00e4ler zu entwerfen.","og_url":"https:\/\/www.art-memorials.com\/de\/design-center-3\/","og_site_name":"Art-Memorials","article_modified_time":"2025-03-23T15:32:24+00:00","og_image":[{"url":"https:\/\/www.art-memorials.com\/wp-content\/uploads\/2024\/01\/DESIGN-CENTRE-AM-LOGO-TEXT-1-300x300.png","type":"","width":"","height":""}],"twitter_card":"summary_large_image","twitter_misc":{"Gesch\u00e4tzte Lesezeit":"1\u00a0Minute"},"schema":{"@context":"https:\/\/schema.org","@graph":[{"@type":"WebPage","@id":"https:\/\/www.art-memorials.com\/de\/design-center-3\/","url":"https:\/\/www.art-memorials.com\/de\/design-center-3\/","name":"Design Center &#8902; Art-Memorials.com","isPartOf":{"@id":"http:\/\/www.art-memorials.com\/de\/#website"},"primaryImageOfPage":{"@id":"https:\/\/www.art-memorials.com\/de\/design-center-3\/#primaryimage"},"image":{"@id":"https:\/\/www.art-memorials.com\/de\/design-center-3\/#primaryimage"},"thumbnailUrl":"https:\/\/www.art-memorials.com\/wp-content\/uploads\/2024\/01\/DESIGN-CENTRE-AM-LOGO-TEXT-1-300x300.png","datePublished":"2024-01-26T14:06:55+00:00","dateModified":"2025-03-23T15:32:24+00:00","description":"Lernen Sie mehr \u00fcber unsere Zusammenarbeit mit K\u00fcnstlern aus aller Welt, um exklusive Bestattungs- und Kremationsurnen, Andenken und andere Kunstgedenkm\u00e4ler zu entwerfen.","breadcrumb":{"@id":"https:\/\/www.art-memorials.com\/de\/design-center-3\/#breadcrumb"},"inLanguage":"de","potentialAction":[{"@type":"ReadAction","target":["https:\/\/www.art-memorials.com\/de\/design-center-3\/"]}]},{"@type":"ImageObject","inLanguage":"de","@id":"https:\/\/www.art-memorials.com\/de\/design-center-3\/#primaryimage","url":"https:\/\/www.art-memorials.com\/wp-content\/uploads\/2024\/01\/DESIGN-CENTRE-AM-LOGO-TEXT-1-300x300.png","contentUrl":"https:\/\/www.art-memorials.com\/wp-content\/uploads\/2024\/01\/DESIGN-CENTRE-AM-LOGO-TEXT-1-300x300.png"},{"@type":"BreadcrumbList","@id":"https:\/\/www.art-memorials.com\/de\/design-center-3\/#breadcrumb","itemListElement":[{"@type":"ListItem","position":1,"name":"Home","item":"https:\/\/www.art-memorials.com\/de\/"},{"@type":"ListItem","position":2,"name":"Information","item":"https:\/\/www.art-memorials.com\/de\/information\/"},{"@type":"ListItem","position":3,"name":"Design Center"}]},{"@type":"WebSite","@id":"http:\/\/www.art-memorials.com\/de\/#website","url":"http:\/\/www.art-memorials.com\/de\/","name":"Art-Memorials","description":"Exclusive Cremation Urns, Ash Paintings, and Sculptures","potentialAction":[{"@type":"SearchAction","target":{"@type":"EntryPoint","urlTemplate":"http:\/\/www.art-memorials.com\/de\/?s={search_term_string}"},"query-input":{"@type":"PropertyValueSpecification","valueRequired":true,"valueName":"search_term_string"}}],"inLanguage":"de"}]}},"featured_image_src":null,"featured_image_src_square":null,"_links":{"self":[{"href":"https:\/\/www.art-memorials.com\/de\/wp-json\/wp\/v2\/pages\/6615","targetHints":{"allow":["GET"]}}],"collection":[{"href":"https:\/\/www.art-memorials.com\/de\/wp-json\/wp\/v2\/pages"}],"about":[{"href":"https:\/\/www.art-memorials.com\/de\/wp-json\/wp\/v2\/types\/page"}],"author":[{"embeddable":true,"href":"https:\/\/www.art-memorials.com\/de\/wp-json\/wp\/v2\/users\/1"}],"replies":[{"embeddable":true,"href":"https:\/\/www.art-memorials.com\/de\/wp-json\/wp\/v2\/comments?post=6615"}],"version-history":[{"count":0,"href":"https:\/\/www.art-memorials.com\/de\/wp-json\/wp\/v2\/pages\/6615\/revisions"}],"wp:attachment":[{"href":"https:\/\/www.art-memorials.com\/de\/wp-json\/wp\/v2\/media?parent=6615"}],"curies":[{"name":"wp","href":"https:\/\/api.w.org\/{rel}","templated":true}]}}