{"id":4208,"date":"2022-10-06T21:39:36","date_gmt":"2022-10-06T19:39:36","guid":{"rendered":"https:\/\/art-memorials.com\/product\/the-angel-edelstahl\/"},"modified":"2023-04-25T16:32:05","modified_gmt":"2023-04-25T14:32:05","slug":"the-angel-der-engel-edelstahl","status":"publish","type":"product","link":"https:\/\/www.art-memorials.com\/de\/artwork\/the-angel-der-engel-edelstahl\/","title":{"rendered":"The Angel &#8211; Edelstahl"},"content":{"rendered":"<p><strong>Der Engel<\/strong><\/p>\n<p>Der Engel als traditionelles Symbol des Christentums steht f\u00fcr N\u00e4chstenliebe, Schutz und die<br \/>\nVerbindung zwischen Gott und Mensch. Aber nicht nur Christen glauben an Engel, im Gegenteil.<br \/>\n&#8220;Engel&#8221; ist heutzutage ein Begriff, den wir im Alltag h\u00e4ufig verwenden, um jemanden zu bezeichnen, der<br \/>\nhilfsbereit, mitf\u00fchlend und selbstlos handelt. Jeder Mensch ist ein Engel im Himmel<br \/>\nIn dem Moment, in dem er oder sie sich entscheidet, f\u00fcr andere da zu sein und zu helfen &#8211; in welcher Form auch immer<br \/>\n. Wenn jemand beschlie\u00dft, auf diese Weise zu handeln, bringt er oder sie oft<br \/>\n\u00fcbernat\u00fcrliche Kr\u00e4fte und wird selbst ein wahrer Engel &#8211; genau wie unser geliebter<br \/>\ndie in ihrem Leben oft Gro\u00dfes geleistet haben, um uns aufzuziehen, f\u00fcr uns zu sorgen<br \/>\nund f\u00fcr uns da zu sein. Sie geben uns all ihr Wissen und ihre Erfahrungen weiter, damit wir selbst<br \/>\nWir wachsen daran und k\u00f6nnen schlie\u00dflich etwas davon an unsere Lieben weitergeben.<br \/>\nf\u00fcr unsere Liebsten.<\/p>\n<p>Sch\u00f6ne Urne mit einem Engel, wertvolle Urne zu verkaufen: handgefertigte Urne f\u00fcr die Asche Ihrer verstorbenen Familie<br \/>\nMitglied oder Freund nach der Ein\u00e4scherung. Ein Teil der Asche wird in der Urne aufbewahrt, um das Andenken zu bewahren.<\/p>\n<p>&nbsp;<\/p>\n<div><\/div>\n<div><\/div>\n<div><\/div>\n","protected":false},"excerpt":{"rendered":"<div>\n<div data-canvas-width=\"600.6000000000001\">Sch\u00f6ne Urne mit einem Engel, wertvolle Urne zu verkaufen: handgefertigte Urne f\u00fcr die Asche Ihrer verstorbenen Familie<\/div>\n<div data-canvas-width=\"590.4359999999999\">Mitglied oder Freund nach der Ein\u00e4scherung. Ein Teil der Asche wird in der Urne aufbewahrt, um das Andenken zu bewahren.<\/div>\n<\/div>\n<div><\/div>\n<div><\/div>\n","protected":false},"featured_media":5045,"template":"","meta":[],"product_brand":[],"product_cat":[274,364],"product_tag":[279,281],"class_list":{"0":"post-4208","1":"product","2":"type-product","3":"status-publish","4":"has-post-thumbnail","6":"product_cat-kinder-urnen","7":"product_cat-kultur-religion","8":"product_tag-angel-de","9":"product_tag-edelstahl","10":"pa_material-edelstahl","11":"pa_theme-religion-de","12":"tm-has-options","14":"first","15":"instock","16":"taxable","17":"shipping-taxable","18":"purchasable","19":"product-type-simple"},"yoast_head":"<!-- This site is optimized with the Yoast SEO plugin v24.4 - https:\/\/yoast.com\/wordpress\/plugins\/seo\/ -->\n<title>The Angel - Edelstahl &#8902; Art-Memorials.com<\/title>\n<meta name=\"robots\" content=\"index, follow, max-snippet:-1, max-image-preview:large, max-video-preview:-1\" \/>\n<link rel=\"canonical\" href=\"https:\/\/www.art-memorials.com\/de\/artwork\/the-angel-der-engel-edelstahl\/\" \/>\n<meta property=\"og:locale\" content=\"de_DE\" \/>\n<meta property=\"og:type\" content=\"article\" \/>\n<meta property=\"og:title\" content=\"The Angel - Edelstahl &#8902; Art-Memorials.com\" \/>\n<meta property=\"og:description\" content=\"Sch\u00f6ne Urne mit einem Engel, wertvolle Urne zu verkaufen: handgefertigte Urne f\u00fcr die Asche Ihrer verstorbenen Familie Mitglied oder Freund nach der Ein\u00e4scherung. Ein Teil der Asche wird in der Urne aufbewahrt, um das Andenken zu bewahren.\" \/>\n<meta property=\"og:url\" content=\"https:\/\/www.art-memorials.com\/de\/artwork\/the-angel-der-engel-edelstahl\/\" \/>\n<meta property=\"og:site_name\" content=\"Art-Memorials\" \/>\n<meta property=\"article:modified_time\" content=\"2023-04-25T14:32:05+00:00\" \/>\n<meta property=\"og:image\" content=\"https:\/\/www.art-memorials.com\/wp-content\/uploads\/2022\/10\/Angel_StainlessSteeel-1-scaled.jpg\" \/>\n\t<meta property=\"og:image:width\" content=\"2190\" \/>\n\t<meta property=\"og:image:height\" content=\"2560\" \/>\n\t<meta property=\"og:image:type\" content=\"image\/jpeg\" \/>\n<meta name=\"twitter:card\" content=\"summary_large_image\" \/>\n<meta name=\"twitter:label1\" content=\"Gesch\u00e4tzte Lesezeit\" \/>\n\t<meta name=\"twitter:data1\" content=\"1\u00a0Minute\" \/>\n<script type=\"application\/ld+json\" class=\"yoast-schema-graph\">{\"@context\":\"https:\/\/schema.org\",\"@graph\":[{\"@type\":\"WebPage\",\"@id\":\"https:\/\/www.art-memorials.com\/de\/artwork\/the-angel-der-engel-edelstahl\/\",\"url\":\"https:\/\/www.art-memorials.com\/de\/artwork\/the-angel-der-engel-edelstahl\/\",\"name\":\"The Angel - Edelstahl &#8902; Art-Memorials.com\",\"isPartOf\":{\"@id\":\"http:\/\/www.art-memorials.com\/de\/#website\"},\"primaryImageOfPage\":{\"@id\":\"https:\/\/www.art-memorials.com\/de\/artwork\/the-angel-der-engel-edelstahl\/#primaryimage\"},\"image\":{\"@id\":\"https:\/\/www.art-memorials.com\/de\/artwork\/the-angel-der-engel-edelstahl\/#primaryimage\"},\"thumbnailUrl\":\"https:\/\/www.art-memorials.com\/wp-content\/uploads\/2022\/10\/Angel_StainlessSteeel-1-scaled.jpg\",\"datePublished\":\"2022-10-06T19:39:36+00:00\",\"dateModified\":\"2023-04-25T14:32:05+00:00\",\"breadcrumb\":{\"@id\":\"https:\/\/www.art-memorials.com\/de\/artwork\/the-angel-der-engel-edelstahl\/#breadcrumb\"},\"inLanguage\":\"de\",\"potentialAction\":[{\"@type\":\"ReadAction\",\"target\":[\"https:\/\/www.art-memorials.com\/de\/artwork\/the-angel-der-engel-edelstahl\/\"]}]},{\"@type\":\"ImageObject\",\"inLanguage\":\"de\",\"@id\":\"https:\/\/www.art-memorials.com\/de\/artwork\/the-angel-der-engel-edelstahl\/#primaryimage\",\"url\":\"https:\/\/www.art-memorials.com\/wp-content\/uploads\/2022\/10\/Angel_StainlessSteeel-1-scaled.jpg\",\"contentUrl\":\"https:\/\/www.art-memorials.com\/wp-content\/uploads\/2022\/10\/Angel_StainlessSteeel-1-scaled.jpg\",\"width\":2190,\"height\":2560},{\"@type\":\"BreadcrumbList\",\"@id\":\"https:\/\/www.art-memorials.com\/de\/artwork\/the-angel-der-engel-edelstahl\/#breadcrumb\",\"itemListElement\":[{\"@type\":\"ListItem\",\"position\":1,\"name\":\"Home\",\"item\":\"https:\/\/www.art-memorials.com\/de\/\"},{\"@type\":\"ListItem\",\"position\":2,\"name\":\"Shop\",\"item\":\"https:\/\/www.art-memorials.com\/de\/urnen\/\"},{\"@type\":\"ListItem\",\"position\":3,\"name\":\"The Angel &#8211; Edelstahl\"}]},{\"@type\":\"WebSite\",\"@id\":\"http:\/\/www.art-memorials.com\/de\/#website\",\"url\":\"http:\/\/www.art-memorials.com\/de\/\",\"name\":\"Art-Memorials\",\"description\":\"Exclusive Cremation Urns, Ash Paintings, and Sculptures\",\"potentialAction\":[{\"@type\":\"SearchAction\",\"target\":{\"@type\":\"EntryPoint\",\"urlTemplate\":\"http:\/\/www.art-memorials.com\/de\/?s={search_term_string}\"},\"query-input\":{\"@type\":\"PropertyValueSpecification\",\"valueRequired\":true,\"valueName\":\"search_term_string\"}}],\"inLanguage\":\"de\"}]}<\/script>\n<!-- \/ Yoast SEO plugin. -->","yoast_head_json":{"title":"The Angel - Edelstahl &#8902; Art-Memorials.com","robots":{"index":"index","follow":"follow","max-snippet":"max-snippet:-1","max-image-preview":"max-image-preview:large","max-video-preview":"max-video-preview:-1"},"canonical":"https:\/\/www.art-memorials.com\/de\/artwork\/the-angel-der-engel-edelstahl\/","og_locale":"de_DE","og_type":"article","og_title":"The Angel - Edelstahl &#8902; Art-Memorials.com","og_description":"Sch\u00f6ne Urne mit einem Engel, wertvolle Urne zu verkaufen: handgefertigte Urne f\u00fcr die Asche Ihrer verstorbenen Familie Mitglied oder Freund nach der Ein\u00e4scherung. Ein Teil der Asche wird in der Urne aufbewahrt, um das Andenken zu bewahren.","og_url":"https:\/\/www.art-memorials.com\/de\/artwork\/the-angel-der-engel-edelstahl\/","og_site_name":"Art-Memorials","article_modified_time":"2023-04-25T14:32:05+00:00","og_image":[{"width":2190,"height":2560,"url":"https:\/\/www.art-memorials.com\/wp-content\/uploads\/2022\/10\/Angel_StainlessSteeel-1-scaled.jpg","type":"image\/jpeg"}],"twitter_card":"summary_large_image","twitter_misc":{"Gesch\u00e4tzte Lesezeit":"1\u00a0Minute"},"schema":{"@context":"https:\/\/schema.org","@graph":[{"@type":"WebPage","@id":"https:\/\/www.art-memorials.com\/de\/artwork\/the-angel-der-engel-edelstahl\/","url":"https:\/\/www.art-memorials.com\/de\/artwork\/the-angel-der-engel-edelstahl\/","name":"The Angel - Edelstahl &#8902; Art-Memorials.com","isPartOf":{"@id":"http:\/\/www.art-memorials.com\/de\/#website"},"primaryImageOfPage":{"@id":"https:\/\/www.art-memorials.com\/de\/artwork\/the-angel-der-engel-edelstahl\/#primaryimage"},"image":{"@id":"https:\/\/www.art-memorials.com\/de\/artwork\/the-angel-der-engel-edelstahl\/#primaryimage"},"thumbnailUrl":"https:\/\/www.art-memorials.com\/wp-content\/uploads\/2022\/10\/Angel_StainlessSteeel-1-scaled.jpg","datePublished":"2022-10-06T19:39:36+00:00","dateModified":"2023-04-25T14:32:05+00:00","breadcrumb":{"@id":"https:\/\/www.art-memorials.com\/de\/artwork\/the-angel-der-engel-edelstahl\/#breadcrumb"},"inLanguage":"de","potentialAction":[{"@type":"ReadAction","target":["https:\/\/www.art-memorials.com\/de\/artwork\/the-angel-der-engel-edelstahl\/"]}]},{"@type":"ImageObject","inLanguage":"de","@id":"https:\/\/www.art-memorials.com\/de\/artwork\/the-angel-der-engel-edelstahl\/#primaryimage","url":"https:\/\/www.art-memorials.com\/wp-content\/uploads\/2022\/10\/Angel_StainlessSteeel-1-scaled.jpg","contentUrl":"https:\/\/www.art-memorials.com\/wp-content\/uploads\/2022\/10\/Angel_StainlessSteeel-1-scaled.jpg","width":2190,"height":2560},{"@type":"BreadcrumbList","@id":"https:\/\/www.art-memorials.com\/de\/artwork\/the-angel-der-engel-edelstahl\/#breadcrumb","itemListElement":[{"@type":"ListItem","position":1,"name":"Home","item":"https:\/\/www.art-memorials.com\/de\/"},{"@type":"ListItem","position":2,"name":"Shop","item":"https:\/\/www.art-memorials.com\/de\/urnen\/"},{"@type":"ListItem","position":3,"name":"The Angel &#8211; Edelstahl"}]},{"@type":"WebSite","@id":"http:\/\/www.art-memorials.com\/de\/#website","url":"http:\/\/www.art-memorials.com\/de\/","name":"Art-Memorials","description":"Exclusive Cremation Urns, Ash Paintings, and Sculptures","potentialAction":[{"@type":"SearchAction","target":{"@type":"EntryPoint","urlTemplate":"http:\/\/www.art-memorials.com\/de\/?s={search_term_string}"},"query-input":{"@type":"PropertyValueSpecification","valueRequired":true,"valueName":"search_term_string"}}],"inLanguage":"de"}]}},"_links":{"self":[{"href":"https:\/\/www.art-memorials.com\/de\/wp-json\/wp\/v2\/product\/4208","targetHints":{"allow":["GET"]}}],"collection":[{"href":"https:\/\/www.art-memorials.com\/de\/wp-json\/wp\/v2\/product"}],"about":[{"href":"https:\/\/www.art-memorials.com\/de\/wp-json\/wp\/v2\/types\/product"}],"wp:featuredmedia":[{"embeddable":true,"href":"https:\/\/www.art-memorials.com\/de\/wp-json\/wp\/v2\/media\/5045"}],"wp:attachment":[{"href":"https:\/\/www.art-memorials.com\/de\/wp-json\/wp\/v2\/media?parent=4208"}],"wp:term":[{"taxonomy":"product_brand","embeddable":true,"href":"https:\/\/www.art-memorials.com\/de\/wp-json\/wp\/v2\/product_brand?post=4208"},{"taxonomy":"product_cat","embeddable":true,"href":"https:\/\/www.art-memorials.com\/de\/wp-json\/wp\/v2\/product_cat?post=4208"},{"taxonomy":"product_tag","embeddable":true,"href":"https:\/\/www.art-memorials.com\/de\/wp-json\/wp\/v2\/product_tag?post=4208"}],"curies":[{"name":"wp","href":"https:\/\/api.w.org\/{rel}","templated":true}]}}