{"id":4209,"date":"2022-10-04T21:21:42","date_gmt":"2022-10-04T19:21:42","guid":{"rendered":"https:\/\/art-memorials.com\/product\/tree-of-life-edelstahl\/"},"modified":"2023-04-25T16:32:06","modified_gmt":"2023-04-25T14:32:06","slug":"tree-of-life-stainless-steel","status":"publish","type":"product","link":"https:\/\/www.art-memorials.com\/de\/artwork\/tree-of-life-stainless-steel\/","title":{"rendered":"Tree of Life &#8211; Edelstahl mit grauer Box"},"content":{"rendered":"<p><strong>Der &#8220;Baum des Lebens&#8221;<\/strong><\/p>\n<p>Der Baum des Lebens ist ein altes und weit verbreitetes Symbol in der Religionsgeschichte und gilt als Grundlage vieler Mythen. Er steht f\u00fcr Fruchtbarkeit und Sch\u00f6pfung, den ewigen Kreislauf des Lebens und die kosmische Ordnung. Mit seinen tiefen Wurzeln und seiner bis in den Himmel reichenden Spitze verbindet der Baum des Lebens die verschiedenen Sph\u00e4ren: Himmel, Erde und Unterwelt &#8211; im \u00fcbertragenen Sinne auch: das, was war, was ist und was sein wird.<\/p>\n<p>\u00dcberall auf der Welt gibt es Urspr\u00fcnge der Vorstellung vom Baum des Lebens: zum Beispiel als Sitz der G\u00f6tter, Baum der Unsterblichkeit oder Baum des Erwachens. Aber auch im t\u00e4glichen Leben stellen wir fest, dass B\u00e4ume eine magische Wirkung auf uns haben. Sie geben uns Ruhe und Kraft und erinnern uns daran, wie relativ alles ist. Nicht umsonst entscheiden sich zum Beispiel viele Menschen in unserer westlichen Welt f\u00fcr eine Bestattung in einem Friedhofwald, denn die N\u00e4he zu den B\u00e4umen gibt uns ein ganz besonderes Gef\u00fchl der Geborgenheit und Verbundenheit mit der Natur.<\/p>\n<p>Kaufen Sie diese sch\u00f6ne Baumbestattungsurne jetzt oder kontaktieren Sie uns f\u00fcr weitere Informationen und\/oder Beratung!<\/p>\n<div><\/div>\n<div><\/div>\n","protected":false},"excerpt":{"rendered":"<p>Die symbolische Darstellung der Generationen durch die Wurzeln und \u00c4ste eines Lebensbaums zeigt die Beziehung zwischen den Generationen.<\/p>\n<div><\/div>\n<div><\/div>\n<div><\/div>\n","protected":false},"featured_media":4977,"template":"","meta":[],"product_brand":[],"product_cat":[969,980,364],"product_tag":[277,281,283,284,285,286,287,288],"class_list":{"0":"post-4209","1":"product","2":"type-product","3":"status-publish","4":"has-post-thumbnail","6":"product_cat-edelstahl-urnen-metallurnen","7":"product_cat-blumenurnen","8":"product_cat-kultur-religion","9":"product_tag-urne","10":"product_tag-edelstahl","11":"product_tag-baum","12":"product_tag-leben","13":"product_tag-wohnen","14":"product_tag-natur","15":"product_tag-ausgewahlte","16":"product_tag-mensch","17":"pa_material-edelstahl","18":"tm-no-options","20":"first","21":"instock","22":"taxable","23":"shipping-taxable","24":"purchasable","25":"product-type-simple"},"yoast_head":"<!-- This site is optimized with the Yoast SEO plugin v24.4 - https:\/\/yoast.com\/wordpress\/plugins\/seo\/ -->\n<title>Tree of Life - Edelstahl mit grauer Box Cremation Urn &#8902; Art-Memorials.com<\/title>\n<meta name=\"description\" content=\"Rustikale Ein\u00e4scherungsurne aus oxidiertem Cortenstahl f\u00fcr menschliche Asche. Die Baumurne ist ein uraltes, in Geschichte und Religion weit verbreitetes Symbol und stellt die Grundlage des Lebens dar.\" \/>\n<meta name=\"robots\" content=\"index, follow, max-snippet:-1, max-image-preview:large, max-video-preview:-1\" \/>\n<link rel=\"canonical\" href=\"https:\/\/www.art-memorials.com\/de\/artwork\/tree-of-life-stainless-steel\/\" \/>\n<meta property=\"og:locale\" content=\"de_DE\" \/>\n<meta property=\"og:type\" content=\"article\" \/>\n<meta property=\"og:title\" content=\"Tree of Life - Edelstahl mit grauer Box Cremation Urn &#8902; Art-Memorials.com\" \/>\n<meta property=\"og:description\" content=\"Rustikale Ein\u00e4scherungsurne aus oxidiertem Cortenstahl f\u00fcr menschliche Asche. Die Baumurne ist ein uraltes, in Geschichte und Religion weit verbreitetes Symbol und stellt die Grundlage des Lebens dar.\" \/>\n<meta property=\"og:url\" content=\"https:\/\/www.art-memorials.com\/de\/artwork\/tree-of-life-stainless-steel\/\" \/>\n<meta property=\"og:site_name\" content=\"Art-Memorials\" \/>\n<meta property=\"article:modified_time\" content=\"2023-04-25T14:32:06+00:00\" \/>\n<meta property=\"og:image\" content=\"https:\/\/www.art-memorials.com\/wp-content\/uploads\/2022\/10\/Tree-of-Life-Stainless-Grey-1.jpg\" \/>\n\t<meta property=\"og:image:width\" content=\"2067\" \/>\n\t<meta property=\"og:image:height\" content=\"2560\" \/>\n\t<meta property=\"og:image:type\" content=\"image\/jpeg\" \/>\n<meta name=\"twitter:card\" content=\"summary_large_image\" \/>\n<meta name=\"twitter:label1\" content=\"Gesch\u00e4tzte Lesezeit\" \/>\n\t<meta name=\"twitter:data1\" content=\"1\u00a0Minute\" \/>\n<script type=\"application\/ld+json\" class=\"yoast-schema-graph\">{\"@context\":\"https:\/\/schema.org\",\"@graph\":[{\"@type\":\"WebPage\",\"@id\":\"https:\/\/www.art-memorials.com\/de\/artwork\/tree-of-life-stainless-steel\/\",\"url\":\"https:\/\/www.art-memorials.com\/de\/artwork\/tree-of-life-stainless-steel\/\",\"name\":\"Tree of Life - Edelstahl mit grauer Box Cremation Urn &#8902; Art-Memorials.com\",\"isPartOf\":{\"@id\":\"http:\/\/www.art-memorials.com\/de\/#website\"},\"primaryImageOfPage\":{\"@id\":\"https:\/\/www.art-memorials.com\/de\/artwork\/tree-of-life-stainless-steel\/#primaryimage\"},\"image\":{\"@id\":\"https:\/\/www.art-memorials.com\/de\/artwork\/tree-of-life-stainless-steel\/#primaryimage\"},\"thumbnailUrl\":\"https:\/\/www.art-memorials.com\/wp-content\/uploads\/2022\/10\/Tree-of-Life-Stainless-Grey-1.jpg\",\"datePublished\":\"2022-10-04T19:21:42+00:00\",\"dateModified\":\"2023-04-25T14:32:06+00:00\",\"description\":\"Rustikale Ein\u00e4scherungsurne aus oxidiertem Cortenstahl f\u00fcr menschliche Asche. Die Baumurne ist ein uraltes, in Geschichte und Religion weit verbreitetes Symbol und stellt die Grundlage des Lebens dar.\",\"breadcrumb\":{\"@id\":\"https:\/\/www.art-memorials.com\/de\/artwork\/tree-of-life-stainless-steel\/#breadcrumb\"},\"inLanguage\":\"de\",\"potentialAction\":[{\"@type\":\"ReadAction\",\"target\":[\"https:\/\/www.art-memorials.com\/de\/artwork\/tree-of-life-stainless-steel\/\"]}]},{\"@type\":\"ImageObject\",\"inLanguage\":\"de\",\"@id\":\"https:\/\/www.art-memorials.com\/de\/artwork\/tree-of-life-stainless-steel\/#primaryimage\",\"url\":\"https:\/\/www.art-memorials.com\/wp-content\/uploads\/2022\/10\/Tree-of-Life-Stainless-Grey-1.jpg\",\"contentUrl\":\"https:\/\/www.art-memorials.com\/wp-content\/uploads\/2022\/10\/Tree-of-Life-Stainless-Grey-1.jpg\",\"width\":2067,\"height\":2560},{\"@type\":\"BreadcrumbList\",\"@id\":\"https:\/\/www.art-memorials.com\/de\/artwork\/tree-of-life-stainless-steel\/#breadcrumb\",\"itemListElement\":[{\"@type\":\"ListItem\",\"position\":1,\"name\":\"Home\",\"item\":\"https:\/\/www.art-memorials.com\/de\/\"},{\"@type\":\"ListItem\",\"position\":2,\"name\":\"Shop\",\"item\":\"https:\/\/www.art-memorials.com\/de\/urnen\/\"},{\"@type\":\"ListItem\",\"position\":3,\"name\":\"Tree of Life &#8211; Edelstahl mit grauer Box\"}]},{\"@type\":\"WebSite\",\"@id\":\"http:\/\/www.art-memorials.com\/de\/#website\",\"url\":\"http:\/\/www.art-memorials.com\/de\/\",\"name\":\"Art-Memorials\",\"description\":\"Exclusive Cremation Urns, Ash Paintings, and Sculptures\",\"potentialAction\":[{\"@type\":\"SearchAction\",\"target\":{\"@type\":\"EntryPoint\",\"urlTemplate\":\"http:\/\/www.art-memorials.com\/de\/?s={search_term_string}\"},\"query-input\":{\"@type\":\"PropertyValueSpecification\",\"valueRequired\":true,\"valueName\":\"search_term_string\"}}],\"inLanguage\":\"de\"}]}<\/script>\n<!-- \/ Yoast SEO plugin. -->","yoast_head_json":{"title":"Tree of Life - Edelstahl mit grauer Box Cremation Urn &#8902; Art-Memorials.com","description":"Rustikale Ein\u00e4scherungsurne aus oxidiertem Cortenstahl f\u00fcr menschliche Asche. Die Baumurne ist ein uraltes, in Geschichte und Religion weit verbreitetes Symbol und stellt die Grundlage des Lebens dar.","robots":{"index":"index","follow":"follow","max-snippet":"max-snippet:-1","max-image-preview":"max-image-preview:large","max-video-preview":"max-video-preview:-1"},"canonical":"https:\/\/www.art-memorials.com\/de\/artwork\/tree-of-life-stainless-steel\/","og_locale":"de_DE","og_type":"article","og_title":"Tree of Life - Edelstahl mit grauer Box Cremation Urn &#8902; Art-Memorials.com","og_description":"Rustikale Ein\u00e4scherungsurne aus oxidiertem Cortenstahl f\u00fcr menschliche Asche. Die Baumurne ist ein uraltes, in Geschichte und Religion weit verbreitetes Symbol und stellt die Grundlage des Lebens dar.","og_url":"https:\/\/www.art-memorials.com\/de\/artwork\/tree-of-life-stainless-steel\/","og_site_name":"Art-Memorials","article_modified_time":"2023-04-25T14:32:06+00:00","og_image":[{"width":2067,"height":2560,"url":"https:\/\/www.art-memorials.com\/wp-content\/uploads\/2022\/10\/Tree-of-Life-Stainless-Grey-1.jpg","type":"image\/jpeg"}],"twitter_card":"summary_large_image","twitter_misc":{"Gesch\u00e4tzte Lesezeit":"1\u00a0Minute"},"schema":{"@context":"https:\/\/schema.org","@graph":[{"@type":"WebPage","@id":"https:\/\/www.art-memorials.com\/de\/artwork\/tree-of-life-stainless-steel\/","url":"https:\/\/www.art-memorials.com\/de\/artwork\/tree-of-life-stainless-steel\/","name":"Tree of Life - Edelstahl mit grauer Box Cremation Urn &#8902; Art-Memorials.com","isPartOf":{"@id":"http:\/\/www.art-memorials.com\/de\/#website"},"primaryImageOfPage":{"@id":"https:\/\/www.art-memorials.com\/de\/artwork\/tree-of-life-stainless-steel\/#primaryimage"},"image":{"@id":"https:\/\/www.art-memorials.com\/de\/artwork\/tree-of-life-stainless-steel\/#primaryimage"},"thumbnailUrl":"https:\/\/www.art-memorials.com\/wp-content\/uploads\/2022\/10\/Tree-of-Life-Stainless-Grey-1.jpg","datePublished":"2022-10-04T19:21:42+00:00","dateModified":"2023-04-25T14:32:06+00:00","description":"Rustikale Ein\u00e4scherungsurne aus oxidiertem Cortenstahl f\u00fcr menschliche Asche. Die Baumurne ist ein uraltes, in Geschichte und Religion weit verbreitetes Symbol und stellt die Grundlage des Lebens dar.","breadcrumb":{"@id":"https:\/\/www.art-memorials.com\/de\/artwork\/tree-of-life-stainless-steel\/#breadcrumb"},"inLanguage":"de","potentialAction":[{"@type":"ReadAction","target":["https:\/\/www.art-memorials.com\/de\/artwork\/tree-of-life-stainless-steel\/"]}]},{"@type":"ImageObject","inLanguage":"de","@id":"https:\/\/www.art-memorials.com\/de\/artwork\/tree-of-life-stainless-steel\/#primaryimage","url":"https:\/\/www.art-memorials.com\/wp-content\/uploads\/2022\/10\/Tree-of-Life-Stainless-Grey-1.jpg","contentUrl":"https:\/\/www.art-memorials.com\/wp-content\/uploads\/2022\/10\/Tree-of-Life-Stainless-Grey-1.jpg","width":2067,"height":2560},{"@type":"BreadcrumbList","@id":"https:\/\/www.art-memorials.com\/de\/artwork\/tree-of-life-stainless-steel\/#breadcrumb","itemListElement":[{"@type":"ListItem","position":1,"name":"Home","item":"https:\/\/www.art-memorials.com\/de\/"},{"@type":"ListItem","position":2,"name":"Shop","item":"https:\/\/www.art-memorials.com\/de\/urnen\/"},{"@type":"ListItem","position":3,"name":"Tree of Life &#8211; Edelstahl mit grauer Box"}]},{"@type":"WebSite","@id":"http:\/\/www.art-memorials.com\/de\/#website","url":"http:\/\/www.art-memorials.com\/de\/","name":"Art-Memorials","description":"Exclusive Cremation Urns, Ash Paintings, and Sculptures","potentialAction":[{"@type":"SearchAction","target":{"@type":"EntryPoint","urlTemplate":"http:\/\/www.art-memorials.com\/de\/?s={search_term_string}"},"query-input":{"@type":"PropertyValueSpecification","valueRequired":true,"valueName":"search_term_string"}}],"inLanguage":"de"}]}},"_links":{"self":[{"href":"https:\/\/www.art-memorials.com\/de\/wp-json\/wp\/v2\/product\/4209","targetHints":{"allow":["GET"]}}],"collection":[{"href":"https:\/\/www.art-memorials.com\/de\/wp-json\/wp\/v2\/product"}],"about":[{"href":"https:\/\/www.art-memorials.com\/de\/wp-json\/wp\/v2\/types\/product"}],"wp:featuredmedia":[{"embeddable":true,"href":"https:\/\/www.art-memorials.com\/de\/wp-json\/wp\/v2\/media\/4977"}],"wp:attachment":[{"href":"https:\/\/www.art-memorials.com\/de\/wp-json\/wp\/v2\/media?parent=4209"}],"wp:term":[{"taxonomy":"product_brand","embeddable":true,"href":"https:\/\/www.art-memorials.com\/de\/wp-json\/wp\/v2\/product_brand?post=4209"},{"taxonomy":"product_cat","embeddable":true,"href":"https:\/\/www.art-memorials.com\/de\/wp-json\/wp\/v2\/product_cat?post=4209"},{"taxonomy":"product_tag","embeddable":true,"href":"https:\/\/www.art-memorials.com\/de\/wp-json\/wp\/v2\/product_tag?post=4209"}],"curies":[{"name":"wp","href":"https:\/\/api.w.org\/{rel}","templated":true}]}}