{"id":4222,"date":"2022-09-29T20:49:40","date_gmt":"2022-09-29T18:49:40","guid":{"rendered":"https:\/\/art-memorials.com\/product\/marurn-ii\/"},"modified":"2023-04-25T16:32:05","modified_gmt":"2023-04-25T14:32:05","slug":"marurn-ii","status":"publish","type":"product","link":"https:\/\/www.art-memorials.com\/de\/artwork\/marurn-ii\/","title":{"rendered":"Marurn II"},"content":{"rendered":"<p><strong>Marurn II<\/strong><\/p>\n<p>Die Vasen wurden aus Keramik hergestellt, glasiert und auf verschiedene Arten gebrannt. Die schwarze H\u00fclle ist rau gebrannt und der Deckel ist mit einem Batik-Stempel versehen. Jeder Deckel ist eigens gestaltet Textiladditive wurden f\u00fcr die Schlie\u00dfungen verwendet.<\/p>\n<p>Informationen:<\/p>\n<p>Volumen: 1 3\/4l<br \/>\nGewicht der Vase: ca. 1kg<br \/>\nH\u00f6he: 54.0 cm<br \/>\nHals: 5cm<\/p>\n","protected":false},"excerpt":{"rendered":"<p>Eine Keramikkugel mit einem Hals, der wie ein Kragen geformt ist, hat ein \u00e4hnliches Muster wie eine gefrostete Haut. Einzigartige Kunsturne mit Korkverschluss &#8211; ein Gef\u00e4\u00df f\u00fcr die Seele.<\/p>\n","protected":false},"featured_media":4946,"template":"","meta":[],"product_brand":[],"product_cat":[856,274],"product_tag":[179,291],"class_list":{"0":"post-4222","1":"product","2":"type-product","3":"status-publish","4":"has-post-thumbnail","6":"product_cat-keramik-steine-urnen","7":"product_cat-kinder-urnen","8":"product_tag-urns-de","9":"product_tag-menschenurnen","10":"pa_material-kermaik","11":"tm-has-options","13":"first","14":"instock","15":"taxable","16":"shipping-taxable","17":"purchasable","18":"product-type-simple"},"yoast_head":"<!-- This site is optimized with the Yoast SEO plugin v24.4 - https:\/\/yoast.com\/wordpress\/plugins\/seo\/ -->\n<title>Marurn II &#8902; Art-Memorials.com<\/title>\n<meta name=\"robots\" content=\"index, follow, max-snippet:-1, max-image-preview:large, max-video-preview:-1\" \/>\n<link rel=\"canonical\" href=\"https:\/\/www.art-memorials.com\/de\/artwork\/marurn-ii\/\" \/>\n<meta property=\"og:locale\" content=\"de_DE\" \/>\n<meta property=\"og:type\" content=\"article\" \/>\n<meta property=\"og:title\" content=\"Marurn II &#8902; Art-Memorials.com\" \/>\n<meta property=\"og:description\" content=\"Eine Keramikkugel mit einem Hals, der wie ein Kragen geformt ist, hat ein \u00e4hnliches Muster wie eine gefrostete Haut. Einzigartige Kunsturne mit Korkverschluss - ein Gef\u00e4\u00df f\u00fcr die Seele.\" \/>\n<meta property=\"og:url\" content=\"https:\/\/www.art-memorials.com\/de\/artwork\/marurn-ii\/\" \/>\n<meta property=\"og:site_name\" content=\"Art-Memorials\" \/>\n<meta property=\"article:modified_time\" content=\"2023-04-25T14:32:05+00:00\" \/>\n<meta property=\"og:image\" content=\"https:\/\/www.art-memorials.com\/wp-content\/uploads\/2022\/09\/MarurnII-scaled.jpg\" \/>\n\t<meta property=\"og:image:width\" content=\"1901\" \/>\n\t<meta property=\"og:image:height\" content=\"2560\" \/>\n\t<meta property=\"og:image:type\" content=\"image\/jpeg\" \/>\n<meta name=\"twitter:card\" content=\"summary_large_image\" \/>\n<script type=\"application\/ld+json\" class=\"yoast-schema-graph\">{\"@context\":\"https:\/\/schema.org\",\"@graph\":[{\"@type\":\"WebPage\",\"@id\":\"https:\/\/www.art-memorials.com\/de\/artwork\/marurn-ii\/\",\"url\":\"https:\/\/www.art-memorials.com\/de\/artwork\/marurn-ii\/\",\"name\":\"Marurn II &#8902; Art-Memorials.com\",\"isPartOf\":{\"@id\":\"http:\/\/www.art-memorials.com\/de\/#website\"},\"primaryImageOfPage\":{\"@id\":\"https:\/\/www.art-memorials.com\/de\/artwork\/marurn-ii\/#primaryimage\"},\"image\":{\"@id\":\"https:\/\/www.art-memorials.com\/de\/artwork\/marurn-ii\/#primaryimage\"},\"thumbnailUrl\":\"https:\/\/www.art-memorials.com\/wp-content\/uploads\/2022\/09\/MarurnII-scaled.jpg\",\"datePublished\":\"2022-09-29T18:49:40+00:00\",\"dateModified\":\"2023-04-25T14:32:05+00:00\",\"breadcrumb\":{\"@id\":\"https:\/\/www.art-memorials.com\/de\/artwork\/marurn-ii\/#breadcrumb\"},\"inLanguage\":\"de\",\"potentialAction\":[{\"@type\":\"ReadAction\",\"target\":[\"https:\/\/www.art-memorials.com\/de\/artwork\/marurn-ii\/\"]}]},{\"@type\":\"ImageObject\",\"inLanguage\":\"de\",\"@id\":\"https:\/\/www.art-memorials.com\/de\/artwork\/marurn-ii\/#primaryimage\",\"url\":\"https:\/\/www.art-memorials.com\/wp-content\/uploads\/2022\/09\/MarurnII-scaled.jpg\",\"contentUrl\":\"https:\/\/www.art-memorials.com\/wp-content\/uploads\/2022\/09\/MarurnII-scaled.jpg\",\"width\":1901,\"height\":2560},{\"@type\":\"BreadcrumbList\",\"@id\":\"https:\/\/www.art-memorials.com\/de\/artwork\/marurn-ii\/#breadcrumb\",\"itemListElement\":[{\"@type\":\"ListItem\",\"position\":1,\"name\":\"Home\",\"item\":\"https:\/\/www.art-memorials.com\/de\/\"},{\"@type\":\"ListItem\",\"position\":2,\"name\":\"Shop\",\"item\":\"https:\/\/www.art-memorials.com\/de\/urnen\/\"},{\"@type\":\"ListItem\",\"position\":3,\"name\":\"Marurn II\"}]},{\"@type\":\"WebSite\",\"@id\":\"http:\/\/www.art-memorials.com\/de\/#website\",\"url\":\"http:\/\/www.art-memorials.com\/de\/\",\"name\":\"Art-Memorials\",\"description\":\"Exclusive Cremation Urns, Ash Paintings, and Sculptures\",\"potentialAction\":[{\"@type\":\"SearchAction\",\"target\":{\"@type\":\"EntryPoint\",\"urlTemplate\":\"http:\/\/www.art-memorials.com\/de\/?s={search_term_string}\"},\"query-input\":{\"@type\":\"PropertyValueSpecification\",\"valueRequired\":true,\"valueName\":\"search_term_string\"}}],\"inLanguage\":\"de\"}]}<\/script>\n<!-- \/ Yoast SEO plugin. -->","yoast_head_json":{"title":"Marurn II &#8902; Art-Memorials.com","robots":{"index":"index","follow":"follow","max-snippet":"max-snippet:-1","max-image-preview":"max-image-preview:large","max-video-preview":"max-video-preview:-1"},"canonical":"https:\/\/www.art-memorials.com\/de\/artwork\/marurn-ii\/","og_locale":"de_DE","og_type":"article","og_title":"Marurn II &#8902; Art-Memorials.com","og_description":"Eine Keramikkugel mit einem Hals, der wie ein Kragen geformt ist, hat ein \u00e4hnliches Muster wie eine gefrostete Haut. Einzigartige Kunsturne mit Korkverschluss - ein Gef\u00e4\u00df f\u00fcr die Seele.","og_url":"https:\/\/www.art-memorials.com\/de\/artwork\/marurn-ii\/","og_site_name":"Art-Memorials","article_modified_time":"2023-04-25T14:32:05+00:00","og_image":[{"width":1901,"height":2560,"url":"https:\/\/www.art-memorials.com\/wp-content\/uploads\/2022\/09\/MarurnII-scaled.jpg","type":"image\/jpeg"}],"twitter_card":"summary_large_image","schema":{"@context":"https:\/\/schema.org","@graph":[{"@type":"WebPage","@id":"https:\/\/www.art-memorials.com\/de\/artwork\/marurn-ii\/","url":"https:\/\/www.art-memorials.com\/de\/artwork\/marurn-ii\/","name":"Marurn II &#8902; Art-Memorials.com","isPartOf":{"@id":"http:\/\/www.art-memorials.com\/de\/#website"},"primaryImageOfPage":{"@id":"https:\/\/www.art-memorials.com\/de\/artwork\/marurn-ii\/#primaryimage"},"image":{"@id":"https:\/\/www.art-memorials.com\/de\/artwork\/marurn-ii\/#primaryimage"},"thumbnailUrl":"https:\/\/www.art-memorials.com\/wp-content\/uploads\/2022\/09\/MarurnII-scaled.jpg","datePublished":"2022-09-29T18:49:40+00:00","dateModified":"2023-04-25T14:32:05+00:00","breadcrumb":{"@id":"https:\/\/www.art-memorials.com\/de\/artwork\/marurn-ii\/#breadcrumb"},"inLanguage":"de","potentialAction":[{"@type":"ReadAction","target":["https:\/\/www.art-memorials.com\/de\/artwork\/marurn-ii\/"]}]},{"@type":"ImageObject","inLanguage":"de","@id":"https:\/\/www.art-memorials.com\/de\/artwork\/marurn-ii\/#primaryimage","url":"https:\/\/www.art-memorials.com\/wp-content\/uploads\/2022\/09\/MarurnII-scaled.jpg","contentUrl":"https:\/\/www.art-memorials.com\/wp-content\/uploads\/2022\/09\/MarurnII-scaled.jpg","width":1901,"height":2560},{"@type":"BreadcrumbList","@id":"https:\/\/www.art-memorials.com\/de\/artwork\/marurn-ii\/#breadcrumb","itemListElement":[{"@type":"ListItem","position":1,"name":"Home","item":"https:\/\/www.art-memorials.com\/de\/"},{"@type":"ListItem","position":2,"name":"Shop","item":"https:\/\/www.art-memorials.com\/de\/urnen\/"},{"@type":"ListItem","position":3,"name":"Marurn II"}]},{"@type":"WebSite","@id":"http:\/\/www.art-memorials.com\/de\/#website","url":"http:\/\/www.art-memorials.com\/de\/","name":"Art-Memorials","description":"Exclusive Cremation Urns, Ash Paintings, and Sculptures","potentialAction":[{"@type":"SearchAction","target":{"@type":"EntryPoint","urlTemplate":"http:\/\/www.art-memorials.com\/de\/?s={search_term_string}"},"query-input":{"@type":"PropertyValueSpecification","valueRequired":true,"valueName":"search_term_string"}}],"inLanguage":"de"}]}},"_links":{"self":[{"href":"https:\/\/www.art-memorials.com\/de\/wp-json\/wp\/v2\/product\/4222","targetHints":{"allow":["GET"]}}],"collection":[{"href":"https:\/\/www.art-memorials.com\/de\/wp-json\/wp\/v2\/product"}],"about":[{"href":"https:\/\/www.art-memorials.com\/de\/wp-json\/wp\/v2\/types\/product"}],"wp:featuredmedia":[{"embeddable":true,"href":"https:\/\/www.art-memorials.com\/de\/wp-json\/wp\/v2\/media\/4946"}],"wp:attachment":[{"href":"https:\/\/www.art-memorials.com\/de\/wp-json\/wp\/v2\/media?parent=4222"}],"wp:term":[{"taxonomy":"product_brand","embeddable":true,"href":"https:\/\/www.art-memorials.com\/de\/wp-json\/wp\/v2\/product_brand?post=4222"},{"taxonomy":"product_cat","embeddable":true,"href":"https:\/\/www.art-memorials.com\/de\/wp-json\/wp\/v2\/product_cat?post=4222"},{"taxonomy":"product_tag","embeddable":true,"href":"https:\/\/www.art-memorials.com\/de\/wp-json\/wp\/v2\/product_tag?post=4222"}],"curies":[{"name":"wp","href":"https:\/\/api.w.org\/{rel}","templated":true}]}}