{"id":4225,"date":"2022-11-03T19:16:02","date_gmt":"2022-11-03T17:16:02","guid":{"rendered":"https:\/\/art-memorials.com\/product\/travel-around-the-world\/"},"modified":"2023-04-25T16:32:07","modified_gmt":"2023-04-25T14:32:07","slug":"reise-um-die-welt","status":"publish","type":"product","link":"https:\/\/www.art-memorials.com\/de\/artwork\/reise-um-die-welt\/","title":{"rendered":"Reise und die Welt"},"content":{"rendered":"<p>Annemarie Petri (Den Haag, 1965) ist eine vielseitige K\u00fcnstlerin. Sie macht Gem\u00e4lde, Skulpturen und Radierungen\/Gravuren.<br \/>\nIhr gro\u00dfes technisches K\u00f6nnen steht immer im Dienst der Evokation einer ganz eigenen, m\u00e4rchenhaften und melancholischen Welt. Ihre Bandbreite ist dabei gro\u00df, von skurril bis humorvoll, von befremdlich bis wiedererkennbar.<br \/>\nBesonders ist die gro\u00dfe Konzentration und Liebe, mit der sie ihre akribischen Auftritte absolviert.<br \/>\nAnnemarie wurde an der Freien Akademie in Den Haag (1984-1989) ausgebildet und hat sich seitdem einen hervorragenden Ruf erworben, zun\u00e4chst als Grafikerin, sp\u00e4ter als Malerin und Bildhauerin.<br \/>\nSeit mehr als 20 Jahren ist sie Lehrerin f\u00fcr Zeichnen, Malen und Radierung. Ihre Arbeiten werden im In- und Ausland in verschiedenen Museen, Galerien und auf Messen gezeigt.<br \/>\nPetris Radierungen zeichnen sich durch \u00fcberraschende Kompositionen auf der Grundlage von Kupferstichen aus dem 17. Jahrhundert aus, in der Atmosph\u00e4re von Piranesi, Naturwissenschaft, Literatur und vor allem der romantischen Sehnsucht nach einer Welt, die es nicht gibt, sondern von der man nur tr\u00e4umen kann.<\/p>\n","protected":false},"excerpt":{"rendered":"<p>Keine herk\u00f6mmliche Urne am Sockel, sondern eine Skulptur zu Ehren einer reisenden Seele. Die edle Farbe der Bronze wird mit symbolischen Elementen wie der Weltkugel, den Tieren, auf denen sie steht, und dem Schiff auf dem Weg ins Leben kombiniert.<\/p>\n","protected":false},"featured_media":5463,"template":"","meta":[],"product_brand":[],"product_cat":[192],"product_tag":[292,298],"class_list":{"0":"post-4225","1":"product","2":"type-product","3":"status-publish","4":"has-post-thumbnail","6":"product_cat-skulpturen-denkmaeler","7":"product_tag-bronze-de","8":"product_tag-ship-de","9":"pa_material-bronze-de","10":"tm-has-options","12":"first","13":"instock","14":"taxable","15":"shipping-taxable","16":"purchasable","17":"product-type-simple"},"yoast_head":"<!-- This site is optimized with the Yoast SEO plugin v24.4 - https:\/\/yoast.com\/wordpress\/plugins\/seo\/ -->\n<title>Reise und die Welt &#8902; Art-Memorials.com<\/title>\n<meta name=\"robots\" content=\"index, follow, max-snippet:-1, max-image-preview:large, max-video-preview:-1\" \/>\n<link rel=\"canonical\" href=\"https:\/\/www.art-memorials.com\/de\/artwork\/reise-um-die-welt\/\" \/>\n<meta property=\"og:locale\" content=\"de_DE\" \/>\n<meta property=\"og:type\" content=\"article\" \/>\n<meta property=\"og:title\" content=\"Reise und die Welt &#8902; Art-Memorials.com\" \/>\n<meta property=\"og:description\" content=\"Keine herk\u00f6mmliche Urne am Sockel, sondern eine Skulptur zu Ehren einer reisenden Seele. Die edle Farbe der Bronze wird mit symbolischen Elementen wie der Weltkugel, den Tieren, auf denen sie steht, und dem Schiff auf dem Weg ins Leben kombiniert.\" \/>\n<meta property=\"og:url\" content=\"https:\/\/www.art-memorials.com\/de\/artwork\/reise-um-die-welt\/\" \/>\n<meta property=\"og:site_name\" content=\"Art-Memorials\" \/>\n<meta property=\"article:modified_time\" content=\"2023-04-25T14:32:07+00:00\" \/>\n<meta property=\"og:image\" content=\"https:\/\/www.art-memorials.com\/wp-content\/uploads\/2022\/11\/TravelArroundTheWorld_I-scaled.jpg\" \/>\n\t<meta property=\"og:image:width\" content=\"1862\" \/>\n\t<meta property=\"og:image:height\" content=\"2560\" \/>\n\t<meta property=\"og:image:type\" content=\"image\/jpeg\" \/>\n<meta name=\"twitter:card\" content=\"summary_large_image\" \/>\n<meta name=\"twitter:label1\" content=\"Gesch\u00e4tzte Lesezeit\" \/>\n\t<meta name=\"twitter:data1\" content=\"1\u00a0Minute\" \/>\n<script type=\"application\/ld+json\" class=\"yoast-schema-graph\">{\"@context\":\"https:\/\/schema.org\",\"@graph\":[{\"@type\":\"WebPage\",\"@id\":\"https:\/\/www.art-memorials.com\/de\/artwork\/reise-um-die-welt\/\",\"url\":\"https:\/\/www.art-memorials.com\/de\/artwork\/reise-um-die-welt\/\",\"name\":\"Reise und die Welt &#8902; Art-Memorials.com\",\"isPartOf\":{\"@id\":\"http:\/\/www.art-memorials.com\/de\/#website\"},\"primaryImageOfPage\":{\"@id\":\"https:\/\/www.art-memorials.com\/de\/artwork\/reise-um-die-welt\/#primaryimage\"},\"image\":{\"@id\":\"https:\/\/www.art-memorials.com\/de\/artwork\/reise-um-die-welt\/#primaryimage\"},\"thumbnailUrl\":\"https:\/\/www.art-memorials.com\/wp-content\/uploads\/2022\/11\/TravelArroundTheWorld_I-scaled.jpg\",\"datePublished\":\"2022-11-03T17:16:02+00:00\",\"dateModified\":\"2023-04-25T14:32:07+00:00\",\"breadcrumb\":{\"@id\":\"https:\/\/www.art-memorials.com\/de\/artwork\/reise-um-die-welt\/#breadcrumb\"},\"inLanguage\":\"de\",\"potentialAction\":[{\"@type\":\"ReadAction\",\"target\":[\"https:\/\/www.art-memorials.com\/de\/artwork\/reise-um-die-welt\/\"]}]},{\"@type\":\"ImageObject\",\"inLanguage\":\"de\",\"@id\":\"https:\/\/www.art-memorials.com\/de\/artwork\/reise-um-die-welt\/#primaryimage\",\"url\":\"https:\/\/www.art-memorials.com\/wp-content\/uploads\/2022\/11\/TravelArroundTheWorld_I-scaled.jpg\",\"contentUrl\":\"https:\/\/www.art-memorials.com\/wp-content\/uploads\/2022\/11\/TravelArroundTheWorld_I-scaled.jpg\",\"width\":1862,\"height\":2560},{\"@type\":\"BreadcrumbList\",\"@id\":\"https:\/\/www.art-memorials.com\/de\/artwork\/reise-um-die-welt\/#breadcrumb\",\"itemListElement\":[{\"@type\":\"ListItem\",\"position\":1,\"name\":\"Home\",\"item\":\"https:\/\/www.art-memorials.com\/de\/\"},{\"@type\":\"ListItem\",\"position\":2,\"name\":\"Shop\",\"item\":\"https:\/\/www.art-memorials.com\/de\/urnen\/\"},{\"@type\":\"ListItem\",\"position\":3,\"name\":\"Reise und die Welt\"}]},{\"@type\":\"WebSite\",\"@id\":\"http:\/\/www.art-memorials.com\/de\/#website\",\"url\":\"http:\/\/www.art-memorials.com\/de\/\",\"name\":\"Art-Memorials\",\"description\":\"Exclusive Cremation Urns, Ash Paintings, and Sculptures\",\"potentialAction\":[{\"@type\":\"SearchAction\",\"target\":{\"@type\":\"EntryPoint\",\"urlTemplate\":\"http:\/\/www.art-memorials.com\/de\/?s={search_term_string}\"},\"query-input\":{\"@type\":\"PropertyValueSpecification\",\"valueRequired\":true,\"valueName\":\"search_term_string\"}}],\"inLanguage\":\"de\"}]}<\/script>\n<!-- \/ Yoast SEO plugin. -->","yoast_head_json":{"title":"Reise und die Welt &#8902; Art-Memorials.com","robots":{"index":"index","follow":"follow","max-snippet":"max-snippet:-1","max-image-preview":"max-image-preview:large","max-video-preview":"max-video-preview:-1"},"canonical":"https:\/\/www.art-memorials.com\/de\/artwork\/reise-um-die-welt\/","og_locale":"de_DE","og_type":"article","og_title":"Reise und die Welt &#8902; Art-Memorials.com","og_description":"Keine herk\u00f6mmliche Urne am Sockel, sondern eine Skulptur zu Ehren einer reisenden Seele. Die edle Farbe der Bronze wird mit symbolischen Elementen wie der Weltkugel, den Tieren, auf denen sie steht, und dem Schiff auf dem Weg ins Leben kombiniert.","og_url":"https:\/\/www.art-memorials.com\/de\/artwork\/reise-um-die-welt\/","og_site_name":"Art-Memorials","article_modified_time":"2023-04-25T14:32:07+00:00","og_image":[{"width":1862,"height":2560,"url":"https:\/\/www.art-memorials.com\/wp-content\/uploads\/2022\/11\/TravelArroundTheWorld_I-scaled.jpg","type":"image\/jpeg"}],"twitter_card":"summary_large_image","twitter_misc":{"Gesch\u00e4tzte Lesezeit":"1\u00a0Minute"},"schema":{"@context":"https:\/\/schema.org","@graph":[{"@type":"WebPage","@id":"https:\/\/www.art-memorials.com\/de\/artwork\/reise-um-die-welt\/","url":"https:\/\/www.art-memorials.com\/de\/artwork\/reise-um-die-welt\/","name":"Reise und die Welt &#8902; Art-Memorials.com","isPartOf":{"@id":"http:\/\/www.art-memorials.com\/de\/#website"},"primaryImageOfPage":{"@id":"https:\/\/www.art-memorials.com\/de\/artwork\/reise-um-die-welt\/#primaryimage"},"image":{"@id":"https:\/\/www.art-memorials.com\/de\/artwork\/reise-um-die-welt\/#primaryimage"},"thumbnailUrl":"https:\/\/www.art-memorials.com\/wp-content\/uploads\/2022\/11\/TravelArroundTheWorld_I-scaled.jpg","datePublished":"2022-11-03T17:16:02+00:00","dateModified":"2023-04-25T14:32:07+00:00","breadcrumb":{"@id":"https:\/\/www.art-memorials.com\/de\/artwork\/reise-um-die-welt\/#breadcrumb"},"inLanguage":"de","potentialAction":[{"@type":"ReadAction","target":["https:\/\/www.art-memorials.com\/de\/artwork\/reise-um-die-welt\/"]}]},{"@type":"ImageObject","inLanguage":"de","@id":"https:\/\/www.art-memorials.com\/de\/artwork\/reise-um-die-welt\/#primaryimage","url":"https:\/\/www.art-memorials.com\/wp-content\/uploads\/2022\/11\/TravelArroundTheWorld_I-scaled.jpg","contentUrl":"https:\/\/www.art-memorials.com\/wp-content\/uploads\/2022\/11\/TravelArroundTheWorld_I-scaled.jpg","width":1862,"height":2560},{"@type":"BreadcrumbList","@id":"https:\/\/www.art-memorials.com\/de\/artwork\/reise-um-die-welt\/#breadcrumb","itemListElement":[{"@type":"ListItem","position":1,"name":"Home","item":"https:\/\/www.art-memorials.com\/de\/"},{"@type":"ListItem","position":2,"name":"Shop","item":"https:\/\/www.art-memorials.com\/de\/urnen\/"},{"@type":"ListItem","position":3,"name":"Reise und die Welt"}]},{"@type":"WebSite","@id":"http:\/\/www.art-memorials.com\/de\/#website","url":"http:\/\/www.art-memorials.com\/de\/","name":"Art-Memorials","description":"Exclusive Cremation Urns, Ash Paintings, and Sculptures","potentialAction":[{"@type":"SearchAction","target":{"@type":"EntryPoint","urlTemplate":"http:\/\/www.art-memorials.com\/de\/?s={search_term_string}"},"query-input":{"@type":"PropertyValueSpecification","valueRequired":true,"valueName":"search_term_string"}}],"inLanguage":"de"}]}},"_links":{"self":[{"href":"https:\/\/www.art-memorials.com\/de\/wp-json\/wp\/v2\/product\/4225","targetHints":{"allow":["GET"]}}],"collection":[{"href":"https:\/\/www.art-memorials.com\/de\/wp-json\/wp\/v2\/product"}],"about":[{"href":"https:\/\/www.art-memorials.com\/de\/wp-json\/wp\/v2\/types\/product"}],"wp:featuredmedia":[{"embeddable":true,"href":"https:\/\/www.art-memorials.com\/de\/wp-json\/wp\/v2\/media\/5463"}],"wp:attachment":[{"href":"https:\/\/www.art-memorials.com\/de\/wp-json\/wp\/v2\/media?parent=4225"}],"wp:term":[{"taxonomy":"product_brand","embeddable":true,"href":"https:\/\/www.art-memorials.com\/de\/wp-json\/wp\/v2\/product_brand?post=4225"},{"taxonomy":"product_cat","embeddable":true,"href":"https:\/\/www.art-memorials.com\/de\/wp-json\/wp\/v2\/product_cat?post=4225"},{"taxonomy":"product_tag","embeddable":true,"href":"https:\/\/www.art-memorials.com\/de\/wp-json\/wp\/v2\/product_tag?post=4225"}],"curies":[{"name":"wp","href":"https:\/\/api.w.org\/{rel}","templated":true}]}}