{"id":4312,"date":"2022-09-11T17:23:17","date_gmt":"2022-09-11T15:23:17","guid":{"rendered":"https:\/\/art-memorials.com\/product\/reverie-v\/"},"modified":"2023-04-25T16:32:05","modified_gmt":"2023-04-25T14:32:05","slug":"reverie-v","status":"publish","type":"product","link":"https:\/\/www.art-memorials.com\/de\/artwork\/reverie-v\/","title":{"rendered":"R\u00e9verie V"},"content":{"rendered":"<p><strong>R\u00e9verie V<\/strong><\/p>\n<p>&nbsp;<\/p>\n<p>Die einzelnen Koffer wurden aus Kermatik gefertigt, glasiert und auf verschiedene Arten gebrannt. Die einzelnen Koffer wurden Raku-gebrannt und der Deckel wurde mit einem Batik-Stempel versehen.<\/p>\n<p>Einzelheiten:<\/p>\n<p>Fassungsverm\u00f6gen: 2 l<br \/>\nGewicht des Koffers: 1,5 kg<br \/>\nH\u00f6he: 9,5 cm<br \/>\nBreite: 21 cm<br \/>\nTiefe (mit Griff): 19cm<br \/>\nTiefe (ohne Griff): 15cm<\/p>\n<p>Melden Sie sich gern bei uns f\u00fcr weitere Informationen und Beratung.<\/p>\n","protected":false},"excerpt":{"rendered":"<p>Die R\u00e9verie V ist eine wundersch\u00f6ne Urne zur Ein\u00e4scherung.<\/p>\n<div><\/div>\n","protected":false},"featured_media":5018,"template":"","meta":[],"product_brand":[],"product_cat":[856,274],"product_tag":[179,277,306,307,308,309,310],"class_list":{"0":"post-4312","1":"product","2":"type-product","3":"status-publish","4":"has-post-thumbnail","6":"product_cat-keramik-steine-urnen","7":"product_cat-kinder-urnen","8":"product_tag-urns-de","9":"product_tag-urne","10":"product_tag-koffer","11":"product_tag-reisen","12":"product_tag-reiseziel","13":"product_tag-erinnerungen","14":"product_tag-kinder","15":"pa_material-kermaik","16":"tm-has-options","18":"first","19":"instock","20":"taxable","21":"shipping-taxable","22":"purchasable","23":"product-type-simple"},"yoast_head":"<!-- This site is optimized with the Yoast SEO plugin v24.4 - https:\/\/yoast.com\/wordpress\/plugins\/seo\/ -->\n<title>R\u00e9verie V Cremation Urn &#8902; Art-Memorials.com<\/title>\n<meta name=\"robots\" content=\"index, follow, max-snippet:-1, max-image-preview:large, max-video-preview:-1\" \/>\n<link rel=\"canonical\" href=\"https:\/\/www.art-memorials.com\/de\/artwork\/reverie-v\/\" \/>\n<meta property=\"og:locale\" content=\"de_DE\" \/>\n<meta property=\"og:type\" content=\"article\" \/>\n<meta property=\"og:title\" content=\"R\u00e9verie V Cremation Urn &#8902; Art-Memorials.com\" \/>\n<meta property=\"og:description\" content=\"Die R\u00e9verie V ist eine wundersch\u00f6ne Urne zur Ein\u00e4scherung.\" \/>\n<meta property=\"og:url\" content=\"https:\/\/www.art-memorials.com\/de\/artwork\/reverie-v\/\" \/>\n<meta property=\"og:site_name\" content=\"Art-Memorials\" \/>\n<meta property=\"article:modified_time\" content=\"2023-04-25T14:32:05+00:00\" \/>\n<meta property=\"og:image\" content=\"https:\/\/www.art-memorials.com\/wp-content\/uploads\/2022\/09\/Reviere-V-scaled.jpg\" \/>\n\t<meta property=\"og:image:width\" content=\"1920\" \/>\n\t<meta property=\"og:image:height\" content=\"2560\" \/>\n\t<meta property=\"og:image:type\" content=\"image\/jpeg\" \/>\n<meta name=\"twitter:card\" content=\"summary_large_image\" \/>\n<script type=\"application\/ld+json\" class=\"yoast-schema-graph\">{\"@context\":\"https:\/\/schema.org\",\"@graph\":[{\"@type\":\"WebPage\",\"@id\":\"https:\/\/www.art-memorials.com\/de\/artwork\/reverie-v\/\",\"url\":\"https:\/\/www.art-memorials.com\/de\/artwork\/reverie-v\/\",\"name\":\"R\u00e9verie V Cremation Urn &#8902; Art-Memorials.com\",\"isPartOf\":{\"@id\":\"http:\/\/www.art-memorials.com\/de\/#website\"},\"primaryImageOfPage\":{\"@id\":\"https:\/\/www.art-memorials.com\/de\/artwork\/reverie-v\/#primaryimage\"},\"image\":{\"@id\":\"https:\/\/www.art-memorials.com\/de\/artwork\/reverie-v\/#primaryimage\"},\"thumbnailUrl\":\"https:\/\/www.art-memorials.com\/wp-content\/uploads\/2022\/09\/Reviere-V-scaled.jpg\",\"datePublished\":\"2022-09-11T15:23:17+00:00\",\"dateModified\":\"2023-04-25T14:32:05+00:00\",\"breadcrumb\":{\"@id\":\"https:\/\/www.art-memorials.com\/de\/artwork\/reverie-v\/#breadcrumb\"},\"inLanguage\":\"de\",\"potentialAction\":[{\"@type\":\"ReadAction\",\"target\":[\"https:\/\/www.art-memorials.com\/de\/artwork\/reverie-v\/\"]}]},{\"@type\":\"ImageObject\",\"inLanguage\":\"de\",\"@id\":\"https:\/\/www.art-memorials.com\/de\/artwork\/reverie-v\/#primaryimage\",\"url\":\"https:\/\/www.art-memorials.com\/wp-content\/uploads\/2022\/09\/Reviere-V-scaled.jpg\",\"contentUrl\":\"https:\/\/www.art-memorials.com\/wp-content\/uploads\/2022\/09\/Reviere-V-scaled.jpg\",\"width\":1920,\"height\":2560},{\"@type\":\"BreadcrumbList\",\"@id\":\"https:\/\/www.art-memorials.com\/de\/artwork\/reverie-v\/#breadcrumb\",\"itemListElement\":[{\"@type\":\"ListItem\",\"position\":1,\"name\":\"Home\",\"item\":\"https:\/\/www.art-memorials.com\/de\/\"},{\"@type\":\"ListItem\",\"position\":2,\"name\":\"Shop\",\"item\":\"https:\/\/www.art-memorials.com\/de\/urnen\/\"},{\"@type\":\"ListItem\",\"position\":3,\"name\":\"R\u00e9verie V\"}]},{\"@type\":\"WebSite\",\"@id\":\"http:\/\/www.art-memorials.com\/de\/#website\",\"url\":\"http:\/\/www.art-memorials.com\/de\/\",\"name\":\"Art-Memorials\",\"description\":\"Exclusive Cremation Urns, Ash Paintings, and Sculptures\",\"potentialAction\":[{\"@type\":\"SearchAction\",\"target\":{\"@type\":\"EntryPoint\",\"urlTemplate\":\"http:\/\/www.art-memorials.com\/de\/?s={search_term_string}\"},\"query-input\":{\"@type\":\"PropertyValueSpecification\",\"valueRequired\":true,\"valueName\":\"search_term_string\"}}],\"inLanguage\":\"de\"}]}<\/script>\n<!-- \/ Yoast SEO plugin. -->","yoast_head_json":{"title":"R\u00e9verie V Cremation Urn &#8902; Art-Memorials.com","robots":{"index":"index","follow":"follow","max-snippet":"max-snippet:-1","max-image-preview":"max-image-preview:large","max-video-preview":"max-video-preview:-1"},"canonical":"https:\/\/www.art-memorials.com\/de\/artwork\/reverie-v\/","og_locale":"de_DE","og_type":"article","og_title":"R\u00e9verie V Cremation Urn &#8902; Art-Memorials.com","og_description":"Die R\u00e9verie V ist eine wundersch\u00f6ne Urne zur Ein\u00e4scherung.","og_url":"https:\/\/www.art-memorials.com\/de\/artwork\/reverie-v\/","og_site_name":"Art-Memorials","article_modified_time":"2023-04-25T14:32:05+00:00","og_image":[{"width":1920,"height":2560,"url":"https:\/\/www.art-memorials.com\/wp-content\/uploads\/2022\/09\/Reviere-V-scaled.jpg","type":"image\/jpeg"}],"twitter_card":"summary_large_image","schema":{"@context":"https:\/\/schema.org","@graph":[{"@type":"WebPage","@id":"https:\/\/www.art-memorials.com\/de\/artwork\/reverie-v\/","url":"https:\/\/www.art-memorials.com\/de\/artwork\/reverie-v\/","name":"R\u00e9verie V Cremation Urn &#8902; Art-Memorials.com","isPartOf":{"@id":"http:\/\/www.art-memorials.com\/de\/#website"},"primaryImageOfPage":{"@id":"https:\/\/www.art-memorials.com\/de\/artwork\/reverie-v\/#primaryimage"},"image":{"@id":"https:\/\/www.art-memorials.com\/de\/artwork\/reverie-v\/#primaryimage"},"thumbnailUrl":"https:\/\/www.art-memorials.com\/wp-content\/uploads\/2022\/09\/Reviere-V-scaled.jpg","datePublished":"2022-09-11T15:23:17+00:00","dateModified":"2023-04-25T14:32:05+00:00","breadcrumb":{"@id":"https:\/\/www.art-memorials.com\/de\/artwork\/reverie-v\/#breadcrumb"},"inLanguage":"de","potentialAction":[{"@type":"ReadAction","target":["https:\/\/www.art-memorials.com\/de\/artwork\/reverie-v\/"]}]},{"@type":"ImageObject","inLanguage":"de","@id":"https:\/\/www.art-memorials.com\/de\/artwork\/reverie-v\/#primaryimage","url":"https:\/\/www.art-memorials.com\/wp-content\/uploads\/2022\/09\/Reviere-V-scaled.jpg","contentUrl":"https:\/\/www.art-memorials.com\/wp-content\/uploads\/2022\/09\/Reviere-V-scaled.jpg","width":1920,"height":2560},{"@type":"BreadcrumbList","@id":"https:\/\/www.art-memorials.com\/de\/artwork\/reverie-v\/#breadcrumb","itemListElement":[{"@type":"ListItem","position":1,"name":"Home","item":"https:\/\/www.art-memorials.com\/de\/"},{"@type":"ListItem","position":2,"name":"Shop","item":"https:\/\/www.art-memorials.com\/de\/urnen\/"},{"@type":"ListItem","position":3,"name":"R\u00e9verie V"}]},{"@type":"WebSite","@id":"http:\/\/www.art-memorials.com\/de\/#website","url":"http:\/\/www.art-memorials.com\/de\/","name":"Art-Memorials","description":"Exclusive Cremation Urns, Ash Paintings, and Sculptures","potentialAction":[{"@type":"SearchAction","target":{"@type":"EntryPoint","urlTemplate":"http:\/\/www.art-memorials.com\/de\/?s={search_term_string}"},"query-input":{"@type":"PropertyValueSpecification","valueRequired":true,"valueName":"search_term_string"}}],"inLanguage":"de"}]}},"_links":{"self":[{"href":"https:\/\/www.art-memorials.com\/de\/wp-json\/wp\/v2\/product\/4312","targetHints":{"allow":["GET"]}}],"collection":[{"href":"https:\/\/www.art-memorials.com\/de\/wp-json\/wp\/v2\/product"}],"about":[{"href":"https:\/\/www.art-memorials.com\/de\/wp-json\/wp\/v2\/types\/product"}],"wp:featuredmedia":[{"embeddable":true,"href":"https:\/\/www.art-memorials.com\/de\/wp-json\/wp\/v2\/media\/5018"}],"wp:attachment":[{"href":"https:\/\/www.art-memorials.com\/de\/wp-json\/wp\/v2\/media?parent=4312"}],"wp:term":[{"taxonomy":"product_brand","embeddable":true,"href":"https:\/\/www.art-memorials.com\/de\/wp-json\/wp\/v2\/product_brand?post=4312"},{"taxonomy":"product_cat","embeddable":true,"href":"https:\/\/www.art-memorials.com\/de\/wp-json\/wp\/v2\/product_cat?post=4312"},{"taxonomy":"product_tag","embeddable":true,"href":"https:\/\/www.art-memorials.com\/de\/wp-json\/wp\/v2\/product_tag?post=4312"}],"curies":[{"name":"wp","href":"https:\/\/api.w.org\/{rel}","templated":true}]}}