{"id":4321,"date":"2022-06-20T12:39:26","date_gmt":"2022-06-20T10:39:26","guid":{"rendered":"https:\/\/art-memorials.com\/product\/strength-dog\/"},"modified":"2023-04-25T16:31:58","modified_gmt":"2023-04-25T14:31:58","slug":"strength-starke-hunde-urne","status":"publish","type":"product","link":"https:\/\/www.art-memorials.com\/de\/artwork\/strength-starke-hunde-urne\/","title":{"rendered":"Strength &#8211; die St\u00e4rke"},"content":{"rendered":"<div id=\"short_description_content\" class=\"rte align_justify\">\n<p><strong>Strength &#8211; Hund<\/strong><\/p>\n<p>Unsere K\u00fcnstlerin Chroessi Schnell hat exklusiv f\u00fcr Colonia-Art eine Serie von Kremationsurnen entworfen. Die erste dieser Urnen f\u00fcr Haustiere ist jetzt f\u00fcr Ihren tierischen Begleiter erh\u00e4ltlich. Chroessi und die Mitarbeiter von Colonia-Art lieben Tiere. Ein Teil jedes Verkaufserl\u00f6ses wird an die internationale Tierschutzorganisation World Animal Protection Society gespendet.<\/p>\n<p>Wenn die Urne im Freien steht, wird sich die sch\u00f6ne braun-orange Farbe des Metalls mit der Zeit ver\u00e4ndern.<\/p>\n<ul>\n<li>Die Tierurne ist sowohl f\u00fcr den Innen- als auch f\u00fcr den Au\u00dfenbereich geeignet.<\/li>\n<li>Im Lieferumfang enthalten ist ein verschlie\u00dfbarer Beutel f\u00fcr die Asche des Tieres.<\/li>\n<li>Es ist auch m\u00f6glich, eine gr\u00f6\u00dfere Version dieser Urne f\u00fcr Tiere bis zu 40 kg zu bestellen.<\/li>\n<li>Die Abmessungen sind etwa: 45,5 x 12,5 x 7,5 cm mit einem Standard-Urnenboden von etwa 2 Litern.<\/li>\n<li>Inklusive versiegeltem Beutel f\u00fcr die Asche Ihres Haustieres.<\/li>\n<\/ul>\n<p>Kontaktieren Sie uns f\u00fcr weitere Informationen.<\/p>\n<p><strong>Achtung, bitte beachten Sie:<\/strong> Einige Produkte sind von Natur aus rostig und k\u00f6nnen Rost absondern.<\/p>\n<\/div>\n<div><\/div>\n<div style=\"position: static !important;\"><\/div>\n<div style=\"position: static !important;\"><\/div>\n","protected":false},"excerpt":{"rendered":"<p>KC30003<\/p>\n<p>&#8220;St\u00e4rke&#8221; spiegelt den ganz individuellen Charakter Ihres Tieres wider. Es zeigt die innere Ruhe und St\u00e4rke Ihres Begleiters.<\/p>\n<p>Die Urne ist in den Aschekastengr\u00f6\u00dfen 1, 2 und 4 Liter erh\u00e4ltlich.<\/p>\n<p>&nbsp;<\/p>\n<div><\/div>\n<div><\/div>\n<div style=\"position: static !important;\"><\/div>\n<div style=\"position: static !important;\"><\/div>\n","protected":false},"featured_media":5015,"template":"","meta":[],"product_brand":[],"product_cat":[335,971],"product_tag":[287,336,343,344,345,346],"class_list":{"0":"post-4321","1":"product","2":"type-product","3":"status-publish","4":"has-post-thumbnail","6":"product_cat-hunde-urnen","7":"product_cat-cortenstahl-urnen","8":"product_tag-ausgewahlte","9":"product_tag-hund","10":"product_tag-wetterbestandig","11":"product_tag-ausenbereich","12":"product_tag-corten-stahl","13":"product_tag-materialien","14":"pa_material-corten-stahl","15":"tm-no-options","17":"first","18":"instock","19":"featured","20":"taxable","21":"shipping-taxable","22":"purchasable","23":"product-type-simple"},"yoast_head":"<!-- This site is optimized with the Yoast SEO plugin v24.4 - https:\/\/yoast.com\/wordpress\/plugins\/seo\/ -->\n<title>Strength - die St\u00e4rke &#8902; Dog Cremation Urn &#8902; Art-Memorials<\/title>\n<meta name=\"description\" content=\"Ein\u00e4scherungsurne aus oxidiertem Cortenstahl f\u00fcr Ihren verlorenen Hundegef\u00e4hrten. &quot;St\u00e4rke&quot; spiegelt den ganz individuellen Charakter Ihres Tieres wider. Kaufen Sie dieses einzigartige Kunstwerk.\" \/>\n<meta name=\"robots\" content=\"index, follow, max-snippet:-1, max-image-preview:large, max-video-preview:-1\" \/>\n<link rel=\"canonical\" href=\"https:\/\/www.art-memorials.com\/de\/artwork\/strength-starke-hunde-urne\/\" \/>\n<meta property=\"og:locale\" content=\"de_DE\" \/>\n<meta property=\"og:type\" content=\"article\" \/>\n<meta property=\"og:title\" content=\"Strength - die St\u00e4rke &#8902; Dog Cremation Urn &#8902; Art-Memorials\" \/>\n<meta property=\"og:description\" content=\"Ein\u00e4scherungsurne aus oxidiertem Cortenstahl f\u00fcr Ihren verlorenen Hundegef\u00e4hrten. &quot;St\u00e4rke&quot; spiegelt den ganz individuellen Charakter Ihres Tieres wider. Kaufen Sie dieses einzigartige Kunstwerk.\" \/>\n<meta property=\"og:url\" content=\"https:\/\/www.art-memorials.com\/de\/artwork\/strength-starke-hunde-urne\/\" \/>\n<meta property=\"og:site_name\" content=\"Art-Memorials\" \/>\n<meta property=\"article:modified_time\" content=\"2023-04-25T14:31:58+00:00\" \/>\n<meta property=\"og:image\" content=\"https:\/\/www.art-memorials.com\/wp-content\/uploads\/2022\/06\/Strenght.jpg\" \/>\n\t<meta property=\"og:image:width\" content=\"2000\" \/>\n\t<meta property=\"og:image:height\" content=\"2000\" \/>\n\t<meta property=\"og:image:type\" content=\"image\/jpeg\" \/>\n<meta name=\"twitter:card\" content=\"summary_large_image\" \/>\n<meta name=\"twitter:label1\" content=\"Gesch\u00e4tzte Lesezeit\" \/>\n\t<meta name=\"twitter:data1\" content=\"1\u00a0Minute\" \/>\n<script type=\"application\/ld+json\" class=\"yoast-schema-graph\">{\"@context\":\"https:\/\/schema.org\",\"@graph\":[{\"@type\":\"WebPage\",\"@id\":\"https:\/\/www.art-memorials.com\/de\/artwork\/strength-starke-hunde-urne\/\",\"url\":\"https:\/\/www.art-memorials.com\/de\/artwork\/strength-starke-hunde-urne\/\",\"name\":\"Strength - die St\u00e4rke &#8902; Dog Cremation Urn &#8902; Art-Memorials\",\"isPartOf\":{\"@id\":\"http:\/\/www.art-memorials.com\/de\/#website\"},\"primaryImageOfPage\":{\"@id\":\"https:\/\/www.art-memorials.com\/de\/artwork\/strength-starke-hunde-urne\/#primaryimage\"},\"image\":{\"@id\":\"https:\/\/www.art-memorials.com\/de\/artwork\/strength-starke-hunde-urne\/#primaryimage\"},\"thumbnailUrl\":\"https:\/\/www.art-memorials.com\/wp-content\/uploads\/2022\/06\/Strenght.jpg\",\"datePublished\":\"2022-06-20T10:39:26+00:00\",\"dateModified\":\"2023-04-25T14:31:58+00:00\",\"description\":\"Ein\u00e4scherungsurne aus oxidiertem Cortenstahl f\u00fcr Ihren verlorenen Hundegef\u00e4hrten. \\\"St\u00e4rke\\\" spiegelt den ganz individuellen Charakter Ihres Tieres wider. Kaufen Sie dieses einzigartige Kunstwerk.\",\"breadcrumb\":{\"@id\":\"https:\/\/www.art-memorials.com\/de\/artwork\/strength-starke-hunde-urne\/#breadcrumb\"},\"inLanguage\":\"de\",\"potentialAction\":[{\"@type\":\"ReadAction\",\"target\":[\"https:\/\/www.art-memorials.com\/de\/artwork\/strength-starke-hunde-urne\/\"]}]},{\"@type\":\"ImageObject\",\"inLanguage\":\"de\",\"@id\":\"https:\/\/www.art-memorials.com\/de\/artwork\/strength-starke-hunde-urne\/#primaryimage\",\"url\":\"https:\/\/www.art-memorials.com\/wp-content\/uploads\/2022\/06\/Strenght.jpg\",\"contentUrl\":\"https:\/\/www.art-memorials.com\/wp-content\/uploads\/2022\/06\/Strenght.jpg\",\"width\":2000,\"height\":2000},{\"@type\":\"BreadcrumbList\",\"@id\":\"https:\/\/www.art-memorials.com\/de\/artwork\/strength-starke-hunde-urne\/#breadcrumb\",\"itemListElement\":[{\"@type\":\"ListItem\",\"position\":1,\"name\":\"Home\",\"item\":\"https:\/\/www.art-memorials.com\/de\/\"},{\"@type\":\"ListItem\",\"position\":2,\"name\":\"Shop\",\"item\":\"https:\/\/www.art-memorials.com\/de\/urnen\/\"},{\"@type\":\"ListItem\",\"position\":3,\"name\":\"Strength &#8211; die St\u00e4rke\"}]},{\"@type\":\"WebSite\",\"@id\":\"http:\/\/www.art-memorials.com\/de\/#website\",\"url\":\"http:\/\/www.art-memorials.com\/de\/\",\"name\":\"Art-Memorials\",\"description\":\"Exclusive Cremation Urns, Ash Paintings, and Sculptures\",\"potentialAction\":[{\"@type\":\"SearchAction\",\"target\":{\"@type\":\"EntryPoint\",\"urlTemplate\":\"http:\/\/www.art-memorials.com\/de\/?s={search_term_string}\"},\"query-input\":{\"@type\":\"PropertyValueSpecification\",\"valueRequired\":true,\"valueName\":\"search_term_string\"}}],\"inLanguage\":\"de\"}]}<\/script>\n<!-- \/ Yoast SEO plugin. -->","yoast_head_json":{"title":"Strength - die St\u00e4rke &#8902; Dog Cremation Urn &#8902; Art-Memorials","description":"Ein\u00e4scherungsurne aus oxidiertem Cortenstahl f\u00fcr Ihren verlorenen Hundegef\u00e4hrten. \"St\u00e4rke\" spiegelt den ganz individuellen Charakter Ihres Tieres wider. Kaufen Sie dieses einzigartige Kunstwerk.","robots":{"index":"index","follow":"follow","max-snippet":"max-snippet:-1","max-image-preview":"max-image-preview:large","max-video-preview":"max-video-preview:-1"},"canonical":"https:\/\/www.art-memorials.com\/de\/artwork\/strength-starke-hunde-urne\/","og_locale":"de_DE","og_type":"article","og_title":"Strength - die St\u00e4rke &#8902; Dog Cremation Urn &#8902; Art-Memorials","og_description":"Ein\u00e4scherungsurne aus oxidiertem Cortenstahl f\u00fcr Ihren verlorenen Hundegef\u00e4hrten. \"St\u00e4rke\" spiegelt den ganz individuellen Charakter Ihres Tieres wider. Kaufen Sie dieses einzigartige Kunstwerk.","og_url":"https:\/\/www.art-memorials.com\/de\/artwork\/strength-starke-hunde-urne\/","og_site_name":"Art-Memorials","article_modified_time":"2023-04-25T14:31:58+00:00","og_image":[{"width":2000,"height":2000,"url":"https:\/\/www.art-memorials.com\/wp-content\/uploads\/2022\/06\/Strenght.jpg","type":"image\/jpeg"}],"twitter_card":"summary_large_image","twitter_misc":{"Gesch\u00e4tzte Lesezeit":"1\u00a0Minute"},"schema":{"@context":"https:\/\/schema.org","@graph":[{"@type":"WebPage","@id":"https:\/\/www.art-memorials.com\/de\/artwork\/strength-starke-hunde-urne\/","url":"https:\/\/www.art-memorials.com\/de\/artwork\/strength-starke-hunde-urne\/","name":"Strength - die St\u00e4rke &#8902; Dog Cremation Urn &#8902; Art-Memorials","isPartOf":{"@id":"http:\/\/www.art-memorials.com\/de\/#website"},"primaryImageOfPage":{"@id":"https:\/\/www.art-memorials.com\/de\/artwork\/strength-starke-hunde-urne\/#primaryimage"},"image":{"@id":"https:\/\/www.art-memorials.com\/de\/artwork\/strength-starke-hunde-urne\/#primaryimage"},"thumbnailUrl":"https:\/\/www.art-memorials.com\/wp-content\/uploads\/2022\/06\/Strenght.jpg","datePublished":"2022-06-20T10:39:26+00:00","dateModified":"2023-04-25T14:31:58+00:00","description":"Ein\u00e4scherungsurne aus oxidiertem Cortenstahl f\u00fcr Ihren verlorenen Hundegef\u00e4hrten. \"St\u00e4rke\" spiegelt den ganz individuellen Charakter Ihres Tieres wider. Kaufen Sie dieses einzigartige Kunstwerk.","breadcrumb":{"@id":"https:\/\/www.art-memorials.com\/de\/artwork\/strength-starke-hunde-urne\/#breadcrumb"},"inLanguage":"de","potentialAction":[{"@type":"ReadAction","target":["https:\/\/www.art-memorials.com\/de\/artwork\/strength-starke-hunde-urne\/"]}]},{"@type":"ImageObject","inLanguage":"de","@id":"https:\/\/www.art-memorials.com\/de\/artwork\/strength-starke-hunde-urne\/#primaryimage","url":"https:\/\/www.art-memorials.com\/wp-content\/uploads\/2022\/06\/Strenght.jpg","contentUrl":"https:\/\/www.art-memorials.com\/wp-content\/uploads\/2022\/06\/Strenght.jpg","width":2000,"height":2000},{"@type":"BreadcrumbList","@id":"https:\/\/www.art-memorials.com\/de\/artwork\/strength-starke-hunde-urne\/#breadcrumb","itemListElement":[{"@type":"ListItem","position":1,"name":"Home","item":"https:\/\/www.art-memorials.com\/de\/"},{"@type":"ListItem","position":2,"name":"Shop","item":"https:\/\/www.art-memorials.com\/de\/urnen\/"},{"@type":"ListItem","position":3,"name":"Strength &#8211; die St\u00e4rke"}]},{"@type":"WebSite","@id":"http:\/\/www.art-memorials.com\/de\/#website","url":"http:\/\/www.art-memorials.com\/de\/","name":"Art-Memorials","description":"Exclusive Cremation Urns, Ash Paintings, and Sculptures","potentialAction":[{"@type":"SearchAction","target":{"@type":"EntryPoint","urlTemplate":"http:\/\/www.art-memorials.com\/de\/?s={search_term_string}"},"query-input":{"@type":"PropertyValueSpecification","valueRequired":true,"valueName":"search_term_string"}}],"inLanguage":"de"}]}},"_links":{"self":[{"href":"https:\/\/www.art-memorials.com\/de\/wp-json\/wp\/v2\/product\/4321","targetHints":{"allow":["GET"]}}],"collection":[{"href":"https:\/\/www.art-memorials.com\/de\/wp-json\/wp\/v2\/product"}],"about":[{"href":"https:\/\/www.art-memorials.com\/de\/wp-json\/wp\/v2\/types\/product"}],"wp:featuredmedia":[{"embeddable":true,"href":"https:\/\/www.art-memorials.com\/de\/wp-json\/wp\/v2\/media\/5015"}],"wp:attachment":[{"href":"https:\/\/www.art-memorials.com\/de\/wp-json\/wp\/v2\/media?parent=4321"}],"wp:term":[{"taxonomy":"product_brand","embeddable":true,"href":"https:\/\/www.art-memorials.com\/de\/wp-json\/wp\/v2\/product_brand?post=4321"},{"taxonomy":"product_cat","embeddable":true,"href":"https:\/\/www.art-memorials.com\/de\/wp-json\/wp\/v2\/product_cat?post=4321"},{"taxonomy":"product_tag","embeddable":true,"href":"https:\/\/www.art-memorials.com\/de\/wp-json\/wp\/v2\/product_tag?post=4321"}],"curies":[{"name":"wp","href":"https:\/\/api.w.org\/{rel}","templated":true}]}}