{"id":4325,"date":"2022-06-20T12:39:26","date_gmt":"2022-06-20T10:39:26","guid":{"rendered":"https:\/\/art-memorials.com\/product\/friendship-dog\/"},"modified":"2023-11-21T17:15:56","modified_gmt":"2023-11-21T15:15:56","slug":"freundschaft-hunde-haustier-urne","status":"publish","type":"product","link":"https:\/\/www.art-memorials.com\/de\/artwork\/freundschaft-hunde-haustier-urne\/","title":{"rendered":"Freundschaft"},"content":{"rendered":"<p>Unsere K\u00fcnstlerin Chroessi Schnell hat exklusiv f\u00fcr die Colonia Art Collection eine Urne entworfen. Die erste dieser Urnen f\u00fcr Haustiere ist jetzt f\u00fcr Ihren tierischen Begleiter erh\u00e4ltlich. Chroessi und die Mitarbeiter von Colonia-Art lieben Tiere. Ein Teil jedes Verkaufserl\u00f6ses wird an die World Animal Protection Society, eine internationale Tierschutzorganisation, gespendet.<\/p>\n<p>Die Haustierurne ist f\u00fcr den Innen- und Au\u00dfenbereich geeignet.<br \/>\nIm Freien bildet sich mit der Zeit die braun-orangefarbene Schicht.<br \/>\nSch\u00f6ne oxidierte, wetterfeste Urne auf einem Sockel f\u00fcr die Asche Ihres Haustieres.<br \/>\nSehr hohe Qualit\u00e4t &#8211; 5 mm dicker deutscher Cortenstahl.<br \/>\nIm Lieferumfang enthalten ist ein verschlie\u00dfbarer Beutel f\u00fcr die Asche Ihres Haustieres.<\/p>\n<p>Es ist auch m\u00f6glich, eine gr\u00f6\u00dfere Version dieser Urne f\u00fcr Tiere bis zu 40 kg zu bestellen.<br \/>\nDie Ma\u00dfe sind: 45,5 x 12,5 x 7,5 cm mit einem Urnensockel von ca. 2 Liter.<br \/>\nKontaktieren Sie uns f\u00fcr weitere Informationen.<\/p>\n<p><strong>Achtung, bitte beachten Sie:<\/strong> Einige Produkte sind von Natur aus rostig und k\u00f6nnen Rost absondern.<\/p>\n","protected":false},"excerpt":{"rendered":"<p>KC30004<\/p>\n<p>&#8220;Freundschaft&#8221; spiegelt, wie alle Modelle der Serie, den ganz individuellen Charakter Ihres Haustieres wider. Es zeigt die Wachsamkeit und Freude, aber auch tiefe Treue und untrennbare Verbundenheit Ihres Lieblings.<\/p>\n<p>Die Urne ist in Aschebeh\u00e4ltern mit einem Fassungsverm\u00f6gen von 1 und 2 Litern erh\u00e4ltlich.<\/p>\n<div><\/div>\n<div><\/div>\n<div><\/div>\n","protected":false},"featured_media":8994,"template":"","meta":[],"product_brand":[],"product_cat":[335,971],"product_tag":[287,336,343,344,345,346],"class_list":{"0":"post-4325","1":"product","2":"type-product","3":"status-publish","4":"has-post-thumbnail","6":"product_cat-hunde-urnen","7":"product_cat-cortenstahl-urnen","8":"product_tag-ausgewahlte","9":"product_tag-hund","10":"product_tag-wetterbestandig","11":"product_tag-ausenbereich","12":"product_tag-corten-stahl","13":"product_tag-materialien","14":"pa_material-corten-stahl","15":"tm-no-options","17":"first","18":"instock","19":"featured","20":"taxable","21":"shipping-taxable","22":"purchasable","23":"product-type-simple"},"yoast_head":"<!-- This site is optimized with the Yoast SEO plugin v24.4 - https:\/\/yoast.com\/wordpress\/plugins\/seo\/ -->\n<title>Freundschaft &#8902; Art-Memorials.com<\/title>\n<meta name=\"description\" content=\"Eine Urne aus oxidiertem Stahl f\u00fcr Ihren verlorenen Gef\u00e4hrten. &quot;Freundschaft&quot; spiegelt die Wachheit und Freude, aber auch die untrennbare Verbundenheit Ihres Lieblings wider.\" \/>\n<meta name=\"robots\" content=\"index, follow, max-snippet:-1, max-image-preview:large, max-video-preview:-1\" \/>\n<link rel=\"canonical\" href=\"https:\/\/www.art-memorials.com\/de\/artwork\/freundschaft-hunde-haustier-urne\/\" \/>\n<meta property=\"og:locale\" content=\"de_DE\" \/>\n<meta property=\"og:type\" content=\"article\" \/>\n<meta property=\"og:title\" content=\"Freundschaft &#8902; Art-Memorials.com\" \/>\n<meta property=\"og:description\" content=\"Eine Urne aus oxidiertem Stahl f\u00fcr Ihren verlorenen Gef\u00e4hrten. &quot;Freundschaft&quot; spiegelt die Wachheit und Freude, aber auch die untrennbare Verbundenheit Ihres Lieblings wider.\" \/>\n<meta property=\"og:url\" content=\"https:\/\/www.art-memorials.com\/de\/artwork\/freundschaft-hunde-haustier-urne\/\" \/>\n<meta property=\"og:site_name\" content=\"Art-Memorials\" \/>\n<meta property=\"article:modified_time\" content=\"2023-11-21T15:15:56+00:00\" \/>\n<meta property=\"og:image\" content=\"https:\/\/www.art-memorials.com\/wp-content\/uploads\/2022\/06\/Dog3.jpg\" \/>\n\t<meta property=\"og:image:width\" content=\"1841\" \/>\n\t<meta property=\"og:image:height\" content=\"1841\" \/>\n\t<meta property=\"og:image:type\" content=\"image\/jpeg\" \/>\n<meta name=\"twitter:card\" content=\"summary_large_image\" \/>\n<meta name=\"twitter:label1\" content=\"Gesch\u00e4tzte Lesezeit\" \/>\n\t<meta name=\"twitter:data1\" content=\"1\u00a0Minute\" \/>\n<script type=\"application\/ld+json\" class=\"yoast-schema-graph\">{\"@context\":\"https:\/\/schema.org\",\"@graph\":[{\"@type\":\"WebPage\",\"@id\":\"https:\/\/www.art-memorials.com\/de\/artwork\/freundschaft-hunde-haustier-urne\/\",\"url\":\"https:\/\/www.art-memorials.com\/de\/artwork\/freundschaft-hunde-haustier-urne\/\",\"name\":\"Freundschaft &#8902; Art-Memorials.com\",\"isPartOf\":{\"@id\":\"http:\/\/www.art-memorials.com\/de\/#website\"},\"primaryImageOfPage\":{\"@id\":\"https:\/\/www.art-memorials.com\/de\/artwork\/freundschaft-hunde-haustier-urne\/#primaryimage\"},\"image\":{\"@id\":\"https:\/\/www.art-memorials.com\/de\/artwork\/freundschaft-hunde-haustier-urne\/#primaryimage\"},\"thumbnailUrl\":\"https:\/\/www.art-memorials.com\/wp-content\/uploads\/2022\/06\/IMG_7712-1-scaled.jpg\",\"datePublished\":\"2022-06-20T10:39:26+00:00\",\"dateModified\":\"2023-11-21T15:15:56+00:00\",\"description\":\"Eine Urne aus oxidiertem Stahl f\u00fcr Ihren verlorenen Gef\u00e4hrten. \\\"Freundschaft\\\" spiegelt die Wachheit und Freude, aber auch die untrennbare Verbundenheit Ihres Lieblings wider.\",\"breadcrumb\":{\"@id\":\"https:\/\/www.art-memorials.com\/de\/artwork\/freundschaft-hunde-haustier-urne\/#breadcrumb\"},\"inLanguage\":\"de\",\"potentialAction\":[{\"@type\":\"ReadAction\",\"target\":[\"https:\/\/www.art-memorials.com\/de\/artwork\/freundschaft-hunde-haustier-urne\/\"]}]},{\"@type\":\"ImageObject\",\"inLanguage\":\"de\",\"@id\":\"https:\/\/www.art-memorials.com\/de\/artwork\/freundschaft-hunde-haustier-urne\/#primaryimage\",\"url\":\"https:\/\/www.art-memorials.com\/wp-content\/uploads\/2022\/06\/IMG_7712-1-scaled.jpg\",\"contentUrl\":\"https:\/\/www.art-memorials.com\/wp-content\/uploads\/2022\/06\/IMG_7712-1-scaled.jpg\",\"width\":2038,\"height\":2560},{\"@type\":\"BreadcrumbList\",\"@id\":\"https:\/\/www.art-memorials.com\/de\/artwork\/freundschaft-hunde-haustier-urne\/#breadcrumb\",\"itemListElement\":[{\"@type\":\"ListItem\",\"position\":1,\"name\":\"Home\",\"item\":\"https:\/\/www.art-memorials.com\/de\/\"},{\"@type\":\"ListItem\",\"position\":2,\"name\":\"Shop\",\"item\":\"https:\/\/www.art-memorials.com\/de\/urnen\/\"},{\"@type\":\"ListItem\",\"position\":3,\"name\":\"Freundschaft\"}]},{\"@type\":\"WebSite\",\"@id\":\"http:\/\/www.art-memorials.com\/de\/#website\",\"url\":\"http:\/\/www.art-memorials.com\/de\/\",\"name\":\"Art-Memorials\",\"description\":\"Exclusive Cremation Urns, Ash Paintings, and Sculptures\",\"potentialAction\":[{\"@type\":\"SearchAction\",\"target\":{\"@type\":\"EntryPoint\",\"urlTemplate\":\"http:\/\/www.art-memorials.com\/de\/?s={search_term_string}\"},\"query-input\":{\"@type\":\"PropertyValueSpecification\",\"valueRequired\":true,\"valueName\":\"search_term_string\"}}],\"inLanguage\":\"de\"}]}<\/script>\n<!-- \/ Yoast SEO plugin. -->","yoast_head_json":{"title":"Freundschaft &#8902; Art-Memorials.com","description":"Eine Urne aus oxidiertem Stahl f\u00fcr Ihren verlorenen Gef\u00e4hrten. \"Freundschaft\" spiegelt die Wachheit und Freude, aber auch die untrennbare Verbundenheit Ihres Lieblings wider.","robots":{"index":"index","follow":"follow","max-snippet":"max-snippet:-1","max-image-preview":"max-image-preview:large","max-video-preview":"max-video-preview:-1"},"canonical":"https:\/\/www.art-memorials.com\/de\/artwork\/freundschaft-hunde-haustier-urne\/","og_locale":"de_DE","og_type":"article","og_title":"Freundschaft &#8902; Art-Memorials.com","og_description":"Eine Urne aus oxidiertem Stahl f\u00fcr Ihren verlorenen Gef\u00e4hrten. \"Freundschaft\" spiegelt die Wachheit und Freude, aber auch die untrennbare Verbundenheit Ihres Lieblings wider.","og_url":"https:\/\/www.art-memorials.com\/de\/artwork\/freundschaft-hunde-haustier-urne\/","og_site_name":"Art-Memorials","article_modified_time":"2023-11-21T15:15:56+00:00","og_image":[{"width":1841,"height":1841,"url":"https:\/\/www.art-memorials.com\/wp-content\/uploads\/2022\/06\/Dog3.jpg","type":"image\/jpeg"}],"twitter_card":"summary_large_image","twitter_misc":{"Gesch\u00e4tzte Lesezeit":"1\u00a0Minute"},"schema":{"@context":"https:\/\/schema.org","@graph":[{"@type":"WebPage","@id":"https:\/\/www.art-memorials.com\/de\/artwork\/freundschaft-hunde-haustier-urne\/","url":"https:\/\/www.art-memorials.com\/de\/artwork\/freundschaft-hunde-haustier-urne\/","name":"Freundschaft &#8902; Art-Memorials.com","isPartOf":{"@id":"http:\/\/www.art-memorials.com\/de\/#website"},"primaryImageOfPage":{"@id":"https:\/\/www.art-memorials.com\/de\/artwork\/freundschaft-hunde-haustier-urne\/#primaryimage"},"image":{"@id":"https:\/\/www.art-memorials.com\/de\/artwork\/freundschaft-hunde-haustier-urne\/#primaryimage"},"thumbnailUrl":"https:\/\/www.art-memorials.com\/wp-content\/uploads\/2022\/06\/IMG_7712-1-scaled.jpg","datePublished":"2022-06-20T10:39:26+00:00","dateModified":"2023-11-21T15:15:56+00:00","description":"Eine Urne aus oxidiertem Stahl f\u00fcr Ihren verlorenen Gef\u00e4hrten. \"Freundschaft\" spiegelt die Wachheit und Freude, aber auch die untrennbare Verbundenheit Ihres Lieblings wider.","breadcrumb":{"@id":"https:\/\/www.art-memorials.com\/de\/artwork\/freundschaft-hunde-haustier-urne\/#breadcrumb"},"inLanguage":"de","potentialAction":[{"@type":"ReadAction","target":["https:\/\/www.art-memorials.com\/de\/artwork\/freundschaft-hunde-haustier-urne\/"]}]},{"@type":"ImageObject","inLanguage":"de","@id":"https:\/\/www.art-memorials.com\/de\/artwork\/freundschaft-hunde-haustier-urne\/#primaryimage","url":"https:\/\/www.art-memorials.com\/wp-content\/uploads\/2022\/06\/IMG_7712-1-scaled.jpg","contentUrl":"https:\/\/www.art-memorials.com\/wp-content\/uploads\/2022\/06\/IMG_7712-1-scaled.jpg","width":2038,"height":2560},{"@type":"BreadcrumbList","@id":"https:\/\/www.art-memorials.com\/de\/artwork\/freundschaft-hunde-haustier-urne\/#breadcrumb","itemListElement":[{"@type":"ListItem","position":1,"name":"Home","item":"https:\/\/www.art-memorials.com\/de\/"},{"@type":"ListItem","position":2,"name":"Shop","item":"https:\/\/www.art-memorials.com\/de\/urnen\/"},{"@type":"ListItem","position":3,"name":"Freundschaft"}]},{"@type":"WebSite","@id":"http:\/\/www.art-memorials.com\/de\/#website","url":"http:\/\/www.art-memorials.com\/de\/","name":"Art-Memorials","description":"Exclusive Cremation Urns, Ash Paintings, and Sculptures","potentialAction":[{"@type":"SearchAction","target":{"@type":"EntryPoint","urlTemplate":"http:\/\/www.art-memorials.com\/de\/?s={search_term_string}"},"query-input":{"@type":"PropertyValueSpecification","valueRequired":true,"valueName":"search_term_string"}}],"inLanguage":"de"}]}},"_links":{"self":[{"href":"https:\/\/www.art-memorials.com\/de\/wp-json\/wp\/v2\/product\/4325","targetHints":{"allow":["GET"]}}],"collection":[{"href":"https:\/\/www.art-memorials.com\/de\/wp-json\/wp\/v2\/product"}],"about":[{"href":"https:\/\/www.art-memorials.com\/de\/wp-json\/wp\/v2\/types\/product"}],"wp:featuredmedia":[{"embeddable":true,"href":"https:\/\/www.art-memorials.com\/de\/wp-json\/wp\/v2\/media\/8994"}],"wp:attachment":[{"href":"https:\/\/www.art-memorials.com\/de\/wp-json\/wp\/v2\/media?parent=4325"}],"wp:term":[{"taxonomy":"product_brand","embeddable":true,"href":"https:\/\/www.art-memorials.com\/de\/wp-json\/wp\/v2\/product_brand?post=4325"},{"taxonomy":"product_cat","embeddable":true,"href":"https:\/\/www.art-memorials.com\/de\/wp-json\/wp\/v2\/product_cat?post=4325"},{"taxonomy":"product_tag","embeddable":true,"href":"https:\/\/www.art-memorials.com\/de\/wp-json\/wp\/v2\/product_tag?post=4325"}],"curies":[{"name":"wp","href":"https:\/\/api.w.org\/{rel}","templated":true}]}}