{"id":4333,"date":"2022-06-20T12:39:26","date_gmt":"2022-06-20T10:39:26","guid":{"rendered":"https:\/\/art-memorials.com\/product\/pride-cat\/"},"modified":"2023-04-25T16:32:02","modified_gmt":"2023-04-25T14:32:02","slug":"pride-stolz-katze-haustier-urne","status":"publish","type":"product","link":"https:\/\/www.art-memorials.com\/de\/artwork\/pride-stolz-katze-haustier-urne\/","title":{"rendered":"Pride &#8211; der Stolz"},"content":{"rendered":"<p><strong>Pride &#8211; Katze<\/strong><\/p>\n<div>\n<p>Unsere K\u00fcnstlerin Chroessi Schnell hat exklusiv f\u00fcr Colonia-Art eine Serie von Urnen entworfen. Die erste dieser Urnen f\u00fcr Haustiere ist jetzt f\u00fcr Ihren tierischen Begleiter erh\u00e4ltlich. Chroessi und die Mitarbeiter von Colonia-Art lieben Tiere. Ein Teil jedes Verkaufserl\u00f6ses wird an die internationale Tierschutzorganisation World Animal Protection Society gespendet.<\/p>\n<ul>\n<li>Im Freien bildet sich mit der Zeit eine braun-orangefarbene Schicht.<\/li>\n<li>Die Tierurne ist sowohl f\u00fcr den Innen- als auch f\u00fcr den Au\u00dfenbereich geeignet.<\/li>\n<li>Es ist auch m\u00f6glich, eine gr\u00f6\u00dfere Version dieser Urne f\u00fcr Tiere bis zu 40 kg zu bestellen.<\/li>\n<li>Diese Abmessungen sind: 45,5 x 12,5 x 7,5 cm mit einem Urnenboden von etwa 2 Litern.<\/li>\n<li>Im Lieferumfang enthalten ist ein verschlie\u00dfbarer Beutel f\u00fcr die Asche Ihres Haustieres.<\/li>\n<\/ul>\n<p>Kontaktieren Sie uns f\u00fcr weitere Informationen.<\/p>\n<p><strong>Achtung, bitte beachten Sie:<\/strong> Einige Produkte sind von Natur aus rostig und k\u00f6nnen Rost absondern.<\/p>\n<\/div>\n","protected":false},"excerpt":{"rendered":"<p>KC30001<\/p>\n<p>&#8220;Stolz&#8221; spiegelt den ganz individuellen Charakter Ihres Tieres wider. Es zeigt die stolze Eleganz seiner Samtpfote.<\/p>\n<p>Die Urne ist in den Aschekastengr\u00f6\u00dfen 1, 2 und 4 Liter erh\u00e4ltlich.<\/p>\n<div><\/div>\n","protected":false},"featured_media":8973,"template":"","meta":[],"product_brand":[],"product_cat":[347,971],"product_tag":[287,343,344,345,346,348],"class_list":{"0":"post-4333","1":"product","2":"type-product","3":"status-publish","4":"has-post-thumbnail","6":"product_cat-katzen-urnen","7":"product_cat-cortenstahl-urnen","8":"product_tag-ausgewahlte","9":"product_tag-wetterbestandig","10":"product_tag-ausenbereich","11":"product_tag-corten-stahl","12":"product_tag-materialien","13":"product_tag-katze","14":"pa_capacity-1-liter-34-oz-de","15":"pa_capacity-2-liter-68-oz-de","16":"pa_material-corten-stahl","17":"tm-no-options","19":"first","20":"instock","21":"taxable","22":"shipping-taxable","23":"purchasable","24":"product-type-simple"},"yoast_head":"<!-- This site is optimized with the Yoast SEO plugin v24.4 - https:\/\/yoast.com\/wordpress\/plugins\/seo\/ -->\n<title>Pride - der Stolz &#8902; Art-Memorials.com<\/title>\n<meta name=\"description\" content=\"Eine Urne aus oxidiertem Stahl f\u00fcr Ihren verlorenen Begleiter und Freund. &quot;Stolz&quot; spiegelt die stolze Eleganz seiner Samtpfote wider.\" \/>\n<meta name=\"robots\" content=\"index, follow, max-snippet:-1, max-image-preview:large, max-video-preview:-1\" \/>\n<link rel=\"canonical\" href=\"https:\/\/www.art-memorials.com\/de\/artwork\/pride-stolz-katze-haustier-urne\/\" \/>\n<meta property=\"og:locale\" content=\"de_DE\" \/>\n<meta property=\"og:type\" content=\"article\" \/>\n<meta property=\"og:title\" content=\"Pride - der Stolz &#8902; Art-Memorials.com\" \/>\n<meta property=\"og:description\" content=\"Eine Urne aus oxidiertem Stahl f\u00fcr Ihren verlorenen Begleiter und Freund. &quot;Stolz&quot; spiegelt die stolze Eleganz seiner Samtpfote wider.\" \/>\n<meta property=\"og:url\" content=\"https:\/\/www.art-memorials.com\/de\/artwork\/pride-stolz-katze-haustier-urne\/\" \/>\n<meta property=\"og:site_name\" content=\"Art-Memorials\" \/>\n<meta property=\"article:modified_time\" content=\"2023-04-25T14:32:02+00:00\" \/>\n<meta property=\"og:image\" content=\"https:\/\/www.art-memorials.com\/wp-content\/uploads\/2022\/06\/Pride-2-scaled.jpg\" \/>\n\t<meta property=\"og:image:width\" content=\"1948\" \/>\n\t<meta property=\"og:image:height\" content=\"2560\" \/>\n\t<meta property=\"og:image:type\" content=\"image\/jpeg\" \/>\n<meta name=\"twitter:card\" content=\"summary_large_image\" \/>\n<meta name=\"twitter:label1\" content=\"Gesch\u00e4tzte Lesezeit\" \/>\n\t<meta name=\"twitter:data1\" content=\"1\u00a0Minute\" \/>\n<script type=\"application\/ld+json\" class=\"yoast-schema-graph\">{\"@context\":\"https:\/\/schema.org\",\"@graph\":[{\"@type\":\"WebPage\",\"@id\":\"https:\/\/www.art-memorials.com\/de\/artwork\/pride-stolz-katze-haustier-urne\/\",\"url\":\"https:\/\/www.art-memorials.com\/de\/artwork\/pride-stolz-katze-haustier-urne\/\",\"name\":\"Pride - der Stolz &#8902; Art-Memorials.com\",\"isPartOf\":{\"@id\":\"http:\/\/www.art-memorials.com\/de\/#website\"},\"primaryImageOfPage\":{\"@id\":\"https:\/\/www.art-memorials.com\/de\/artwork\/pride-stolz-katze-haustier-urne\/#primaryimage\"},\"image\":{\"@id\":\"https:\/\/www.art-memorials.com\/de\/artwork\/pride-stolz-katze-haustier-urne\/#primaryimage\"},\"thumbnailUrl\":\"https:\/\/www.art-memorials.com\/wp-content\/uploads\/2022\/06\/IMG_7724-scaled.jpg\",\"datePublished\":\"2022-06-20T10:39:26+00:00\",\"dateModified\":\"2023-04-25T14:32:02+00:00\",\"description\":\"Eine Urne aus oxidiertem Stahl f\u00fcr Ihren verlorenen Begleiter und Freund. \\\"Stolz\\\" spiegelt die stolze Eleganz seiner Samtpfote wider.\",\"breadcrumb\":{\"@id\":\"https:\/\/www.art-memorials.com\/de\/artwork\/pride-stolz-katze-haustier-urne\/#breadcrumb\"},\"inLanguage\":\"de\",\"potentialAction\":[{\"@type\":\"ReadAction\",\"target\":[\"https:\/\/www.art-memorials.com\/de\/artwork\/pride-stolz-katze-haustier-urne\/\"]}]},{\"@type\":\"ImageObject\",\"inLanguage\":\"de\",\"@id\":\"https:\/\/www.art-memorials.com\/de\/artwork\/pride-stolz-katze-haustier-urne\/#primaryimage\",\"url\":\"https:\/\/www.art-memorials.com\/wp-content\/uploads\/2022\/06\/IMG_7724-scaled.jpg\",\"contentUrl\":\"https:\/\/www.art-memorials.com\/wp-content\/uploads\/2022\/06\/IMG_7724-scaled.jpg\",\"width\":1707,\"height\":2560},{\"@type\":\"BreadcrumbList\",\"@id\":\"https:\/\/www.art-memorials.com\/de\/artwork\/pride-stolz-katze-haustier-urne\/#breadcrumb\",\"itemListElement\":[{\"@type\":\"ListItem\",\"position\":1,\"name\":\"Home\",\"item\":\"https:\/\/www.art-memorials.com\/de\/\"},{\"@type\":\"ListItem\",\"position\":2,\"name\":\"Shop\",\"item\":\"https:\/\/www.art-memorials.com\/de\/urnen\/\"},{\"@type\":\"ListItem\",\"position\":3,\"name\":\"Pride &#8211; der Stolz\"}]},{\"@type\":\"WebSite\",\"@id\":\"http:\/\/www.art-memorials.com\/de\/#website\",\"url\":\"http:\/\/www.art-memorials.com\/de\/\",\"name\":\"Art-Memorials\",\"description\":\"Exclusive Cremation Urns, Ash Paintings, and Sculptures\",\"potentialAction\":[{\"@type\":\"SearchAction\",\"target\":{\"@type\":\"EntryPoint\",\"urlTemplate\":\"http:\/\/www.art-memorials.com\/de\/?s={search_term_string}\"},\"query-input\":{\"@type\":\"PropertyValueSpecification\",\"valueRequired\":true,\"valueName\":\"search_term_string\"}}],\"inLanguage\":\"de\"}]}<\/script>\n<!-- \/ Yoast SEO plugin. -->","yoast_head_json":{"title":"Pride - der Stolz &#8902; Art-Memorials.com","description":"Eine Urne aus oxidiertem Stahl f\u00fcr Ihren verlorenen Begleiter und Freund. \"Stolz\" spiegelt die stolze Eleganz seiner Samtpfote wider.","robots":{"index":"index","follow":"follow","max-snippet":"max-snippet:-1","max-image-preview":"max-image-preview:large","max-video-preview":"max-video-preview:-1"},"canonical":"https:\/\/www.art-memorials.com\/de\/artwork\/pride-stolz-katze-haustier-urne\/","og_locale":"de_DE","og_type":"article","og_title":"Pride - der Stolz &#8902; Art-Memorials.com","og_description":"Eine Urne aus oxidiertem Stahl f\u00fcr Ihren verlorenen Begleiter und Freund. \"Stolz\" spiegelt die stolze Eleganz seiner Samtpfote wider.","og_url":"https:\/\/www.art-memorials.com\/de\/artwork\/pride-stolz-katze-haustier-urne\/","og_site_name":"Art-Memorials","article_modified_time":"2023-04-25T14:32:02+00:00","og_image":[{"width":1948,"height":2560,"url":"https:\/\/www.art-memorials.com\/wp-content\/uploads\/2022\/06\/Pride-2-scaled.jpg","type":"image\/jpeg"}],"twitter_card":"summary_large_image","twitter_misc":{"Gesch\u00e4tzte Lesezeit":"1\u00a0Minute"},"schema":{"@context":"https:\/\/schema.org","@graph":[{"@type":"WebPage","@id":"https:\/\/www.art-memorials.com\/de\/artwork\/pride-stolz-katze-haustier-urne\/","url":"https:\/\/www.art-memorials.com\/de\/artwork\/pride-stolz-katze-haustier-urne\/","name":"Pride - der Stolz &#8902; Art-Memorials.com","isPartOf":{"@id":"http:\/\/www.art-memorials.com\/de\/#website"},"primaryImageOfPage":{"@id":"https:\/\/www.art-memorials.com\/de\/artwork\/pride-stolz-katze-haustier-urne\/#primaryimage"},"image":{"@id":"https:\/\/www.art-memorials.com\/de\/artwork\/pride-stolz-katze-haustier-urne\/#primaryimage"},"thumbnailUrl":"https:\/\/www.art-memorials.com\/wp-content\/uploads\/2022\/06\/IMG_7724-scaled.jpg","datePublished":"2022-06-20T10:39:26+00:00","dateModified":"2023-04-25T14:32:02+00:00","description":"Eine Urne aus oxidiertem Stahl f\u00fcr Ihren verlorenen Begleiter und Freund. \"Stolz\" spiegelt die stolze Eleganz seiner Samtpfote wider.","breadcrumb":{"@id":"https:\/\/www.art-memorials.com\/de\/artwork\/pride-stolz-katze-haustier-urne\/#breadcrumb"},"inLanguage":"de","potentialAction":[{"@type":"ReadAction","target":["https:\/\/www.art-memorials.com\/de\/artwork\/pride-stolz-katze-haustier-urne\/"]}]},{"@type":"ImageObject","inLanguage":"de","@id":"https:\/\/www.art-memorials.com\/de\/artwork\/pride-stolz-katze-haustier-urne\/#primaryimage","url":"https:\/\/www.art-memorials.com\/wp-content\/uploads\/2022\/06\/IMG_7724-scaled.jpg","contentUrl":"https:\/\/www.art-memorials.com\/wp-content\/uploads\/2022\/06\/IMG_7724-scaled.jpg","width":1707,"height":2560},{"@type":"BreadcrumbList","@id":"https:\/\/www.art-memorials.com\/de\/artwork\/pride-stolz-katze-haustier-urne\/#breadcrumb","itemListElement":[{"@type":"ListItem","position":1,"name":"Home","item":"https:\/\/www.art-memorials.com\/de\/"},{"@type":"ListItem","position":2,"name":"Shop","item":"https:\/\/www.art-memorials.com\/de\/urnen\/"},{"@type":"ListItem","position":3,"name":"Pride &#8211; der Stolz"}]},{"@type":"WebSite","@id":"http:\/\/www.art-memorials.com\/de\/#website","url":"http:\/\/www.art-memorials.com\/de\/","name":"Art-Memorials","description":"Exclusive Cremation Urns, Ash Paintings, and Sculptures","potentialAction":[{"@type":"SearchAction","target":{"@type":"EntryPoint","urlTemplate":"http:\/\/www.art-memorials.com\/de\/?s={search_term_string}"},"query-input":{"@type":"PropertyValueSpecification","valueRequired":true,"valueName":"search_term_string"}}],"inLanguage":"de"}]}},"_links":{"self":[{"href":"https:\/\/www.art-memorials.com\/de\/wp-json\/wp\/v2\/product\/4333","targetHints":{"allow":["GET"]}}],"collection":[{"href":"https:\/\/www.art-memorials.com\/de\/wp-json\/wp\/v2\/product"}],"about":[{"href":"https:\/\/www.art-memorials.com\/de\/wp-json\/wp\/v2\/types\/product"}],"wp:featuredmedia":[{"embeddable":true,"href":"https:\/\/www.art-memorials.com\/de\/wp-json\/wp\/v2\/media\/8973"}],"wp:attachment":[{"href":"https:\/\/www.art-memorials.com\/de\/wp-json\/wp\/v2\/media?parent=4333"}],"wp:term":[{"taxonomy":"product_brand","embeddable":true,"href":"https:\/\/www.art-memorials.com\/de\/wp-json\/wp\/v2\/product_brand?post=4333"},{"taxonomy":"product_cat","embeddable":true,"href":"https:\/\/www.art-memorials.com\/de\/wp-json\/wp\/v2\/product_cat?post=4333"},{"taxonomy":"product_tag","embeddable":true,"href":"https:\/\/www.art-memorials.com\/de\/wp-json\/wp\/v2\/product_tag?post=4333"}],"curies":[{"name":"wp","href":"https:\/\/api.w.org\/{rel}","templated":true}]}}