{"id":4337,"date":"2022-06-20T12:39:26","date_gmt":"2022-06-20T10:39:26","guid":{"rendered":"https:\/\/art-memorials.com\/product\/wisdom-cat\/"},"modified":"2023-04-25T16:32:04","modified_gmt":"2023-04-25T14:32:04","slug":"wisdom-weisheit-katze-haustier-urne","status":"publish","type":"product","link":"https:\/\/www.art-memorials.com\/de\/artwork\/wisdom-weisheit-katze-haustier-urne\/","title":{"rendered":"Wisdom &#8211; die Weisheit"},"content":{"rendered":"<p><strong>Wisdom &#8211; Katze<\/strong><\/p>\n<p>Unsere K\u00fcnstlerin Chroessi Schnell hat exklusiv f\u00fcr die Colonia Art Collection eine Urne entworfen. Die erste dieser Urnen f\u00fcr Haustiere ist jetzt f\u00fcr Ihren tierischen Begleiter erh\u00e4ltlich. Chroessi und die Mitarbeiter von Colonia-Art lieben Tiere. Ein Teil jedes Verkaufserl\u00f6ses wird an die World Animal Protection Society, eine internationale Tierschutzorganisation, gespendet.<\/p>\n<ul>\n<li>Im Freien bildet sich mit der Zeit eine braun-orangefarbene Schicht.<\/li>\n<li>Die Tierurne ist sowohl f\u00fcr den Innen- als auch f\u00fcr den Au\u00dfenbereich geeignet.<\/li>\n<li>Es ist auch m\u00f6glich, eine gr\u00f6\u00dfere Version dieser Urne f\u00fcr Tiere bis zu 40 kg zu bestellen.<\/li>\n<li>Diese Abmessungen sind: 12,5 x 7,5 x 22,5 cm mit einem Urnenboden von etwa 2 Litern.<\/li>\n<li>Im Lieferumfang enthalten ist ein verschlie\u00dfbarer Beutel f\u00fcr die Asche des Tieres.<\/li>\n<\/ul>\n<p>Kontaktieren Sie uns f\u00fcr weitere Informationen.<\/p>\n<p><strong>Achtung, bitte beachten Sie:<\/strong> Einige Produkte sind von Natur aus rostig und k\u00f6nnen Rost absondern.<\/p>\n","protected":false},"excerpt":{"rendered":"<p>KC30002<\/p>\n<p>&#8220;Weisheit&#8221; spiegelt den ganz individuellen Charakter Ihres Tieres wider. Es zeigt die kontemplative Ruhe und Gelassenheit, das spirituelle Einssein mit sich selbst und der Welt.<\/p>\n<p>Die Urne ist in den Aschekastengr\u00f6\u00dfen 1, 2 und 4 Liter erh\u00e4ltlich.<\/p>\n","protected":false},"featured_media":5077,"template":"","meta":[],"product_brand":[],"product_cat":[347,971],"product_tag":[343,344,345,346,348],"class_list":{"0":"post-4337","1":"product","2":"type-product","3":"status-publish","4":"has-post-thumbnail","6":"product_cat-katzen-urnen","7":"product_cat-cortenstahl-urnen","8":"product_tag-wetterbestandig","9":"product_tag-ausenbereich","10":"product_tag-corten-stahl","11":"product_tag-materialien","12":"product_tag-katze","13":"pa_capacity-1-liter-34-oz-de","14":"pa_capacity-2-liter-68-oz-de","15":"pa_material-corten-stahl","16":"tm-no-options","18":"first","19":"instock","20":"taxable","21":"shipping-taxable","22":"purchasable","23":"product-type-simple"},"yoast_head":"<!-- This site is optimized with the Yoast SEO plugin v24.4 - https:\/\/yoast.com\/wordpress\/plugins\/seo\/ -->\n<title>Wisdom - die Weisheit &#8902; Art-Memorials.com<\/title>\n<meta name=\"description\" content=\"Eine Urne aus oxidiertem Stahl f\u00fcr Ihren verlorenen Gef\u00e4hrten. &quot;Wisdom&quot; zeigt die kontemplative Ruhe und Gelassenheit, die geistige Einheit mit sich selbst und der Welt.\" \/>\n<meta name=\"robots\" content=\"index, follow, max-snippet:-1, max-image-preview:large, max-video-preview:-1\" \/>\n<link rel=\"canonical\" href=\"https:\/\/www.art-memorials.com\/de\/artwork\/wisdom-weisheit-katze-haustier-urne\/\" \/>\n<meta property=\"og:locale\" content=\"de_DE\" \/>\n<meta property=\"og:type\" content=\"article\" \/>\n<meta property=\"og:title\" content=\"Wisdom - die Weisheit &#8902; Art-Memorials.com\" \/>\n<meta property=\"og:description\" content=\"Eine Urne aus oxidiertem Stahl f\u00fcr Ihren verlorenen Gef\u00e4hrten. &quot;Wisdom&quot; zeigt die kontemplative Ruhe und Gelassenheit, die geistige Einheit mit sich selbst und der Welt.\" \/>\n<meta property=\"og:url\" content=\"https:\/\/www.art-memorials.com\/de\/artwork\/wisdom-weisheit-katze-haustier-urne\/\" \/>\n<meta property=\"og:site_name\" content=\"Art-Memorials\" \/>\n<meta property=\"article:modified_time\" content=\"2023-04-25T14:32:04+00:00\" \/>\n<meta property=\"og:image\" content=\"https:\/\/www.art-memorials.com\/wp-content\/uploads\/2022\/06\/CatofWisdom-1.jpg\" \/>\n\t<meta property=\"og:image:width\" content=\"2000\" \/>\n\t<meta property=\"og:image:height\" content=\"2000\" \/>\n\t<meta property=\"og:image:type\" content=\"image\/jpeg\" \/>\n<meta name=\"twitter:card\" content=\"summary_large_image\" \/>\n<meta name=\"twitter:label1\" content=\"Gesch\u00e4tzte Lesezeit\" \/>\n\t<meta name=\"twitter:data1\" content=\"1\u00a0Minute\" \/>\n<script type=\"application\/ld+json\" class=\"yoast-schema-graph\">{\"@context\":\"https:\/\/schema.org\",\"@graph\":[{\"@type\":\"WebPage\",\"@id\":\"https:\/\/www.art-memorials.com\/de\/artwork\/wisdom-weisheit-katze-haustier-urne\/\",\"url\":\"https:\/\/www.art-memorials.com\/de\/artwork\/wisdom-weisheit-katze-haustier-urne\/\",\"name\":\"Wisdom - die Weisheit &#8902; Art-Memorials.com\",\"isPartOf\":{\"@id\":\"http:\/\/www.art-memorials.com\/de\/#website\"},\"primaryImageOfPage\":{\"@id\":\"https:\/\/www.art-memorials.com\/de\/artwork\/wisdom-weisheit-katze-haustier-urne\/#primaryimage\"},\"image\":{\"@id\":\"https:\/\/www.art-memorials.com\/de\/artwork\/wisdom-weisheit-katze-haustier-urne\/#primaryimage\"},\"thumbnailUrl\":\"https:\/\/www.art-memorials.com\/wp-content\/uploads\/2022\/06\/CatofWisdom-1.jpg\",\"datePublished\":\"2022-06-20T10:39:26+00:00\",\"dateModified\":\"2023-04-25T14:32:04+00:00\",\"description\":\"Eine Urne aus oxidiertem Stahl f\u00fcr Ihren verlorenen Gef\u00e4hrten. \\\"Wisdom\\\" zeigt die kontemplative Ruhe und Gelassenheit, die geistige Einheit mit sich selbst und der Welt.\",\"breadcrumb\":{\"@id\":\"https:\/\/www.art-memorials.com\/de\/artwork\/wisdom-weisheit-katze-haustier-urne\/#breadcrumb\"},\"inLanguage\":\"de\",\"potentialAction\":[{\"@type\":\"ReadAction\",\"target\":[\"https:\/\/www.art-memorials.com\/de\/artwork\/wisdom-weisheit-katze-haustier-urne\/\"]}]},{\"@type\":\"ImageObject\",\"inLanguage\":\"de\",\"@id\":\"https:\/\/www.art-memorials.com\/de\/artwork\/wisdom-weisheit-katze-haustier-urne\/#primaryimage\",\"url\":\"https:\/\/www.art-memorials.com\/wp-content\/uploads\/2022\/06\/CatofWisdom-1.jpg\",\"contentUrl\":\"https:\/\/www.art-memorials.com\/wp-content\/uploads\/2022\/06\/CatofWisdom-1.jpg\",\"width\":2000,\"height\":2000},{\"@type\":\"BreadcrumbList\",\"@id\":\"https:\/\/www.art-memorials.com\/de\/artwork\/wisdom-weisheit-katze-haustier-urne\/#breadcrumb\",\"itemListElement\":[{\"@type\":\"ListItem\",\"position\":1,\"name\":\"Home\",\"item\":\"https:\/\/www.art-memorials.com\/de\/\"},{\"@type\":\"ListItem\",\"position\":2,\"name\":\"Shop\",\"item\":\"https:\/\/www.art-memorials.com\/de\/urnen\/\"},{\"@type\":\"ListItem\",\"position\":3,\"name\":\"Wisdom &#8211; die Weisheit\"}]},{\"@type\":\"WebSite\",\"@id\":\"http:\/\/www.art-memorials.com\/de\/#website\",\"url\":\"http:\/\/www.art-memorials.com\/de\/\",\"name\":\"Art-Memorials\",\"description\":\"Exclusive Cremation Urns, Ash Paintings, and Sculptures\",\"potentialAction\":[{\"@type\":\"SearchAction\",\"target\":{\"@type\":\"EntryPoint\",\"urlTemplate\":\"http:\/\/www.art-memorials.com\/de\/?s={search_term_string}\"},\"query-input\":{\"@type\":\"PropertyValueSpecification\",\"valueRequired\":true,\"valueName\":\"search_term_string\"}}],\"inLanguage\":\"de\"}]}<\/script>\n<!-- \/ Yoast SEO plugin. -->","yoast_head_json":{"title":"Wisdom - die Weisheit &#8902; Art-Memorials.com","description":"Eine Urne aus oxidiertem Stahl f\u00fcr Ihren verlorenen Gef\u00e4hrten. \"Wisdom\" zeigt die kontemplative Ruhe und Gelassenheit, die geistige Einheit mit sich selbst und der Welt.","robots":{"index":"index","follow":"follow","max-snippet":"max-snippet:-1","max-image-preview":"max-image-preview:large","max-video-preview":"max-video-preview:-1"},"canonical":"https:\/\/www.art-memorials.com\/de\/artwork\/wisdom-weisheit-katze-haustier-urne\/","og_locale":"de_DE","og_type":"article","og_title":"Wisdom - die Weisheit &#8902; Art-Memorials.com","og_description":"Eine Urne aus oxidiertem Stahl f\u00fcr Ihren verlorenen Gef\u00e4hrten. \"Wisdom\" zeigt die kontemplative Ruhe und Gelassenheit, die geistige Einheit mit sich selbst und der Welt.","og_url":"https:\/\/www.art-memorials.com\/de\/artwork\/wisdom-weisheit-katze-haustier-urne\/","og_site_name":"Art-Memorials","article_modified_time":"2023-04-25T14:32:04+00:00","og_image":[{"width":2000,"height":2000,"url":"https:\/\/www.art-memorials.com\/wp-content\/uploads\/2022\/06\/CatofWisdom-1.jpg","type":"image\/jpeg"}],"twitter_card":"summary_large_image","twitter_misc":{"Gesch\u00e4tzte Lesezeit":"1\u00a0Minute"},"schema":{"@context":"https:\/\/schema.org","@graph":[{"@type":"WebPage","@id":"https:\/\/www.art-memorials.com\/de\/artwork\/wisdom-weisheit-katze-haustier-urne\/","url":"https:\/\/www.art-memorials.com\/de\/artwork\/wisdom-weisheit-katze-haustier-urne\/","name":"Wisdom - die Weisheit &#8902; Art-Memorials.com","isPartOf":{"@id":"http:\/\/www.art-memorials.com\/de\/#website"},"primaryImageOfPage":{"@id":"https:\/\/www.art-memorials.com\/de\/artwork\/wisdom-weisheit-katze-haustier-urne\/#primaryimage"},"image":{"@id":"https:\/\/www.art-memorials.com\/de\/artwork\/wisdom-weisheit-katze-haustier-urne\/#primaryimage"},"thumbnailUrl":"https:\/\/www.art-memorials.com\/wp-content\/uploads\/2022\/06\/CatofWisdom-1.jpg","datePublished":"2022-06-20T10:39:26+00:00","dateModified":"2023-04-25T14:32:04+00:00","description":"Eine Urne aus oxidiertem Stahl f\u00fcr Ihren verlorenen Gef\u00e4hrten. \"Wisdom\" zeigt die kontemplative Ruhe und Gelassenheit, die geistige Einheit mit sich selbst und der Welt.","breadcrumb":{"@id":"https:\/\/www.art-memorials.com\/de\/artwork\/wisdom-weisheit-katze-haustier-urne\/#breadcrumb"},"inLanguage":"de","potentialAction":[{"@type":"ReadAction","target":["https:\/\/www.art-memorials.com\/de\/artwork\/wisdom-weisheit-katze-haustier-urne\/"]}]},{"@type":"ImageObject","inLanguage":"de","@id":"https:\/\/www.art-memorials.com\/de\/artwork\/wisdom-weisheit-katze-haustier-urne\/#primaryimage","url":"https:\/\/www.art-memorials.com\/wp-content\/uploads\/2022\/06\/CatofWisdom-1.jpg","contentUrl":"https:\/\/www.art-memorials.com\/wp-content\/uploads\/2022\/06\/CatofWisdom-1.jpg","width":2000,"height":2000},{"@type":"BreadcrumbList","@id":"https:\/\/www.art-memorials.com\/de\/artwork\/wisdom-weisheit-katze-haustier-urne\/#breadcrumb","itemListElement":[{"@type":"ListItem","position":1,"name":"Home","item":"https:\/\/www.art-memorials.com\/de\/"},{"@type":"ListItem","position":2,"name":"Shop","item":"https:\/\/www.art-memorials.com\/de\/urnen\/"},{"@type":"ListItem","position":3,"name":"Wisdom &#8211; die Weisheit"}]},{"@type":"WebSite","@id":"http:\/\/www.art-memorials.com\/de\/#website","url":"http:\/\/www.art-memorials.com\/de\/","name":"Art-Memorials","description":"Exclusive Cremation Urns, Ash Paintings, and Sculptures","potentialAction":[{"@type":"SearchAction","target":{"@type":"EntryPoint","urlTemplate":"http:\/\/www.art-memorials.com\/de\/?s={search_term_string}"},"query-input":{"@type":"PropertyValueSpecification","valueRequired":true,"valueName":"search_term_string"}}],"inLanguage":"de"}]}},"_links":{"self":[{"href":"https:\/\/www.art-memorials.com\/de\/wp-json\/wp\/v2\/product\/4337","targetHints":{"allow":["GET"]}}],"collection":[{"href":"https:\/\/www.art-memorials.com\/de\/wp-json\/wp\/v2\/product"}],"about":[{"href":"https:\/\/www.art-memorials.com\/de\/wp-json\/wp\/v2\/types\/product"}],"wp:featuredmedia":[{"embeddable":true,"href":"https:\/\/www.art-memorials.com\/de\/wp-json\/wp\/v2\/media\/5077"}],"wp:attachment":[{"href":"https:\/\/www.art-memorials.com\/de\/wp-json\/wp\/v2\/media?parent=4337"}],"wp:term":[{"taxonomy":"product_brand","embeddable":true,"href":"https:\/\/www.art-memorials.com\/de\/wp-json\/wp\/v2\/product_brand?post=4337"},{"taxonomy":"product_cat","embeddable":true,"href":"https:\/\/www.art-memorials.com\/de\/wp-json\/wp\/v2\/product_cat?post=4337"},{"taxonomy":"product_tag","embeddable":true,"href":"https:\/\/www.art-memorials.com\/de\/wp-json\/wp\/v2\/product_tag?post=4337"}],"curies":[{"name":"wp","href":"https:\/\/api.w.org\/{rel}","templated":true}]}}