{"id":4405,"date":"2022-07-18T17:22:22","date_gmt":"2022-07-18T15:22:22","guid":{"rendered":"https:\/\/art-memorials.com\/product\/ash-painting-abstract-2\/"},"modified":"2023-05-02T10:46:21","modified_gmt":"2023-05-02T08:46:21","slug":"asche-gemalde-abstrakt-2","status":"publish","type":"product","link":"https:\/\/www.art-memorials.com\/de\/artwork\/asche-gemalde-abstrakt-2\/","title":{"rendered":"Abstract II &#8211; Abstrakt II"},"content":{"rendered":"<p><strong>Abstract II<\/strong><\/p>\n<p>Wer es abstrakt mag, liebt unsere abstrakte Serie. In der zweiten Version hier, mehrere schnecken\u00e4hnliche Schneckenh\u00e4user.<\/p>\n<p>Jedes Aschebild ist ein Unikat und wird von unserem K\u00fcnstler mit hochwertigen Acrylfarben, nat\u00fcrlichen Pigmenten und Bindemitteln hergestellt. Die besten Materialien garantieren ein einzigartiges Meisterwerk.<\/p>\n<p>Der K\u00fcnstler hat das nat\u00fcrliche Muster der Muschelschale &#8211; Spira mirabilis &#8211; abgebildet und verweist abstrakt auf die Spirale der Lebenszeit. Farbschemata in einem wei\u00dflich-grauen Farbschema lenken den kompositorischen Fokus des Gem\u00e4ldes dynamisch in die Mitte.<\/p>\n<p>F\u00fcr weitere Informationen oder Beratung steht Ihnen das Team von Art-Memorials gerne zur Verf\u00fcgung!<\/p>\n<ul>\n<li>Art in Ashes &#8211; Exklusiv<\/li>\n<li>Abstrakte Malerei auf Holzplatte<\/li>\n<li>Hauptfarbe: Grau<\/li>\n<\/ul>\n","protected":false},"excerpt":{"rendered":"<p>Der K\u00fcnstler hat das nat\u00fcrliche Muster der Muschelschale &#8211; Spira mirabilis &#8211; abgebildet und verweist abstrakt auf die Spirale der Lebenszeit. Farbschemata in einem wei\u00dflich-grauen Farbschema lenken den kompositorischen Fokus des Gem\u00e4ldes dynamisch in die Mitte.<\/p>\n","protected":false},"featured_media":2352,"template":"","meta":[],"product_brand":[],"product_cat":[357],"product_tag":[297,299,380],"class_list":{"0":"post-4405","1":"product","2":"type-product","3":"status-publish","4":"has-post-thumbnail","6":"product_cat-aschebilder","7":"product_tag-shell-de","8":"product_tag-abstrakt","9":"product_tag-grau","10":"tm-has-options","12":"first","13":"instock","14":"taxable","15":"shipping-taxable","16":"purchasable","17":"product-type-simple"},"yoast_head":"<!-- This site is optimized with the Yoast SEO plugin v24.4 - https:\/\/yoast.com\/wordpress\/plugins\/seo\/ -->\n<title>Abstract II - Abstrakt II &#8902; Art-Memorials.com<\/title>\n<meta name=\"description\" content=\"Ein abstraktes Acrylgem\u00e4lde auf einer Holztafel, das mehrere schneckenartige Schneckenh\u00e4user zeigt. Unsere K\u00fcnstler schaffen h\u00f6chste Qualit\u00e4t der Malerei unter Verwendung von Asche.\" \/>\n<meta name=\"robots\" content=\"index, follow, max-snippet:-1, max-image-preview:large, max-video-preview:-1\" \/>\n<link rel=\"canonical\" href=\"https:\/\/www.art-memorials.com\/de\/artwork\/asche-gemalde-abstrakt-2\/\" \/>\n<meta property=\"og:locale\" content=\"de_DE\" \/>\n<meta property=\"og:type\" content=\"article\" \/>\n<meta property=\"og:title\" content=\"Abstract II - Abstrakt II &#8902; Art-Memorials.com\" \/>\n<meta property=\"og:description\" content=\"Ein abstraktes Acrylgem\u00e4lde auf einer Holztafel, das mehrere schneckenartige Schneckenh\u00e4user zeigt. Unsere K\u00fcnstler schaffen h\u00f6chste Qualit\u00e4t der Malerei unter Verwendung von Asche.\" \/>\n<meta property=\"og:url\" content=\"https:\/\/www.art-memorials.com\/de\/artwork\/asche-gemalde-abstrakt-2\/\" \/>\n<meta property=\"og:site_name\" content=\"Art-Memorials\" \/>\n<meta property=\"article:modified_time\" content=\"2023-05-02T08:46:21+00:00\" \/>\n<meta property=\"og:image\" content=\"https:\/\/www.art-memorials.com\/wp-content\/uploads\/2022\/07\/Abstract-II.jpeg\" \/>\n\t<meta property=\"og:image:width\" content=\"1441\" \/>\n\t<meta property=\"og:image:height\" content=\"1438\" \/>\n\t<meta property=\"og:image:type\" content=\"image\/jpeg\" \/>\n<meta name=\"twitter:card\" content=\"summary_large_image\" \/>\n<meta name=\"twitter:label1\" content=\"Gesch\u00e4tzte Lesezeit\" \/>\n\t<meta name=\"twitter:data1\" content=\"1\u00a0Minute\" \/>\n<script type=\"application\/ld+json\" class=\"yoast-schema-graph\">{\"@context\":\"https:\/\/schema.org\",\"@graph\":[{\"@type\":\"WebPage\",\"@id\":\"https:\/\/www.art-memorials.com\/de\/artwork\/asche-gemalde-abstrakt-2\/\",\"url\":\"https:\/\/www.art-memorials.com\/de\/artwork\/asche-gemalde-abstrakt-2\/\",\"name\":\"Abstract II - Abstrakt II &#8902; Art-Memorials.com\",\"isPartOf\":{\"@id\":\"http:\/\/www.art-memorials.com\/de\/#website\"},\"primaryImageOfPage\":{\"@id\":\"https:\/\/www.art-memorials.com\/de\/artwork\/asche-gemalde-abstrakt-2\/#primaryimage\"},\"image\":{\"@id\":\"https:\/\/www.art-memorials.com\/de\/artwork\/asche-gemalde-abstrakt-2\/#primaryimage\"},\"thumbnailUrl\":\"https:\/\/www.art-memorials.com\/wp-content\/uploads\/2022\/07\/Abstract-II.jpeg\",\"datePublished\":\"2022-07-18T15:22:22+00:00\",\"dateModified\":\"2023-05-02T08:46:21+00:00\",\"description\":\"Ein abstraktes Acrylgem\u00e4lde auf einer Holztafel, das mehrere schneckenartige Schneckenh\u00e4user zeigt. Unsere K\u00fcnstler schaffen h\u00f6chste Qualit\u00e4t der Malerei unter Verwendung von Asche.\",\"breadcrumb\":{\"@id\":\"https:\/\/www.art-memorials.com\/de\/artwork\/asche-gemalde-abstrakt-2\/#breadcrumb\"},\"inLanguage\":\"de\",\"potentialAction\":[{\"@type\":\"ReadAction\",\"target\":[\"https:\/\/www.art-memorials.com\/de\/artwork\/asche-gemalde-abstrakt-2\/\"]}]},{\"@type\":\"ImageObject\",\"inLanguage\":\"de\",\"@id\":\"https:\/\/www.art-memorials.com\/de\/artwork\/asche-gemalde-abstrakt-2\/#primaryimage\",\"url\":\"https:\/\/www.art-memorials.com\/wp-content\/uploads\/2022\/07\/Abstract-II.jpeg\",\"contentUrl\":\"https:\/\/www.art-memorials.com\/wp-content\/uploads\/2022\/07\/Abstract-II.jpeg\",\"width\":1441,\"height\":1438,\"caption\":\"Ein abstraktes Gem\u00e4lde, welches graue Muscheln zeigt.\"},{\"@type\":\"BreadcrumbList\",\"@id\":\"https:\/\/www.art-memorials.com\/de\/artwork\/asche-gemalde-abstrakt-2\/#breadcrumb\",\"itemListElement\":[{\"@type\":\"ListItem\",\"position\":1,\"name\":\"Home\",\"item\":\"https:\/\/www.art-memorials.com\/de\/\"},{\"@type\":\"ListItem\",\"position\":2,\"name\":\"Shop\",\"item\":\"https:\/\/www.art-memorials.com\/de\/urnen\/\"},{\"@type\":\"ListItem\",\"position\":3,\"name\":\"Abstract II &#8211; Abstrakt II\"}]},{\"@type\":\"WebSite\",\"@id\":\"http:\/\/www.art-memorials.com\/de\/#website\",\"url\":\"http:\/\/www.art-memorials.com\/de\/\",\"name\":\"Art-Memorials\",\"description\":\"Exclusive Cremation Urns, Ash Paintings, and Sculptures\",\"potentialAction\":[{\"@type\":\"SearchAction\",\"target\":{\"@type\":\"EntryPoint\",\"urlTemplate\":\"http:\/\/www.art-memorials.com\/de\/?s={search_term_string}\"},\"query-input\":{\"@type\":\"PropertyValueSpecification\",\"valueRequired\":true,\"valueName\":\"search_term_string\"}}],\"inLanguage\":\"de\"}]}<\/script>\n<!-- \/ Yoast SEO plugin. -->","yoast_head_json":{"title":"Abstract II - Abstrakt II &#8902; Art-Memorials.com","description":"Ein abstraktes Acrylgem\u00e4lde auf einer Holztafel, das mehrere schneckenartige Schneckenh\u00e4user zeigt. Unsere K\u00fcnstler schaffen h\u00f6chste Qualit\u00e4t der Malerei unter Verwendung von Asche.","robots":{"index":"index","follow":"follow","max-snippet":"max-snippet:-1","max-image-preview":"max-image-preview:large","max-video-preview":"max-video-preview:-1"},"canonical":"https:\/\/www.art-memorials.com\/de\/artwork\/asche-gemalde-abstrakt-2\/","og_locale":"de_DE","og_type":"article","og_title":"Abstract II - Abstrakt II &#8902; Art-Memorials.com","og_description":"Ein abstraktes Acrylgem\u00e4lde auf einer Holztafel, das mehrere schneckenartige Schneckenh\u00e4user zeigt. Unsere K\u00fcnstler schaffen h\u00f6chste Qualit\u00e4t der Malerei unter Verwendung von Asche.","og_url":"https:\/\/www.art-memorials.com\/de\/artwork\/asche-gemalde-abstrakt-2\/","og_site_name":"Art-Memorials","article_modified_time":"2023-05-02T08:46:21+00:00","og_image":[{"width":1441,"height":1438,"url":"https:\/\/www.art-memorials.com\/wp-content\/uploads\/2022\/07\/Abstract-II.jpeg","type":"image\/jpeg"}],"twitter_card":"summary_large_image","twitter_misc":{"Gesch\u00e4tzte Lesezeit":"1\u00a0Minute"},"schema":{"@context":"https:\/\/schema.org","@graph":[{"@type":"WebPage","@id":"https:\/\/www.art-memorials.com\/de\/artwork\/asche-gemalde-abstrakt-2\/","url":"https:\/\/www.art-memorials.com\/de\/artwork\/asche-gemalde-abstrakt-2\/","name":"Abstract II - Abstrakt II &#8902; Art-Memorials.com","isPartOf":{"@id":"http:\/\/www.art-memorials.com\/de\/#website"},"primaryImageOfPage":{"@id":"https:\/\/www.art-memorials.com\/de\/artwork\/asche-gemalde-abstrakt-2\/#primaryimage"},"image":{"@id":"https:\/\/www.art-memorials.com\/de\/artwork\/asche-gemalde-abstrakt-2\/#primaryimage"},"thumbnailUrl":"https:\/\/www.art-memorials.com\/wp-content\/uploads\/2022\/07\/Abstract-II.jpeg","datePublished":"2022-07-18T15:22:22+00:00","dateModified":"2023-05-02T08:46:21+00:00","description":"Ein abstraktes Acrylgem\u00e4lde auf einer Holztafel, das mehrere schneckenartige Schneckenh\u00e4user zeigt. Unsere K\u00fcnstler schaffen h\u00f6chste Qualit\u00e4t der Malerei unter Verwendung von Asche.","breadcrumb":{"@id":"https:\/\/www.art-memorials.com\/de\/artwork\/asche-gemalde-abstrakt-2\/#breadcrumb"},"inLanguage":"de","potentialAction":[{"@type":"ReadAction","target":["https:\/\/www.art-memorials.com\/de\/artwork\/asche-gemalde-abstrakt-2\/"]}]},{"@type":"ImageObject","inLanguage":"de","@id":"https:\/\/www.art-memorials.com\/de\/artwork\/asche-gemalde-abstrakt-2\/#primaryimage","url":"https:\/\/www.art-memorials.com\/wp-content\/uploads\/2022\/07\/Abstract-II.jpeg","contentUrl":"https:\/\/www.art-memorials.com\/wp-content\/uploads\/2022\/07\/Abstract-II.jpeg","width":1441,"height":1438,"caption":"Ein abstraktes Gem\u00e4lde, welches graue Muscheln zeigt."},{"@type":"BreadcrumbList","@id":"https:\/\/www.art-memorials.com\/de\/artwork\/asche-gemalde-abstrakt-2\/#breadcrumb","itemListElement":[{"@type":"ListItem","position":1,"name":"Home","item":"https:\/\/www.art-memorials.com\/de\/"},{"@type":"ListItem","position":2,"name":"Shop","item":"https:\/\/www.art-memorials.com\/de\/urnen\/"},{"@type":"ListItem","position":3,"name":"Abstract II &#8211; Abstrakt II"}]},{"@type":"WebSite","@id":"http:\/\/www.art-memorials.com\/de\/#website","url":"http:\/\/www.art-memorials.com\/de\/","name":"Art-Memorials","description":"Exclusive Cremation Urns, Ash Paintings, and Sculptures","potentialAction":[{"@type":"SearchAction","target":{"@type":"EntryPoint","urlTemplate":"http:\/\/www.art-memorials.com\/de\/?s={search_term_string}"},"query-input":{"@type":"PropertyValueSpecification","valueRequired":true,"valueName":"search_term_string"}}],"inLanguage":"de"}]}},"_links":{"self":[{"href":"https:\/\/www.art-memorials.com\/de\/wp-json\/wp\/v2\/product\/4405","targetHints":{"allow":["GET"]}}],"collection":[{"href":"https:\/\/www.art-memorials.com\/de\/wp-json\/wp\/v2\/product"}],"about":[{"href":"https:\/\/www.art-memorials.com\/de\/wp-json\/wp\/v2\/types\/product"}],"wp:featuredmedia":[{"embeddable":true,"href":"https:\/\/www.art-memorials.com\/de\/wp-json\/wp\/v2\/media\/2352"}],"wp:attachment":[{"href":"https:\/\/www.art-memorials.com\/de\/wp-json\/wp\/v2\/media?parent=4405"}],"wp:term":[{"taxonomy":"product_brand","embeddable":true,"href":"https:\/\/www.art-memorials.com\/de\/wp-json\/wp\/v2\/product_brand?post=4405"},{"taxonomy":"product_cat","embeddable":true,"href":"https:\/\/www.art-memorials.com\/de\/wp-json\/wp\/v2\/product_cat?post=4405"},{"taxonomy":"product_tag","embeddable":true,"href":"https:\/\/www.art-memorials.com\/de\/wp-json\/wp\/v2\/product_tag?post=4405"}],"curies":[{"name":"wp","href":"https:\/\/api.w.org\/{rel}","templated":true}]}}