{"id":4406,"date":"2022-07-18T17:16:11","date_gmt":"2022-07-18T15:16:11","guid":{"rendered":"https:\/\/art-memorials.com\/product\/ash-painting-maritime-2\/"},"modified":"2023-05-02T10:46:45","modified_gmt":"2023-05-02T08:46:45","slug":"asche-gemalde-maritime-2","status":"publish","type":"product","link":"https:\/\/www.art-memorials.com\/de\/artwork\/asche-gemalde-maritime-2\/","title":{"rendered":"Maritime II"},"content":{"rendered":"<p><strong>Maritime II<\/strong><\/p>\n<p>Diejenigen, die das Meer lieben, lieben auch unsere zweite Version von Maritime. Eine ruhige K\u00fcste, die nach Sonnenuntergang zum Schwimmen einl\u00e4dt.<\/p>\n<p>Jedes Aschebild ist ein Unikat und wird von unserem K\u00fcnstler mit hochwertigen Acrylfarben, nat\u00fcrlichen Pigmenten und Bindemitteln hergestellt. Die besten Materialien garantieren ein einzigartiges Meisterwerk.<\/p>\n<p>Ruhe und inneres Gleichgewicht k\u00f6nnen in der Meereslandschaft gefunden werden. Die einlullenden Pastellfarben der Wellen, in denen sich die Wolken spiegeln, und das leuchtende Orange des Sandes lassen Erinnerungen wach werden.<\/p>\n<p>F\u00fcr weitere Informationen oder Beratung steht Ihnen das Team von Art-Memorials gerne zur Verf\u00fcgung!<\/p>\n<ul>\n<li>Art in Ashes &#8211; Exklusiv<\/li>\n<li>Maritime Malerei auf Holzplatte<\/li>\n<li>Hauptfarbe: Blau \/ Orange<\/li>\n<\/ul>\n","protected":false},"excerpt":{"rendered":"<p>Ruhe und inneres Gleichgewicht k\u00f6nnen in der Meereslandschaft gefunden werden. Die einlullenden Pastellfarben der Wellen, in denen sich die Wolken spiegeln, und das leuchtende Orange des Sandes lassen Erinnerungen wach werden.<\/p>\n","protected":false},"featured_media":2348,"template":"","meta":[],"product_brand":[],"product_cat":[357],"product_tag":[287,378,382,383,384,385,386,387,388,389],"class_list":{"0":"post-4406","1":"product","2":"type-product","3":"status-publish","4":"has-post-thumbnail","6":"product_cat-aschebilder","7":"product_tag-ausgewahlte","8":"product_tag-asche","9":"product_tag-strand","10":"product_tag-wasser","11":"product_tag-himmel","12":"product_tag-maritime-de","13":"product_tag-blau","14":"product_tag-orange-de","15":"product_tag-sonnenuntergang","16":"product_tag-kuste","17":"pa_theme-maritime-de","18":"tm-has-options","20":"first","21":"instock","22":"taxable","23":"shipping-taxable","24":"purchasable","25":"product-type-simple"},"yoast_head":"<!-- This site is optimized with the Yoast SEO plugin v24.4 - https:\/\/yoast.com\/wordpress\/plugins\/seo\/ -->\n<title>Maritime II &#8902; Art-Memorials.com<\/title>\n<meta name=\"description\" content=\"Ruhe und inneres Gleichgewicht k\u00f6nnen in der Meereslandschaft gefunden werden. Unsere K\u00fcnstler verwenden Asche, um sie in das endg\u00fcltige und einzigartige Gem\u00e4lde einzuarbeiten.\" \/>\n<meta name=\"robots\" content=\"index, follow, max-snippet:-1, max-image-preview:large, max-video-preview:-1\" \/>\n<link rel=\"canonical\" href=\"https:\/\/www.art-memorials.com\/de\/artwork\/asche-gemalde-maritime-2\/\" \/>\n<meta property=\"og:locale\" content=\"de_DE\" \/>\n<meta property=\"og:type\" content=\"article\" \/>\n<meta property=\"og:title\" content=\"Maritime II &#8902; Art-Memorials.com\" \/>\n<meta property=\"og:description\" content=\"Ruhe und inneres Gleichgewicht k\u00f6nnen in der Meereslandschaft gefunden werden. Unsere K\u00fcnstler verwenden Asche, um sie in das endg\u00fcltige und einzigartige Gem\u00e4lde einzuarbeiten.\" \/>\n<meta property=\"og:url\" content=\"https:\/\/www.art-memorials.com\/de\/artwork\/asche-gemalde-maritime-2\/\" \/>\n<meta property=\"og:site_name\" content=\"Art-Memorials\" \/>\n<meta property=\"article:modified_time\" content=\"2023-05-02T08:46:45+00:00\" \/>\n<meta property=\"og:image\" content=\"https:\/\/www.art-memorials.com\/wp-content\/uploads\/2022\/07\/Maritime-II-scaled.jpeg\" \/>\n\t<meta property=\"og:image:width\" content=\"2560\" \/>\n\t<meta property=\"og:image:height\" content=\"2105\" \/>\n\t<meta property=\"og:image:type\" content=\"image\/jpeg\" \/>\n<meta name=\"twitter:card\" content=\"summary_large_image\" \/>\n<meta name=\"twitter:label1\" content=\"Gesch\u00e4tzte Lesezeit\" \/>\n\t<meta name=\"twitter:data1\" content=\"1\u00a0Minute\" \/>\n<script type=\"application\/ld+json\" class=\"yoast-schema-graph\">{\"@context\":\"https:\/\/schema.org\",\"@graph\":[{\"@type\":\"WebPage\",\"@id\":\"https:\/\/www.art-memorials.com\/de\/artwork\/asche-gemalde-maritime-2\/\",\"url\":\"https:\/\/www.art-memorials.com\/de\/artwork\/asche-gemalde-maritime-2\/\",\"name\":\"Maritime II &#8902; Art-Memorials.com\",\"isPartOf\":{\"@id\":\"http:\/\/www.art-memorials.com\/de\/#website\"},\"primaryImageOfPage\":{\"@id\":\"https:\/\/www.art-memorials.com\/de\/artwork\/asche-gemalde-maritime-2\/#primaryimage\"},\"image\":{\"@id\":\"https:\/\/www.art-memorials.com\/de\/artwork\/asche-gemalde-maritime-2\/#primaryimage\"},\"thumbnailUrl\":\"https:\/\/www.art-memorials.com\/wp-content\/uploads\/2022\/07\/Maritime-II-scaled.jpeg\",\"datePublished\":\"2022-07-18T15:16:11+00:00\",\"dateModified\":\"2023-05-02T08:46:45+00:00\",\"description\":\"Ruhe und inneres Gleichgewicht k\u00f6nnen in der Meereslandschaft gefunden werden. Unsere K\u00fcnstler verwenden Asche, um sie in das endg\u00fcltige und einzigartige Gem\u00e4lde einzuarbeiten.\",\"breadcrumb\":{\"@id\":\"https:\/\/www.art-memorials.com\/de\/artwork\/asche-gemalde-maritime-2\/#breadcrumb\"},\"inLanguage\":\"de\",\"potentialAction\":[{\"@type\":\"ReadAction\",\"target\":[\"https:\/\/www.art-memorials.com\/de\/artwork\/asche-gemalde-maritime-2\/\"]}]},{\"@type\":\"ImageObject\",\"inLanguage\":\"de\",\"@id\":\"https:\/\/www.art-memorials.com\/de\/artwork\/asche-gemalde-maritime-2\/#primaryimage\",\"url\":\"https:\/\/www.art-memorials.com\/wp-content\/uploads\/2022\/07\/Maritime-II-scaled.jpeg\",\"contentUrl\":\"https:\/\/www.art-memorials.com\/wp-content\/uploads\/2022\/07\/Maritime-II-scaled.jpeg\",\"width\":2560,\"height\":2105,\"caption\":\"Das Gem\u00e4lde eines Strandes mit blauen und gr\u00fcnen Farben.\"},{\"@type\":\"BreadcrumbList\",\"@id\":\"https:\/\/www.art-memorials.com\/de\/artwork\/asche-gemalde-maritime-2\/#breadcrumb\",\"itemListElement\":[{\"@type\":\"ListItem\",\"position\":1,\"name\":\"Home\",\"item\":\"https:\/\/www.art-memorials.com\/de\/\"},{\"@type\":\"ListItem\",\"position\":2,\"name\":\"Shop\",\"item\":\"https:\/\/www.art-memorials.com\/de\/urnen\/\"},{\"@type\":\"ListItem\",\"position\":3,\"name\":\"Maritime II\"}]},{\"@type\":\"WebSite\",\"@id\":\"http:\/\/www.art-memorials.com\/de\/#website\",\"url\":\"http:\/\/www.art-memorials.com\/de\/\",\"name\":\"Art-Memorials\",\"description\":\"Exclusive Cremation Urns, Ash Paintings, and Sculptures\",\"potentialAction\":[{\"@type\":\"SearchAction\",\"target\":{\"@type\":\"EntryPoint\",\"urlTemplate\":\"http:\/\/www.art-memorials.com\/de\/?s={search_term_string}\"},\"query-input\":{\"@type\":\"PropertyValueSpecification\",\"valueRequired\":true,\"valueName\":\"search_term_string\"}}],\"inLanguage\":\"de\"}]}<\/script>\n<!-- \/ Yoast SEO plugin. -->","yoast_head_json":{"title":"Maritime II &#8902; Art-Memorials.com","description":"Ruhe und inneres Gleichgewicht k\u00f6nnen in der Meereslandschaft gefunden werden. Unsere K\u00fcnstler verwenden Asche, um sie in das endg\u00fcltige und einzigartige Gem\u00e4lde einzuarbeiten.","robots":{"index":"index","follow":"follow","max-snippet":"max-snippet:-1","max-image-preview":"max-image-preview:large","max-video-preview":"max-video-preview:-1"},"canonical":"https:\/\/www.art-memorials.com\/de\/artwork\/asche-gemalde-maritime-2\/","og_locale":"de_DE","og_type":"article","og_title":"Maritime II &#8902; Art-Memorials.com","og_description":"Ruhe und inneres Gleichgewicht k\u00f6nnen in der Meereslandschaft gefunden werden. Unsere K\u00fcnstler verwenden Asche, um sie in das endg\u00fcltige und einzigartige Gem\u00e4lde einzuarbeiten.","og_url":"https:\/\/www.art-memorials.com\/de\/artwork\/asche-gemalde-maritime-2\/","og_site_name":"Art-Memorials","article_modified_time":"2023-05-02T08:46:45+00:00","og_image":[{"width":2560,"height":2105,"url":"https:\/\/www.art-memorials.com\/wp-content\/uploads\/2022\/07\/Maritime-II-scaled.jpeg","type":"image\/jpeg"}],"twitter_card":"summary_large_image","twitter_misc":{"Gesch\u00e4tzte Lesezeit":"1\u00a0Minute"},"schema":{"@context":"https:\/\/schema.org","@graph":[{"@type":"WebPage","@id":"https:\/\/www.art-memorials.com\/de\/artwork\/asche-gemalde-maritime-2\/","url":"https:\/\/www.art-memorials.com\/de\/artwork\/asche-gemalde-maritime-2\/","name":"Maritime II &#8902; Art-Memorials.com","isPartOf":{"@id":"http:\/\/www.art-memorials.com\/de\/#website"},"primaryImageOfPage":{"@id":"https:\/\/www.art-memorials.com\/de\/artwork\/asche-gemalde-maritime-2\/#primaryimage"},"image":{"@id":"https:\/\/www.art-memorials.com\/de\/artwork\/asche-gemalde-maritime-2\/#primaryimage"},"thumbnailUrl":"https:\/\/www.art-memorials.com\/wp-content\/uploads\/2022\/07\/Maritime-II-scaled.jpeg","datePublished":"2022-07-18T15:16:11+00:00","dateModified":"2023-05-02T08:46:45+00:00","description":"Ruhe und inneres Gleichgewicht k\u00f6nnen in der Meereslandschaft gefunden werden. Unsere K\u00fcnstler verwenden Asche, um sie in das endg\u00fcltige und einzigartige Gem\u00e4lde einzuarbeiten.","breadcrumb":{"@id":"https:\/\/www.art-memorials.com\/de\/artwork\/asche-gemalde-maritime-2\/#breadcrumb"},"inLanguage":"de","potentialAction":[{"@type":"ReadAction","target":["https:\/\/www.art-memorials.com\/de\/artwork\/asche-gemalde-maritime-2\/"]}]},{"@type":"ImageObject","inLanguage":"de","@id":"https:\/\/www.art-memorials.com\/de\/artwork\/asche-gemalde-maritime-2\/#primaryimage","url":"https:\/\/www.art-memorials.com\/wp-content\/uploads\/2022\/07\/Maritime-II-scaled.jpeg","contentUrl":"https:\/\/www.art-memorials.com\/wp-content\/uploads\/2022\/07\/Maritime-II-scaled.jpeg","width":2560,"height":2105,"caption":"Das Gem\u00e4lde eines Strandes mit blauen und gr\u00fcnen Farben."},{"@type":"BreadcrumbList","@id":"https:\/\/www.art-memorials.com\/de\/artwork\/asche-gemalde-maritime-2\/#breadcrumb","itemListElement":[{"@type":"ListItem","position":1,"name":"Home","item":"https:\/\/www.art-memorials.com\/de\/"},{"@type":"ListItem","position":2,"name":"Shop","item":"https:\/\/www.art-memorials.com\/de\/urnen\/"},{"@type":"ListItem","position":3,"name":"Maritime II"}]},{"@type":"WebSite","@id":"http:\/\/www.art-memorials.com\/de\/#website","url":"http:\/\/www.art-memorials.com\/de\/","name":"Art-Memorials","description":"Exclusive Cremation Urns, Ash Paintings, and Sculptures","potentialAction":[{"@type":"SearchAction","target":{"@type":"EntryPoint","urlTemplate":"http:\/\/www.art-memorials.com\/de\/?s={search_term_string}"},"query-input":{"@type":"PropertyValueSpecification","valueRequired":true,"valueName":"search_term_string"}}],"inLanguage":"de"}]}},"_links":{"self":[{"href":"https:\/\/www.art-memorials.com\/de\/wp-json\/wp\/v2\/product\/4406","targetHints":{"allow":["GET"]}}],"collection":[{"href":"https:\/\/www.art-memorials.com\/de\/wp-json\/wp\/v2\/product"}],"about":[{"href":"https:\/\/www.art-memorials.com\/de\/wp-json\/wp\/v2\/types\/product"}],"wp:featuredmedia":[{"embeddable":true,"href":"https:\/\/www.art-memorials.com\/de\/wp-json\/wp\/v2\/media\/2348"}],"wp:attachment":[{"href":"https:\/\/www.art-memorials.com\/de\/wp-json\/wp\/v2\/media?parent=4406"}],"wp:term":[{"taxonomy":"product_brand","embeddable":true,"href":"https:\/\/www.art-memorials.com\/de\/wp-json\/wp\/v2\/product_brand?post=4406"},{"taxonomy":"product_cat","embeddable":true,"href":"https:\/\/www.art-memorials.com\/de\/wp-json\/wp\/v2\/product_cat?post=4406"},{"taxonomy":"product_tag","embeddable":true,"href":"https:\/\/www.art-memorials.com\/de\/wp-json\/wp\/v2\/product_tag?post=4406"}],"curies":[{"name":"wp","href":"https:\/\/api.w.org\/{rel}","templated":true}]}}