{"id":4407,"date":"2022-07-18T17:09:59","date_gmt":"2022-07-18T15:09:59","guid":{"rendered":"https:\/\/art-memorials.com\/product\/ash-painting-nature-2\/"},"modified":"2023-04-26T14:08:56","modified_gmt":"2023-04-26T12:08:56","slug":"asche-gemalde-nature-natur-2","status":"publish","type":"product","link":"https:\/\/www.art-memorials.com\/de\/artwork\/asche-gemalde-nature-natur-2\/","title":{"rendered":"Nature II &#8211; Natur II"},"content":{"rendered":"<p><strong>Nature II<\/strong><\/p>\n<p>Die zweite Version von Nature, zeigt einen noch st\u00e4rkeren Eindruck der Bl\u00e4tter. Perfekt f\u00fcr Naturliebhaber.<\/p>\n<p>Jedes Aschebild ist ein Unikat und wird von unserem K\u00fcnstler mit hochwertigen Acrylfarben, nat\u00fcrlichen Pigmenten und Bindemitteln hergestellt. Die besten Materialien garantieren ein einzigartiges Meisterwerk.<\/p>\n<p>Motive, die tropische Bl\u00e4tter mit naturalistischen Motiven abbilden. In abenteuerlicher Dschungelatmosph\u00e4re erklingt tiefes Gr\u00fcn in warmen Farbt\u00f6nen mit dreidimensionalen Natureindr\u00fccken.<\/p>\n<p>F\u00fcr weitere Informationen oder Beratung steht Ihnen das Team von Art-Memorials gerne zur Verf\u00fcgung!<\/p>\n<ul>\n<li>Asche zu Kunst &#8211; Exklusiv<\/li>\n<li>Naturgem\u00e4lde auf Holzplatte<\/li>\n<li>Hauptfarbe: Gr\u00fcn<\/li>\n<\/ul>\n","protected":false},"excerpt":{"rendered":"<p>Motive, die tropische Bl\u00e4tter mit naturalistischen Motiven abbilden. In abenteuerlicher Dschungelatmosph\u00e4re erklingt tiefes Gr\u00fcn in warmen Farbt\u00f6nen mit dreidimensionalen Natureindr\u00fccken.<\/p>\n","protected":false},"featured_media":2344,"template":"","meta":[],"product_brand":[],"product_cat":[357],"product_tag":[286,391,392,393],"class_list":{"0":"post-4407","1":"product","2":"type-product","3":"status-publish","4":"has-post-thumbnail","6":"product_cat-aschebilder","7":"product_tag-natur","8":"product_tag-grun","9":"product_tag-pflanze","10":"product_tag-blatt","11":"pa_theme-natur","12":"tm-has-options","14":"first","15":"instock","16":"taxable","17":"shipping-taxable","18":"purchasable","19":"product-type-simple"},"yoast_head":"<!-- This site is optimized with the Yoast SEO plugin v24.4 - https:\/\/yoast.com\/wordpress\/plugins\/seo\/ -->\n<title>Nature II - Natur II &#8902; Art-Memorials.com<\/title>\n<meta name=\"description\" content=\"Motive, die tropische Bl\u00e4tter in einer abenteuerlichen Dschungelatmosph\u00e4re darstellen, die aus Asche hergestellt und in Ihr einzigartiges Gem\u00e4lde integriert werden.\" \/>\n<meta name=\"robots\" content=\"index, follow, max-snippet:-1, max-image-preview:large, max-video-preview:-1\" \/>\n<link rel=\"canonical\" href=\"https:\/\/www.art-memorials.com\/de\/artwork\/asche-gemalde-nature-natur-2\/\" \/>\n<meta property=\"og:locale\" content=\"de_DE\" \/>\n<meta property=\"og:type\" content=\"article\" \/>\n<meta property=\"og:title\" content=\"Nature II - Natur II &#8902; Art-Memorials.com\" \/>\n<meta property=\"og:description\" content=\"Motive, die tropische Bl\u00e4tter in einer abenteuerlichen Dschungelatmosph\u00e4re darstellen, die aus Asche hergestellt und in Ihr einzigartiges Gem\u00e4lde integriert werden.\" \/>\n<meta property=\"og:url\" content=\"https:\/\/www.art-memorials.com\/de\/artwork\/asche-gemalde-nature-natur-2\/\" \/>\n<meta property=\"og:site_name\" content=\"Art-Memorials\" \/>\n<meta property=\"article:modified_time\" content=\"2023-04-26T12:08:56+00:00\" \/>\n<meta property=\"og:image\" content=\"https:\/\/www.art-memorials.com\/wp-content\/uploads\/2022\/07\/Nature-II-scaled.jpeg\" \/>\n\t<meta property=\"og:image:width\" content=\"947\" \/>\n\t<meta property=\"og:image:height\" content=\"2560\" \/>\n\t<meta property=\"og:image:type\" content=\"image\/jpeg\" \/>\n<meta name=\"twitter:card\" content=\"summary_large_image\" \/>\n<meta name=\"twitter:label1\" content=\"Gesch\u00e4tzte Lesezeit\" \/>\n\t<meta name=\"twitter:data1\" content=\"1\u00a0Minute\" \/>\n<script type=\"application\/ld+json\" class=\"yoast-schema-graph\">{\"@context\":\"https:\/\/schema.org\",\"@graph\":[{\"@type\":\"WebPage\",\"@id\":\"https:\/\/www.art-memorials.com\/de\/artwork\/asche-gemalde-nature-natur-2\/\",\"url\":\"https:\/\/www.art-memorials.com\/de\/artwork\/asche-gemalde-nature-natur-2\/\",\"name\":\"Nature II - Natur II &#8902; Art-Memorials.com\",\"isPartOf\":{\"@id\":\"http:\/\/www.art-memorials.com\/de\/#website\"},\"primaryImageOfPage\":{\"@id\":\"https:\/\/www.art-memorials.com\/de\/artwork\/asche-gemalde-nature-natur-2\/#primaryimage\"},\"image\":{\"@id\":\"https:\/\/www.art-memorials.com\/de\/artwork\/asche-gemalde-nature-natur-2\/#primaryimage\"},\"thumbnailUrl\":\"https:\/\/www.art-memorials.com\/wp-content\/uploads\/2022\/07\/Nature-II-scaled.jpeg\",\"datePublished\":\"2022-07-18T15:09:59+00:00\",\"dateModified\":\"2023-04-26T12:08:56+00:00\",\"description\":\"Motive, die tropische Bl\u00e4tter in einer abenteuerlichen Dschungelatmosph\u00e4re darstellen, die aus Asche hergestellt und in Ihr einzigartiges Gem\u00e4lde integriert werden.\",\"breadcrumb\":{\"@id\":\"https:\/\/www.art-memorials.com\/de\/artwork\/asche-gemalde-nature-natur-2\/#breadcrumb\"},\"inLanguage\":\"de\",\"potentialAction\":[{\"@type\":\"ReadAction\",\"target\":[\"https:\/\/www.art-memorials.com\/de\/artwork\/asche-gemalde-nature-natur-2\/\"]}]},{\"@type\":\"ImageObject\",\"inLanguage\":\"de\",\"@id\":\"https:\/\/www.art-memorials.com\/de\/artwork\/asche-gemalde-nature-natur-2\/#primaryimage\",\"url\":\"https:\/\/www.art-memorials.com\/wp-content\/uploads\/2022\/07\/Nature-II-scaled.jpeg\",\"contentUrl\":\"https:\/\/www.art-memorials.com\/wp-content\/uploads\/2022\/07\/Nature-II-scaled.jpeg\",\"width\":947,\"height\":2560,\"caption\":\"Ein Gem\u00e4lde mit gro\u00dfen gr\u00fcnen Bl\u00e4ttern.\"},{\"@type\":\"BreadcrumbList\",\"@id\":\"https:\/\/www.art-memorials.com\/de\/artwork\/asche-gemalde-nature-natur-2\/#breadcrumb\",\"itemListElement\":[{\"@type\":\"ListItem\",\"position\":1,\"name\":\"Home\",\"item\":\"https:\/\/www.art-memorials.com\/de\/\"},{\"@type\":\"ListItem\",\"position\":2,\"name\":\"Shop\",\"item\":\"https:\/\/www.art-memorials.com\/de\/urnen\/\"},{\"@type\":\"ListItem\",\"position\":3,\"name\":\"Nature II &#8211; Natur II\"}]},{\"@type\":\"WebSite\",\"@id\":\"http:\/\/www.art-memorials.com\/de\/#website\",\"url\":\"http:\/\/www.art-memorials.com\/de\/\",\"name\":\"Art-Memorials\",\"description\":\"Exclusive Cremation Urns, Ash Paintings, and Sculptures\",\"potentialAction\":[{\"@type\":\"SearchAction\",\"target\":{\"@type\":\"EntryPoint\",\"urlTemplate\":\"http:\/\/www.art-memorials.com\/de\/?s={search_term_string}\"},\"query-input\":{\"@type\":\"PropertyValueSpecification\",\"valueRequired\":true,\"valueName\":\"search_term_string\"}}],\"inLanguage\":\"de\"}]}<\/script>\n<!-- \/ Yoast SEO plugin. -->","yoast_head_json":{"title":"Nature II - Natur II &#8902; Art-Memorials.com","description":"Motive, die tropische Bl\u00e4tter in einer abenteuerlichen Dschungelatmosph\u00e4re darstellen, die aus Asche hergestellt und in Ihr einzigartiges Gem\u00e4lde integriert werden.","robots":{"index":"index","follow":"follow","max-snippet":"max-snippet:-1","max-image-preview":"max-image-preview:large","max-video-preview":"max-video-preview:-1"},"canonical":"https:\/\/www.art-memorials.com\/de\/artwork\/asche-gemalde-nature-natur-2\/","og_locale":"de_DE","og_type":"article","og_title":"Nature II - Natur II &#8902; Art-Memorials.com","og_description":"Motive, die tropische Bl\u00e4tter in einer abenteuerlichen Dschungelatmosph\u00e4re darstellen, die aus Asche hergestellt und in Ihr einzigartiges Gem\u00e4lde integriert werden.","og_url":"https:\/\/www.art-memorials.com\/de\/artwork\/asche-gemalde-nature-natur-2\/","og_site_name":"Art-Memorials","article_modified_time":"2023-04-26T12:08:56+00:00","og_image":[{"width":947,"height":2560,"url":"https:\/\/www.art-memorials.com\/wp-content\/uploads\/2022\/07\/Nature-II-scaled.jpeg","type":"image\/jpeg"}],"twitter_card":"summary_large_image","twitter_misc":{"Gesch\u00e4tzte Lesezeit":"1\u00a0Minute"},"schema":{"@context":"https:\/\/schema.org","@graph":[{"@type":"WebPage","@id":"https:\/\/www.art-memorials.com\/de\/artwork\/asche-gemalde-nature-natur-2\/","url":"https:\/\/www.art-memorials.com\/de\/artwork\/asche-gemalde-nature-natur-2\/","name":"Nature II - Natur II &#8902; Art-Memorials.com","isPartOf":{"@id":"http:\/\/www.art-memorials.com\/de\/#website"},"primaryImageOfPage":{"@id":"https:\/\/www.art-memorials.com\/de\/artwork\/asche-gemalde-nature-natur-2\/#primaryimage"},"image":{"@id":"https:\/\/www.art-memorials.com\/de\/artwork\/asche-gemalde-nature-natur-2\/#primaryimage"},"thumbnailUrl":"https:\/\/www.art-memorials.com\/wp-content\/uploads\/2022\/07\/Nature-II-scaled.jpeg","datePublished":"2022-07-18T15:09:59+00:00","dateModified":"2023-04-26T12:08:56+00:00","description":"Motive, die tropische Bl\u00e4tter in einer abenteuerlichen Dschungelatmosph\u00e4re darstellen, die aus Asche hergestellt und in Ihr einzigartiges Gem\u00e4lde integriert werden.","breadcrumb":{"@id":"https:\/\/www.art-memorials.com\/de\/artwork\/asche-gemalde-nature-natur-2\/#breadcrumb"},"inLanguage":"de","potentialAction":[{"@type":"ReadAction","target":["https:\/\/www.art-memorials.com\/de\/artwork\/asche-gemalde-nature-natur-2\/"]}]},{"@type":"ImageObject","inLanguage":"de","@id":"https:\/\/www.art-memorials.com\/de\/artwork\/asche-gemalde-nature-natur-2\/#primaryimage","url":"https:\/\/www.art-memorials.com\/wp-content\/uploads\/2022\/07\/Nature-II-scaled.jpeg","contentUrl":"https:\/\/www.art-memorials.com\/wp-content\/uploads\/2022\/07\/Nature-II-scaled.jpeg","width":947,"height":2560,"caption":"Ein Gem\u00e4lde mit gro\u00dfen gr\u00fcnen Bl\u00e4ttern."},{"@type":"BreadcrumbList","@id":"https:\/\/www.art-memorials.com\/de\/artwork\/asche-gemalde-nature-natur-2\/#breadcrumb","itemListElement":[{"@type":"ListItem","position":1,"name":"Home","item":"https:\/\/www.art-memorials.com\/de\/"},{"@type":"ListItem","position":2,"name":"Shop","item":"https:\/\/www.art-memorials.com\/de\/urnen\/"},{"@type":"ListItem","position":3,"name":"Nature II &#8211; Natur II"}]},{"@type":"WebSite","@id":"http:\/\/www.art-memorials.com\/de\/#website","url":"http:\/\/www.art-memorials.com\/de\/","name":"Art-Memorials","description":"Exclusive Cremation Urns, Ash Paintings, and Sculptures","potentialAction":[{"@type":"SearchAction","target":{"@type":"EntryPoint","urlTemplate":"http:\/\/www.art-memorials.com\/de\/?s={search_term_string}"},"query-input":{"@type":"PropertyValueSpecification","valueRequired":true,"valueName":"search_term_string"}}],"inLanguage":"de"}]}},"_links":{"self":[{"href":"https:\/\/www.art-memorials.com\/de\/wp-json\/wp\/v2\/product\/4407","targetHints":{"allow":["GET"]}}],"collection":[{"href":"https:\/\/www.art-memorials.com\/de\/wp-json\/wp\/v2\/product"}],"about":[{"href":"https:\/\/www.art-memorials.com\/de\/wp-json\/wp\/v2\/types\/product"}],"wp:featuredmedia":[{"embeddable":true,"href":"https:\/\/www.art-memorials.com\/de\/wp-json\/wp\/v2\/media\/2344"}],"wp:attachment":[{"href":"https:\/\/www.art-memorials.com\/de\/wp-json\/wp\/v2\/media?parent=4407"}],"wp:term":[{"taxonomy":"product_brand","embeddable":true,"href":"https:\/\/www.art-memorials.com\/de\/wp-json\/wp\/v2\/product_brand?post=4407"},{"taxonomy":"product_cat","embeddable":true,"href":"https:\/\/www.art-memorials.com\/de\/wp-json\/wp\/v2\/product_cat?post=4407"},{"taxonomy":"product_tag","embeddable":true,"href":"https:\/\/www.art-memorials.com\/de\/wp-json\/wp\/v2\/product_tag?post=4407"}],"curies":[{"name":"wp","href":"https:\/\/api.w.org\/{rel}","templated":true}]}}