{"id":4408,"date":"2022-07-18T17:04:33","date_gmt":"2022-07-18T15:04:33","guid":{"rendered":"https:\/\/art-memorials.com\/product\/ash-painting-floral-3\/"},"modified":"2023-05-02T10:46:28","modified_gmt":"2023-05-02T08:46:28","slug":"asche-gemalde-floral-3","status":"publish","type":"product","link":"https:\/\/www.art-memorials.com\/de\/artwork\/asche-gemalde-floral-3\/","title":{"rendered":"Floral III"},"content":{"rendered":"<p><strong>Floral III<\/strong><\/p>\n<p>Die dritte Version von Floral, ein sch\u00f6nes Gem\u00e4lde mit einer gelben Blume. Durch den dunkleren Grauton wird eine Vase angedeutet &#8211; sehr abstrakt und beruhigend.<\/p>\n<p>Jedes Aschebild ist ein Unikat und wird von unserem K\u00fcnstler mit hochwertigen Acrylfarben, nat\u00fcrlichen Pigmenten und Bindemitteln hergestellt. Die besten Materialien garantieren ein einzigartiges Meisterwerk.<\/p>\n<p>Ein sch\u00f6ner Moment &#8211; das Aufbl\u00fchen der Sommerblumen &#8211; wurde von der K\u00fcnstlerin festgehalten. Mit leuchtenden Farben und auff\u00e4lligen Pinselstrichen erscheinen florale Motive auf einem ged\u00e4mpften, gr\u00e4ulichen Hintergrund.<\/p>\n<p>F\u00fcr weitere Informationen oder Beratung steht Ihnen das Team von Art-Memorials gerne zur Verf\u00fcgung!<\/p>\n<ul>\n<li>Art in Ashes &#8211; Exklusiv<\/li>\n<li>Blumenmalerei auf Holzplatte<\/li>\n<li>Spachteltechnik<\/li>\n<li>Hauptfarbe: Gelb \/ Grau \/ sanftes Blau<\/li>\n<\/ul>\n","protected":false},"excerpt":{"rendered":"<p>Ein sch\u00f6ner Moment &#8211; das Aufbl\u00fchen der Sommerblumen &#8211; wurde von der K\u00fcnstlerin festgehalten. Mit leuchtenden Farben und auff\u00e4lligen Pinselstrichen erscheinen florale Motive auf einem ged\u00e4mpften, gr\u00e4ulichen Hintergrund.<\/p>\n","protected":false},"featured_media":2340,"template":"","meta":[],"product_brand":[],"product_cat":[357],"product_tag":[380,395,396,397,398],"class_list":{"0":"post-4408","1":"product","2":"type-product","3":"status-publish","4":"has-post-thumbnail","6":"product_cat-aschebilder","7":"product_tag-grau","8":"product_tag-blume","9":"product_tag-gelb","10":"product_tag-floral-iii-de","11":"product_tag-vase-de","12":"pa_theme-floral-de","13":"tm-has-options","15":"first","16":"outofstock","17":"taxable","18":"shipping-taxable","19":"purchasable","20":"product-type-simple"},"yoast_head":"<!-- This site is optimized with the Yoast SEO plugin v24.4 - https:\/\/yoast.com\/wordpress\/plugins\/seo\/ -->\n<title>Floral III &#8902; Art-Memorials.com<\/title>\n<meta name=\"description\" content=\"Die dritte Version von Floral, ein sch\u00f6nes Gem\u00e4lde mit einer gelben Blume. Durch den dunkleren Grauton wird eine Vase angedeutet - sehr abstrakt und beruhigend.\" \/>\n<meta name=\"robots\" content=\"index, follow, max-snippet:-1, max-image-preview:large, max-video-preview:-1\" \/>\n<link rel=\"canonical\" href=\"https:\/\/www.art-memorials.com\/de\/artwork\/asche-gemalde-floral-3\/\" \/>\n<meta property=\"og:locale\" content=\"de_DE\" \/>\n<meta property=\"og:type\" content=\"article\" \/>\n<meta property=\"og:title\" content=\"Floral III &#8902; Art-Memorials.com\" \/>\n<meta property=\"og:description\" content=\"Die dritte Version von Floral, ein sch\u00f6nes Gem\u00e4lde mit einer gelben Blume. Durch den dunkleren Grauton wird eine Vase angedeutet - sehr abstrakt und beruhigend.\" \/>\n<meta property=\"og:url\" content=\"https:\/\/www.art-memorials.com\/de\/artwork\/asche-gemalde-floral-3\/\" \/>\n<meta property=\"og:site_name\" content=\"Art-Memorials\" \/>\n<meta property=\"article:modified_time\" content=\"2023-05-02T08:46:28+00:00\" \/>\n<meta property=\"og:image\" content=\"https:\/\/www.art-memorials.com\/wp-content\/uploads\/2022\/07\/Floral-III.jpeg\" \/>\n\t<meta property=\"og:image:width\" content=\"458\" \/>\n\t<meta property=\"og:image:height\" content=\"458\" \/>\n\t<meta property=\"og:image:type\" content=\"image\/jpeg\" \/>\n<meta name=\"twitter:card\" content=\"summary_large_image\" \/>\n<meta name=\"twitter:label1\" content=\"Gesch\u00e4tzte Lesezeit\" \/>\n\t<meta name=\"twitter:data1\" content=\"1\u00a0Minute\" \/>\n<script type=\"application\/ld+json\" class=\"yoast-schema-graph\">{\"@context\":\"https:\/\/schema.org\",\"@graph\":[{\"@type\":\"WebPage\",\"@id\":\"https:\/\/www.art-memorials.com\/de\/artwork\/asche-gemalde-floral-3\/\",\"url\":\"https:\/\/www.art-memorials.com\/de\/artwork\/asche-gemalde-floral-3\/\",\"name\":\"Floral III &#8902; Art-Memorials.com\",\"isPartOf\":{\"@id\":\"http:\/\/www.art-memorials.com\/de\/#website\"},\"primaryImageOfPage\":{\"@id\":\"https:\/\/www.art-memorials.com\/de\/artwork\/asche-gemalde-floral-3\/#primaryimage\"},\"image\":{\"@id\":\"https:\/\/www.art-memorials.com\/de\/artwork\/asche-gemalde-floral-3\/#primaryimage\"},\"thumbnailUrl\":\"https:\/\/www.art-memorials.com\/wp-content\/uploads\/2022\/07\/Floral-III.jpeg\",\"datePublished\":\"2022-07-18T15:04:33+00:00\",\"dateModified\":\"2023-05-02T08:46:28+00:00\",\"description\":\"Die dritte Version von Floral, ein sch\u00f6nes Gem\u00e4lde mit einer gelben Blume. Durch den dunkleren Grauton wird eine Vase angedeutet - sehr abstrakt und beruhigend.\",\"breadcrumb\":{\"@id\":\"https:\/\/www.art-memorials.com\/de\/artwork\/asche-gemalde-floral-3\/#breadcrumb\"},\"inLanguage\":\"de\",\"potentialAction\":[{\"@type\":\"ReadAction\",\"target\":[\"https:\/\/www.art-memorials.com\/de\/artwork\/asche-gemalde-floral-3\/\"]}]},{\"@type\":\"ImageObject\",\"inLanguage\":\"de\",\"@id\":\"https:\/\/www.art-memorials.com\/de\/artwork\/asche-gemalde-floral-3\/#primaryimage\",\"url\":\"https:\/\/www.art-memorials.com\/wp-content\/uploads\/2022\/07\/Floral-III.jpeg\",\"contentUrl\":\"https:\/\/www.art-memorials.com\/wp-content\/uploads\/2022\/07\/Floral-III.jpeg\",\"width\":458,\"height\":458,\"caption\":\"Ein abstraktes Gem\u00e4lde von einer gelben Blume in einer Vase, auf dem Boden neben einer Vase mit gr\u00fcnen Blumen stehend.\"},{\"@type\":\"BreadcrumbList\",\"@id\":\"https:\/\/www.art-memorials.com\/de\/artwork\/asche-gemalde-floral-3\/#breadcrumb\",\"itemListElement\":[{\"@type\":\"ListItem\",\"position\":1,\"name\":\"Home\",\"item\":\"https:\/\/www.art-memorials.com\/de\/\"},{\"@type\":\"ListItem\",\"position\":2,\"name\":\"Shop\",\"item\":\"https:\/\/www.art-memorials.com\/de\/urnen\/\"},{\"@type\":\"ListItem\",\"position\":3,\"name\":\"Floral III\"}]},{\"@type\":\"WebSite\",\"@id\":\"http:\/\/www.art-memorials.com\/de\/#website\",\"url\":\"http:\/\/www.art-memorials.com\/de\/\",\"name\":\"Art-Memorials\",\"description\":\"Exclusive Cremation Urns, Ash Paintings, and Sculptures\",\"potentialAction\":[{\"@type\":\"SearchAction\",\"target\":{\"@type\":\"EntryPoint\",\"urlTemplate\":\"http:\/\/www.art-memorials.com\/de\/?s={search_term_string}\"},\"query-input\":{\"@type\":\"PropertyValueSpecification\",\"valueRequired\":true,\"valueName\":\"search_term_string\"}}],\"inLanguage\":\"de\"}]}<\/script>\n<!-- \/ Yoast SEO plugin. -->","yoast_head_json":{"title":"Floral III &#8902; Art-Memorials.com","description":"Die dritte Version von Floral, ein sch\u00f6nes Gem\u00e4lde mit einer gelben Blume. Durch den dunkleren Grauton wird eine Vase angedeutet - sehr abstrakt und beruhigend.","robots":{"index":"index","follow":"follow","max-snippet":"max-snippet:-1","max-image-preview":"max-image-preview:large","max-video-preview":"max-video-preview:-1"},"canonical":"https:\/\/www.art-memorials.com\/de\/artwork\/asche-gemalde-floral-3\/","og_locale":"de_DE","og_type":"article","og_title":"Floral III &#8902; Art-Memorials.com","og_description":"Die dritte Version von Floral, ein sch\u00f6nes Gem\u00e4lde mit einer gelben Blume. Durch den dunkleren Grauton wird eine Vase angedeutet - sehr abstrakt und beruhigend.","og_url":"https:\/\/www.art-memorials.com\/de\/artwork\/asche-gemalde-floral-3\/","og_site_name":"Art-Memorials","article_modified_time":"2023-05-02T08:46:28+00:00","og_image":[{"width":458,"height":458,"url":"https:\/\/www.art-memorials.com\/wp-content\/uploads\/2022\/07\/Floral-III.jpeg","type":"image\/jpeg"}],"twitter_card":"summary_large_image","twitter_misc":{"Gesch\u00e4tzte Lesezeit":"1\u00a0Minute"},"schema":{"@context":"https:\/\/schema.org","@graph":[{"@type":"WebPage","@id":"https:\/\/www.art-memorials.com\/de\/artwork\/asche-gemalde-floral-3\/","url":"https:\/\/www.art-memorials.com\/de\/artwork\/asche-gemalde-floral-3\/","name":"Floral III &#8902; Art-Memorials.com","isPartOf":{"@id":"http:\/\/www.art-memorials.com\/de\/#website"},"primaryImageOfPage":{"@id":"https:\/\/www.art-memorials.com\/de\/artwork\/asche-gemalde-floral-3\/#primaryimage"},"image":{"@id":"https:\/\/www.art-memorials.com\/de\/artwork\/asche-gemalde-floral-3\/#primaryimage"},"thumbnailUrl":"https:\/\/www.art-memorials.com\/wp-content\/uploads\/2022\/07\/Floral-III.jpeg","datePublished":"2022-07-18T15:04:33+00:00","dateModified":"2023-05-02T08:46:28+00:00","description":"Die dritte Version von Floral, ein sch\u00f6nes Gem\u00e4lde mit einer gelben Blume. Durch den dunkleren Grauton wird eine Vase angedeutet - sehr abstrakt und beruhigend.","breadcrumb":{"@id":"https:\/\/www.art-memorials.com\/de\/artwork\/asche-gemalde-floral-3\/#breadcrumb"},"inLanguage":"de","potentialAction":[{"@type":"ReadAction","target":["https:\/\/www.art-memorials.com\/de\/artwork\/asche-gemalde-floral-3\/"]}]},{"@type":"ImageObject","inLanguage":"de","@id":"https:\/\/www.art-memorials.com\/de\/artwork\/asche-gemalde-floral-3\/#primaryimage","url":"https:\/\/www.art-memorials.com\/wp-content\/uploads\/2022\/07\/Floral-III.jpeg","contentUrl":"https:\/\/www.art-memorials.com\/wp-content\/uploads\/2022\/07\/Floral-III.jpeg","width":458,"height":458,"caption":"Ein abstraktes Gem\u00e4lde von einer gelben Blume in einer Vase, auf dem Boden neben einer Vase mit gr\u00fcnen Blumen stehend."},{"@type":"BreadcrumbList","@id":"https:\/\/www.art-memorials.com\/de\/artwork\/asche-gemalde-floral-3\/#breadcrumb","itemListElement":[{"@type":"ListItem","position":1,"name":"Home","item":"https:\/\/www.art-memorials.com\/de\/"},{"@type":"ListItem","position":2,"name":"Shop","item":"https:\/\/www.art-memorials.com\/de\/urnen\/"},{"@type":"ListItem","position":3,"name":"Floral III"}]},{"@type":"WebSite","@id":"http:\/\/www.art-memorials.com\/de\/#website","url":"http:\/\/www.art-memorials.com\/de\/","name":"Art-Memorials","description":"Exclusive Cremation Urns, Ash Paintings, and Sculptures","potentialAction":[{"@type":"SearchAction","target":{"@type":"EntryPoint","urlTemplate":"http:\/\/www.art-memorials.com\/de\/?s={search_term_string}"},"query-input":{"@type":"PropertyValueSpecification","valueRequired":true,"valueName":"search_term_string"}}],"inLanguage":"de"}]}},"_links":{"self":[{"href":"https:\/\/www.art-memorials.com\/de\/wp-json\/wp\/v2\/product\/4408","targetHints":{"allow":["GET"]}}],"collection":[{"href":"https:\/\/www.art-memorials.com\/de\/wp-json\/wp\/v2\/product"}],"about":[{"href":"https:\/\/www.art-memorials.com\/de\/wp-json\/wp\/v2\/types\/product"}],"wp:featuredmedia":[{"embeddable":true,"href":"https:\/\/www.art-memorials.com\/de\/wp-json\/wp\/v2\/media\/2340"}],"wp:attachment":[{"href":"https:\/\/www.art-memorials.com\/de\/wp-json\/wp\/v2\/media?parent=4408"}],"wp:term":[{"taxonomy":"product_brand","embeddable":true,"href":"https:\/\/www.art-memorials.com\/de\/wp-json\/wp\/v2\/product_brand?post=4408"},{"taxonomy":"product_cat","embeddable":true,"href":"https:\/\/www.art-memorials.com\/de\/wp-json\/wp\/v2\/product_cat?post=4408"},{"taxonomy":"product_tag","embeddable":true,"href":"https:\/\/www.art-memorials.com\/de\/wp-json\/wp\/v2\/product_tag?post=4408"}],"curies":[{"name":"wp","href":"https:\/\/api.w.org\/{rel}","templated":true}]}}