{"id":4409,"date":"2022-07-18T16:58:30","date_gmt":"2022-07-18T14:58:30","guid":{"rendered":"https:\/\/art-memorials.com\/product\/ash-painting-floral-2\/"},"modified":"2022-07-18T16:58:30","modified_gmt":"2022-07-18T14:58:30","slug":"ash-painting-floral-2","status":"publish","type":"product","link":"https:\/\/www.art-memorials.com\/de\/artwork\/ash-painting-floral-2\/","title":{"rendered":"Floral II"},"content":{"rendered":"<p><strong>Floral II<\/strong><\/p>\n<p>Ein sch\u00f6nes Gem\u00e4lde mit einer gelben Blume. Durch den dunkleren Grauton ist eine Vase angedeutet &#8211; sehr abstrakt und beruhigend.<\/p>\n<p>Jedes Aschebild ist ein Unikat und wird von unserem K\u00fcnstler mit hochwertigen Acrylfarben, nat\u00fcrlichen Pigmenten und Bindemitteln hergestellt. Die besten Materialien garantieren ein einzigartiges Meisterwerk.<\/p>\n<p>Ein sch\u00f6ner Moment &#8211; das Aufbl\u00fchen der Sommerblumen &#8211; wurde von der K\u00fcnstlerin festgehalten. Mit leuchtenden Farben und auff\u00e4lligen Pinselstrichen erscheinen florale Motive auf einem ged\u00e4mpften, gr\u00e4ulichen Hintergrund.<\/p>\n<p>F\u00fcr weitere Informationen oder Beratung steht Ihnen das Team von Art-Memorials gerne zur Verf\u00fcgung!<\/p>\n<ul>\n<li>Art in Ashes &#8211; Exklusiv<\/li>\n<li>Blumenmalerei auf Holzplatte<\/li>\n<li>Spachteltechnik<\/li>\n<li>Hauptfarbe: Gelb \/ Grau \/ sanftes Blau<\/li>\n<\/ul>\n","protected":false},"excerpt":{"rendered":"<p>Ein sch\u00f6ner Moment &#8211; das Aufbl\u00fchen der Sommerblumen &#8211; wurde von der K\u00fcnstlerin festgehalten. Mit leuchtenden Farben und auff\u00e4lligen Pinselstrichen erscheinen florale Motive auf einem ged\u00e4mpften, gr\u00e4ulichen Hintergrund.<\/p>\n","protected":false},"featured_media":2336,"template":"","meta":[],"product_brand":[],"product_cat":[357],"product_tag":[287,299,378,380,395,396,399],"class_list":{"0":"post-4409","1":"product","2":"type-product","3":"status-publish","4":"has-post-thumbnail","6":"product_cat-aschebilder","7":"product_tag-ausgewahlte","8":"product_tag-abstrakt","9":"product_tag-asche","10":"product_tag-grau","11":"product_tag-blume","12":"product_tag-gelb","13":"product_tag-floral-ii-de","14":"tm-has-options","16":"first","17":"outofstock","18":"taxable","19":"shipping-taxable","20":"purchasable","21":"product-type-simple"},"yoast_head":"<!-- This site is optimized with the Yoast SEO plugin v24.4 - https:\/\/yoast.com\/wordpress\/plugins\/seo\/ -->\n<title>Floral II &#8902; Art-Memorials.com<\/title>\n<meta name=\"description\" content=\"Ein sch\u00f6nes Gem\u00e4lde mit einer gelben Blume. Durch den dunkleren Grauton ist eine Vase angedeutet - sehr abstrakt und beruhigend.\" \/>\n<meta name=\"robots\" content=\"index, follow, max-snippet:-1, max-image-preview:large, max-video-preview:-1\" \/>\n<link rel=\"canonical\" href=\"https:\/\/www.art-memorials.com\/de\/artwork\/ash-painting-floral-2\/\" \/>\n<meta property=\"og:locale\" content=\"de_DE\" \/>\n<meta property=\"og:type\" content=\"article\" \/>\n<meta property=\"og:title\" content=\"Floral II &#8902; Art-Memorials.com\" \/>\n<meta property=\"og:description\" content=\"Ein sch\u00f6nes Gem\u00e4lde mit einer gelben Blume. Durch den dunkleren Grauton ist eine Vase angedeutet - sehr abstrakt und beruhigend.\" \/>\n<meta property=\"og:url\" content=\"https:\/\/www.art-memorials.com\/de\/artwork\/ash-painting-floral-2\/\" \/>\n<meta property=\"og:site_name\" content=\"Art-Memorials\" \/>\n<meta property=\"og:image\" content=\"https:\/\/www.art-memorials.com\/wp-content\/uploads\/2022\/07\/Floral-II.jpeg\" \/>\n\t<meta property=\"og:image:width\" content=\"458\" \/>\n\t<meta property=\"og:image:height\" content=\"458\" \/>\n\t<meta property=\"og:image:type\" content=\"image\/jpeg\" \/>\n<meta name=\"twitter:card\" content=\"summary_large_image\" \/>\n<meta name=\"twitter:label1\" content=\"Gesch\u00e4tzte Lesezeit\" \/>\n\t<meta name=\"twitter:data1\" content=\"1\u00a0Minute\" \/>\n<script type=\"application\/ld+json\" class=\"yoast-schema-graph\">{\"@context\":\"https:\/\/schema.org\",\"@graph\":[{\"@type\":\"WebPage\",\"@id\":\"https:\/\/www.art-memorials.com\/de\/artwork\/ash-painting-floral-2\/\",\"url\":\"https:\/\/www.art-memorials.com\/de\/artwork\/ash-painting-floral-2\/\",\"name\":\"Floral II &#8902; Art-Memorials.com\",\"isPartOf\":{\"@id\":\"http:\/\/www.art-memorials.com\/de\/#website\"},\"primaryImageOfPage\":{\"@id\":\"https:\/\/www.art-memorials.com\/de\/artwork\/ash-painting-floral-2\/#primaryimage\"},\"image\":{\"@id\":\"https:\/\/www.art-memorials.com\/de\/artwork\/ash-painting-floral-2\/#primaryimage\"},\"thumbnailUrl\":\"https:\/\/www.art-memorials.com\/wp-content\/uploads\/2022\/07\/Floral-II.jpeg\",\"datePublished\":\"2022-07-18T14:58:30+00:00\",\"description\":\"Ein sch\u00f6nes Gem\u00e4lde mit einer gelben Blume. Durch den dunkleren Grauton ist eine Vase angedeutet - sehr abstrakt und beruhigend.\",\"breadcrumb\":{\"@id\":\"https:\/\/www.art-memorials.com\/de\/artwork\/ash-painting-floral-2\/#breadcrumb\"},\"inLanguage\":\"de\",\"potentialAction\":[{\"@type\":\"ReadAction\",\"target\":[\"https:\/\/www.art-memorials.com\/de\/artwork\/ash-painting-floral-2\/\"]}]},{\"@type\":\"ImageObject\",\"inLanguage\":\"de\",\"@id\":\"https:\/\/www.art-memorials.com\/de\/artwork\/ash-painting-floral-2\/#primaryimage\",\"url\":\"https:\/\/www.art-memorials.com\/wp-content\/uploads\/2022\/07\/Floral-II.jpeg\",\"contentUrl\":\"https:\/\/www.art-memorials.com\/wp-content\/uploads\/2022\/07\/Floral-II.jpeg\",\"width\":458,\"height\":458,\"caption\":\"An abstract painting of yellow flowers in a slim vase. The background is mostly of light blue colour.\"},{\"@type\":\"BreadcrumbList\",\"@id\":\"https:\/\/www.art-memorials.com\/de\/artwork\/ash-painting-floral-2\/#breadcrumb\",\"itemListElement\":[{\"@type\":\"ListItem\",\"position\":1,\"name\":\"Home\",\"item\":\"https:\/\/www.art-memorials.com\/de\/\"},{\"@type\":\"ListItem\",\"position\":2,\"name\":\"Shop\",\"item\":\"https:\/\/www.art-memorials.com\/de\/urnen\/\"},{\"@type\":\"ListItem\",\"position\":3,\"name\":\"Floral II\"}]},{\"@type\":\"WebSite\",\"@id\":\"http:\/\/www.art-memorials.com\/de\/#website\",\"url\":\"http:\/\/www.art-memorials.com\/de\/\",\"name\":\"Art-Memorials\",\"description\":\"Exclusive Cremation Urns, Ash Paintings, and Sculptures\",\"potentialAction\":[{\"@type\":\"SearchAction\",\"target\":{\"@type\":\"EntryPoint\",\"urlTemplate\":\"http:\/\/www.art-memorials.com\/de\/?s={search_term_string}\"},\"query-input\":{\"@type\":\"PropertyValueSpecification\",\"valueRequired\":true,\"valueName\":\"search_term_string\"}}],\"inLanguage\":\"de\"}]}<\/script>\n<!-- \/ Yoast SEO plugin. -->","yoast_head_json":{"title":"Floral II &#8902; Art-Memorials.com","description":"Ein sch\u00f6nes Gem\u00e4lde mit einer gelben Blume. Durch den dunkleren Grauton ist eine Vase angedeutet - sehr abstrakt und beruhigend.","robots":{"index":"index","follow":"follow","max-snippet":"max-snippet:-1","max-image-preview":"max-image-preview:large","max-video-preview":"max-video-preview:-1"},"canonical":"https:\/\/www.art-memorials.com\/de\/artwork\/ash-painting-floral-2\/","og_locale":"de_DE","og_type":"article","og_title":"Floral II &#8902; Art-Memorials.com","og_description":"Ein sch\u00f6nes Gem\u00e4lde mit einer gelben Blume. Durch den dunkleren Grauton ist eine Vase angedeutet - sehr abstrakt und beruhigend.","og_url":"https:\/\/www.art-memorials.com\/de\/artwork\/ash-painting-floral-2\/","og_site_name":"Art-Memorials","og_image":[{"width":458,"height":458,"url":"https:\/\/www.art-memorials.com\/wp-content\/uploads\/2022\/07\/Floral-II.jpeg","type":"image\/jpeg"}],"twitter_card":"summary_large_image","twitter_misc":{"Gesch\u00e4tzte Lesezeit":"1\u00a0Minute"},"schema":{"@context":"https:\/\/schema.org","@graph":[{"@type":"WebPage","@id":"https:\/\/www.art-memorials.com\/de\/artwork\/ash-painting-floral-2\/","url":"https:\/\/www.art-memorials.com\/de\/artwork\/ash-painting-floral-2\/","name":"Floral II &#8902; Art-Memorials.com","isPartOf":{"@id":"http:\/\/www.art-memorials.com\/de\/#website"},"primaryImageOfPage":{"@id":"https:\/\/www.art-memorials.com\/de\/artwork\/ash-painting-floral-2\/#primaryimage"},"image":{"@id":"https:\/\/www.art-memorials.com\/de\/artwork\/ash-painting-floral-2\/#primaryimage"},"thumbnailUrl":"https:\/\/www.art-memorials.com\/wp-content\/uploads\/2022\/07\/Floral-II.jpeg","datePublished":"2022-07-18T14:58:30+00:00","description":"Ein sch\u00f6nes Gem\u00e4lde mit einer gelben Blume. Durch den dunkleren Grauton ist eine Vase angedeutet - sehr abstrakt und beruhigend.","breadcrumb":{"@id":"https:\/\/www.art-memorials.com\/de\/artwork\/ash-painting-floral-2\/#breadcrumb"},"inLanguage":"de","potentialAction":[{"@type":"ReadAction","target":["https:\/\/www.art-memorials.com\/de\/artwork\/ash-painting-floral-2\/"]}]},{"@type":"ImageObject","inLanguage":"de","@id":"https:\/\/www.art-memorials.com\/de\/artwork\/ash-painting-floral-2\/#primaryimage","url":"https:\/\/www.art-memorials.com\/wp-content\/uploads\/2022\/07\/Floral-II.jpeg","contentUrl":"https:\/\/www.art-memorials.com\/wp-content\/uploads\/2022\/07\/Floral-II.jpeg","width":458,"height":458,"caption":"An abstract painting of yellow flowers in a slim vase. The background is mostly of light blue colour."},{"@type":"BreadcrumbList","@id":"https:\/\/www.art-memorials.com\/de\/artwork\/ash-painting-floral-2\/#breadcrumb","itemListElement":[{"@type":"ListItem","position":1,"name":"Home","item":"https:\/\/www.art-memorials.com\/de\/"},{"@type":"ListItem","position":2,"name":"Shop","item":"https:\/\/www.art-memorials.com\/de\/urnen\/"},{"@type":"ListItem","position":3,"name":"Floral II"}]},{"@type":"WebSite","@id":"http:\/\/www.art-memorials.com\/de\/#website","url":"http:\/\/www.art-memorials.com\/de\/","name":"Art-Memorials","description":"Exclusive Cremation Urns, Ash Paintings, and Sculptures","potentialAction":[{"@type":"SearchAction","target":{"@type":"EntryPoint","urlTemplate":"http:\/\/www.art-memorials.com\/de\/?s={search_term_string}"},"query-input":{"@type":"PropertyValueSpecification","valueRequired":true,"valueName":"search_term_string"}}],"inLanguage":"de"}]}},"_links":{"self":[{"href":"https:\/\/www.art-memorials.com\/de\/wp-json\/wp\/v2\/product\/4409","targetHints":{"allow":["GET"]}}],"collection":[{"href":"https:\/\/www.art-memorials.com\/de\/wp-json\/wp\/v2\/product"}],"about":[{"href":"https:\/\/www.art-memorials.com\/de\/wp-json\/wp\/v2\/types\/product"}],"wp:featuredmedia":[{"embeddable":true,"href":"https:\/\/www.art-memorials.com\/de\/wp-json\/wp\/v2\/media\/2336"}],"wp:attachment":[{"href":"https:\/\/www.art-memorials.com\/de\/wp-json\/wp\/v2\/media?parent=4409"}],"wp:term":[{"taxonomy":"product_brand","embeddable":true,"href":"https:\/\/www.art-memorials.com\/de\/wp-json\/wp\/v2\/product_brand?post=4409"},{"taxonomy":"product_cat","embeddable":true,"href":"https:\/\/www.art-memorials.com\/de\/wp-json\/wp\/v2\/product_cat?post=4409"},{"taxonomy":"product_tag","embeddable":true,"href":"https:\/\/www.art-memorials.com\/de\/wp-json\/wp\/v2\/product_tag?post=4409"}],"curies":[{"name":"wp","href":"https:\/\/api.w.org\/{rel}","templated":true}]}}