{"id":4411,"date":"2022-07-16T14:58:16","date_gmt":"2022-07-16T12:58:16","guid":{"rendered":"https:\/\/art-memorials.com\/product\/ash-painting-nature-1\/"},"modified":"2023-04-26T10:15:12","modified_gmt":"2023-04-26T08:15:12","slug":"asche-gemalde-natur-1","status":"publish","type":"product","link":"https:\/\/www.art-memorials.com\/de\/artwork\/asche-gemalde-natur-1\/","title":{"rendered":"Nature I &#8211; Natur I"},"content":{"rendered":"<p><strong>Nature I<\/strong><\/p>\n<p>Naturalistisches Gem\u00e4lde, das die Abdr\u00fccke einer Pflanze zeigt. Ideal f\u00fcr Abenteurer und Naturliebhaber.<\/p>\n<p>Jedes Aschebild ist ein Unikat und wird von unserem K\u00fcnstler mit hochwertigen Acrylfarben, nat\u00fcrlichen Pigmenten und Bindemitteln hergestellt. Die besten Materialien garantieren ein einzigartiges Meisterwerk.<\/p>\n<p>Motive, die tropische Bl\u00e4tter mit naturalistischen Motiven abbilden. In abenteuerlicher Dschungelatmosph\u00e4re erklingt tiefes Gr\u00fcn in warmen Farbt\u00f6nen mit dreidimensionalen Natureindr\u00fccken.<\/p>\n<p>F\u00fcr weitere Informationen oder Beratung steht Ihnen das Team von Art-Memorials gerne zur Verf\u00fcgung!<\/p>\n<ul>\n<li>Art in Ashes &#8211; Exklusiv<\/li>\n<li>Naturgem\u00e4lde auf Holzplatte<\/li>\n<li>30 x 80 cm<\/li>\n<li>Hauptfarbe: Gr\u00fcn<\/li>\n<\/ul>\n","protected":false},"excerpt":{"rendered":"<p>Ein sch\u00f6ner Moment &#8211; das Aufbl\u00fchen der Sommerblumen &#8211; wurde von der K\u00fcnstlerin festgehalten. Mit leuchtenden Farben und auff\u00e4lligen Pinselstrichen erscheinen florale Motive auf einem ged\u00e4mpften, gr\u00e4ulichen Hintergrund.<\/p>\n","protected":false},"featured_media":2328,"template":"","meta":[],"product_brand":[],"product_cat":[357],"product_tag":[286,378,391,402,403],"class_list":{"0":"post-4411","1":"product","2":"type-product","3":"status-publish","4":"has-post-thumbnail","6":"product_cat-aschebilder","7":"product_tag-natur","8":"product_tag-asche","9":"product_tag-grun","10":"product_tag-jungel","11":"product_tag-blatter","12":"pa_theme-natur","13":"tm-has-options","15":"first","16":"instock","17":"taxable","18":"shipping-taxable","19":"purchasable","20":"product-type-simple"},"yoast_head":"<!-- This site is optimized with the Yoast SEO plugin v24.4 - https:\/\/yoast.com\/wordpress\/plugins\/seo\/ -->\n<title>Nature I - Natur I &#8902; Art-Memorials.com<\/title>\n<meta name=\"description\" content=\"Ein sch\u00f6ner Moment - das Aufbl\u00fchen der Sommerblumen - wurde von der K\u00fcnstlerin festgehalten. Mit Asche schaffen unsere K\u00fcnstler ein beruhigendes Blumenmotiv.\" \/>\n<meta name=\"robots\" content=\"index, follow, max-snippet:-1, max-image-preview:large, max-video-preview:-1\" \/>\n<link rel=\"canonical\" href=\"https:\/\/www.art-memorials.com\/de\/artwork\/asche-gemalde-natur-1\/\" \/>\n<meta property=\"og:locale\" content=\"de_DE\" \/>\n<meta property=\"og:type\" content=\"article\" \/>\n<meta property=\"og:title\" content=\"Nature I - Natur I &#8902; Art-Memorials.com\" \/>\n<meta property=\"og:description\" content=\"Ein sch\u00f6ner Moment - das Aufbl\u00fchen der Sommerblumen - wurde von der K\u00fcnstlerin festgehalten. Mit Asche schaffen unsere K\u00fcnstler ein beruhigendes Blumenmotiv.\" \/>\n<meta property=\"og:url\" content=\"https:\/\/www.art-memorials.com\/de\/artwork\/asche-gemalde-natur-1\/\" \/>\n<meta property=\"og:site_name\" content=\"Art-Memorials\" \/>\n<meta property=\"article:modified_time\" content=\"2023-04-26T08:15:12+00:00\" \/>\n<meta property=\"og:image\" content=\"https:\/\/www.art-memorials.com\/wp-content\/uploads\/2022\/07\/Bild01-scaled.jpeg\" \/>\n\t<meta property=\"og:image:width\" content=\"970\" \/>\n\t<meta property=\"og:image:height\" content=\"2560\" \/>\n\t<meta property=\"og:image:type\" content=\"image\/jpeg\" \/>\n<meta name=\"twitter:card\" content=\"summary_large_image\" \/>\n<meta name=\"twitter:label1\" content=\"Gesch\u00e4tzte Lesezeit\" \/>\n\t<meta name=\"twitter:data1\" content=\"1\u00a0Minute\" \/>\n<script type=\"application\/ld+json\" class=\"yoast-schema-graph\">{\"@context\":\"https:\/\/schema.org\",\"@graph\":[{\"@type\":\"WebPage\",\"@id\":\"https:\/\/www.art-memorials.com\/de\/artwork\/asche-gemalde-natur-1\/\",\"url\":\"https:\/\/www.art-memorials.com\/de\/artwork\/asche-gemalde-natur-1\/\",\"name\":\"Nature I - Natur I &#8902; Art-Memorials.com\",\"isPartOf\":{\"@id\":\"http:\/\/www.art-memorials.com\/de\/#website\"},\"primaryImageOfPage\":{\"@id\":\"https:\/\/www.art-memorials.com\/de\/artwork\/asche-gemalde-natur-1\/#primaryimage\"},\"image\":{\"@id\":\"https:\/\/www.art-memorials.com\/de\/artwork\/asche-gemalde-natur-1\/#primaryimage\"},\"thumbnailUrl\":\"https:\/\/www.art-memorials.com\/wp-content\/uploads\/2022\/07\/Bild01-scaled.jpeg\",\"datePublished\":\"2022-07-16T12:58:16+00:00\",\"dateModified\":\"2023-04-26T08:15:12+00:00\",\"description\":\"Ein sch\u00f6ner Moment - das Aufbl\u00fchen der Sommerblumen - wurde von der K\u00fcnstlerin festgehalten. Mit Asche schaffen unsere K\u00fcnstler ein beruhigendes Blumenmotiv.\",\"breadcrumb\":{\"@id\":\"https:\/\/www.art-memorials.com\/de\/artwork\/asche-gemalde-natur-1\/#breadcrumb\"},\"inLanguage\":\"de\",\"potentialAction\":[{\"@type\":\"ReadAction\",\"target\":[\"https:\/\/www.art-memorials.com\/de\/artwork\/asche-gemalde-natur-1\/\"]}]},{\"@type\":\"ImageObject\",\"inLanguage\":\"de\",\"@id\":\"https:\/\/www.art-memorials.com\/de\/artwork\/asche-gemalde-natur-1\/#primaryimage\",\"url\":\"https:\/\/www.art-memorials.com\/wp-content\/uploads\/2022\/07\/Bild01-scaled.jpeg\",\"contentUrl\":\"https:\/\/www.art-memorials.com\/wp-content\/uploads\/2022\/07\/Bild01-scaled.jpeg\",\"width\":970,\"height\":2560,\"caption\":\"Das Gem\u00e4lde mehrerer gro\u00dfer Bl\u00e4tter, die die starken Pinselstricke zeigen.\"},{\"@type\":\"BreadcrumbList\",\"@id\":\"https:\/\/www.art-memorials.com\/de\/artwork\/asche-gemalde-natur-1\/#breadcrumb\",\"itemListElement\":[{\"@type\":\"ListItem\",\"position\":1,\"name\":\"Home\",\"item\":\"https:\/\/www.art-memorials.com\/de\/\"},{\"@type\":\"ListItem\",\"position\":2,\"name\":\"Shop\",\"item\":\"https:\/\/www.art-memorials.com\/de\/urnen\/\"},{\"@type\":\"ListItem\",\"position\":3,\"name\":\"Nature I &#8211; Natur I\"}]},{\"@type\":\"WebSite\",\"@id\":\"http:\/\/www.art-memorials.com\/de\/#website\",\"url\":\"http:\/\/www.art-memorials.com\/de\/\",\"name\":\"Art-Memorials\",\"description\":\"Exclusive Cremation Urns, Ash Paintings, and Sculptures\",\"potentialAction\":[{\"@type\":\"SearchAction\",\"target\":{\"@type\":\"EntryPoint\",\"urlTemplate\":\"http:\/\/www.art-memorials.com\/de\/?s={search_term_string}\"},\"query-input\":{\"@type\":\"PropertyValueSpecification\",\"valueRequired\":true,\"valueName\":\"search_term_string\"}}],\"inLanguage\":\"de\"}]}<\/script>\n<!-- \/ Yoast SEO plugin. -->","yoast_head_json":{"title":"Nature I - Natur I &#8902; Art-Memorials.com","description":"Ein sch\u00f6ner Moment - das Aufbl\u00fchen der Sommerblumen - wurde von der K\u00fcnstlerin festgehalten. Mit Asche schaffen unsere K\u00fcnstler ein beruhigendes Blumenmotiv.","robots":{"index":"index","follow":"follow","max-snippet":"max-snippet:-1","max-image-preview":"max-image-preview:large","max-video-preview":"max-video-preview:-1"},"canonical":"https:\/\/www.art-memorials.com\/de\/artwork\/asche-gemalde-natur-1\/","og_locale":"de_DE","og_type":"article","og_title":"Nature I - Natur I &#8902; Art-Memorials.com","og_description":"Ein sch\u00f6ner Moment - das Aufbl\u00fchen der Sommerblumen - wurde von der K\u00fcnstlerin festgehalten. Mit Asche schaffen unsere K\u00fcnstler ein beruhigendes Blumenmotiv.","og_url":"https:\/\/www.art-memorials.com\/de\/artwork\/asche-gemalde-natur-1\/","og_site_name":"Art-Memorials","article_modified_time":"2023-04-26T08:15:12+00:00","og_image":[{"width":970,"height":2560,"url":"https:\/\/www.art-memorials.com\/wp-content\/uploads\/2022\/07\/Bild01-scaled.jpeg","type":"image\/jpeg"}],"twitter_card":"summary_large_image","twitter_misc":{"Gesch\u00e4tzte Lesezeit":"1\u00a0Minute"},"schema":{"@context":"https:\/\/schema.org","@graph":[{"@type":"WebPage","@id":"https:\/\/www.art-memorials.com\/de\/artwork\/asche-gemalde-natur-1\/","url":"https:\/\/www.art-memorials.com\/de\/artwork\/asche-gemalde-natur-1\/","name":"Nature I - Natur I &#8902; Art-Memorials.com","isPartOf":{"@id":"http:\/\/www.art-memorials.com\/de\/#website"},"primaryImageOfPage":{"@id":"https:\/\/www.art-memorials.com\/de\/artwork\/asche-gemalde-natur-1\/#primaryimage"},"image":{"@id":"https:\/\/www.art-memorials.com\/de\/artwork\/asche-gemalde-natur-1\/#primaryimage"},"thumbnailUrl":"https:\/\/www.art-memorials.com\/wp-content\/uploads\/2022\/07\/Bild01-scaled.jpeg","datePublished":"2022-07-16T12:58:16+00:00","dateModified":"2023-04-26T08:15:12+00:00","description":"Ein sch\u00f6ner Moment - das Aufbl\u00fchen der Sommerblumen - wurde von der K\u00fcnstlerin festgehalten. Mit Asche schaffen unsere K\u00fcnstler ein beruhigendes Blumenmotiv.","breadcrumb":{"@id":"https:\/\/www.art-memorials.com\/de\/artwork\/asche-gemalde-natur-1\/#breadcrumb"},"inLanguage":"de","potentialAction":[{"@type":"ReadAction","target":["https:\/\/www.art-memorials.com\/de\/artwork\/asche-gemalde-natur-1\/"]}]},{"@type":"ImageObject","inLanguage":"de","@id":"https:\/\/www.art-memorials.com\/de\/artwork\/asche-gemalde-natur-1\/#primaryimage","url":"https:\/\/www.art-memorials.com\/wp-content\/uploads\/2022\/07\/Bild01-scaled.jpeg","contentUrl":"https:\/\/www.art-memorials.com\/wp-content\/uploads\/2022\/07\/Bild01-scaled.jpeg","width":970,"height":2560,"caption":"Das Gem\u00e4lde mehrerer gro\u00dfer Bl\u00e4tter, die die starken Pinselstricke zeigen."},{"@type":"BreadcrumbList","@id":"https:\/\/www.art-memorials.com\/de\/artwork\/asche-gemalde-natur-1\/#breadcrumb","itemListElement":[{"@type":"ListItem","position":1,"name":"Home","item":"https:\/\/www.art-memorials.com\/de\/"},{"@type":"ListItem","position":2,"name":"Shop","item":"https:\/\/www.art-memorials.com\/de\/urnen\/"},{"@type":"ListItem","position":3,"name":"Nature I &#8211; Natur I"}]},{"@type":"WebSite","@id":"http:\/\/www.art-memorials.com\/de\/#website","url":"http:\/\/www.art-memorials.com\/de\/","name":"Art-Memorials","description":"Exclusive Cremation Urns, Ash Paintings, and Sculptures","potentialAction":[{"@type":"SearchAction","target":{"@type":"EntryPoint","urlTemplate":"http:\/\/www.art-memorials.com\/de\/?s={search_term_string}"},"query-input":{"@type":"PropertyValueSpecification","valueRequired":true,"valueName":"search_term_string"}}],"inLanguage":"de"}]}},"_links":{"self":[{"href":"https:\/\/www.art-memorials.com\/de\/wp-json\/wp\/v2\/product\/4411","targetHints":{"allow":["GET"]}}],"collection":[{"href":"https:\/\/www.art-memorials.com\/de\/wp-json\/wp\/v2\/product"}],"about":[{"href":"https:\/\/www.art-memorials.com\/de\/wp-json\/wp\/v2\/types\/product"}],"wp:featuredmedia":[{"embeddable":true,"href":"https:\/\/www.art-memorials.com\/de\/wp-json\/wp\/v2\/media\/2328"}],"wp:attachment":[{"href":"https:\/\/www.art-memorials.com\/de\/wp-json\/wp\/v2\/media?parent=4411"}],"wp:term":[{"taxonomy":"product_brand","embeddable":true,"href":"https:\/\/www.art-memorials.com\/de\/wp-json\/wp\/v2\/product_brand?post=4411"},{"taxonomy":"product_cat","embeddable":true,"href":"https:\/\/www.art-memorials.com\/de\/wp-json\/wp\/v2\/product_cat?post=4411"},{"taxonomy":"product_tag","embeddable":true,"href":"https:\/\/www.art-memorials.com\/de\/wp-json\/wp\/v2\/product_tag?post=4411"}],"curies":[{"name":"wp","href":"https:\/\/api.w.org\/{rel}","templated":true}]}}