{"id":4414,"date":"2022-06-20T14:48:20","date_gmt":"2022-06-20T12:48:20","guid":{"rendered":"https:\/\/art-memorials.com\/product\/ash-painting-maritime-1\/"},"modified":"2023-04-25T16:44:35","modified_gmt":"2023-04-25T14:44:35","slug":"asche-gemalde-maritime-1","status":"publish","type":"product","link":"https:\/\/www.art-memorials.com\/de\/artwork\/asche-gemalde-maritime-1\/","title":{"rendered":"Maritime I"},"content":{"rendered":"<p><strong>Maritime I<\/strong><\/p>\n<p>Ein ruhiges und sch\u00f6nes Gem\u00e4lde, das einen Strand darstellt. Der Horizont verschmilzt allm\u00e4hlich mit dem Wasser und dem Himmel, das Meer rauscht.<\/p>\n<p>Jedes Aschebild ist ein Unikat und wird von unserem K\u00fcnstler mit hochwertigen Acrylfarben, nat\u00fcrlichen Pigmenten und Bindemitteln hergestellt. Die besten Materialien garantieren ein einzigartiges Meisterwerk.<\/p>\n<p>Ruhe und inneres Gleichgewicht k\u00f6nnen in der Meereslandschaft gefunden werden. Die einlullenden Pastellfarben der Wellen, in denen sich die Wolken spiegeln, und das leuchtende Orange des Sandes lassen Erinnerungen wach werden.<\/p>\n<p>F\u00fcr weitere Informationen oder Beratung steht Ihnen das Team von Art-Memorials gerne zur Verf\u00fcgung!<\/p>\n<ul>\n<li>Asche zu Kunst &#8211; Exklusiv<\/li>\n<li>Maritime Malerei auf Holzplatte<\/li>\n<li>60 x 80 cm<\/li>\n<li>Hauptfarbe: Blau \/ Orange<\/li>\n<\/ul>\n","protected":false},"excerpt":{"rendered":"<p>Ruhe und inneres Gleichgewicht k\u00f6nnen in der Meereslandschaft gefunden werden. Die einlullenden Pastellfarben der Wellen, in denen sich die Wolken spiegeln, und das leuchtende Orange des Sandes lassen Erinnerungen wach werden.<\/p>\n","protected":false},"featured_media":2309,"template":"","meta":[],"product_brand":[],"product_cat":[357],"product_tag":[287,378,382,383,384,404,405,406],"class_list":{"0":"post-4414","1":"product","2":"type-product","3":"status-publish","4":"has-post-thumbnail","6":"product_cat-aschebilder","7":"product_tag-ausgewahlte","8":"product_tag-asche","9":"product_tag-strand","10":"product_tag-wasser","11":"product_tag-himmel","12":"product_tag-see","13":"product_tag-ozean","14":"product_tag-wolken","15":"pa_topic-gemaelde","16":"tm-has-options","18":"first","19":"instock","20":"taxable","21":"shipping-taxable","22":"purchasable","23":"product-type-simple"},"yoast_head":"<!-- This site is optimized with the Yoast SEO plugin v24.4 - https:\/\/yoast.com\/wordpress\/plugins\/seo\/ -->\n<title>Maritime I &#8902; Art-Memorials.com<\/title>\n<meta name=\"description\" content=\"Ein ruhiges und sch\u00f6nes Aschebild, das einen Strand darstellt. Der Horizont verschmilzt allm\u00e4hlich mit dem Wasser und dem Himmel, das Meer rauscht.\" \/>\n<meta name=\"robots\" content=\"index, follow, max-snippet:-1, max-image-preview:large, max-video-preview:-1\" \/>\n<link rel=\"canonical\" href=\"https:\/\/www.art-memorials.com\/de\/artwork\/asche-gemalde-maritime-1\/\" \/>\n<meta property=\"og:locale\" content=\"de_DE\" \/>\n<meta property=\"og:type\" content=\"article\" \/>\n<meta property=\"og:title\" content=\"Maritime I &#8902; Art-Memorials.com\" \/>\n<meta property=\"og:description\" content=\"Ein ruhiges und sch\u00f6nes Aschebild, das einen Strand darstellt. Der Horizont verschmilzt allm\u00e4hlich mit dem Wasser und dem Himmel, das Meer rauscht.\" \/>\n<meta property=\"og:url\" content=\"https:\/\/www.art-memorials.com\/de\/artwork\/asche-gemalde-maritime-1\/\" \/>\n<meta property=\"og:site_name\" content=\"Art-Memorials\" \/>\n<meta property=\"article:modified_time\" content=\"2023-04-25T14:44:35+00:00\" \/>\n<meta property=\"og:image\" content=\"https:\/\/www.art-memorials.com\/wp-content\/uploads\/2022\/06\/abstract-1.jpg\" \/>\n\t<meta property=\"og:image:width\" content=\"1500\" \/>\n\t<meta property=\"og:image:height\" content=\"2014\" \/>\n\t<meta property=\"og:image:type\" content=\"image\/jpeg\" \/>\n<meta name=\"twitter:card\" content=\"summary_large_image\" \/>\n<meta name=\"twitter:label1\" content=\"Gesch\u00e4tzte Lesezeit\" \/>\n\t<meta name=\"twitter:data1\" content=\"1\u00a0Minute\" \/>\n<script type=\"application\/ld+json\" class=\"yoast-schema-graph\">{\"@context\":\"https:\/\/schema.org\",\"@graph\":[{\"@type\":\"WebPage\",\"@id\":\"https:\/\/www.art-memorials.com\/de\/artwork\/asche-gemalde-maritime-1\/\",\"url\":\"https:\/\/www.art-memorials.com\/de\/artwork\/asche-gemalde-maritime-1\/\",\"name\":\"Maritime I &#8902; Art-Memorials.com\",\"isPartOf\":{\"@id\":\"http:\/\/www.art-memorials.com\/de\/#website\"},\"primaryImageOfPage\":{\"@id\":\"https:\/\/www.art-memorials.com\/de\/artwork\/asche-gemalde-maritime-1\/#primaryimage\"},\"image\":{\"@id\":\"https:\/\/www.art-memorials.com\/de\/artwork\/asche-gemalde-maritime-1\/#primaryimage\"},\"thumbnailUrl\":\"https:\/\/www.art-memorials.com\/wp-content\/uploads\/2022\/06\/abstract-1.jpg\",\"datePublished\":\"2022-06-20T12:48:20+00:00\",\"dateModified\":\"2023-04-25T14:44:35+00:00\",\"description\":\"Ein ruhiges und sch\u00f6nes Aschebild, das einen Strand darstellt. Der Horizont verschmilzt allm\u00e4hlich mit dem Wasser und dem Himmel, das Meer rauscht.\",\"breadcrumb\":{\"@id\":\"https:\/\/www.art-memorials.com\/de\/artwork\/asche-gemalde-maritime-1\/#breadcrumb\"},\"inLanguage\":\"de\",\"potentialAction\":[{\"@type\":\"ReadAction\",\"target\":[\"https:\/\/www.art-memorials.com\/de\/artwork\/asche-gemalde-maritime-1\/\"]}]},{\"@type\":\"ImageObject\",\"inLanguage\":\"de\",\"@id\":\"https:\/\/www.art-memorials.com\/de\/artwork\/asche-gemalde-maritime-1\/#primaryimage\",\"url\":\"https:\/\/www.art-memorials.com\/wp-content\/uploads\/2022\/06\/abstract-1.jpg\",\"contentUrl\":\"https:\/\/www.art-memorials.com\/wp-content\/uploads\/2022\/06\/abstract-1.jpg\",\"width\":1500,\"height\":2014},{\"@type\":\"BreadcrumbList\",\"@id\":\"https:\/\/www.art-memorials.com\/de\/artwork\/asche-gemalde-maritime-1\/#breadcrumb\",\"itemListElement\":[{\"@type\":\"ListItem\",\"position\":1,\"name\":\"Home\",\"item\":\"https:\/\/www.art-memorials.com\/de\/\"},{\"@type\":\"ListItem\",\"position\":2,\"name\":\"Shop\",\"item\":\"https:\/\/www.art-memorials.com\/de\/urnen\/\"},{\"@type\":\"ListItem\",\"position\":3,\"name\":\"Maritime I\"}]},{\"@type\":\"WebSite\",\"@id\":\"http:\/\/www.art-memorials.com\/de\/#website\",\"url\":\"http:\/\/www.art-memorials.com\/de\/\",\"name\":\"Art-Memorials\",\"description\":\"Exclusive Cremation Urns, Ash Paintings, and Sculptures\",\"potentialAction\":[{\"@type\":\"SearchAction\",\"target\":{\"@type\":\"EntryPoint\",\"urlTemplate\":\"http:\/\/www.art-memorials.com\/de\/?s={search_term_string}\"},\"query-input\":{\"@type\":\"PropertyValueSpecification\",\"valueRequired\":true,\"valueName\":\"search_term_string\"}}],\"inLanguage\":\"de\"}]}<\/script>\n<!-- \/ Yoast SEO plugin. -->","yoast_head_json":{"title":"Maritime I &#8902; Art-Memorials.com","description":"Ein ruhiges und sch\u00f6nes Aschebild, das einen Strand darstellt. Der Horizont verschmilzt allm\u00e4hlich mit dem Wasser und dem Himmel, das Meer rauscht.","robots":{"index":"index","follow":"follow","max-snippet":"max-snippet:-1","max-image-preview":"max-image-preview:large","max-video-preview":"max-video-preview:-1"},"canonical":"https:\/\/www.art-memorials.com\/de\/artwork\/asche-gemalde-maritime-1\/","og_locale":"de_DE","og_type":"article","og_title":"Maritime I &#8902; Art-Memorials.com","og_description":"Ein ruhiges und sch\u00f6nes Aschebild, das einen Strand darstellt. Der Horizont verschmilzt allm\u00e4hlich mit dem Wasser und dem Himmel, das Meer rauscht.","og_url":"https:\/\/www.art-memorials.com\/de\/artwork\/asche-gemalde-maritime-1\/","og_site_name":"Art-Memorials","article_modified_time":"2023-04-25T14:44:35+00:00","og_image":[{"width":1500,"height":2014,"url":"https:\/\/www.art-memorials.com\/wp-content\/uploads\/2022\/06\/abstract-1.jpg","type":"image\/jpeg"}],"twitter_card":"summary_large_image","twitter_misc":{"Gesch\u00e4tzte Lesezeit":"1\u00a0Minute"},"schema":{"@context":"https:\/\/schema.org","@graph":[{"@type":"WebPage","@id":"https:\/\/www.art-memorials.com\/de\/artwork\/asche-gemalde-maritime-1\/","url":"https:\/\/www.art-memorials.com\/de\/artwork\/asche-gemalde-maritime-1\/","name":"Maritime I &#8902; Art-Memorials.com","isPartOf":{"@id":"http:\/\/www.art-memorials.com\/de\/#website"},"primaryImageOfPage":{"@id":"https:\/\/www.art-memorials.com\/de\/artwork\/asche-gemalde-maritime-1\/#primaryimage"},"image":{"@id":"https:\/\/www.art-memorials.com\/de\/artwork\/asche-gemalde-maritime-1\/#primaryimage"},"thumbnailUrl":"https:\/\/www.art-memorials.com\/wp-content\/uploads\/2022\/06\/abstract-1.jpg","datePublished":"2022-06-20T12:48:20+00:00","dateModified":"2023-04-25T14:44:35+00:00","description":"Ein ruhiges und sch\u00f6nes Aschebild, das einen Strand darstellt. Der Horizont verschmilzt allm\u00e4hlich mit dem Wasser und dem Himmel, das Meer rauscht.","breadcrumb":{"@id":"https:\/\/www.art-memorials.com\/de\/artwork\/asche-gemalde-maritime-1\/#breadcrumb"},"inLanguage":"de","potentialAction":[{"@type":"ReadAction","target":["https:\/\/www.art-memorials.com\/de\/artwork\/asche-gemalde-maritime-1\/"]}]},{"@type":"ImageObject","inLanguage":"de","@id":"https:\/\/www.art-memorials.com\/de\/artwork\/asche-gemalde-maritime-1\/#primaryimage","url":"https:\/\/www.art-memorials.com\/wp-content\/uploads\/2022\/06\/abstract-1.jpg","contentUrl":"https:\/\/www.art-memorials.com\/wp-content\/uploads\/2022\/06\/abstract-1.jpg","width":1500,"height":2014},{"@type":"BreadcrumbList","@id":"https:\/\/www.art-memorials.com\/de\/artwork\/asche-gemalde-maritime-1\/#breadcrumb","itemListElement":[{"@type":"ListItem","position":1,"name":"Home","item":"https:\/\/www.art-memorials.com\/de\/"},{"@type":"ListItem","position":2,"name":"Shop","item":"https:\/\/www.art-memorials.com\/de\/urnen\/"},{"@type":"ListItem","position":3,"name":"Maritime I"}]},{"@type":"WebSite","@id":"http:\/\/www.art-memorials.com\/de\/#website","url":"http:\/\/www.art-memorials.com\/de\/","name":"Art-Memorials","description":"Exclusive Cremation Urns, Ash Paintings, and Sculptures","potentialAction":[{"@type":"SearchAction","target":{"@type":"EntryPoint","urlTemplate":"http:\/\/www.art-memorials.com\/de\/?s={search_term_string}"},"query-input":{"@type":"PropertyValueSpecification","valueRequired":true,"valueName":"search_term_string"}}],"inLanguage":"de"}]}},"_links":{"self":[{"href":"https:\/\/www.art-memorials.com\/de\/wp-json\/wp\/v2\/product\/4414","targetHints":{"allow":["GET"]}}],"collection":[{"href":"https:\/\/www.art-memorials.com\/de\/wp-json\/wp\/v2\/product"}],"about":[{"href":"https:\/\/www.art-memorials.com\/de\/wp-json\/wp\/v2\/types\/product"}],"wp:featuredmedia":[{"embeddable":true,"href":"https:\/\/www.art-memorials.com\/de\/wp-json\/wp\/v2\/media\/2309"}],"wp:attachment":[{"href":"https:\/\/www.art-memorials.com\/de\/wp-json\/wp\/v2\/media?parent=4414"}],"wp:term":[{"taxonomy":"product_brand","embeddable":true,"href":"https:\/\/www.art-memorials.com\/de\/wp-json\/wp\/v2\/product_brand?post=4414"},{"taxonomy":"product_cat","embeddable":true,"href":"https:\/\/www.art-memorials.com\/de\/wp-json\/wp\/v2\/product_cat?post=4414"},{"taxonomy":"product_tag","embeddable":true,"href":"https:\/\/www.art-memorials.com\/de\/wp-json\/wp\/v2\/product_tag?post=4414"}],"curies":[{"name":"wp","href":"https:\/\/api.w.org\/{rel}","templated":true}]}}