{"id":4425,"date":"2023-01-12T12:10:17","date_gmt":"2023-01-12T10:10:17","guid":{"rendered":"https:\/\/art-memorials.com\/product\/angel\/"},"modified":"2023-04-25T16:32:04","modified_gmt":"2023-04-25T14:32:04","slug":"engel","status":"publish","type":"product","link":"https:\/\/www.art-memorials.com\/de\/artwork\/engel\/","title":{"rendered":"Engel"},"content":{"rendered":"<p>&nbsp;<\/p>\n<ul>\n<li><span class=\"tlid-translation translation\" lang=\"en\" xml:lang=\"en\"><span title=\"\">Allegorie eines Engels in sanften Pastellt\u00f6nen.<\/span><\/span><\/li>\n<li><span class=\"tlid-translation translation\" lang=\"en\" xml:lang=\"en\"><span title=\"\">Als Boten und Besch\u00fctzer stehen die Engel f\u00fcr die Spiritualit\u00e4t des Menschen und seine Beziehung zum Ganzen. In der Erinnerung symbolisieren sie eine Verbindung zwischen den Lebenden und den Toten und wachen \u00fcber beide als Schutzengel.<\/span><\/span><\/li>\n<li>Birgit Golitz ist eine erfahrene Malerin, die ihr Herz direkt am Pinsel hat.<\/li>\n<li>Die Ausdruckskraft und Direktheit ihrer Malerei ist in ihren Werken stets sp\u00fcrbar.<\/li>\n<\/ul>\n","protected":false},"excerpt":{"rendered":"<p>Abstrakter Expressionismus, inspiriert von der Natur und von den Gedanken und Gef\u00fchlen der Menschen.<\/p>\n","protected":false},"featured_media":0,"template":"","meta":[],"product_brand":[],"product_cat":[371],"product_tag":[279,286,413,414,415],"class_list":{"0":"post-4425","1":"product","2":"type-product","3":"status-publish","5":"product_cat-symbolic-art-beerdigung","6":"product_tag-angel-de","7":"product_tag-natur","8":"product_tag-religion-de","9":"product_tag-spiritualitat","10":"product_tag-expressionismus","11":"pa_theme-abstrakt","12":"pa_theme-religion-de","13":"pa_theme-spiritualitat","14":"pa_topic-gemaelde","15":"tm-has-options","17":"first","18":"instock","19":"taxable","20":"shipping-taxable","21":"purchasable","22":"product-type-simple"},"yoast_head":"<!-- This site is optimized with the Yoast SEO plugin v24.4 - https:\/\/yoast.com\/wordpress\/plugins\/seo\/ -->\n<title>Engel &#8902; Art-Memorials.com<\/title>\n<meta name=\"robots\" content=\"index, follow, max-snippet:-1, max-image-preview:large, max-video-preview:-1\" \/>\n<link rel=\"canonical\" href=\"https:\/\/www.art-memorials.com\/de\/artwork\/engel\/\" \/>\n<meta property=\"og:locale\" content=\"de_DE\" \/>\n<meta property=\"og:type\" content=\"article\" \/>\n<meta property=\"og:title\" content=\"Engel &#8902; Art-Memorials.com\" \/>\n<meta property=\"og:description\" content=\"Abstrakter Expressionismus, inspiriert von der Natur und von den Gedanken und Gef\u00fchlen der Menschen.\" \/>\n<meta property=\"og:url\" content=\"https:\/\/www.art-memorials.com\/de\/artwork\/engel\/\" \/>\n<meta property=\"og:site_name\" content=\"Art-Memorials\" \/>\n<meta property=\"article:modified_time\" content=\"2023-04-25T14:32:04+00:00\" \/>\n<meta property=\"og:image\" content=\"https:\/\/www.art-memorials.com\/wp-content\/uploads\/2023\/01\/KC90113_Golitz-Birgit_Engel_IMG_8087-scaled.jpg\" \/>\n\t<meta property=\"og:image:width\" content=\"2422\" \/>\n\t<meta property=\"og:image:height\" content=\"2560\" \/>\n\t<meta property=\"og:image:type\" content=\"image\/jpeg\" \/>\n<meta name=\"twitter:card\" content=\"summary_large_image\" \/>\n<script type=\"application\/ld+json\" class=\"yoast-schema-graph\">{\"@context\":\"https:\/\/schema.org\",\"@graph\":[{\"@type\":\"WebPage\",\"@id\":\"https:\/\/www.art-memorials.com\/de\/artwork\/engel\/\",\"url\":\"https:\/\/www.art-memorials.com\/de\/artwork\/engel\/\",\"name\":\"Engel &#8902; Art-Memorials.com\",\"isPartOf\":{\"@id\":\"http:\/\/www.art-memorials.com\/de\/#website\"},\"datePublished\":\"2023-01-12T10:10:17+00:00\",\"dateModified\":\"2023-04-25T14:32:04+00:00\",\"breadcrumb\":{\"@id\":\"https:\/\/www.art-memorials.com\/de\/artwork\/engel\/#breadcrumb\"},\"inLanguage\":\"de\",\"potentialAction\":[{\"@type\":\"ReadAction\",\"target\":[\"https:\/\/www.art-memorials.com\/de\/artwork\/engel\/\"]}]},{\"@type\":\"BreadcrumbList\",\"@id\":\"https:\/\/www.art-memorials.com\/de\/artwork\/engel\/#breadcrumb\",\"itemListElement\":[{\"@type\":\"ListItem\",\"position\":1,\"name\":\"Home\",\"item\":\"https:\/\/www.art-memorials.com\/de\/\"},{\"@type\":\"ListItem\",\"position\":2,\"name\":\"Shop\",\"item\":\"https:\/\/www.art-memorials.com\/de\/urnen\/\"},{\"@type\":\"ListItem\",\"position\":3,\"name\":\"Engel\"}]},{\"@type\":\"WebSite\",\"@id\":\"http:\/\/www.art-memorials.com\/de\/#website\",\"url\":\"http:\/\/www.art-memorials.com\/de\/\",\"name\":\"Art-Memorials\",\"description\":\"Exclusive Cremation Urns, Ash Paintings, and Sculptures\",\"potentialAction\":[{\"@type\":\"SearchAction\",\"target\":{\"@type\":\"EntryPoint\",\"urlTemplate\":\"http:\/\/www.art-memorials.com\/de\/?s={search_term_string}\"},\"query-input\":{\"@type\":\"PropertyValueSpecification\",\"valueRequired\":true,\"valueName\":\"search_term_string\"}}],\"inLanguage\":\"de\"}]}<\/script>\n<!-- \/ Yoast SEO plugin. -->","yoast_head_json":{"title":"Engel &#8902; Art-Memorials.com","robots":{"index":"index","follow":"follow","max-snippet":"max-snippet:-1","max-image-preview":"max-image-preview:large","max-video-preview":"max-video-preview:-1"},"canonical":"https:\/\/www.art-memorials.com\/de\/artwork\/engel\/","og_locale":"de_DE","og_type":"article","og_title":"Engel &#8902; Art-Memorials.com","og_description":"Abstrakter Expressionismus, inspiriert von der Natur und von den Gedanken und Gef\u00fchlen der Menschen.","og_url":"https:\/\/www.art-memorials.com\/de\/artwork\/engel\/","og_site_name":"Art-Memorials","article_modified_time":"2023-04-25T14:32:04+00:00","og_image":[{"width":2422,"height":2560,"url":"https:\/\/www.art-memorials.com\/wp-content\/uploads\/2023\/01\/KC90113_Golitz-Birgit_Engel_IMG_8087-scaled.jpg","type":"image\/jpeg"}],"twitter_card":"summary_large_image","schema":{"@context":"https:\/\/schema.org","@graph":[{"@type":"WebPage","@id":"https:\/\/www.art-memorials.com\/de\/artwork\/engel\/","url":"https:\/\/www.art-memorials.com\/de\/artwork\/engel\/","name":"Engel &#8902; Art-Memorials.com","isPartOf":{"@id":"http:\/\/www.art-memorials.com\/de\/#website"},"datePublished":"2023-01-12T10:10:17+00:00","dateModified":"2023-04-25T14:32:04+00:00","breadcrumb":{"@id":"https:\/\/www.art-memorials.com\/de\/artwork\/engel\/#breadcrumb"},"inLanguage":"de","potentialAction":[{"@type":"ReadAction","target":["https:\/\/www.art-memorials.com\/de\/artwork\/engel\/"]}]},{"@type":"BreadcrumbList","@id":"https:\/\/www.art-memorials.com\/de\/artwork\/engel\/#breadcrumb","itemListElement":[{"@type":"ListItem","position":1,"name":"Home","item":"https:\/\/www.art-memorials.com\/de\/"},{"@type":"ListItem","position":2,"name":"Shop","item":"https:\/\/www.art-memorials.com\/de\/urnen\/"},{"@type":"ListItem","position":3,"name":"Engel"}]},{"@type":"WebSite","@id":"http:\/\/www.art-memorials.com\/de\/#website","url":"http:\/\/www.art-memorials.com\/de\/","name":"Art-Memorials","description":"Exclusive Cremation Urns, Ash Paintings, and Sculptures","potentialAction":[{"@type":"SearchAction","target":{"@type":"EntryPoint","urlTemplate":"http:\/\/www.art-memorials.com\/de\/?s={search_term_string}"},"query-input":{"@type":"PropertyValueSpecification","valueRequired":true,"valueName":"search_term_string"}}],"inLanguage":"de"}]}},"_links":{"self":[{"href":"https:\/\/www.art-memorials.com\/de\/wp-json\/wp\/v2\/product\/4425","targetHints":{"allow":["GET"]}}],"collection":[{"href":"https:\/\/www.art-memorials.com\/de\/wp-json\/wp\/v2\/product"}],"about":[{"href":"https:\/\/www.art-memorials.com\/de\/wp-json\/wp\/v2\/types\/product"}],"wp:attachment":[{"href":"https:\/\/www.art-memorials.com\/de\/wp-json\/wp\/v2\/media?parent=4425"}],"wp:term":[{"taxonomy":"product_brand","embeddable":true,"href":"https:\/\/www.art-memorials.com\/de\/wp-json\/wp\/v2\/product_brand?post=4425"},{"taxonomy":"product_cat","embeddable":true,"href":"https:\/\/www.art-memorials.com\/de\/wp-json\/wp\/v2\/product_cat?post=4425"},{"taxonomy":"product_tag","embeddable":true,"href":"https:\/\/www.art-memorials.com\/de\/wp-json\/wp\/v2\/product_tag?post=4425"}],"curies":[{"name":"wp","href":"https:\/\/api.w.org\/{rel}","templated":true}]}}