{"id":4437,"date":"2022-09-10T11:39:06","date_gmt":"2022-09-10T09:39:06","guid":{"rendered":"https:\/\/art-memorials.com\/product\/natura-morte-2\/"},"modified":"2023-04-24T18:59:52","modified_gmt":"2023-04-24T16:59:52","slug":"natura-morte-2","status":"publish","type":"product","link":"https:\/\/www.art-memorials.com\/de\/artwork\/natura-morte-2\/","title":{"rendered":"Natura Morte 2"},"content":{"rendered":"<p><strong>Evangelos Koukouwitakis \u201cNatura Morte 2\u201d<\/strong><\/p>\n<p>Aus der Serie Natura Morte hat Evangelos Koukouwitakis ein gewisses Stillleben \u00fcber seine Kunstwerke geschaffen.<\/p>\n<p>Das fotografische Bild von verwelkten Blumen, verfaulten Fr\u00fcchten, Tierknochen und zerbrochenen Gl\u00e4sern scheint die Objekte zu konservieren, sie lebendig zu halten und so \u00fcber den Tod hinaus zu weisen.<\/p>\n","protected":false},"excerpt":{"rendered":"<p>KC90811<\/p>\n","protected":false},"featured_media":3129,"template":"","meta":[],"product_brand":[],"product_cat":[373],"product_tag":[426,427,431],"class_list":{"0":"post-4437","1":"product","2":"type-product","3":"status-publish","4":"has-post-thumbnail","6":"product_cat-vanitas-kunst","7":"product_tag-evangelos-koukouwitakis-de","8":"product_tag-stilllife-de","9":"product_tag-natura-morte-2-de","10":"tm-has-options","12":"first","13":"instock","14":"taxable","15":"shipping-taxable","16":"purchasable","17":"product-type-simple"},"yoast_head":"<!-- This site is optimized with the Yoast SEO plugin v24.4 - https:\/\/yoast.com\/wordpress\/plugins\/seo\/ -->\n<title>Natura Morte 2 &#8902; Art-Memorials.com<\/title>\n<meta name=\"robots\" content=\"index, follow, max-snippet:-1, max-image-preview:large, max-video-preview:-1\" \/>\n<link rel=\"canonical\" href=\"https:\/\/www.art-memorials.com\/de\/artwork\/natura-morte-2\/\" \/>\n<meta property=\"og:locale\" content=\"de_DE\" \/>\n<meta property=\"og:type\" content=\"article\" \/>\n<meta property=\"og:title\" content=\"Natura Morte 2 &#8902; Art-Memorials.com\" \/>\n<meta property=\"og:description\" content=\"KC90811\" \/>\n<meta property=\"og:url\" content=\"https:\/\/www.art-memorials.com\/de\/artwork\/natura-morte-2\/\" \/>\n<meta property=\"og:site_name\" content=\"Art-Memorials\" \/>\n<meta property=\"article:modified_time\" content=\"2023-04-24T16:59:52+00:00\" \/>\n<meta property=\"og:image\" content=\"https:\/\/www.art-memorials.com\/wp-content\/uploads\/2022\/09\/natura-morte-stillleben-evangelos-koukouwitakis-scaled.jpeg\" \/>\n\t<meta property=\"og:image:width\" content=\"2560\" \/>\n\t<meta property=\"og:image:height\" content=\"1922\" \/>\n\t<meta property=\"og:image:type\" content=\"image\/jpeg\" \/>\n<meta name=\"twitter:card\" content=\"summary_large_image\" \/>\n<script type=\"application\/ld+json\" class=\"yoast-schema-graph\">{\"@context\":\"https:\/\/schema.org\",\"@graph\":[{\"@type\":\"WebPage\",\"@id\":\"https:\/\/www.art-memorials.com\/de\/artwork\/natura-morte-2\/\",\"url\":\"https:\/\/www.art-memorials.com\/de\/artwork\/natura-morte-2\/\",\"name\":\"Natura Morte 2 &#8902; Art-Memorials.com\",\"isPartOf\":{\"@id\":\"http:\/\/www.art-memorials.com\/de\/#website\"},\"primaryImageOfPage\":{\"@id\":\"https:\/\/www.art-memorials.com\/de\/artwork\/natura-morte-2\/#primaryimage\"},\"image\":{\"@id\":\"https:\/\/www.art-memorials.com\/de\/artwork\/natura-morte-2\/#primaryimage\"},\"thumbnailUrl\":\"https:\/\/www.art-memorials.com\/wp-content\/uploads\/2022\/09\/natura-morte-stillleben-evangelos-koukouwitakis-scaled.jpeg\",\"datePublished\":\"2022-09-10T09:39:06+00:00\",\"dateModified\":\"2023-04-24T16:59:52+00:00\",\"breadcrumb\":{\"@id\":\"https:\/\/www.art-memorials.com\/de\/artwork\/natura-morte-2\/#breadcrumb\"},\"inLanguage\":\"de\",\"potentialAction\":[{\"@type\":\"ReadAction\",\"target\":[\"https:\/\/www.art-memorials.com\/de\/artwork\/natura-morte-2\/\"]}]},{\"@type\":\"ImageObject\",\"inLanguage\":\"de\",\"@id\":\"https:\/\/www.art-memorials.com\/de\/artwork\/natura-morte-2\/#primaryimage\",\"url\":\"https:\/\/www.art-memorials.com\/wp-content\/uploads\/2022\/09\/natura-morte-stillleben-evangelos-koukouwitakis-scaled.jpeg\",\"contentUrl\":\"https:\/\/www.art-memorials.com\/wp-content\/uploads\/2022\/09\/natura-morte-stillleben-evangelos-koukouwitakis-scaled.jpeg\",\"width\":2560,\"height\":1922,\"caption\":\"Natura Morte 2\"},{\"@type\":\"BreadcrumbList\",\"@id\":\"https:\/\/www.art-memorials.com\/de\/artwork\/natura-morte-2\/#breadcrumb\",\"itemListElement\":[{\"@type\":\"ListItem\",\"position\":1,\"name\":\"Home\",\"item\":\"https:\/\/www.art-memorials.com\/de\/\"},{\"@type\":\"ListItem\",\"position\":2,\"name\":\"Shop\",\"item\":\"https:\/\/www.art-memorials.com\/de\/urnen\/\"},{\"@type\":\"ListItem\",\"position\":3,\"name\":\"Natura Morte 2\"}]},{\"@type\":\"WebSite\",\"@id\":\"http:\/\/www.art-memorials.com\/de\/#website\",\"url\":\"http:\/\/www.art-memorials.com\/de\/\",\"name\":\"Art-Memorials\",\"description\":\"Exclusive Cremation Urns, Ash Paintings, and Sculptures\",\"potentialAction\":[{\"@type\":\"SearchAction\",\"target\":{\"@type\":\"EntryPoint\",\"urlTemplate\":\"http:\/\/www.art-memorials.com\/de\/?s={search_term_string}\"},\"query-input\":{\"@type\":\"PropertyValueSpecification\",\"valueRequired\":true,\"valueName\":\"search_term_string\"}}],\"inLanguage\":\"de\"}]}<\/script>\n<!-- \/ Yoast SEO plugin. -->","yoast_head_json":{"title":"Natura Morte 2 &#8902; Art-Memorials.com","robots":{"index":"index","follow":"follow","max-snippet":"max-snippet:-1","max-image-preview":"max-image-preview:large","max-video-preview":"max-video-preview:-1"},"canonical":"https:\/\/www.art-memorials.com\/de\/artwork\/natura-morte-2\/","og_locale":"de_DE","og_type":"article","og_title":"Natura Morte 2 &#8902; Art-Memorials.com","og_description":"KC90811","og_url":"https:\/\/www.art-memorials.com\/de\/artwork\/natura-morte-2\/","og_site_name":"Art-Memorials","article_modified_time":"2023-04-24T16:59:52+00:00","og_image":[{"width":2560,"height":1922,"url":"https:\/\/www.art-memorials.com\/wp-content\/uploads\/2022\/09\/natura-morte-stillleben-evangelos-koukouwitakis-scaled.jpeg","type":"image\/jpeg"}],"twitter_card":"summary_large_image","schema":{"@context":"https:\/\/schema.org","@graph":[{"@type":"WebPage","@id":"https:\/\/www.art-memorials.com\/de\/artwork\/natura-morte-2\/","url":"https:\/\/www.art-memorials.com\/de\/artwork\/natura-morte-2\/","name":"Natura Morte 2 &#8902; Art-Memorials.com","isPartOf":{"@id":"http:\/\/www.art-memorials.com\/de\/#website"},"primaryImageOfPage":{"@id":"https:\/\/www.art-memorials.com\/de\/artwork\/natura-morte-2\/#primaryimage"},"image":{"@id":"https:\/\/www.art-memorials.com\/de\/artwork\/natura-morte-2\/#primaryimage"},"thumbnailUrl":"https:\/\/www.art-memorials.com\/wp-content\/uploads\/2022\/09\/natura-morte-stillleben-evangelos-koukouwitakis-scaled.jpeg","datePublished":"2022-09-10T09:39:06+00:00","dateModified":"2023-04-24T16:59:52+00:00","breadcrumb":{"@id":"https:\/\/www.art-memorials.com\/de\/artwork\/natura-morte-2\/#breadcrumb"},"inLanguage":"de","potentialAction":[{"@type":"ReadAction","target":["https:\/\/www.art-memorials.com\/de\/artwork\/natura-morte-2\/"]}]},{"@type":"ImageObject","inLanguage":"de","@id":"https:\/\/www.art-memorials.com\/de\/artwork\/natura-morte-2\/#primaryimage","url":"https:\/\/www.art-memorials.com\/wp-content\/uploads\/2022\/09\/natura-morte-stillleben-evangelos-koukouwitakis-scaled.jpeg","contentUrl":"https:\/\/www.art-memorials.com\/wp-content\/uploads\/2022\/09\/natura-morte-stillleben-evangelos-koukouwitakis-scaled.jpeg","width":2560,"height":1922,"caption":"Natura Morte 2"},{"@type":"BreadcrumbList","@id":"https:\/\/www.art-memorials.com\/de\/artwork\/natura-morte-2\/#breadcrumb","itemListElement":[{"@type":"ListItem","position":1,"name":"Home","item":"https:\/\/www.art-memorials.com\/de\/"},{"@type":"ListItem","position":2,"name":"Shop","item":"https:\/\/www.art-memorials.com\/de\/urnen\/"},{"@type":"ListItem","position":3,"name":"Natura Morte 2"}]},{"@type":"WebSite","@id":"http:\/\/www.art-memorials.com\/de\/#website","url":"http:\/\/www.art-memorials.com\/de\/","name":"Art-Memorials","description":"Exclusive Cremation Urns, Ash Paintings, and Sculptures","potentialAction":[{"@type":"SearchAction","target":{"@type":"EntryPoint","urlTemplate":"http:\/\/www.art-memorials.com\/de\/?s={search_term_string}"},"query-input":{"@type":"PropertyValueSpecification","valueRequired":true,"valueName":"search_term_string"}}],"inLanguage":"de"}]}},"_links":{"self":[{"href":"https:\/\/www.art-memorials.com\/de\/wp-json\/wp\/v2\/product\/4437","targetHints":{"allow":["GET"]}}],"collection":[{"href":"https:\/\/www.art-memorials.com\/de\/wp-json\/wp\/v2\/product"}],"about":[{"href":"https:\/\/www.art-memorials.com\/de\/wp-json\/wp\/v2\/types\/product"}],"wp:featuredmedia":[{"embeddable":true,"href":"https:\/\/www.art-memorials.com\/de\/wp-json\/wp\/v2\/media\/3129"}],"wp:attachment":[{"href":"https:\/\/www.art-memorials.com\/de\/wp-json\/wp\/v2\/media?parent=4437"}],"wp:term":[{"taxonomy":"product_brand","embeddable":true,"href":"https:\/\/www.art-memorials.com\/de\/wp-json\/wp\/v2\/product_brand?post=4437"},{"taxonomy":"product_cat","embeddable":true,"href":"https:\/\/www.art-memorials.com\/de\/wp-json\/wp\/v2\/product_cat?post=4437"},{"taxonomy":"product_tag","embeddable":true,"href":"https:\/\/www.art-memorials.com\/de\/wp-json\/wp\/v2\/product_tag?post=4437"}],"curies":[{"name":"wp","href":"https:\/\/api.w.org\/{rel}","templated":true}]}}