{"id":4439,"date":"2022-09-10T11:02:15","date_gmt":"2022-09-10T09:02:15","guid":{"rendered":"https:\/\/art-memorials.com\/product\/two-shells\/"},"modified":"2023-04-25T16:32:02","modified_gmt":"2023-04-25T14:32:02","slug":"two-shells-zwei-muscheln","status":"publish","type":"product","link":"https:\/\/www.art-memorials.com\/de\/artwork\/two-shells-zwei-muscheln\/","title":{"rendered":"Two Shells &#8211; die zwei Muscheln"},"content":{"rendered":"<p><strong> Per Gernhard &#8220;Zwei Muscheln&#8221;<\/strong><\/p>\n<p>Per Gernhardt wurde 1941 in Posen geboren.<br \/>\n1967 Studies an der Hochschule f\u00fcr bildende K\u00fcnste, Berlin, mit Prof. D\u00f6rries.<br \/>\nDie K\u00fcnstlerin lebt seit 1980 im Wendland.<\/p>\n<p>Gernhardt hat einen pers\u00f6nlichen, subtilen Stil des Realismus entwickelt, der die M\u00f6glichkeiten der Betrachtung der beobachteten Umwelt stets offen h\u00e4lt. Er wird als Maler des Lichts und der Luft charakterisiert, der einen Farbfilter \u00fcber die gew\u00e4hlten Details legt und so eine poetische Atmosph\u00e4re schafft.<\/p>\n<p>Das Kunstwerk &#8220;Two Shells&#8221; von Per Gernhard ist ein au\u00dfergew\u00f6hnlicher Blickfang.<br \/>\nZwei perfekte Muscheln im zarten Licht.<\/p>\n<p>Die Farbe der Hoffnung bezieht sich hier auf die gr\u00fcne Lichtstimmung, den Schimmer der Hoffnung. Gr\u00fcn ist auch in der Natur zu finden und verweist auf den nat\u00fcrlichen Lauf der Dinge.<\/p>\n<p>Die Muschel und die Behausung stehen f\u00fcr Fruchtbarkeit und Regeneration des Lebens. Zwei perfekte Muscheln im zarten Licht.<\/p>\n","protected":false},"excerpt":{"rendered":"<p>KC00971<\/p>\n<p>Das Kunstwerk &#8220;Two Shells&#8221; des K\u00fcnstlers Per Gernhardt ist au\u00dfergew\u00f6hnlich und ein Blickfang f\u00fcr jeden Raum, Farboffset.<br \/>\nZwei perfekte Muscheln in zartem Licht sind auf dieser Farblithografie aus dem 20. Jahrhundert zu sehen.<br \/>\nDie Schalen und Behausungen der Muschel stehen f\u00fcr Fruchtbarkeit und Regeneration des Lebens. Mit dem Vergehen kann ein Prozess der Regeneration beginnen, aus dem etwas Neues entstehen kann.<\/p>\n","protected":false},"featured_media":3112,"template":"","meta":[],"product_brand":[],"product_cat":[371],"product_tag":[297,391,433,434,435],"class_list":{"0":"post-4439","1":"product","2":"type-product","3":"status-publish","4":"has-post-thumbnail","6":"product_cat-symbolic-art-beerdigung","7":"product_tag-shell-de","8":"product_tag-grun","9":"product_tag-per-gernhard-de","10":"product_tag-two-de","11":"product_tag-two-shells-de","12":"tm-has-options","14":"first","15":"instock","16":"taxable","17":"shipping-taxable","18":"purchasable","19":"product-type-simple"},"yoast_head":"<!-- This site is optimized with the Yoast SEO plugin v24.4 - https:\/\/yoast.com\/wordpress\/plugins\/seo\/ -->\n<title>Two Shells - die zwei Muscheln &#8902; Art-Memorials.com<\/title>\n<meta name=\"robots\" content=\"index, follow, max-snippet:-1, max-image-preview:large, max-video-preview:-1\" \/>\n<link rel=\"canonical\" href=\"https:\/\/www.art-memorials.com\/de\/artwork\/two-shells-zwei-muscheln\/\" \/>\n<meta property=\"og:locale\" content=\"de_DE\" \/>\n<meta property=\"og:type\" content=\"article\" \/>\n<meta property=\"og:title\" content=\"Two Shells - die zwei Muscheln &#8902; Art-Memorials.com\" \/>\n<meta property=\"og:description\" content=\"KC00971 Das Kunstwerk &quot;Two Shells&quot; des K\u00fcnstlers Per Gernhardt ist au\u00dfergew\u00f6hnlich und ein Blickfang f\u00fcr jeden Raum, Farboffset. Zwei perfekte Muscheln in zartem Licht sind auf dieser Farblithografie aus dem 20. Jahrhundert zu sehen. Die Schalen und Behausungen der Muschel stehen f\u00fcr Fruchtbarkeit und Regeneration des Lebens. Mit dem Vergehen kann ein Prozess der Regeneration beginnen, aus dem etwas Neues entstehen kann.\" \/>\n<meta property=\"og:url\" content=\"https:\/\/www.art-memorials.com\/de\/artwork\/two-shells-zwei-muscheln\/\" \/>\n<meta property=\"og:site_name\" content=\"Art-Memorials\" \/>\n<meta property=\"article:modified_time\" content=\"2023-04-25T14:32:02+00:00\" \/>\n<meta property=\"og:image\" content=\"https:\/\/www.art-memorials.com\/wp-content\/uploads\/2022\/09\/KC00971-Per-Gernhardt-Zwei-Muscheln.png\" \/>\n\t<meta property=\"og:image:width\" content=\"908\" \/>\n\t<meta property=\"og:image:height\" content=\"774\" \/>\n\t<meta property=\"og:image:type\" content=\"image\/png\" \/>\n<meta name=\"twitter:card\" content=\"summary_large_image\" \/>\n<meta name=\"twitter:label1\" content=\"Gesch\u00e4tzte Lesezeit\" \/>\n\t<meta name=\"twitter:data1\" content=\"1\u00a0Minute\" \/>\n<script type=\"application\/ld+json\" class=\"yoast-schema-graph\">{\"@context\":\"https:\/\/schema.org\",\"@graph\":[{\"@type\":\"WebPage\",\"@id\":\"https:\/\/www.art-memorials.com\/de\/artwork\/two-shells-zwei-muscheln\/\",\"url\":\"https:\/\/www.art-memorials.com\/de\/artwork\/two-shells-zwei-muscheln\/\",\"name\":\"Two Shells - die zwei Muscheln &#8902; Art-Memorials.com\",\"isPartOf\":{\"@id\":\"http:\/\/www.art-memorials.com\/de\/#website\"},\"primaryImageOfPage\":{\"@id\":\"https:\/\/www.art-memorials.com\/de\/artwork\/two-shells-zwei-muscheln\/#primaryimage\"},\"image\":{\"@id\":\"https:\/\/www.art-memorials.com\/de\/artwork\/two-shells-zwei-muscheln\/#primaryimage\"},\"thumbnailUrl\":\"https:\/\/www.art-memorials.com\/wp-content\/uploads\/2022\/09\/KC00971-Per-Gernhardt-Zwei-Muscheln.png\",\"datePublished\":\"2022-09-10T09:02:15+00:00\",\"dateModified\":\"2023-04-25T14:32:02+00:00\",\"breadcrumb\":{\"@id\":\"https:\/\/www.art-memorials.com\/de\/artwork\/two-shells-zwei-muscheln\/#breadcrumb\"},\"inLanguage\":\"de\",\"potentialAction\":[{\"@type\":\"ReadAction\",\"target\":[\"https:\/\/www.art-memorials.com\/de\/artwork\/two-shells-zwei-muscheln\/\"]}]},{\"@type\":\"ImageObject\",\"inLanguage\":\"de\",\"@id\":\"https:\/\/www.art-memorials.com\/de\/artwork\/two-shells-zwei-muscheln\/#primaryimage\",\"url\":\"https:\/\/www.art-memorials.com\/wp-content\/uploads\/2022\/09\/KC00971-Per-Gernhardt-Zwei-Muscheln.png\",\"contentUrl\":\"https:\/\/www.art-memorials.com\/wp-content\/uploads\/2022\/09\/KC00971-Per-Gernhardt-Zwei-Muscheln.png\",\"width\":908,\"height\":774,\"caption\":\"Two Shells\"},{\"@type\":\"BreadcrumbList\",\"@id\":\"https:\/\/www.art-memorials.com\/de\/artwork\/two-shells-zwei-muscheln\/#breadcrumb\",\"itemListElement\":[{\"@type\":\"ListItem\",\"position\":1,\"name\":\"Home\",\"item\":\"https:\/\/www.art-memorials.com\/de\/\"},{\"@type\":\"ListItem\",\"position\":2,\"name\":\"Shop\",\"item\":\"https:\/\/www.art-memorials.com\/de\/urnen\/\"},{\"@type\":\"ListItem\",\"position\":3,\"name\":\"Two Shells &#8211; die zwei Muscheln\"}]},{\"@type\":\"WebSite\",\"@id\":\"http:\/\/www.art-memorials.com\/de\/#website\",\"url\":\"http:\/\/www.art-memorials.com\/de\/\",\"name\":\"Art-Memorials\",\"description\":\"Exclusive Cremation Urns, Ash Paintings, and Sculptures\",\"potentialAction\":[{\"@type\":\"SearchAction\",\"target\":{\"@type\":\"EntryPoint\",\"urlTemplate\":\"http:\/\/www.art-memorials.com\/de\/?s={search_term_string}\"},\"query-input\":{\"@type\":\"PropertyValueSpecification\",\"valueRequired\":true,\"valueName\":\"search_term_string\"}}],\"inLanguage\":\"de\"}]}<\/script>\n<!-- \/ Yoast SEO plugin. -->","yoast_head_json":{"title":"Two Shells - die zwei Muscheln &#8902; Art-Memorials.com","robots":{"index":"index","follow":"follow","max-snippet":"max-snippet:-1","max-image-preview":"max-image-preview:large","max-video-preview":"max-video-preview:-1"},"canonical":"https:\/\/www.art-memorials.com\/de\/artwork\/two-shells-zwei-muscheln\/","og_locale":"de_DE","og_type":"article","og_title":"Two Shells - die zwei Muscheln &#8902; Art-Memorials.com","og_description":"KC00971 Das Kunstwerk \"Two Shells\" des K\u00fcnstlers Per Gernhardt ist au\u00dfergew\u00f6hnlich und ein Blickfang f\u00fcr jeden Raum, Farboffset. Zwei perfekte Muscheln in zartem Licht sind auf dieser Farblithografie aus dem 20. Jahrhundert zu sehen. Die Schalen und Behausungen der Muschel stehen f\u00fcr Fruchtbarkeit und Regeneration des Lebens. Mit dem Vergehen kann ein Prozess der Regeneration beginnen, aus dem etwas Neues entstehen kann.","og_url":"https:\/\/www.art-memorials.com\/de\/artwork\/two-shells-zwei-muscheln\/","og_site_name":"Art-Memorials","article_modified_time":"2023-04-25T14:32:02+00:00","og_image":[{"width":908,"height":774,"url":"https:\/\/www.art-memorials.com\/wp-content\/uploads\/2022\/09\/KC00971-Per-Gernhardt-Zwei-Muscheln.png","type":"image\/png"}],"twitter_card":"summary_large_image","twitter_misc":{"Gesch\u00e4tzte Lesezeit":"1\u00a0Minute"},"schema":{"@context":"https:\/\/schema.org","@graph":[{"@type":"WebPage","@id":"https:\/\/www.art-memorials.com\/de\/artwork\/two-shells-zwei-muscheln\/","url":"https:\/\/www.art-memorials.com\/de\/artwork\/two-shells-zwei-muscheln\/","name":"Two Shells - die zwei Muscheln &#8902; Art-Memorials.com","isPartOf":{"@id":"http:\/\/www.art-memorials.com\/de\/#website"},"primaryImageOfPage":{"@id":"https:\/\/www.art-memorials.com\/de\/artwork\/two-shells-zwei-muscheln\/#primaryimage"},"image":{"@id":"https:\/\/www.art-memorials.com\/de\/artwork\/two-shells-zwei-muscheln\/#primaryimage"},"thumbnailUrl":"https:\/\/www.art-memorials.com\/wp-content\/uploads\/2022\/09\/KC00971-Per-Gernhardt-Zwei-Muscheln.png","datePublished":"2022-09-10T09:02:15+00:00","dateModified":"2023-04-25T14:32:02+00:00","breadcrumb":{"@id":"https:\/\/www.art-memorials.com\/de\/artwork\/two-shells-zwei-muscheln\/#breadcrumb"},"inLanguage":"de","potentialAction":[{"@type":"ReadAction","target":["https:\/\/www.art-memorials.com\/de\/artwork\/two-shells-zwei-muscheln\/"]}]},{"@type":"ImageObject","inLanguage":"de","@id":"https:\/\/www.art-memorials.com\/de\/artwork\/two-shells-zwei-muscheln\/#primaryimage","url":"https:\/\/www.art-memorials.com\/wp-content\/uploads\/2022\/09\/KC00971-Per-Gernhardt-Zwei-Muscheln.png","contentUrl":"https:\/\/www.art-memorials.com\/wp-content\/uploads\/2022\/09\/KC00971-Per-Gernhardt-Zwei-Muscheln.png","width":908,"height":774,"caption":"Two Shells"},{"@type":"BreadcrumbList","@id":"https:\/\/www.art-memorials.com\/de\/artwork\/two-shells-zwei-muscheln\/#breadcrumb","itemListElement":[{"@type":"ListItem","position":1,"name":"Home","item":"https:\/\/www.art-memorials.com\/de\/"},{"@type":"ListItem","position":2,"name":"Shop","item":"https:\/\/www.art-memorials.com\/de\/urnen\/"},{"@type":"ListItem","position":3,"name":"Two Shells &#8211; die zwei Muscheln"}]},{"@type":"WebSite","@id":"http:\/\/www.art-memorials.com\/de\/#website","url":"http:\/\/www.art-memorials.com\/de\/","name":"Art-Memorials","description":"Exclusive Cremation Urns, Ash Paintings, and Sculptures","potentialAction":[{"@type":"SearchAction","target":{"@type":"EntryPoint","urlTemplate":"http:\/\/www.art-memorials.com\/de\/?s={search_term_string}"},"query-input":{"@type":"PropertyValueSpecification","valueRequired":true,"valueName":"search_term_string"}}],"inLanguage":"de"}]}},"_links":{"self":[{"href":"https:\/\/www.art-memorials.com\/de\/wp-json\/wp\/v2\/product\/4439","targetHints":{"allow":["GET"]}}],"collection":[{"href":"https:\/\/www.art-memorials.com\/de\/wp-json\/wp\/v2\/product"}],"about":[{"href":"https:\/\/www.art-memorials.com\/de\/wp-json\/wp\/v2\/types\/product"}],"wp:featuredmedia":[{"embeddable":true,"href":"https:\/\/www.art-memorials.com\/de\/wp-json\/wp\/v2\/media\/3112"}],"wp:attachment":[{"href":"https:\/\/www.art-memorials.com\/de\/wp-json\/wp\/v2\/media?parent=4439"}],"wp:term":[{"taxonomy":"product_brand","embeddable":true,"href":"https:\/\/www.art-memorials.com\/de\/wp-json\/wp\/v2\/product_brand?post=4439"},{"taxonomy":"product_cat","embeddable":true,"href":"https:\/\/www.art-memorials.com\/de\/wp-json\/wp\/v2\/product_cat?post=4439"},{"taxonomy":"product_tag","embeddable":true,"href":"https:\/\/www.art-memorials.com\/de\/wp-json\/wp\/v2\/product_tag?post=4439"}],"curies":[{"name":"wp","href":"https:\/\/api.w.org\/{rel}","templated":true}]}}