{"id":4442,"date":"2022-09-10T10:49:47","date_gmt":"2022-09-10T08:49:47","guid":{"rendered":"https:\/\/art-memorials.com\/product\/green-shell\/"},"modified":"2023-04-25T16:32:03","modified_gmt":"2023-04-25T14:32:03","slug":"green-shell-grune-muschel","status":"publish","type":"product","link":"https:\/\/www.art-memorials.com\/de\/artwork\/green-shell-grune-muschel\/","title":{"rendered":"Green Shell &#8211; die gr\u00fcne Muschel"},"content":{"rendered":"<p><strong>Per Gernhard &#8220;Green Shell&#8221;<\/strong><\/p>\n<p>Per Gernhardt wurde 1941 in Posen geboren.<br \/>\n1967 Studies an der Hochschule f\u00fcr bildende K\u00fcnste, Berlin, mit Prof. D\u00f6rries.<br \/>\nDie K\u00fcnstlerin lebt seit 1980 im Wendland.<\/p>\n<p>Gernhardt hat einen pers\u00f6nlichen, subtilen Stil des Realismus entwickelt, der die M\u00f6glichkeiten der Betrachtung der beobachteten Umwelt stets offen h\u00e4lt. Er wird als Maler des Lichts und der Luft charakterisiert, der einen Farbfilter \u00fcber die gew\u00e4hlten Details legt und so eine poetische Atmosph\u00e4re schafft.<\/p>\n<p>Das Kunstwerk &#8220;Green Shell&#8221; von Per Gernhard ist eine perfekte Muschel im zarten gr\u00fcnen Licht von 1977.<\/p>\n<p>Die Farbe der Hoffnung verweist hier auf die gr\u00fcne Lichtstimmung, den Hoffnungsschimmer. Gr\u00fcn ist auch in der Natur zu finden und verweist auf den nat\u00fcrlichen Lauf der Dinge.<\/p>\n<p>Die Muschel und die Behausung stehen f\u00fcr Fruchtbarkeit und Regeneration des Lebens.<\/p>\n","protected":false},"excerpt":{"rendered":"<p>KC00409<\/p>\n<p>Das Kunstwerk &#8220;Green Shell&#8221; von Per Gernhard ist eine perfekte Muschel im zarten gr\u00fcnen Licht von 1977.<\/p>\n<p>Die Farbe der Hoffnung verweist hier auf die gr\u00fcne Lichtstimmung, den Hoffnungsschimmer. Gr\u00fcn ist auch in der Natur zu finden und verweist auf den nat\u00fcrlichen Lauf der Dinge.<\/p>\n<p>Die Muschel und die Behausung stehen f\u00fcr Fruchtbarkeit und Regeneration des Lebens.<\/p>\n","protected":false},"featured_media":3108,"template":"","meta":[],"product_brand":[],"product_cat":[371],"product_tag":[297,391,433,436],"class_list":{"0":"post-4442","1":"product","2":"type-product","3":"status-publish","4":"has-post-thumbnail","6":"product_cat-symbolic-art-beerdigung","7":"product_tag-shell-de","8":"product_tag-grun","9":"product_tag-per-gernhard-de","10":"product_tag-green-shell-de","11":"tm-has-options","13":"first","14":"instock","15":"taxable","16":"shipping-taxable","17":"purchasable","18":"product-type-simple"},"yoast_head":"<!-- This site is optimized with the Yoast SEO plugin v24.4 - https:\/\/yoast.com\/wordpress\/plugins\/seo\/ -->\n<title>Green Shell - die gr\u00fcne Muschel &#8902; Art-Memorials.com<\/title>\n<meta name=\"robots\" content=\"index, follow, max-snippet:-1, max-image-preview:large, max-video-preview:-1\" \/>\n<link rel=\"canonical\" href=\"https:\/\/www.art-memorials.com\/de\/artwork\/green-shell-grune-muschel\/\" \/>\n<meta property=\"og:locale\" content=\"de_DE\" \/>\n<meta property=\"og:type\" content=\"article\" \/>\n<meta property=\"og:title\" content=\"Green Shell - die gr\u00fcne Muschel &#8902; Art-Memorials.com\" \/>\n<meta property=\"og:description\" content=\"KC00409 Das Kunstwerk &quot;Green Shell&quot; von Per Gernhard ist eine perfekte Muschel im zarten gr\u00fcnen Licht von 1977. Die Farbe der Hoffnung verweist hier auf die gr\u00fcne Lichtstimmung, den Hoffnungsschimmer. Gr\u00fcn ist auch in der Natur zu finden und verweist auf den nat\u00fcrlichen Lauf der Dinge. Die Muschel und die Behausung stehen f\u00fcr Fruchtbarkeit und Regeneration des Lebens.\" \/>\n<meta property=\"og:url\" content=\"https:\/\/www.art-memorials.com\/de\/artwork\/green-shell-grune-muschel\/\" \/>\n<meta property=\"og:site_name\" content=\"Art-Memorials\" \/>\n<meta property=\"article:modified_time\" content=\"2023-04-25T14:32:03+00:00\" \/>\n<meta property=\"og:image\" content=\"https:\/\/www.art-memorials.com\/wp-content\/uploads\/2022\/09\/KC00409-Gernhardt-Per-Muschelgru\u0308n.jpg\" \/>\n\t<meta property=\"og:image:width\" content=\"439\" \/>\n\t<meta property=\"og:image:height\" content=\"646\" \/>\n\t<meta property=\"og:image:type\" content=\"image\/jpeg\" \/>\n<meta name=\"twitter:card\" content=\"summary_large_image\" \/>\n<meta name=\"twitter:label1\" content=\"Gesch\u00e4tzte Lesezeit\" \/>\n\t<meta name=\"twitter:data1\" content=\"1\u00a0Minute\" \/>\n<script type=\"application\/ld+json\" class=\"yoast-schema-graph\">{\"@context\":\"https:\/\/schema.org\",\"@graph\":[{\"@type\":\"WebPage\",\"@id\":\"https:\/\/www.art-memorials.com\/de\/artwork\/green-shell-grune-muschel\/\",\"url\":\"https:\/\/www.art-memorials.com\/de\/artwork\/green-shell-grune-muschel\/\",\"name\":\"Green Shell - die gr\u00fcne Muschel &#8902; Art-Memorials.com\",\"isPartOf\":{\"@id\":\"http:\/\/www.art-memorials.com\/de\/#website\"},\"primaryImageOfPage\":{\"@id\":\"https:\/\/www.art-memorials.com\/de\/artwork\/green-shell-grune-muschel\/#primaryimage\"},\"image\":{\"@id\":\"https:\/\/www.art-memorials.com\/de\/artwork\/green-shell-grune-muschel\/#primaryimage\"},\"thumbnailUrl\":\"https:\/\/www.art-memorials.com\/wp-content\/uploads\/2022\/09\/KC00409-Gernhardt-Per-Muschelgru\u0308n.jpg\",\"datePublished\":\"2022-09-10T08:49:47+00:00\",\"dateModified\":\"2023-04-25T14:32:03+00:00\",\"breadcrumb\":{\"@id\":\"https:\/\/www.art-memorials.com\/de\/artwork\/green-shell-grune-muschel\/#breadcrumb\"},\"inLanguage\":\"de\",\"potentialAction\":[{\"@type\":\"ReadAction\",\"target\":[\"https:\/\/www.art-memorials.com\/de\/artwork\/green-shell-grune-muschel\/\"]}]},{\"@type\":\"ImageObject\",\"inLanguage\":\"de\",\"@id\":\"https:\/\/www.art-memorials.com\/de\/artwork\/green-shell-grune-muschel\/#primaryimage\",\"url\":\"https:\/\/www.art-memorials.com\/wp-content\/uploads\/2022\/09\/KC00409-Gernhardt-Per-Muschelgru\u0308n.jpg\",\"contentUrl\":\"https:\/\/www.art-memorials.com\/wp-content\/uploads\/2022\/09\/KC00409-Gernhardt-Per-Muschelgru\u0308n.jpg\",\"width\":439,\"height\":646},{\"@type\":\"BreadcrumbList\",\"@id\":\"https:\/\/www.art-memorials.com\/de\/artwork\/green-shell-grune-muschel\/#breadcrumb\",\"itemListElement\":[{\"@type\":\"ListItem\",\"position\":1,\"name\":\"Home\",\"item\":\"https:\/\/www.art-memorials.com\/de\/\"},{\"@type\":\"ListItem\",\"position\":2,\"name\":\"Shop\",\"item\":\"https:\/\/www.art-memorials.com\/de\/urnen\/\"},{\"@type\":\"ListItem\",\"position\":3,\"name\":\"Green Shell &#8211; die gr\u00fcne Muschel\"}]},{\"@type\":\"WebSite\",\"@id\":\"http:\/\/www.art-memorials.com\/de\/#website\",\"url\":\"http:\/\/www.art-memorials.com\/de\/\",\"name\":\"Art-Memorials\",\"description\":\"Exclusive Cremation Urns, Ash Paintings, and Sculptures\",\"potentialAction\":[{\"@type\":\"SearchAction\",\"target\":{\"@type\":\"EntryPoint\",\"urlTemplate\":\"http:\/\/www.art-memorials.com\/de\/?s={search_term_string}\"},\"query-input\":{\"@type\":\"PropertyValueSpecification\",\"valueRequired\":true,\"valueName\":\"search_term_string\"}}],\"inLanguage\":\"de\"}]}<\/script>\n<!-- \/ Yoast SEO plugin. -->","yoast_head_json":{"title":"Green Shell - die gr\u00fcne Muschel &#8902; Art-Memorials.com","robots":{"index":"index","follow":"follow","max-snippet":"max-snippet:-1","max-image-preview":"max-image-preview:large","max-video-preview":"max-video-preview:-1"},"canonical":"https:\/\/www.art-memorials.com\/de\/artwork\/green-shell-grune-muschel\/","og_locale":"de_DE","og_type":"article","og_title":"Green Shell - die gr\u00fcne Muschel &#8902; Art-Memorials.com","og_description":"KC00409 Das Kunstwerk \"Green Shell\" von Per Gernhard ist eine perfekte Muschel im zarten gr\u00fcnen Licht von 1977. Die Farbe der Hoffnung verweist hier auf die gr\u00fcne Lichtstimmung, den Hoffnungsschimmer. Gr\u00fcn ist auch in der Natur zu finden und verweist auf den nat\u00fcrlichen Lauf der Dinge. Die Muschel und die Behausung stehen f\u00fcr Fruchtbarkeit und Regeneration des Lebens.","og_url":"https:\/\/www.art-memorials.com\/de\/artwork\/green-shell-grune-muschel\/","og_site_name":"Art-Memorials","article_modified_time":"2023-04-25T14:32:03+00:00","og_image":[{"width":439,"height":646,"url":"https:\/\/www.art-memorials.com\/wp-content\/uploads\/2022\/09\/KC00409-Gernhardt-Per-Muschelgru\u0308n.jpg","type":"image\/jpeg"}],"twitter_card":"summary_large_image","twitter_misc":{"Gesch\u00e4tzte Lesezeit":"1\u00a0Minute"},"schema":{"@context":"https:\/\/schema.org","@graph":[{"@type":"WebPage","@id":"https:\/\/www.art-memorials.com\/de\/artwork\/green-shell-grune-muschel\/","url":"https:\/\/www.art-memorials.com\/de\/artwork\/green-shell-grune-muschel\/","name":"Green Shell - die gr\u00fcne Muschel &#8902; Art-Memorials.com","isPartOf":{"@id":"http:\/\/www.art-memorials.com\/de\/#website"},"primaryImageOfPage":{"@id":"https:\/\/www.art-memorials.com\/de\/artwork\/green-shell-grune-muschel\/#primaryimage"},"image":{"@id":"https:\/\/www.art-memorials.com\/de\/artwork\/green-shell-grune-muschel\/#primaryimage"},"thumbnailUrl":"https:\/\/www.art-memorials.com\/wp-content\/uploads\/2022\/09\/KC00409-Gernhardt-Per-Muschelgru\u0308n.jpg","datePublished":"2022-09-10T08:49:47+00:00","dateModified":"2023-04-25T14:32:03+00:00","breadcrumb":{"@id":"https:\/\/www.art-memorials.com\/de\/artwork\/green-shell-grune-muschel\/#breadcrumb"},"inLanguage":"de","potentialAction":[{"@type":"ReadAction","target":["https:\/\/www.art-memorials.com\/de\/artwork\/green-shell-grune-muschel\/"]}]},{"@type":"ImageObject","inLanguage":"de","@id":"https:\/\/www.art-memorials.com\/de\/artwork\/green-shell-grune-muschel\/#primaryimage","url":"https:\/\/www.art-memorials.com\/wp-content\/uploads\/2022\/09\/KC00409-Gernhardt-Per-Muschelgru\u0308n.jpg","contentUrl":"https:\/\/www.art-memorials.com\/wp-content\/uploads\/2022\/09\/KC00409-Gernhardt-Per-Muschelgru\u0308n.jpg","width":439,"height":646},{"@type":"BreadcrumbList","@id":"https:\/\/www.art-memorials.com\/de\/artwork\/green-shell-grune-muschel\/#breadcrumb","itemListElement":[{"@type":"ListItem","position":1,"name":"Home","item":"https:\/\/www.art-memorials.com\/de\/"},{"@type":"ListItem","position":2,"name":"Shop","item":"https:\/\/www.art-memorials.com\/de\/urnen\/"},{"@type":"ListItem","position":3,"name":"Green Shell &#8211; die gr\u00fcne Muschel"}]},{"@type":"WebSite","@id":"http:\/\/www.art-memorials.com\/de\/#website","url":"http:\/\/www.art-memorials.com\/de\/","name":"Art-Memorials","description":"Exclusive Cremation Urns, Ash Paintings, and Sculptures","potentialAction":[{"@type":"SearchAction","target":{"@type":"EntryPoint","urlTemplate":"http:\/\/www.art-memorials.com\/de\/?s={search_term_string}"},"query-input":{"@type":"PropertyValueSpecification","valueRequired":true,"valueName":"search_term_string"}}],"inLanguage":"de"}]}},"_links":{"self":[{"href":"https:\/\/www.art-memorials.com\/de\/wp-json\/wp\/v2\/product\/4442","targetHints":{"allow":["GET"]}}],"collection":[{"href":"https:\/\/www.art-memorials.com\/de\/wp-json\/wp\/v2\/product"}],"about":[{"href":"https:\/\/www.art-memorials.com\/de\/wp-json\/wp\/v2\/types\/product"}],"wp:featuredmedia":[{"embeddable":true,"href":"https:\/\/www.art-memorials.com\/de\/wp-json\/wp\/v2\/media\/3108"}],"wp:attachment":[{"href":"https:\/\/www.art-memorials.com\/de\/wp-json\/wp\/v2\/media?parent=4442"}],"wp:term":[{"taxonomy":"product_brand","embeddable":true,"href":"https:\/\/www.art-memorials.com\/de\/wp-json\/wp\/v2\/product_brand?post=4442"},{"taxonomy":"product_cat","embeddable":true,"href":"https:\/\/www.art-memorials.com\/de\/wp-json\/wp\/v2\/product_cat?post=4442"},{"taxonomy":"product_tag","embeddable":true,"href":"https:\/\/www.art-memorials.com\/de\/wp-json\/wp\/v2\/product_tag?post=4442"}],"curies":[{"name":"wp","href":"https:\/\/api.w.org\/{rel}","templated":true}]}}