{"id":4716,"date":"2023-02-15T12:50:01","date_gmt":"2023-02-15T10:50:01","guid":{"rendered":"https:\/\/art-memorials.com\/?post_type=product&#038;p=4716"},"modified":"2023-04-20T09:52:52","modified_gmt":"2023-04-20T07:52:52","slug":"goldener-engel-mit-roter-box","status":"publish","type":"product","link":"https:\/\/www.art-memorials.com\/de\/artwork\/goldener-engel-mit-roter-box\/","title":{"rendered":"Goldener Engel &#8211; mit roter Box"},"content":{"rendered":"<p><strong>Der goldene Engel<\/strong><\/p>\n<p>Die Graburne f\u00fcr eine unschuldige Seele wird als Schutzengel in Metall dargestellt. Ein Engel, der das Heilige ank\u00fcndigt, der begleitet und hilft. Das ewige Andenken an einen geliebten Menschen mit einem zarten und einf\u00fchlsamen Gedenkstein zu ehren.<\/p>\n<p>The urn with the image of an angel is handmade with 24k gold leaf gilded.<\/p>\n<p>Kontaktieren Sie uns f\u00fcr weitere Informationen und\/oder Beratung!<\/p>\n","protected":false},"excerpt":{"rendered":"<div data-canvas-width=\"600.6000000000001\">Sch\u00f6ne Urne mit einem Engel, wertvolle Urne zu verkaufen: handgefertigte Urne f\u00fcr die Asche Ihrer verstorbenen Familie<\/div>\n<div data-canvas-width=\"590.4359999999999\">Mitglied oder Freund nach der Ein\u00e4scherung. Ein Teil der Asche wird in der Urne aufbewahrt, um das Andenken zu bewahren.<\/div>\n","protected":false},"featured_media":4955,"template":"","meta":[],"product_brand":[],"product_cat":[767,274,364],"product_tag":[276,277,278,279,280,443,583,722],"class_list":{"0":"post-4716","1":"product","2":"type-product","3":"status-publish","4":"has-post-thumbnail","6":"product_cat-goldene-urnen","7":"product_cat-kinder-urnen","8":"product_cat-kultur-religion","9":"product_tag-stahl","10":"product_tag-urne","11":"product_tag-the-angel-de","12":"product_tag-angel-de","13":"product_tag-menschenurne","14":"product_tag-rot","15":"product_tag-gold","16":"product_tag-rote-box","17":"tm-has-options","19":"first","20":"instock","21":"taxable","22":"shipping-taxable","23":"purchasable","24":"product-type-simple"},"yoast_head":"<!-- This site is optimized with the Yoast SEO plugin v24.4 - https:\/\/yoast.com\/wordpress\/plugins\/seo\/ -->\n<title>Goldener Engel - mit roter Box &#8902; Art-Memorials.com<\/title>\n<meta name=\"robots\" content=\"index, follow, max-snippet:-1, max-image-preview:large, max-video-preview:-1\" \/>\n<link rel=\"canonical\" href=\"https:\/\/www.art-memorials.com\/de\/artwork\/goldener-engel-mit-roter-box\/\" \/>\n<meta property=\"og:locale\" content=\"de_DE\" \/>\n<meta property=\"og:type\" content=\"article\" \/>\n<meta property=\"og:title\" content=\"Goldener Engel - mit roter Box &#8902; Art-Memorials.com\" \/>\n<meta property=\"og:description\" content=\"Sch\u00f6ne Urne mit einem Engel, wertvolle Urne zu verkaufen: handgefertigte Urne f\u00fcr die Asche Ihrer verstorbenen Familie Mitglied oder Freund nach der Ein\u00e4scherung. Ein Teil der Asche wird in der Urne aufbewahrt, um das Andenken zu bewahren.\" \/>\n<meta property=\"og:url\" content=\"https:\/\/www.art-memorials.com\/de\/artwork\/goldener-engel-mit-roter-box\/\" \/>\n<meta property=\"og:site_name\" content=\"Art-Memorials\" \/>\n<meta property=\"article:modified_time\" content=\"2023-04-20T07:52:52+00:00\" \/>\n<meta property=\"og:image\" content=\"https:\/\/www.art-memorials.com\/wp-content\/uploads\/2023\/02\/GoldenAngelRedBox.jpg\" \/>\n\t<meta property=\"og:image:width\" content=\"2560\" \/>\n\t<meta property=\"og:image:height\" content=\"2504\" \/>\n\t<meta property=\"og:image:type\" content=\"image\/jpeg\" \/>\n<meta name=\"twitter:card\" content=\"summary_large_image\" \/>\n<meta name=\"twitter:label1\" content=\"Gesch\u00e4tzte Lesezeit\" \/>\n\t<meta name=\"twitter:data1\" content=\"1\u00a0Minute\" \/>\n<script type=\"application\/ld+json\" class=\"yoast-schema-graph\">{\"@context\":\"https:\/\/schema.org\",\"@graph\":[{\"@type\":\"WebPage\",\"@id\":\"https:\/\/www.art-memorials.com\/de\/artwork\/goldener-engel-mit-roter-box\/\",\"url\":\"https:\/\/www.art-memorials.com\/de\/artwork\/goldener-engel-mit-roter-box\/\",\"name\":\"Goldener Engel - mit roter Box &#8902; Art-Memorials.com\",\"isPartOf\":{\"@id\":\"http:\/\/www.art-memorials.com\/de\/#website\"},\"primaryImageOfPage\":{\"@id\":\"https:\/\/www.art-memorials.com\/de\/artwork\/goldener-engel-mit-roter-box\/#primaryimage\"},\"image\":{\"@id\":\"https:\/\/www.art-memorials.com\/de\/artwork\/goldener-engel-mit-roter-box\/#primaryimage\"},\"thumbnailUrl\":\"https:\/\/www.art-memorials.com\/wp-content\/uploads\/2023\/02\/GoldenAngelRedBox.jpg\",\"datePublished\":\"2023-02-15T10:50:01+00:00\",\"dateModified\":\"2023-04-20T07:52:52+00:00\",\"breadcrumb\":{\"@id\":\"https:\/\/www.art-memorials.com\/de\/artwork\/goldener-engel-mit-roter-box\/#breadcrumb\"},\"inLanguage\":\"de\",\"potentialAction\":[{\"@type\":\"ReadAction\",\"target\":[\"https:\/\/www.art-memorials.com\/de\/artwork\/goldener-engel-mit-roter-box\/\"]}]},{\"@type\":\"ImageObject\",\"inLanguage\":\"de\",\"@id\":\"https:\/\/www.art-memorials.com\/de\/artwork\/goldener-engel-mit-roter-box\/#primaryimage\",\"url\":\"https:\/\/www.art-memorials.com\/wp-content\/uploads\/2023\/02\/GoldenAngelRedBox.jpg\",\"contentUrl\":\"https:\/\/www.art-memorials.com\/wp-content\/uploads\/2023\/02\/GoldenAngelRedBox.jpg\",\"width\":2560,\"height\":2504,\"caption\":\"Buy Exclusive Luxurious Gold Plated Angel Cremation Urn on deep red ash container for sale\"},{\"@type\":\"BreadcrumbList\",\"@id\":\"https:\/\/www.art-memorials.com\/de\/artwork\/goldener-engel-mit-roter-box\/#breadcrumb\",\"itemListElement\":[{\"@type\":\"ListItem\",\"position\":1,\"name\":\"Home\",\"item\":\"https:\/\/www.art-memorials.com\/de\/\"},{\"@type\":\"ListItem\",\"position\":2,\"name\":\"Shop\",\"item\":\"https:\/\/www.art-memorials.com\/de\/urnen\/\"},{\"@type\":\"ListItem\",\"position\":3,\"name\":\"Goldener Engel &#8211; mit roter Box\"}]},{\"@type\":\"WebSite\",\"@id\":\"http:\/\/www.art-memorials.com\/de\/#website\",\"url\":\"http:\/\/www.art-memorials.com\/de\/\",\"name\":\"Art-Memorials\",\"description\":\"Exclusive Cremation Urns, Ash Paintings, and Sculptures\",\"potentialAction\":[{\"@type\":\"SearchAction\",\"target\":{\"@type\":\"EntryPoint\",\"urlTemplate\":\"http:\/\/www.art-memorials.com\/de\/?s={search_term_string}\"},\"query-input\":{\"@type\":\"PropertyValueSpecification\",\"valueRequired\":true,\"valueName\":\"search_term_string\"}}],\"inLanguage\":\"de\"}]}<\/script>\n<!-- \/ Yoast SEO plugin. -->","yoast_head_json":{"title":"Goldener Engel - mit roter Box &#8902; Art-Memorials.com","robots":{"index":"index","follow":"follow","max-snippet":"max-snippet:-1","max-image-preview":"max-image-preview:large","max-video-preview":"max-video-preview:-1"},"canonical":"https:\/\/www.art-memorials.com\/de\/artwork\/goldener-engel-mit-roter-box\/","og_locale":"de_DE","og_type":"article","og_title":"Goldener Engel - mit roter Box &#8902; Art-Memorials.com","og_description":"Sch\u00f6ne Urne mit einem Engel, wertvolle Urne zu verkaufen: handgefertigte Urne f\u00fcr die Asche Ihrer verstorbenen Familie Mitglied oder Freund nach der Ein\u00e4scherung. Ein Teil der Asche wird in der Urne aufbewahrt, um das Andenken zu bewahren.","og_url":"https:\/\/www.art-memorials.com\/de\/artwork\/goldener-engel-mit-roter-box\/","og_site_name":"Art-Memorials","article_modified_time":"2023-04-20T07:52:52+00:00","og_image":[{"width":2560,"height":2504,"url":"https:\/\/www.art-memorials.com\/wp-content\/uploads\/2023\/02\/GoldenAngelRedBox.jpg","type":"image\/jpeg"}],"twitter_card":"summary_large_image","twitter_misc":{"Gesch\u00e4tzte Lesezeit":"1\u00a0Minute"},"schema":{"@context":"https:\/\/schema.org","@graph":[{"@type":"WebPage","@id":"https:\/\/www.art-memorials.com\/de\/artwork\/goldener-engel-mit-roter-box\/","url":"https:\/\/www.art-memorials.com\/de\/artwork\/goldener-engel-mit-roter-box\/","name":"Goldener Engel - mit roter Box &#8902; Art-Memorials.com","isPartOf":{"@id":"http:\/\/www.art-memorials.com\/de\/#website"},"primaryImageOfPage":{"@id":"https:\/\/www.art-memorials.com\/de\/artwork\/goldener-engel-mit-roter-box\/#primaryimage"},"image":{"@id":"https:\/\/www.art-memorials.com\/de\/artwork\/goldener-engel-mit-roter-box\/#primaryimage"},"thumbnailUrl":"https:\/\/www.art-memorials.com\/wp-content\/uploads\/2023\/02\/GoldenAngelRedBox.jpg","datePublished":"2023-02-15T10:50:01+00:00","dateModified":"2023-04-20T07:52:52+00:00","breadcrumb":{"@id":"https:\/\/www.art-memorials.com\/de\/artwork\/goldener-engel-mit-roter-box\/#breadcrumb"},"inLanguage":"de","potentialAction":[{"@type":"ReadAction","target":["https:\/\/www.art-memorials.com\/de\/artwork\/goldener-engel-mit-roter-box\/"]}]},{"@type":"ImageObject","inLanguage":"de","@id":"https:\/\/www.art-memorials.com\/de\/artwork\/goldener-engel-mit-roter-box\/#primaryimage","url":"https:\/\/www.art-memorials.com\/wp-content\/uploads\/2023\/02\/GoldenAngelRedBox.jpg","contentUrl":"https:\/\/www.art-memorials.com\/wp-content\/uploads\/2023\/02\/GoldenAngelRedBox.jpg","width":2560,"height":2504,"caption":"Buy Exclusive Luxurious Gold Plated Angel Cremation Urn on deep red ash container for sale"},{"@type":"BreadcrumbList","@id":"https:\/\/www.art-memorials.com\/de\/artwork\/goldener-engel-mit-roter-box\/#breadcrumb","itemListElement":[{"@type":"ListItem","position":1,"name":"Home","item":"https:\/\/www.art-memorials.com\/de\/"},{"@type":"ListItem","position":2,"name":"Shop","item":"https:\/\/www.art-memorials.com\/de\/urnen\/"},{"@type":"ListItem","position":3,"name":"Goldener Engel &#8211; mit roter Box"}]},{"@type":"WebSite","@id":"http:\/\/www.art-memorials.com\/de\/#website","url":"http:\/\/www.art-memorials.com\/de\/","name":"Art-Memorials","description":"Exclusive Cremation Urns, Ash Paintings, and Sculptures","potentialAction":[{"@type":"SearchAction","target":{"@type":"EntryPoint","urlTemplate":"http:\/\/www.art-memorials.com\/de\/?s={search_term_string}"},"query-input":{"@type":"PropertyValueSpecification","valueRequired":true,"valueName":"search_term_string"}}],"inLanguage":"de"}]}},"_links":{"self":[{"href":"https:\/\/www.art-memorials.com\/de\/wp-json\/wp\/v2\/product\/4716","targetHints":{"allow":["GET"]}}],"collection":[{"href":"https:\/\/www.art-memorials.com\/de\/wp-json\/wp\/v2\/product"}],"about":[{"href":"https:\/\/www.art-memorials.com\/de\/wp-json\/wp\/v2\/types\/product"}],"wp:featuredmedia":[{"embeddable":true,"href":"https:\/\/www.art-memorials.com\/de\/wp-json\/wp\/v2\/media\/4955"}],"wp:attachment":[{"href":"https:\/\/www.art-memorials.com\/de\/wp-json\/wp\/v2\/media?parent=4716"}],"wp:term":[{"taxonomy":"product_brand","embeddable":true,"href":"https:\/\/www.art-memorials.com\/de\/wp-json\/wp\/v2\/product_brand?post=4716"},{"taxonomy":"product_cat","embeddable":true,"href":"https:\/\/www.art-memorials.com\/de\/wp-json\/wp\/v2\/product_cat?post=4716"},{"taxonomy":"product_tag","embeddable":true,"href":"https:\/\/www.art-memorials.com\/de\/wp-json\/wp\/v2\/product_tag?post=4716"}],"curies":[{"name":"wp","href":"https:\/\/api.w.org\/{rel}","templated":true}]}}