{"id":4827,"date":"2023-02-12T13:22:05","date_gmt":"2023-02-12T11:22:05","guid":{"rendered":"https:\/\/art-memorials.com\/product\/cross-orthodox\/"},"modified":"2023-04-25T16:32:00","modified_gmt":"2023-04-25T14:32:00","slug":"cross-orthodox","status":"publish","type":"product","link":"https:\/\/www.art-memorials.com\/de\/artwork\/cross-orthodox\/","title":{"rendered":"Orthodoxes Kreuz"},"content":{"rendered":"<p><strong>Orthodoxes Kreuz<\/strong><\/p>\n<p>Eine exklusive Urne, die mit einem heiligen orthodoxen Kreuz verziert ist. Eine christliche Heiligenfigur mit einem Ornament in tiefem Stahlblau, das stabil auf einem Sockel mit kontrastierender gl\u00e4nzender Oberfl\u00e4che steht. Die Erinnerung wird durch dieses sch\u00f6ne metaphorische Objekt geehrt.<\/p>\n<p>Die Bilder dienen nur zu Ansichtszwecken, das Original kann abweichen!<\/p>\n","protected":false},"excerpt":{"rendered":"<p> [&hellip;]<\/p>\n","protected":false},"featured_media":4900,"template":"","meta":[],"product_brand":[],"product_cat":[364],"product_tag":[277,280,735,736,738],"class_list":{"0":"post-4827","1":"product","2":"type-product","3":"status-publish","4":"has-post-thumbnail","6":"product_cat-kultur-religion","7":"product_tag-urne","8":"product_tag-menschenurne","9":"product_tag-asche-de","10":"product_tag-orthodox-de","11":"product_tag-kreuz","12":"pa_topic-kreuz","13":"tm-has-options","15":"first","16":"instock","17":"taxable","18":"shipping-taxable","19":"purchasable","20":"product-type-simple"},"yoast_head":"<!-- This site is optimized with the Yoast SEO plugin v24.4 - https:\/\/yoast.com\/wordpress\/plugins\/seo\/ -->\n<title>Orthodoxes Kreuz &#8902; Art-Memorials.com<\/title>\n<meta name=\"robots\" content=\"index, follow, max-snippet:-1, max-image-preview:large, max-video-preview:-1\" \/>\n<link rel=\"canonical\" href=\"https:\/\/www.art-memorials.com\/de\/artwork\/cross-orthodox\/\" \/>\n<meta property=\"og:locale\" content=\"de_DE\" \/>\n<meta property=\"og:type\" content=\"article\" \/>\n<meta property=\"og:title\" content=\"Orthodoxes Kreuz &#8902; Art-Memorials.com\" \/>\n<meta property=\"og:description\" content=\"[&hellip;]\" \/>\n<meta property=\"og:url\" content=\"https:\/\/www.art-memorials.com\/de\/artwork\/cross-orthodox\/\" \/>\n<meta property=\"og:site_name\" content=\"Art-Memorials\" \/>\n<meta property=\"article:modified_time\" content=\"2023-04-25T14:32:00+00:00\" \/>\n<meta property=\"og:image\" content=\"https:\/\/www.art-memorials.com\/wp-content\/uploads\/2023\/02\/Orthodox_Cross_FinalAM-1.jpg\" \/>\n\t<meta property=\"og:image:width\" content=\"2100\" \/>\n\t<meta property=\"og:image:height\" content=\"2000\" \/>\n\t<meta property=\"og:image:type\" content=\"image\/jpeg\" \/>\n<meta name=\"twitter:card\" content=\"summary_large_image\" \/>\n<script type=\"application\/ld+json\" class=\"yoast-schema-graph\">{\"@context\":\"https:\/\/schema.org\",\"@graph\":[{\"@type\":\"WebPage\",\"@id\":\"https:\/\/www.art-memorials.com\/de\/artwork\/cross-orthodox\/\",\"url\":\"https:\/\/www.art-memorials.com\/de\/artwork\/cross-orthodox\/\",\"name\":\"Orthodoxes Kreuz &#8902; Art-Memorials.com\",\"isPartOf\":{\"@id\":\"http:\/\/www.art-memorials.com\/de\/#website\"},\"primaryImageOfPage\":{\"@id\":\"https:\/\/www.art-memorials.com\/de\/artwork\/cross-orthodox\/#primaryimage\"},\"image\":{\"@id\":\"https:\/\/www.art-memorials.com\/de\/artwork\/cross-orthodox\/#primaryimage\"},\"thumbnailUrl\":\"https:\/\/www.art-memorials.com\/wp-content\/uploads\/2023\/02\/Orthodox_Cross_FinalAM-1.jpg\",\"datePublished\":\"2023-02-12T11:22:05+00:00\",\"dateModified\":\"2023-04-25T14:32:00+00:00\",\"breadcrumb\":{\"@id\":\"https:\/\/www.art-memorials.com\/de\/artwork\/cross-orthodox\/#breadcrumb\"},\"inLanguage\":\"de\",\"potentialAction\":[{\"@type\":\"ReadAction\",\"target\":[\"https:\/\/www.art-memorials.com\/de\/artwork\/cross-orthodox\/\"]}]},{\"@type\":\"ImageObject\",\"inLanguage\":\"de\",\"@id\":\"https:\/\/www.art-memorials.com\/de\/artwork\/cross-orthodox\/#primaryimage\",\"url\":\"https:\/\/www.art-memorials.com\/wp-content\/uploads\/2023\/02\/Orthodox_Cross_FinalAM-1.jpg\",\"contentUrl\":\"https:\/\/www.art-memorials.com\/wp-content\/uploads\/2023\/02\/Orthodox_Cross_FinalAM-1.jpg\",\"width\":2100,\"height\":2000},{\"@type\":\"BreadcrumbList\",\"@id\":\"https:\/\/www.art-memorials.com\/de\/artwork\/cross-orthodox\/#breadcrumb\",\"itemListElement\":[{\"@type\":\"ListItem\",\"position\":1,\"name\":\"Home\",\"item\":\"https:\/\/www.art-memorials.com\/de\/\"},{\"@type\":\"ListItem\",\"position\":2,\"name\":\"Shop\",\"item\":\"https:\/\/www.art-memorials.com\/de\/urnen\/\"},{\"@type\":\"ListItem\",\"position\":3,\"name\":\"Orthodoxes Kreuz\"}]},{\"@type\":\"WebSite\",\"@id\":\"http:\/\/www.art-memorials.com\/de\/#website\",\"url\":\"http:\/\/www.art-memorials.com\/de\/\",\"name\":\"Art-Memorials\",\"description\":\"Exclusive Cremation Urns, Ash Paintings, and Sculptures\",\"potentialAction\":[{\"@type\":\"SearchAction\",\"target\":{\"@type\":\"EntryPoint\",\"urlTemplate\":\"http:\/\/www.art-memorials.com\/de\/?s={search_term_string}\"},\"query-input\":{\"@type\":\"PropertyValueSpecification\",\"valueRequired\":true,\"valueName\":\"search_term_string\"}}],\"inLanguage\":\"de\"}]}<\/script>\n<!-- \/ Yoast SEO plugin. -->","yoast_head_json":{"title":"Orthodoxes Kreuz &#8902; Art-Memorials.com","robots":{"index":"index","follow":"follow","max-snippet":"max-snippet:-1","max-image-preview":"max-image-preview:large","max-video-preview":"max-video-preview:-1"},"canonical":"https:\/\/www.art-memorials.com\/de\/artwork\/cross-orthodox\/","og_locale":"de_DE","og_type":"article","og_title":"Orthodoxes Kreuz &#8902; Art-Memorials.com","og_description":"[&hellip;]","og_url":"https:\/\/www.art-memorials.com\/de\/artwork\/cross-orthodox\/","og_site_name":"Art-Memorials","article_modified_time":"2023-04-25T14:32:00+00:00","og_image":[{"width":2100,"height":2000,"url":"https:\/\/www.art-memorials.com\/wp-content\/uploads\/2023\/02\/Orthodox_Cross_FinalAM-1.jpg","type":"image\/jpeg"}],"twitter_card":"summary_large_image","schema":{"@context":"https:\/\/schema.org","@graph":[{"@type":"WebPage","@id":"https:\/\/www.art-memorials.com\/de\/artwork\/cross-orthodox\/","url":"https:\/\/www.art-memorials.com\/de\/artwork\/cross-orthodox\/","name":"Orthodoxes Kreuz &#8902; Art-Memorials.com","isPartOf":{"@id":"http:\/\/www.art-memorials.com\/de\/#website"},"primaryImageOfPage":{"@id":"https:\/\/www.art-memorials.com\/de\/artwork\/cross-orthodox\/#primaryimage"},"image":{"@id":"https:\/\/www.art-memorials.com\/de\/artwork\/cross-orthodox\/#primaryimage"},"thumbnailUrl":"https:\/\/www.art-memorials.com\/wp-content\/uploads\/2023\/02\/Orthodox_Cross_FinalAM-1.jpg","datePublished":"2023-02-12T11:22:05+00:00","dateModified":"2023-04-25T14:32:00+00:00","breadcrumb":{"@id":"https:\/\/www.art-memorials.com\/de\/artwork\/cross-orthodox\/#breadcrumb"},"inLanguage":"de","potentialAction":[{"@type":"ReadAction","target":["https:\/\/www.art-memorials.com\/de\/artwork\/cross-orthodox\/"]}]},{"@type":"ImageObject","inLanguage":"de","@id":"https:\/\/www.art-memorials.com\/de\/artwork\/cross-orthodox\/#primaryimage","url":"https:\/\/www.art-memorials.com\/wp-content\/uploads\/2023\/02\/Orthodox_Cross_FinalAM-1.jpg","contentUrl":"https:\/\/www.art-memorials.com\/wp-content\/uploads\/2023\/02\/Orthodox_Cross_FinalAM-1.jpg","width":2100,"height":2000},{"@type":"BreadcrumbList","@id":"https:\/\/www.art-memorials.com\/de\/artwork\/cross-orthodox\/#breadcrumb","itemListElement":[{"@type":"ListItem","position":1,"name":"Home","item":"https:\/\/www.art-memorials.com\/de\/"},{"@type":"ListItem","position":2,"name":"Shop","item":"https:\/\/www.art-memorials.com\/de\/urnen\/"},{"@type":"ListItem","position":3,"name":"Orthodoxes Kreuz"}]},{"@type":"WebSite","@id":"http:\/\/www.art-memorials.com\/de\/#website","url":"http:\/\/www.art-memorials.com\/de\/","name":"Art-Memorials","description":"Exclusive Cremation Urns, Ash Paintings, and Sculptures","potentialAction":[{"@type":"SearchAction","target":{"@type":"EntryPoint","urlTemplate":"http:\/\/www.art-memorials.com\/de\/?s={search_term_string}"},"query-input":{"@type":"PropertyValueSpecification","valueRequired":true,"valueName":"search_term_string"}}],"inLanguage":"de"}]}},"_links":{"self":[{"href":"https:\/\/www.art-memorials.com\/de\/wp-json\/wp\/v2\/product\/4827","targetHints":{"allow":["GET"]}}],"collection":[{"href":"https:\/\/www.art-memorials.com\/de\/wp-json\/wp\/v2\/product"}],"about":[{"href":"https:\/\/www.art-memorials.com\/de\/wp-json\/wp\/v2\/types\/product"}],"wp:featuredmedia":[{"embeddable":true,"href":"https:\/\/www.art-memorials.com\/de\/wp-json\/wp\/v2\/media\/4900"}],"wp:attachment":[{"href":"https:\/\/www.art-memorials.com\/de\/wp-json\/wp\/v2\/media?parent=4827"}],"wp:term":[{"taxonomy":"product_brand","embeddable":true,"href":"https:\/\/www.art-memorials.com\/de\/wp-json\/wp\/v2\/product_brand?post=4827"},{"taxonomy":"product_cat","embeddable":true,"href":"https:\/\/www.art-memorials.com\/de\/wp-json\/wp\/v2\/product_cat?post=4827"},{"taxonomy":"product_tag","embeddable":true,"href":"https:\/\/www.art-memorials.com\/de\/wp-json\/wp\/v2\/product_tag?post=4827"}],"curies":[{"name":"wp","href":"https:\/\/api.w.org\/{rel}","templated":true}]}}