{"id":5799,"date":"2023-09-22T14:59:50","date_gmt":"2023-09-22T12:59:50","guid":{"rendered":"https:\/\/art-memorials.com\/product\/candle-urn\/"},"modified":"2023-09-22T14:59:50","modified_gmt":"2023-09-22T12:59:50","slug":"candle-urn","status":"publish","type":"product","link":"https:\/\/www.art-memorials.com\/de\/artwork\/candle-urn\/","title":{"rendered":"Candle Urn &#8211; Kerzen Urne"},"content":{"rendered":"<p>Bastiaan Meijer ist inspiriert von Architektur und historischen Geb\u00e4ude-Stilen, insbesondere der Amsterdam School-Stil ist eine wichtige Inspiration. Mit seinem Project insecthuisjes.nl: sensitive architecture for insects hat er alles gegeben. F\u00fcr Art-Memorials hat er drei Urnen in seinem Lieblings-Stil designt.<\/p>\n","protected":false},"excerpt":{"rendered":"<p>Diese sch\u00f6ne Keramikurne hat Platz f\u00fcr eine Kerze zum anz\u00fcnden zu jeder Zeit, um sich seinen verstorbenen Geliebten n\u00e4her zu f\u00fchlen.<\/p>\n<p>Diese Urne ist einzigartig (Edition aus einer einzelnen), es sind keine Duplikate verf\u00fcgbar.<\/p>\n<p>Dieses exklusive Kunstwerk ist von dem ber\u00fchmten Architektur Stil namens Amsterdam School inspiriert.<\/p>\n","protected":false},"featured_media":0,"template":"","meta":[],"product_brand":[],"product_cat":[856,274],"product_tag":[179,277,280,857,858,859],"class_list":{"0":"post-5799","1":"product","2":"type-product","3":"status-publish","5":"product_cat-keramik-steine-urnen","6":"product_cat-kinder-urnen","7":"product_tag-urns-de","8":"product_tag-urne","9":"product_tag-menschenurne","10":"product_tag-amsterdam-school-de","11":"product_tag-architektur","12":"product_tag-kerze","13":"pa_capacity-2-liter-68-oz-de","14":"pa_material-kermaik","15":"pa_theme-architektur","16":"pa_topic-skulpturen","17":"tm-has-options","19":"first","20":"instock","21":"taxable","22":"shipping-taxable","23":"purchasable","24":"product-type-simple"},"yoast_head":"<!-- This site is optimized with the Yoast SEO plugin v24.4 - https:\/\/yoast.com\/wordpress\/plugins\/seo\/ -->\n<title>Candle Urn - Kerzen Urne &#8902; Art-Memorials.com<\/title>\n<meta name=\"description\" content=\"Exklusive limitierte Edition Kerzen Urne Amsterdam School Kunst Stil Einzigartig.\" \/>\n<meta name=\"robots\" content=\"index, follow, max-snippet:-1, max-image-preview:large, max-video-preview:-1\" \/>\n<link rel=\"canonical\" href=\"https:\/\/www.art-memorials.com\/de\/artwork\/candle-urn\/\" \/>\n<meta property=\"og:locale\" content=\"de_DE\" \/>\n<meta property=\"og:type\" content=\"article\" \/>\n<meta property=\"og:title\" content=\"Candle Urn - Kerzen Urne &#8902; Art-Memorials.com\" \/>\n<meta property=\"og:description\" content=\"Exklusive limitierte Edition Kerzen Urne Amsterdam School Kunst Stil Einzigartig.\" \/>\n<meta property=\"og:url\" content=\"https:\/\/www.art-memorials.com\/de\/artwork\/candle-urn\/\" \/>\n<meta property=\"og:site_name\" content=\"Art-Memorials\" \/>\n<meta property=\"og:image\" content=\"https:\/\/www.art-memorials.com\/wp-content\/uploads\/2023\/09\/kaarsurn-voor.jpg\" \/>\n\t<meta property=\"og:image:width\" content=\"2000\" \/>\n\t<meta property=\"og:image:height\" content=\"2000\" \/>\n\t<meta property=\"og:image:type\" content=\"image\/jpeg\" \/>\n<meta name=\"twitter:card\" content=\"summary_large_image\" \/>\n<script type=\"application\/ld+json\" class=\"yoast-schema-graph\">{\"@context\":\"https:\/\/schema.org\",\"@graph\":[{\"@type\":\"WebPage\",\"@id\":\"https:\/\/www.art-memorials.com\/de\/artwork\/candle-urn\/\",\"url\":\"https:\/\/www.art-memorials.com\/de\/artwork\/candle-urn\/\",\"name\":\"Candle Urn - Kerzen Urne &#8902; Art-Memorials.com\",\"isPartOf\":{\"@id\":\"http:\/\/www.art-memorials.com\/de\/#website\"},\"datePublished\":\"2023-09-22T12:59:50+00:00\",\"description\":\"Exklusive limitierte Edition Kerzen Urne Amsterdam School Kunst Stil Einzigartig.\",\"breadcrumb\":{\"@id\":\"https:\/\/www.art-memorials.com\/de\/artwork\/candle-urn\/#breadcrumb\"},\"inLanguage\":\"de\",\"potentialAction\":[{\"@type\":\"ReadAction\",\"target\":[\"https:\/\/www.art-memorials.com\/de\/artwork\/candle-urn\/\"]}]},{\"@type\":\"BreadcrumbList\",\"@id\":\"https:\/\/www.art-memorials.com\/de\/artwork\/candle-urn\/#breadcrumb\",\"itemListElement\":[{\"@type\":\"ListItem\",\"position\":1,\"name\":\"Home\",\"item\":\"https:\/\/www.art-memorials.com\/de\/\"},{\"@type\":\"ListItem\",\"position\":2,\"name\":\"Shop\",\"item\":\"https:\/\/www.art-memorials.com\/de\/urnen\/\"},{\"@type\":\"ListItem\",\"position\":3,\"name\":\"Candle Urn &#8211; Kerzen Urne\"}]},{\"@type\":\"WebSite\",\"@id\":\"http:\/\/www.art-memorials.com\/de\/#website\",\"url\":\"http:\/\/www.art-memorials.com\/de\/\",\"name\":\"Art-Memorials\",\"description\":\"Exclusive Cremation Urns, Ash Paintings, and Sculptures\",\"potentialAction\":[{\"@type\":\"SearchAction\",\"target\":{\"@type\":\"EntryPoint\",\"urlTemplate\":\"http:\/\/www.art-memorials.com\/de\/?s={search_term_string}\"},\"query-input\":{\"@type\":\"PropertyValueSpecification\",\"valueRequired\":true,\"valueName\":\"search_term_string\"}}],\"inLanguage\":\"de\"}]}<\/script>\n<!-- \/ Yoast SEO plugin. -->","yoast_head_json":{"title":"Candle Urn - Kerzen Urne &#8902; Art-Memorials.com","description":"Exklusive limitierte Edition Kerzen Urne Amsterdam School Kunst Stil Einzigartig.","robots":{"index":"index","follow":"follow","max-snippet":"max-snippet:-1","max-image-preview":"max-image-preview:large","max-video-preview":"max-video-preview:-1"},"canonical":"https:\/\/www.art-memorials.com\/de\/artwork\/candle-urn\/","og_locale":"de_DE","og_type":"article","og_title":"Candle Urn - Kerzen Urne &#8902; Art-Memorials.com","og_description":"Exklusive limitierte Edition Kerzen Urne Amsterdam School Kunst Stil Einzigartig.","og_url":"https:\/\/www.art-memorials.com\/de\/artwork\/candle-urn\/","og_site_name":"Art-Memorials","og_image":[{"width":2000,"height":2000,"url":"https:\/\/www.art-memorials.com\/wp-content\/uploads\/2023\/09\/kaarsurn-voor.jpg","type":"image\/jpeg"}],"twitter_card":"summary_large_image","schema":{"@context":"https:\/\/schema.org","@graph":[{"@type":"WebPage","@id":"https:\/\/www.art-memorials.com\/de\/artwork\/candle-urn\/","url":"https:\/\/www.art-memorials.com\/de\/artwork\/candle-urn\/","name":"Candle Urn - Kerzen Urne &#8902; Art-Memorials.com","isPartOf":{"@id":"http:\/\/www.art-memorials.com\/de\/#website"},"datePublished":"2023-09-22T12:59:50+00:00","description":"Exklusive limitierte Edition Kerzen Urne Amsterdam School Kunst Stil Einzigartig.","breadcrumb":{"@id":"https:\/\/www.art-memorials.com\/de\/artwork\/candle-urn\/#breadcrumb"},"inLanguage":"de","potentialAction":[{"@type":"ReadAction","target":["https:\/\/www.art-memorials.com\/de\/artwork\/candle-urn\/"]}]},{"@type":"BreadcrumbList","@id":"https:\/\/www.art-memorials.com\/de\/artwork\/candle-urn\/#breadcrumb","itemListElement":[{"@type":"ListItem","position":1,"name":"Home","item":"https:\/\/www.art-memorials.com\/de\/"},{"@type":"ListItem","position":2,"name":"Shop","item":"https:\/\/www.art-memorials.com\/de\/urnen\/"},{"@type":"ListItem","position":3,"name":"Candle Urn &#8211; Kerzen Urne"}]},{"@type":"WebSite","@id":"http:\/\/www.art-memorials.com\/de\/#website","url":"http:\/\/www.art-memorials.com\/de\/","name":"Art-Memorials","description":"Exclusive Cremation Urns, Ash Paintings, and Sculptures","potentialAction":[{"@type":"SearchAction","target":{"@type":"EntryPoint","urlTemplate":"http:\/\/www.art-memorials.com\/de\/?s={search_term_string}"},"query-input":{"@type":"PropertyValueSpecification","valueRequired":true,"valueName":"search_term_string"}}],"inLanguage":"de"}]}},"_links":{"self":[{"href":"https:\/\/www.art-memorials.com\/de\/wp-json\/wp\/v2\/product\/5799","targetHints":{"allow":["GET"]}}],"collection":[{"href":"https:\/\/www.art-memorials.com\/de\/wp-json\/wp\/v2\/product"}],"about":[{"href":"https:\/\/www.art-memorials.com\/de\/wp-json\/wp\/v2\/types\/product"}],"wp:attachment":[{"href":"https:\/\/www.art-memorials.com\/de\/wp-json\/wp\/v2\/media?parent=5799"}],"wp:term":[{"taxonomy":"product_brand","embeddable":true,"href":"https:\/\/www.art-memorials.com\/de\/wp-json\/wp\/v2\/product_brand?post=5799"},{"taxonomy":"product_cat","embeddable":true,"href":"https:\/\/www.art-memorials.com\/de\/wp-json\/wp\/v2\/product_cat?post=5799"},{"taxonomy":"product_tag","embeddable":true,"href":"https:\/\/www.art-memorials.com\/de\/wp-json\/wp\/v2\/product_tag?post=5799"}],"curies":[{"name":"wp","href":"https:\/\/api.w.org\/{rel}","templated":true}]}}