{"id":5828,"date":"2023-10-14T15:01:36","date_gmt":"2023-10-14T13:01:36","guid":{"rendered":"https:\/\/art-memorials.com\/?post_type=product&#038;p=5828"},"modified":"2023-10-19T19:46:52","modified_gmt":"2023-10-19T17:46:52","slug":"amorphous-myths-7-by-elfi-nitze","status":"publish","type":"product","link":"https:\/\/www.art-memorials.com\/de\/artwork\/amorphous-myths-7-by-elfi-nitze\/","title":{"rendered":"Amorphe Mythen #7"},"content":{"rendered":"<p>Amorphe Mythen Mixed Media Artwork<\/p>\n<p>Amorphe Mythen ist eine kontinuierliche Serie von Leinw\u00e4nden, bei der sich die Techniken Malerei und Collage vermischen und somit ein organisches Universum von abstrakten Landschaften mit figurativen Elementen bilden. Als Materialien werden diverse Papierarten, Fotokopien, Kaffeefilter, Acrylfarbe, Bitumen und Kleber verwendet. Die Werke hinterfragen die Grenzen zwischen Realit\u00e4t und Illusion \u2013\u00a0 ein Mythos, welcher beide Welten verbindet und in dem die amorphen Elemente dem rationalen Denken entkommen. Die Gegenwart mit ihrer Tendenz der Fragmentierung l\u00e4dt den Betrachter ein \u00fcber etablierte Realit\u00e4ten und deren G\u00fcltigkeit zu reflektieren. Man kann in den Bildern einen Punkt der Stille entdecken, der sich jedoch im st\u00e4ndigen Fluss der Wandlung befindet.<\/p>\n<p>Oberfl\u00e4che: Leinwand; Sch\u00f6pfungsjahr: 2019; Herkunftsland: Deutschland, Handsigniert, Kurzbeschreibung: Abstrakte Mixed Media Collage; Elemente: H\u00e4nde, Herz, flie\u00dfende Landschaft<\/p>\n<p>Beschreibung K\u00fcnstlerin:<br \/>\nElfi Nitze ist eine bildende K\u00fcnstlerin aus Sch\u00f6nebeck, Deutschland. Zwischen 2010 und 2018 lebte sie in S\u00e3o Paulo, Brasilien, wo ihr k\u00fcnstlerischer Werdegang begann. Ihren Bachelor in Bildender Kunst hat sie an der Universit\u00e4t Centro Universitario Belas Artes de S\u00e3o Paulo, Brasilien im Jahr 2014 abgeschlossen.<\/p>\n<p>Aufgrund st\u00e4ndiger Experimente stellt die Mischtechnik den Themenschwerpunkt in den Bereichen Malerei, Objektkunst, Fotografie sowie Performance im Schaffen der K\u00fcnstlerin dar. Inspiriert durch allt\u00e4gliche Geschehnisse, Weiblichkeit und die Idee der Transformation entwickelt Elfi Nitze ihre Werke um die Fragestellung organischer Universen \u2013 etwas, das zwischen figurativer und abstrakter Kunst schwebt. Aus dem Impuls oder dem momentanen Willen heraus entstehen hybride Kompositionen zwischen imagin\u00e4ren Landschaftsformen und Figuren mit surrealen Aspekten. Somit tritt alles in einen ewigen Prozess der Schaffung, Wandlung und Dekonstruktion ein. Es handelt sich um die subtile Reflexion von Transformationsprozessen mit ihren abrupten Umbr\u00fcchen und gleichzeitig fast unsichtbaren Ver\u00e4nderungen. Konzeptuell basieren ihre Arbeiten auf der Intuitionslehre von Henri Bergson und den Theorien der Wechselwirkung zwischen Intuition und Methode aus den Anf\u00e4ngen des Bauhauses.<\/p>\n","protected":false},"excerpt":{"rendered":"<p>Amorphe Mythen ist eine kontinuierliche Serie von Leinw\u00e4nden, bei der sich die Techniken Malerei und Collage vermischen und somit ein organisches Universum von abstrakten Landschaften mit figurativen Elementen bilden. Als Materialien werden diverse Papierarten, Fotokopien, Kaffeefilter, Acrylfarbe, Bitumen und Kleber verwendet. Die Werke hinterfragen die Grenzen zwischen Realit\u00e4t und Illusion \u2013 sozusagen ein Mythos, der beide Welten verbindet und in dem die amorphen Elemente dem rationalen Denken entkommen. Die Gegenwart mit ihrer Tendenz der Fragmentierung l\u00e4dt den Betrachter ein \u00fcber etablierte Realit\u00e4ten und deren G\u00fcltigkeit zu reflektieren. Man kann in den Bildern einen Punkt der Stille entdecken, der sich jedoch im st\u00e4ndigen Fluss der Wandlung befindet.<\/p>\n","protected":false},"featured_media":0,"template":"","meta":[],"product_brand":[],"product_cat":[171],"product_tag":[876,877,878,879,894],"class_list":{"0":"post-5828","1":"product","2":"type-product","3":"status-publish","5":"product_cat-crematie-urnen","6":"product_tag-mixed-media","7":"product_tag-collage","8":"product_tag-malerei","9":"product_tag-painting-de","10":"product_tag-gemaelde","11":"tm-has-options","13":"first","14":"instock","15":"taxable","16":"shipping-taxable","17":"purchasable","18":"product-type-simple"},"yoast_head":"<!-- This site is optimized with the Yoast SEO plugin v24.4 - https:\/\/yoast.com\/wordpress\/plugins\/seo\/ -->\n<title>Amorphe Mythen #7 &#8902; Art-Memorials.com<\/title>\n<meta name=\"description\" content=\"Wall Art &quot;Amorphous Myths # 7&quot; by\u00a0Elfi Nitze. Beautiful art prints, photos, sculptures, paintings and mixed media for sale.\" \/>\n<meta name=\"robots\" content=\"index, follow, max-snippet:-1, max-image-preview:large, max-video-preview:-1\" \/>\n<link rel=\"canonical\" href=\"https:\/\/www.art-memorials.com\/de\/artwork\/amorphous-myths-7-by-elfi-nitze\/\" \/>\n<meta property=\"og:locale\" content=\"de_DE\" \/>\n<meta property=\"og:type\" content=\"article\" \/>\n<meta property=\"og:title\" content=\"Amorphe Mythen #7 &#8902; Art-Memorials.com\" \/>\n<meta property=\"og:description\" content=\"Wall Art &quot;Amorphous Myths # 7&quot; by\u00a0Elfi Nitze. Beautiful art prints, photos, sculptures, paintings and mixed media for sale.\" \/>\n<meta property=\"og:url\" content=\"https:\/\/www.art-memorials.com\/de\/artwork\/amorphous-myths-7-by-elfi-nitze\/\" \/>\n<meta property=\"og:site_name\" content=\"Art-Memorials\" \/>\n<meta property=\"article:modified_time\" content=\"2023-10-19T17:46:52+00:00\" \/>\n<meta property=\"og:image\" content=\"https:\/\/www.art-memorials.com\/wp-content\/uploads\/2023\/10\/KC90638-11-Amorphe-Mythen-7-1.jpg\" \/>\n\t<meta property=\"og:image:width\" content=\"1767\" \/>\n\t<meta property=\"og:image:height\" content=\"1758\" \/>\n\t<meta property=\"og:image:type\" content=\"image\/jpeg\" \/>\n<meta name=\"twitter:card\" content=\"summary_large_image\" \/>\n<meta name=\"twitter:label1\" content=\"Gesch\u00e4tzte Lesezeit\" \/>\n\t<meta name=\"twitter:data1\" content=\"2\u00a0Minuten\" \/>\n<script type=\"application\/ld+json\" class=\"yoast-schema-graph\">{\"@context\":\"https:\/\/schema.org\",\"@graph\":[{\"@type\":\"WebPage\",\"@id\":\"https:\/\/www.art-memorials.com\/de\/artwork\/amorphous-myths-7-by-elfi-nitze\/\",\"url\":\"https:\/\/www.art-memorials.com\/de\/artwork\/amorphous-myths-7-by-elfi-nitze\/\",\"name\":\"Amorphe Mythen #7 &#8902; Art-Memorials.com\",\"isPartOf\":{\"@id\":\"http:\/\/www.art-memorials.com\/de\/#website\"},\"datePublished\":\"2023-10-14T13:01:36+00:00\",\"dateModified\":\"2023-10-19T17:46:52+00:00\",\"description\":\"Wall Art \\\"Amorphous Myths # 7\\\" by\u00a0Elfi Nitze. Beautiful art prints, photos, sculptures, paintings and mixed media for sale.\",\"breadcrumb\":{\"@id\":\"https:\/\/www.art-memorials.com\/de\/artwork\/amorphous-myths-7-by-elfi-nitze\/#breadcrumb\"},\"inLanguage\":\"de\",\"potentialAction\":[{\"@type\":\"ReadAction\",\"target\":[\"https:\/\/www.art-memorials.com\/de\/artwork\/amorphous-myths-7-by-elfi-nitze\/\"]}]},{\"@type\":\"BreadcrumbList\",\"@id\":\"https:\/\/www.art-memorials.com\/de\/artwork\/amorphous-myths-7-by-elfi-nitze\/#breadcrumb\",\"itemListElement\":[{\"@type\":\"ListItem\",\"position\":1,\"name\":\"Home\",\"item\":\"https:\/\/www.art-memorials.com\/de\/\"},{\"@type\":\"ListItem\",\"position\":2,\"name\":\"Shop\",\"item\":\"https:\/\/www.art-memorials.com\/de\/urnen\/\"},{\"@type\":\"ListItem\",\"position\":3,\"name\":\"Amorphe Mythen #7\"}]},{\"@type\":\"WebSite\",\"@id\":\"http:\/\/www.art-memorials.com\/de\/#website\",\"url\":\"http:\/\/www.art-memorials.com\/de\/\",\"name\":\"Art-Memorials\",\"description\":\"Exclusive Cremation Urns, Ash Paintings, and Sculptures\",\"potentialAction\":[{\"@type\":\"SearchAction\",\"target\":{\"@type\":\"EntryPoint\",\"urlTemplate\":\"http:\/\/www.art-memorials.com\/de\/?s={search_term_string}\"},\"query-input\":{\"@type\":\"PropertyValueSpecification\",\"valueRequired\":true,\"valueName\":\"search_term_string\"}}],\"inLanguage\":\"de\"}]}<\/script>\n<!-- \/ Yoast SEO plugin. -->","yoast_head_json":{"title":"Amorphe Mythen #7 &#8902; Art-Memorials.com","description":"Wall Art \"Amorphous Myths # 7\" by\u00a0Elfi Nitze. Beautiful art prints, photos, sculptures, paintings and mixed media for sale.","robots":{"index":"index","follow":"follow","max-snippet":"max-snippet:-1","max-image-preview":"max-image-preview:large","max-video-preview":"max-video-preview:-1"},"canonical":"https:\/\/www.art-memorials.com\/de\/artwork\/amorphous-myths-7-by-elfi-nitze\/","og_locale":"de_DE","og_type":"article","og_title":"Amorphe Mythen #7 &#8902; Art-Memorials.com","og_description":"Wall Art \"Amorphous Myths # 7\" by\u00a0Elfi Nitze. Beautiful art prints, photos, sculptures, paintings and mixed media for sale.","og_url":"https:\/\/www.art-memorials.com\/de\/artwork\/amorphous-myths-7-by-elfi-nitze\/","og_site_name":"Art-Memorials","article_modified_time":"2023-10-19T17:46:52+00:00","og_image":[{"width":1767,"height":1758,"url":"https:\/\/www.art-memorials.com\/wp-content\/uploads\/2023\/10\/KC90638-11-Amorphe-Mythen-7-1.jpg","type":"image\/jpeg"}],"twitter_card":"summary_large_image","twitter_misc":{"Gesch\u00e4tzte Lesezeit":"2\u00a0Minuten"},"schema":{"@context":"https:\/\/schema.org","@graph":[{"@type":"WebPage","@id":"https:\/\/www.art-memorials.com\/de\/artwork\/amorphous-myths-7-by-elfi-nitze\/","url":"https:\/\/www.art-memorials.com\/de\/artwork\/amorphous-myths-7-by-elfi-nitze\/","name":"Amorphe Mythen #7 &#8902; Art-Memorials.com","isPartOf":{"@id":"http:\/\/www.art-memorials.com\/de\/#website"},"datePublished":"2023-10-14T13:01:36+00:00","dateModified":"2023-10-19T17:46:52+00:00","description":"Wall Art \"Amorphous Myths # 7\" by\u00a0Elfi Nitze. Beautiful art prints, photos, sculptures, paintings and mixed media for sale.","breadcrumb":{"@id":"https:\/\/www.art-memorials.com\/de\/artwork\/amorphous-myths-7-by-elfi-nitze\/#breadcrumb"},"inLanguage":"de","potentialAction":[{"@type":"ReadAction","target":["https:\/\/www.art-memorials.com\/de\/artwork\/amorphous-myths-7-by-elfi-nitze\/"]}]},{"@type":"BreadcrumbList","@id":"https:\/\/www.art-memorials.com\/de\/artwork\/amorphous-myths-7-by-elfi-nitze\/#breadcrumb","itemListElement":[{"@type":"ListItem","position":1,"name":"Home","item":"https:\/\/www.art-memorials.com\/de\/"},{"@type":"ListItem","position":2,"name":"Shop","item":"https:\/\/www.art-memorials.com\/de\/urnen\/"},{"@type":"ListItem","position":3,"name":"Amorphe Mythen #7"}]},{"@type":"WebSite","@id":"http:\/\/www.art-memorials.com\/de\/#website","url":"http:\/\/www.art-memorials.com\/de\/","name":"Art-Memorials","description":"Exclusive Cremation Urns, Ash Paintings, and Sculptures","potentialAction":[{"@type":"SearchAction","target":{"@type":"EntryPoint","urlTemplate":"http:\/\/www.art-memorials.com\/de\/?s={search_term_string}"},"query-input":{"@type":"PropertyValueSpecification","valueRequired":true,"valueName":"search_term_string"}}],"inLanguage":"de"}]}},"_links":{"self":[{"href":"https:\/\/www.art-memorials.com\/de\/wp-json\/wp\/v2\/product\/5828","targetHints":{"allow":["GET"]}}],"collection":[{"href":"https:\/\/www.art-memorials.com\/de\/wp-json\/wp\/v2\/product"}],"about":[{"href":"https:\/\/www.art-memorials.com\/de\/wp-json\/wp\/v2\/types\/product"}],"wp:attachment":[{"href":"https:\/\/www.art-memorials.com\/de\/wp-json\/wp\/v2\/media?parent=5828"}],"wp:term":[{"taxonomy":"product_brand","embeddable":true,"href":"https:\/\/www.art-memorials.com\/de\/wp-json\/wp\/v2\/product_brand?post=5828"},{"taxonomy":"product_cat","embeddable":true,"href":"https:\/\/www.art-memorials.com\/de\/wp-json\/wp\/v2\/product_cat?post=5828"},{"taxonomy":"product_tag","embeddable":true,"href":"https:\/\/www.art-memorials.com\/de\/wp-json\/wp\/v2\/product_tag?post=5828"}],"curies":[{"name":"wp","href":"https:\/\/api.w.org\/{rel}","templated":true}]}}