{"id":5858,"date":"2023-10-14T17:30:29","date_gmt":"2023-10-14T15:30:29","guid":{"rendered":"https:\/\/art-memorials.com\/?post_type=product&#038;p=5858"},"modified":"2023-10-19T19:42:29","modified_gmt":"2023-10-19T17:42:29","slug":"magnolien","status":"publish","type":"product","link":"https:\/\/www.art-memorials.com\/de\/artwork\/magnolien\/","title":{"rendered":"Magnolien"},"content":{"rendered":"<p>Thematisch befasst sich die Malerin Farzane Arvani mit Blumen und R\u00e4umen.<br \/>\nDie Gr\u00f6\u00dfe der Blumen verst\u00e4rkt die K\u00fcnstlerin und betont die Kraft dieser. Durch die Formatver\u00e4nderung signalisieren die Blumen, dass sie wachsen wollen, um durch ihre St\u00e4rke und Sch\u00f6nheit ein Gegengewicht darzustellen &#8220;zum Elend und zur H\u00e4sslichkeit der Welt&#8221;.<\/p>\n<p>&#8220;Auch die R\u00e4ume, die ich in meinen Bildern darstelle, sind ohne symbolischen Subtext nicht zu denken. Sie schlie\u00dfen nicht ein, sondern \u00f6ffnen sich hin zu immer neuen R\u00e4umen und Horizonten. So machen sie deutlich, dass es in jede Lage eine Hoffnung gibt und einen Ausweg.&#8221;, betont die K\u00fcnstlerin.<\/p>\n<p>\u00dcber die K\u00fcnstlerin:<\/p>\n<p>Farzane Arvani Geboren in T\u00e4briz\/Iran &#8211; 1999-2002 Architekturstudium , Universit\u00e4t Hannover &#8211; 2003-2006 Studium der Bildenden Kunst,FH Ottersberg bei Bremen &#8211; Diplom bei Prof.Van de Laar &#8211; Seit 2007 Freischaffende K\u00fcnstlerin &#8211; Seit 2016 Mitglied im BBK &#8211; Atelier in Hannover &#8211; Ausstellungen im-In-und Ausland FarzaneArvani@web.de<\/p>\n","protected":false},"excerpt":{"rendered":"<p>Thematisch befasst sich die Malerin Farzane Arvani mit Blumen und R\u00e4umen.<br \/>\nDie Gr\u00f6\u00dfe der Blumen verst\u00e4rkt die K\u00fcnstlerin und betont die Kraft dieser. Durch die Formatver\u00e4nderung signalisieren sie, dass sie wachsen wollen, um durch ihre St\u00e4rke und Sch\u00f6nheit ein Gegengewicht darzustellen &#8220;zum Elend und zur H\u00e4sslichkeit der Welt&#8221;.<\/p>\n<p>&#8220;Auch die R\u00e4ume, die ich in meinen Bildern darstelle, sind ohne symbolischen Subtext nicht zu denken. Sie schlie\u00dfen nicht ein, sondern \u00f6ffnen sich hin zu immer neuen R\u00e4umen und Horizonten. So machen sie deutlich, dass es in jede Lage eine Hoffnung gibt und einen Ausweg.&#8221;, betont die K\u00fcnstlerin.<\/p>\n","protected":false},"featured_media":0,"template":"","meta":[],"product_brand":[],"product_cat":[371],"product_tag":[425,878,894,902,908,909,910,911,912],"class_list":{"0":"post-5858","1":"product","2":"type-product","3":"status-publish","5":"product_cat-symbolic-art-beerdigung","6":"product_tag-blumen","7":"product_tag-malerei","8":"product_tag-gemaelde","9":"product_tag-acryl","10":"product_tag-acrylic","11":"product_tag-hope","12":"product_tag-optimism","13":"product_tag-flowers-de","14":"product_tag-contemporary","15":"tm-has-options","17":"first","18":"instock","19":"taxable","20":"shipping-taxable","21":"purchasable","22":"product-type-simple"},"yoast_head":"<!-- This site is optimized with the Yoast SEO plugin v24.4 - https:\/\/yoast.com\/wordpress\/plugins\/seo\/ -->\n<title>Magnolien &#8902; Art-Memorials.com<\/title>\n<meta name=\"description\" content=\"For sale: Wall Art &quot;Magnolias&quot; Painting by Farzane Arvani. Beautiful artworks: for sale. Painting: Flowers symbolize hope and optimism for life.\" \/>\n<meta name=\"robots\" content=\"index, follow, max-snippet:-1, max-image-preview:large, max-video-preview:-1\" \/>\n<link rel=\"canonical\" href=\"https:\/\/www.art-memorials.com\/de\/artwork\/magnolien\/\" \/>\n<meta property=\"og:locale\" content=\"de_DE\" \/>\n<meta property=\"og:type\" content=\"article\" \/>\n<meta property=\"og:title\" content=\"Magnolien &#8902; Art-Memorials.com\" \/>\n<meta property=\"og:description\" content=\"For sale: Wall Art &quot;Magnolias&quot; Painting by Farzane Arvani. Beautiful artworks: for sale. Painting: Flowers symbolize hope and optimism for life.\" \/>\n<meta property=\"og:url\" content=\"https:\/\/www.art-memorials.com\/de\/artwork\/magnolien\/\" \/>\n<meta property=\"og:site_name\" content=\"Art-Memorials\" \/>\n<meta property=\"article:modified_time\" content=\"2023-10-19T17:42:29+00:00\" \/>\n<meta property=\"og:image\" content=\"https:\/\/www.art-memorials.com\/wp-content\/uploads\/2023\/10\/KC90728-5-Magnolien-150-x-116-cm-Acryl-auf-leinwand-scaled.jpg\" \/>\n\t<meta property=\"og:image:width\" content=\"1998\" \/>\n\t<meta property=\"og:image:height\" content=\"2560\" \/>\n\t<meta property=\"og:image:type\" content=\"image\/jpeg\" \/>\n<meta name=\"twitter:card\" content=\"summary_large_image\" \/>\n<meta name=\"twitter:label1\" content=\"Gesch\u00e4tzte Lesezeit\" \/>\n\t<meta name=\"twitter:data1\" content=\"1\u00a0Minute\" \/>\n<script type=\"application\/ld+json\" class=\"yoast-schema-graph\">{\"@context\":\"https:\/\/schema.org\",\"@graph\":[{\"@type\":\"WebPage\",\"@id\":\"https:\/\/www.art-memorials.com\/de\/artwork\/magnolien\/\",\"url\":\"https:\/\/www.art-memorials.com\/de\/artwork\/magnolien\/\",\"name\":\"Magnolien &#8902; Art-Memorials.com\",\"isPartOf\":{\"@id\":\"http:\/\/www.art-memorials.com\/de\/#website\"},\"datePublished\":\"2023-10-14T15:30:29+00:00\",\"dateModified\":\"2023-10-19T17:42:29+00:00\",\"description\":\"For sale: Wall Art \\\"Magnolias\\\" Painting by Farzane Arvani. Beautiful artworks: for sale. Painting: Flowers symbolize hope and optimism for life.\",\"breadcrumb\":{\"@id\":\"https:\/\/www.art-memorials.com\/de\/artwork\/magnolien\/#breadcrumb\"},\"inLanguage\":\"de\",\"potentialAction\":[{\"@type\":\"ReadAction\",\"target\":[\"https:\/\/www.art-memorials.com\/de\/artwork\/magnolien\/\"]}]},{\"@type\":\"BreadcrumbList\",\"@id\":\"https:\/\/www.art-memorials.com\/de\/artwork\/magnolien\/#breadcrumb\",\"itemListElement\":[{\"@type\":\"ListItem\",\"position\":1,\"name\":\"Home\",\"item\":\"https:\/\/www.art-memorials.com\/de\/\"},{\"@type\":\"ListItem\",\"position\":2,\"name\":\"Shop\",\"item\":\"https:\/\/www.art-memorials.com\/de\/urnen\/\"},{\"@type\":\"ListItem\",\"position\":3,\"name\":\"Magnolien\"}]},{\"@type\":\"WebSite\",\"@id\":\"http:\/\/www.art-memorials.com\/de\/#website\",\"url\":\"http:\/\/www.art-memorials.com\/de\/\",\"name\":\"Art-Memorials\",\"description\":\"Exclusive Cremation Urns, Ash Paintings, and Sculptures\",\"potentialAction\":[{\"@type\":\"SearchAction\",\"target\":{\"@type\":\"EntryPoint\",\"urlTemplate\":\"http:\/\/www.art-memorials.com\/de\/?s={search_term_string}\"},\"query-input\":{\"@type\":\"PropertyValueSpecification\",\"valueRequired\":true,\"valueName\":\"search_term_string\"}}],\"inLanguage\":\"de\"}]}<\/script>\n<!-- \/ Yoast SEO plugin. -->","yoast_head_json":{"title":"Magnolien &#8902; Art-Memorials.com","description":"For sale: Wall Art \"Magnolias\" Painting by Farzane Arvani. Beautiful artworks: for sale. Painting: Flowers symbolize hope and optimism for life.","robots":{"index":"index","follow":"follow","max-snippet":"max-snippet:-1","max-image-preview":"max-image-preview:large","max-video-preview":"max-video-preview:-1"},"canonical":"https:\/\/www.art-memorials.com\/de\/artwork\/magnolien\/","og_locale":"de_DE","og_type":"article","og_title":"Magnolien &#8902; Art-Memorials.com","og_description":"For sale: Wall Art \"Magnolias\" Painting by Farzane Arvani. Beautiful artworks: for sale. Painting: Flowers symbolize hope and optimism for life.","og_url":"https:\/\/www.art-memorials.com\/de\/artwork\/magnolien\/","og_site_name":"Art-Memorials","article_modified_time":"2023-10-19T17:42:29+00:00","og_image":[{"width":1998,"height":2560,"url":"https:\/\/www.art-memorials.com\/wp-content\/uploads\/2023\/10\/KC90728-5-Magnolien-150-x-116-cm-Acryl-auf-leinwand-scaled.jpg","type":"image\/jpeg"}],"twitter_card":"summary_large_image","twitter_misc":{"Gesch\u00e4tzte Lesezeit":"1\u00a0Minute"},"schema":{"@context":"https:\/\/schema.org","@graph":[{"@type":"WebPage","@id":"https:\/\/www.art-memorials.com\/de\/artwork\/magnolien\/","url":"https:\/\/www.art-memorials.com\/de\/artwork\/magnolien\/","name":"Magnolien &#8902; Art-Memorials.com","isPartOf":{"@id":"http:\/\/www.art-memorials.com\/de\/#website"},"datePublished":"2023-10-14T15:30:29+00:00","dateModified":"2023-10-19T17:42:29+00:00","description":"For sale: Wall Art \"Magnolias\" Painting by Farzane Arvani. Beautiful artworks: for sale. Painting: Flowers symbolize hope and optimism for life.","breadcrumb":{"@id":"https:\/\/www.art-memorials.com\/de\/artwork\/magnolien\/#breadcrumb"},"inLanguage":"de","potentialAction":[{"@type":"ReadAction","target":["https:\/\/www.art-memorials.com\/de\/artwork\/magnolien\/"]}]},{"@type":"BreadcrumbList","@id":"https:\/\/www.art-memorials.com\/de\/artwork\/magnolien\/#breadcrumb","itemListElement":[{"@type":"ListItem","position":1,"name":"Home","item":"https:\/\/www.art-memorials.com\/de\/"},{"@type":"ListItem","position":2,"name":"Shop","item":"https:\/\/www.art-memorials.com\/de\/urnen\/"},{"@type":"ListItem","position":3,"name":"Magnolien"}]},{"@type":"WebSite","@id":"http:\/\/www.art-memorials.com\/de\/#website","url":"http:\/\/www.art-memorials.com\/de\/","name":"Art-Memorials","description":"Exclusive Cremation Urns, Ash Paintings, and Sculptures","potentialAction":[{"@type":"SearchAction","target":{"@type":"EntryPoint","urlTemplate":"http:\/\/www.art-memorials.com\/de\/?s={search_term_string}"},"query-input":{"@type":"PropertyValueSpecification","valueRequired":true,"valueName":"search_term_string"}}],"inLanguage":"de"}]}},"_links":{"self":[{"href":"https:\/\/www.art-memorials.com\/de\/wp-json\/wp\/v2\/product\/5858","targetHints":{"allow":["GET"]}}],"collection":[{"href":"https:\/\/www.art-memorials.com\/de\/wp-json\/wp\/v2\/product"}],"about":[{"href":"https:\/\/www.art-memorials.com\/de\/wp-json\/wp\/v2\/types\/product"}],"wp:attachment":[{"href":"https:\/\/www.art-memorials.com\/de\/wp-json\/wp\/v2\/media?parent=5858"}],"wp:term":[{"taxonomy":"product_brand","embeddable":true,"href":"https:\/\/www.art-memorials.com\/de\/wp-json\/wp\/v2\/product_brand?post=5858"},{"taxonomy":"product_cat","embeddable":true,"href":"https:\/\/www.art-memorials.com\/de\/wp-json\/wp\/v2\/product_cat?post=5858"},{"taxonomy":"product_tag","embeddable":true,"href":"https:\/\/www.art-memorials.com\/de\/wp-json\/wp\/v2\/product_tag?post=5858"}],"curies":[{"name":"wp","href":"https:\/\/api.w.org\/{rel}","templated":true}]}}