{"id":5905,"date":"2023-05-30T17:25:25","date_gmt":"2023-05-30T15:25:25","guid":{"rendered":"https:\/\/art-memorials.com\/product\/embrace-the-memories\/"},"modified":"2023-05-30T17:25:25","modified_gmt":"2023-05-30T15:25:25","slug":"embrace-the-memories","status":"publish","type":"product","link":"https:\/\/www.art-memorials.com\/de\/artwork\/embrace-the-memories\/","title":{"rendered":"Embrace the Memories"},"content":{"rendered":"<p><strong>Embrace the Memories<\/strong><\/p>\n<p><span style=\"color: #000000; font-family: Arial; font-size: 13px;\">Sehen Sie zeitlose Eleganz der &#8220;Embrace the memories&#8221;<\/span><span style=\"color: #000000; font-family: Arial; font-size: 13px;\"> Die Urne , ein Gef\u00e4\u00df designt mit einer veredelten und exquisiten Form. Hergestellt mit sorgf\u00e4ltiger Kunst, diese porzellane Andenkurne ist mit Stuckatur-Elementen best\u00fcckt in der Form eines delikaten Bogens. Dies f\u00fcgt der Gestalt einen Hauch von Eleganz und Anmut hinzu. Der fliederfarbene Deckel mit rundem Griff, best\u00e4rkt die Sch\u00f6nheit und umh\u00fcllt die Urne mit einem angenehmen Farbton, der die Liebe, Spiritualit\u00e4t und die Fragilit\u00e4t des Lebens symbolisiert. Jede Kurve und jedes Detail dieses handgefertigten Meisterst\u00fcckes veranschaulicht die kompetenten Fertigkeiten unserer Kunsthandwerker, zur Gew\u00e4hrleistung, dass jede Urne ein einzigartiges Kunstwerk wird Diejenigen, die win wahrhaft au\u00dfergew\u00f6hnliches Erinnerungs-Kunstwerk suchen, werden &#8220;Embrace the memories&#8221; sch\u00e4tzen. <\/span><span style=\"color: #000000; font-family: Arial; font-size: 13px;\">Die verfeinerte Eleganz der Urne, wie sie die Essenz der ewigen Erinnerung einf\u00e4ngt und mit unersch\u00fctterlicher Anmut die gesch\u00e4tzten Erinnerungen der Geliebten huldigt. <\/span><\/p>\n<ul>\n<li>Durchmesser der Oberseite: 14 cm<\/li>\n<li>Durchmesser der Unterseite: 12 cm<\/li>\n<li>Durchmesser des Bauches: 17,5 cm<\/li>\n<li>H\u00f6he der Urne: 28 cm<\/li>\n<li>F\u00fcllmenge: 3 Liter<\/li>\n<\/ul>\n<p>&nbsp;<\/p>\n<p><em>* Handgefertigt, dementsprechend k\u00f6nnen kleine Disparit\u00e4ten im Bezug auf die Gr\u00f6\u00dfe, die Form oder der Farbe existieren.<\/em><br \/>\n<em>** Wenn eine Urne zurzeit nicht verf\u00fcgbar ist, betr\u00e4gt die Lieferungsdauer bis zu 6 Wochen.<\/em><\/p>\n","protected":false},"excerpt":{"rendered":"<p>Die feine Form des Gef\u00e4\u00df und der sch\u00f6ne Keramikbogen machen es zu einer wahrlich besonderen Keramik-Erinnerungsst\u00fcck.<\/p>\n<p>Das Auge zum Detail und die handgefertigte Pr\u00e4zision verst\u00e4rken die Wirkung der Urne weiter und machen aus ihr ein wahres Kunstwerk.<\/p>\n<p>Diese Urne ist handgefertigt und deshalb auf 250 Exemplare limitiert.<\/p>\n","protected":false},"featured_media":0,"template":"","meta":[],"product_brand":[],"product_cat":[856],"product_tag":[277,338,917,918,919],"class_list":{"0":"post-5905","1":"product","2":"type-product","3":"status-publish","5":"product_cat-keramik-steine-urnen","6":"product_tag-urne","7":"product_tag-keramik","8":"product_tag-innerhaus","9":"product_tag-gefas","10":"product_tag-handgefertigt","11":"pa_material-kermaik","12":"tm-has-options","14":"first","15":"instock","16":"taxable","17":"shipping-taxable","18":"purchasable","19":"product-type-simple"},"yoast_head":"<!-- This site is optimized with the Yoast SEO plugin v24.4 - https:\/\/yoast.com\/wordpress\/plugins\/seo\/ -->\n<title>Embrace the Memories &#8902; Art-Memorials.com<\/title>\n<meta name=\"robots\" content=\"index, follow, max-snippet:-1, max-image-preview:large, max-video-preview:-1\" \/>\n<link rel=\"canonical\" href=\"https:\/\/www.art-memorials.com\/de\/artwork\/embrace-the-memories\/\" \/>\n<meta property=\"og:locale\" content=\"de_DE\" \/>\n<meta property=\"og:type\" content=\"article\" \/>\n<meta property=\"og:title\" content=\"Embrace the Memories &#8902; Art-Memorials.com\" \/>\n<meta property=\"og:description\" content=\"Die feine Form des Gef\u00e4\u00df und der sch\u00f6ne Keramikbogen machen es zu einer wahrlich besonderen Keramik-Erinnerungsst\u00fcck. Das Auge zum Detail und die handgefertigte Pr\u00e4zision verst\u00e4rken die Wirkung der Urne weiter und machen aus ihr ein wahres Kunstwerk. Diese Urne ist handgefertigt und deshalb auf 250 Exemplare limitiert.\" \/>\n<meta property=\"og:url\" content=\"https:\/\/www.art-memorials.com\/de\/artwork\/embrace-the-memories\/\" \/>\n<meta property=\"og:site_name\" content=\"Art-Memorials\" \/>\n<meta property=\"og:image\" content=\"https:\/\/www.art-memorials.com\/wp-content\/uploads\/2023\/05\/Purple-Vase-I.jpg\" \/>\n\t<meta property=\"og:image:width\" content=\"2500\" \/>\n\t<meta property=\"og:image:height\" content=\"1667\" \/>\n\t<meta property=\"og:image:type\" content=\"image\/jpeg\" \/>\n<meta name=\"twitter:card\" content=\"summary_large_image\" \/>\n<meta name=\"twitter:label1\" content=\"Gesch\u00e4tzte Lesezeit\" \/>\n\t<meta name=\"twitter:data1\" content=\"1\u00a0Minute\" \/>\n<script type=\"application\/ld+json\" class=\"yoast-schema-graph\">{\"@context\":\"https:\/\/schema.org\",\"@graph\":[{\"@type\":\"WebPage\",\"@id\":\"https:\/\/www.art-memorials.com\/de\/artwork\/embrace-the-memories\/\",\"url\":\"https:\/\/www.art-memorials.com\/de\/artwork\/embrace-the-memories\/\",\"name\":\"Embrace the Memories &#8902; Art-Memorials.com\",\"isPartOf\":{\"@id\":\"http:\/\/www.art-memorials.com\/de\/#website\"},\"datePublished\":\"2023-05-30T15:25:25+00:00\",\"breadcrumb\":{\"@id\":\"https:\/\/www.art-memorials.com\/de\/artwork\/embrace-the-memories\/#breadcrumb\"},\"inLanguage\":\"de\",\"potentialAction\":[{\"@type\":\"ReadAction\",\"target\":[\"https:\/\/www.art-memorials.com\/de\/artwork\/embrace-the-memories\/\"]}]},{\"@type\":\"BreadcrumbList\",\"@id\":\"https:\/\/www.art-memorials.com\/de\/artwork\/embrace-the-memories\/#breadcrumb\",\"itemListElement\":[{\"@type\":\"ListItem\",\"position\":1,\"name\":\"Home\",\"item\":\"https:\/\/www.art-memorials.com\/de\/\"},{\"@type\":\"ListItem\",\"position\":2,\"name\":\"Shop\",\"item\":\"https:\/\/www.art-memorials.com\/de\/urnen\/\"},{\"@type\":\"ListItem\",\"position\":3,\"name\":\"Embrace the Memories\"}]},{\"@type\":\"WebSite\",\"@id\":\"http:\/\/www.art-memorials.com\/de\/#website\",\"url\":\"http:\/\/www.art-memorials.com\/de\/\",\"name\":\"Art-Memorials\",\"description\":\"Exclusive Cremation Urns, Ash Paintings, and Sculptures\",\"potentialAction\":[{\"@type\":\"SearchAction\",\"target\":{\"@type\":\"EntryPoint\",\"urlTemplate\":\"http:\/\/www.art-memorials.com\/de\/?s={search_term_string}\"},\"query-input\":{\"@type\":\"PropertyValueSpecification\",\"valueRequired\":true,\"valueName\":\"search_term_string\"}}],\"inLanguage\":\"de\"}]}<\/script>\n<!-- \/ Yoast SEO plugin. -->","yoast_head_json":{"title":"Embrace the Memories &#8902; Art-Memorials.com","robots":{"index":"index","follow":"follow","max-snippet":"max-snippet:-1","max-image-preview":"max-image-preview:large","max-video-preview":"max-video-preview:-1"},"canonical":"https:\/\/www.art-memorials.com\/de\/artwork\/embrace-the-memories\/","og_locale":"de_DE","og_type":"article","og_title":"Embrace the Memories &#8902; Art-Memorials.com","og_description":"Die feine Form des Gef\u00e4\u00df und der sch\u00f6ne Keramikbogen machen es zu einer wahrlich besonderen Keramik-Erinnerungsst\u00fcck. Das Auge zum Detail und die handgefertigte Pr\u00e4zision verst\u00e4rken die Wirkung der Urne weiter und machen aus ihr ein wahres Kunstwerk. Diese Urne ist handgefertigt und deshalb auf 250 Exemplare limitiert.","og_url":"https:\/\/www.art-memorials.com\/de\/artwork\/embrace-the-memories\/","og_site_name":"Art-Memorials","og_image":[{"width":2500,"height":1667,"url":"https:\/\/www.art-memorials.com\/wp-content\/uploads\/2023\/05\/Purple-Vase-I.jpg","type":"image\/jpeg"}],"twitter_card":"summary_large_image","twitter_misc":{"Gesch\u00e4tzte Lesezeit":"1\u00a0Minute"},"schema":{"@context":"https:\/\/schema.org","@graph":[{"@type":"WebPage","@id":"https:\/\/www.art-memorials.com\/de\/artwork\/embrace-the-memories\/","url":"https:\/\/www.art-memorials.com\/de\/artwork\/embrace-the-memories\/","name":"Embrace the Memories &#8902; Art-Memorials.com","isPartOf":{"@id":"http:\/\/www.art-memorials.com\/de\/#website"},"datePublished":"2023-05-30T15:25:25+00:00","breadcrumb":{"@id":"https:\/\/www.art-memorials.com\/de\/artwork\/embrace-the-memories\/#breadcrumb"},"inLanguage":"de","potentialAction":[{"@type":"ReadAction","target":["https:\/\/www.art-memorials.com\/de\/artwork\/embrace-the-memories\/"]}]},{"@type":"BreadcrumbList","@id":"https:\/\/www.art-memorials.com\/de\/artwork\/embrace-the-memories\/#breadcrumb","itemListElement":[{"@type":"ListItem","position":1,"name":"Home","item":"https:\/\/www.art-memorials.com\/de\/"},{"@type":"ListItem","position":2,"name":"Shop","item":"https:\/\/www.art-memorials.com\/de\/urnen\/"},{"@type":"ListItem","position":3,"name":"Embrace the Memories"}]},{"@type":"WebSite","@id":"http:\/\/www.art-memorials.com\/de\/#website","url":"http:\/\/www.art-memorials.com\/de\/","name":"Art-Memorials","description":"Exclusive Cremation Urns, Ash Paintings, and Sculptures","potentialAction":[{"@type":"SearchAction","target":{"@type":"EntryPoint","urlTemplate":"http:\/\/www.art-memorials.com\/de\/?s={search_term_string}"},"query-input":{"@type":"PropertyValueSpecification","valueRequired":true,"valueName":"search_term_string"}}],"inLanguage":"de"}]}},"_links":{"self":[{"href":"https:\/\/www.art-memorials.com\/de\/wp-json\/wp\/v2\/product\/5905","targetHints":{"allow":["GET"]}}],"collection":[{"href":"https:\/\/www.art-memorials.com\/de\/wp-json\/wp\/v2\/product"}],"about":[{"href":"https:\/\/www.art-memorials.com\/de\/wp-json\/wp\/v2\/types\/product"}],"wp:attachment":[{"href":"https:\/\/www.art-memorials.com\/de\/wp-json\/wp\/v2\/media?parent=5905"}],"wp:term":[{"taxonomy":"product_brand","embeddable":true,"href":"https:\/\/www.art-memorials.com\/de\/wp-json\/wp\/v2\/product_brand?post=5905"},{"taxonomy":"product_cat","embeddable":true,"href":"https:\/\/www.art-memorials.com\/de\/wp-json\/wp\/v2\/product_cat?post=5905"},{"taxonomy":"product_tag","embeddable":true,"href":"https:\/\/www.art-memorials.com\/de\/wp-json\/wp\/v2\/product_tag?post=5905"}],"curies":[{"name":"wp","href":"https:\/\/api.w.org\/{rel}","templated":true}]}}