{"id":6084,"date":"2023-05-29T11:27:36","date_gmt":"2023-05-29T09:27:36","guid":{"rendered":"https:\/\/www.art-memorials.com\/product\/sparkling-memories\/"},"modified":"2023-05-29T11:27:36","modified_gmt":"2023-05-29T09:27:36","slug":"sparkling-memories","status":"publish","type":"product","link":"https:\/\/www.art-memorials.com\/de\/artwork\/sparkling-memories\/","title":{"rendered":"Sparkling Memories"},"content":{"rendered":"<p>Die Sparkling Memories Urne ist ein Testament an exquisite Handwerkskunst und elegantes Design. Ihre feine Form, versehen mit einem ruhigen Nude-farbenenen \u00dcberzug und einer delikatem gold-Ausfertigung, erschafft eine wahrhaft besonderer porzellane Erinnerungs-Phiole.<\/p>\n<p>Die Kombination aus mit Bedacht gew\u00e4hlten Farben und der atemberaubenden Form resultiert in einer harmonischen und fesselnden \u00c4sthetik.<\/p>\n<p>Das Auge zum Detail und die handgefertigte Pr\u00e4zision verst\u00e4rken die Wirkung der Urne weiter und machen aus ihr ein wahres Werk der Kunst. Diejenigen, die ein Symbol f\u00fcr Erinnerung suchen, werden Trost mit dem feinen Erscheinungsbild der Sparkling Memories Urne finden, indem diese anmutig die gesch\u00e4tzten Erinnerungen an Geliebte huldigt.<\/p>\n<p>Diese Keramikurne ist f\u00fcr am besten f\u00fcr den Innenraum geeignet.<\/p>\n<ul>\n<li>Durchmesser der Oberseite: 14 cm<\/li>\n<li>Durchmesser der Unterseite: 14 cm<\/li>\n<li>Durchmesser des Bauches: 21,5 cm<\/li>\n<li>H\u00f6he der Urne: 41 cm<\/li>\n<li>F\u00fcllverm\u00f6gen: 6 Liter<\/li>\n<\/ul>\n<p>&nbsp;<\/p>\n<p><em>* Handgefertigt, dementsprechend k\u00f6nnen kleine Disparit\u00e4ten im Bezug auf die Gr\u00f6\u00dfe, die Form oder der Farbe existieren.<\/em><br \/>\n<em>** Wenn eine Urne zurzeit nicht verf\u00fcgbar ist, betr\u00e4gt die Lieferungsdauer bis zu 6 Wochen.<\/em><\/p>\n","protected":false},"excerpt":{"rendered":"<p>Ihre feine Form, versehen mit einem ruhigen Nude-farbenenen \u00dcberzug und einer delikatem gold-Ausfertigung, erschafft eine wahrhaft besonderer porzellane Erinnerungs-Phiole.<\/p>\n<p>Das Auge zum Detail und die handgefertigte Pr\u00e4zision verst\u00e4rken die Wirkung der Urne weiter und machen aus ihr ein wahres Kunstwerk.<\/p>\n<p>Diese Urne ist handgefertigt und deshalb auf 250 Exemplare limitiert.<\/p>\n","protected":false},"featured_media":0,"template":"","meta":[],"product_brand":[],"product_cat":[856],"product_tag":[338,917,918,919,949],"class_list":{"0":"post-6084","1":"product","2":"type-product","3":"status-publish","5":"product_cat-keramik-steine-urnen","6":"product_tag-keramik","7":"product_tag-innerhaus","8":"product_tag-gefas","9":"product_tag-handgefertigt","10":"product_tag-reflektive-ausfertigung","11":"pa_material-kermaik","12":"tm-has-options","14":"first","15":"instock","16":"taxable","17":"shipping-taxable","18":"purchasable","19":"product-type-simple"},"yoast_head":"<!-- This site is optimized with the Yoast SEO plugin v24.4 - https:\/\/yoast.com\/wordpress\/plugins\/seo\/ -->\n<title>Sparkling Memories &#8902; Art-Memorials.com<\/title>\n<meta name=\"robots\" content=\"index, follow, max-snippet:-1, max-image-preview:large, max-video-preview:-1\" \/>\n<link rel=\"canonical\" href=\"https:\/\/www.art-memorials.com\/de\/artwork\/sparkling-memories\/\" \/>\n<meta property=\"og:locale\" content=\"de_DE\" \/>\n<meta property=\"og:type\" content=\"article\" \/>\n<meta property=\"og:title\" content=\"Sparkling Memories &#8902; Art-Memorials.com\" \/>\n<meta property=\"og:description\" content=\"Ihre feine Form, versehen mit einem ruhigen Nude-farbenenen \u00dcberzug und einer delikatem gold-Ausfertigung, erschafft eine wahrhaft besonderer porzellane Erinnerungs-Phiole. Das Auge zum Detail und die handgefertigte Pr\u00e4zision verst\u00e4rken die Wirkung der Urne weiter und machen aus ihr ein wahres Kunstwerk. Diese Urne ist handgefertigt und deshalb auf 250 Exemplare limitiert.\" \/>\n<meta property=\"og:url\" content=\"https:\/\/www.art-memorials.com\/de\/artwork\/sparkling-memories\/\" \/>\n<meta property=\"og:site_name\" content=\"Art-Memorials\" \/>\n<meta property=\"og:image\" content=\"https:\/\/www.art-memorials.com\/wp-content\/uploads\/2023\/05\/MetallicUrn_1-2.jpg\" \/>\n\t<meta property=\"og:image:width\" content=\"2500\" \/>\n\t<meta property=\"og:image:height\" content=\"1667\" \/>\n\t<meta property=\"og:image:type\" content=\"image\/jpeg\" \/>\n<meta name=\"twitter:card\" content=\"summary_large_image\" \/>\n<meta name=\"twitter:label1\" content=\"Gesch\u00e4tzte Lesezeit\" \/>\n\t<meta name=\"twitter:data1\" content=\"1\u00a0Minute\" \/>\n<script type=\"application\/ld+json\" class=\"yoast-schema-graph\">{\"@context\":\"https:\/\/schema.org\",\"@graph\":[{\"@type\":\"WebPage\",\"@id\":\"https:\/\/www.art-memorials.com\/de\/artwork\/sparkling-memories\/\",\"url\":\"https:\/\/www.art-memorials.com\/de\/artwork\/sparkling-memories\/\",\"name\":\"Sparkling Memories &#8902; Art-Memorials.com\",\"isPartOf\":{\"@id\":\"http:\/\/www.art-memorials.com\/de\/#website\"},\"datePublished\":\"2023-05-29T09:27:36+00:00\",\"breadcrumb\":{\"@id\":\"https:\/\/www.art-memorials.com\/de\/artwork\/sparkling-memories\/#breadcrumb\"},\"inLanguage\":\"de\",\"potentialAction\":[{\"@type\":\"ReadAction\",\"target\":[\"https:\/\/www.art-memorials.com\/de\/artwork\/sparkling-memories\/\"]}]},{\"@type\":\"BreadcrumbList\",\"@id\":\"https:\/\/www.art-memorials.com\/de\/artwork\/sparkling-memories\/#breadcrumb\",\"itemListElement\":[{\"@type\":\"ListItem\",\"position\":1,\"name\":\"Home\",\"item\":\"https:\/\/www.art-memorials.com\/de\/\"},{\"@type\":\"ListItem\",\"position\":2,\"name\":\"Shop\",\"item\":\"https:\/\/www.art-memorials.com\/de\/urnen\/\"},{\"@type\":\"ListItem\",\"position\":3,\"name\":\"Sparkling Memories\"}]},{\"@type\":\"WebSite\",\"@id\":\"http:\/\/www.art-memorials.com\/de\/#website\",\"url\":\"http:\/\/www.art-memorials.com\/de\/\",\"name\":\"Art-Memorials\",\"description\":\"Exclusive Cremation Urns, Ash Paintings, and Sculptures\",\"potentialAction\":[{\"@type\":\"SearchAction\",\"target\":{\"@type\":\"EntryPoint\",\"urlTemplate\":\"http:\/\/www.art-memorials.com\/de\/?s={search_term_string}\"},\"query-input\":{\"@type\":\"PropertyValueSpecification\",\"valueRequired\":true,\"valueName\":\"search_term_string\"}}],\"inLanguage\":\"de\"}]}<\/script>\n<!-- \/ Yoast SEO plugin. -->","yoast_head_json":{"title":"Sparkling Memories &#8902; Art-Memorials.com","robots":{"index":"index","follow":"follow","max-snippet":"max-snippet:-1","max-image-preview":"max-image-preview:large","max-video-preview":"max-video-preview:-1"},"canonical":"https:\/\/www.art-memorials.com\/de\/artwork\/sparkling-memories\/","og_locale":"de_DE","og_type":"article","og_title":"Sparkling Memories &#8902; Art-Memorials.com","og_description":"Ihre feine Form, versehen mit einem ruhigen Nude-farbenenen \u00dcberzug und einer delikatem gold-Ausfertigung, erschafft eine wahrhaft besonderer porzellane Erinnerungs-Phiole. Das Auge zum Detail und die handgefertigte Pr\u00e4zision verst\u00e4rken die Wirkung der Urne weiter und machen aus ihr ein wahres Kunstwerk. Diese Urne ist handgefertigt und deshalb auf 250 Exemplare limitiert.","og_url":"https:\/\/www.art-memorials.com\/de\/artwork\/sparkling-memories\/","og_site_name":"Art-Memorials","og_image":[{"width":2500,"height":1667,"url":"https:\/\/www.art-memorials.com\/wp-content\/uploads\/2023\/05\/MetallicUrn_1-2.jpg","type":"image\/jpeg"}],"twitter_card":"summary_large_image","twitter_misc":{"Gesch\u00e4tzte Lesezeit":"1\u00a0Minute"},"schema":{"@context":"https:\/\/schema.org","@graph":[{"@type":"WebPage","@id":"https:\/\/www.art-memorials.com\/de\/artwork\/sparkling-memories\/","url":"https:\/\/www.art-memorials.com\/de\/artwork\/sparkling-memories\/","name":"Sparkling Memories &#8902; Art-Memorials.com","isPartOf":{"@id":"http:\/\/www.art-memorials.com\/de\/#website"},"datePublished":"2023-05-29T09:27:36+00:00","breadcrumb":{"@id":"https:\/\/www.art-memorials.com\/de\/artwork\/sparkling-memories\/#breadcrumb"},"inLanguage":"de","potentialAction":[{"@type":"ReadAction","target":["https:\/\/www.art-memorials.com\/de\/artwork\/sparkling-memories\/"]}]},{"@type":"BreadcrumbList","@id":"https:\/\/www.art-memorials.com\/de\/artwork\/sparkling-memories\/#breadcrumb","itemListElement":[{"@type":"ListItem","position":1,"name":"Home","item":"https:\/\/www.art-memorials.com\/de\/"},{"@type":"ListItem","position":2,"name":"Shop","item":"https:\/\/www.art-memorials.com\/de\/urnen\/"},{"@type":"ListItem","position":3,"name":"Sparkling Memories"}]},{"@type":"WebSite","@id":"http:\/\/www.art-memorials.com\/de\/#website","url":"http:\/\/www.art-memorials.com\/de\/","name":"Art-Memorials","description":"Exclusive Cremation Urns, Ash Paintings, and Sculptures","potentialAction":[{"@type":"SearchAction","target":{"@type":"EntryPoint","urlTemplate":"http:\/\/www.art-memorials.com\/de\/?s={search_term_string}"},"query-input":{"@type":"PropertyValueSpecification","valueRequired":true,"valueName":"search_term_string"}}],"inLanguage":"de"}]}},"_links":{"self":[{"href":"https:\/\/www.art-memorials.com\/de\/wp-json\/wp\/v2\/product\/6084","targetHints":{"allow":["GET"]}}],"collection":[{"href":"https:\/\/www.art-memorials.com\/de\/wp-json\/wp\/v2\/product"}],"about":[{"href":"https:\/\/www.art-memorials.com\/de\/wp-json\/wp\/v2\/types\/product"}],"wp:attachment":[{"href":"https:\/\/www.art-memorials.com\/de\/wp-json\/wp\/v2\/media?parent=6084"}],"wp:term":[{"taxonomy":"product_brand","embeddable":true,"href":"https:\/\/www.art-memorials.com\/de\/wp-json\/wp\/v2\/product_brand?post=6084"},{"taxonomy":"product_cat","embeddable":true,"href":"https:\/\/www.art-memorials.com\/de\/wp-json\/wp\/v2\/product_cat?post=6084"},{"taxonomy":"product_tag","embeddable":true,"href":"https:\/\/www.art-memorials.com\/de\/wp-json\/wp\/v2\/product_tag?post=6084"}],"curies":[{"name":"wp","href":"https:\/\/api.w.org\/{rel}","templated":true}]}}