{"id":6086,"date":"2023-05-30T17:39:59","date_gmt":"2023-05-30T15:39:59","guid":{"rendered":"https:\/\/www.art-memorials.com\/product\/delicate-memory-sleeve\/"},"modified":"2023-05-30T17:39:59","modified_gmt":"2023-05-30T15:39:59","slug":"delicate-memory-sleeve","status":"publish","type":"product","link":"https:\/\/www.art-memorials.com\/de\/artwork\/delicate-memory-sleeve\/","title":{"rendered":"Delicate Memory Sleeve &#8211; feine Erinnerungsh\u00fclle"},"content":{"rendered":"<p><strong>Delicate Memory Sleeve &#8211; feine Erinnerungsh\u00fclle<\/strong><\/p>\n<p>Die Delicate Memory Sleeve Urne verk\u00f6rpert eine harmonische Mischung aus feiner Eleganz und nat\u00fcrlicher Sch\u00f6nheit. Ihre Gef\u00e4\u00dfform, erinnernd an eine unge\u00f6ffnete Blumenknospe, wirkt als Blickfang mit ihren anmutigen Kurven und ihren feinen Konturen. Die porzellane Erinnerungsurne ist mit einem hell-violettem Deckel versehen, was Spiritualit\u00e4t und Ehrfurcht symbolisiert. Dieser samfte Farbton wirkt sich positiv auf die \u00c4sthetik der Urne aus und verbindet sie mit einem Gef\u00fchl von Ruhe und Gelassenheit. Hergestellt mit h\u00f6chster Sorgfalt, str\u00f6mt dieses handgefertigte Meisterwek eine zeitlose Verlockung aus und l\u00e4d jene auf der Suche nach einem Erinnerungskunstwerk ein, die exquisite Form zu begutachten. Die Delicate Memory Sleeve Urne steht als ein Testament f\u00fcr eine tiefgreifende Verbindung zwischen Leben und der Unendlichkeit. SIe gibt einen angemessenen Ruheort f\u00fcr die Asche und dient als besonderes Tribut an die gehuldigten Erinnerungen ihrer Geliebten.<\/p>\n<ul>\n<li>Durchmesser der oberen \u00d6ffnung: 6.5 cm<\/li>\n<li>Durchmesser der Unterseite: 8 cm<\/li>\n<li>Durchmesser des Bauches: 16,5 cm<\/li>\n<li>H\u00f6he der Urne: 28 cm<\/li>\n<li>F\u00fcllmenge: 3,2 Liter<\/li>\n<\/ul>\n<div><em> <\/em><\/div>\n<div><em>* Handgefertigt, dementsprechend k\u00f6nnen kleine Disparit\u00e4ten im Bezug auf die Gr\u00f6\u00dfe, die Form oder der Farbe existieren.<\/em><\/div>\n<p><em>** Sollte eine Urne nicht verf\u00fcgbar sein, betr\u00e4gt ihre Lieferzeit bis zu 6 Wochen.<\/em><\/p>\n","protected":false},"excerpt":{"rendered":"<p>Die feine Form des Gef\u00e4\u00df, welches mit einem leisem und kleinem Deckel ausgestattet ist, erzeugt eine einzigartige Gedenk-Porzellan Viole<\/p>\n<p>Das Auge zum Detail und die handgefertigte Pr\u00e4zision verst\u00e4rken die Wirkung der Urne weiter und machen aus ihr ein wahres Werk der Kunst.<\/p>\n<p>Diese Urne ist handgefertigt und deshalb auf 250 Exemplare limitiert.<\/p>\n","protected":false},"featured_media":0,"template":"","meta":[],"product_brand":[],"product_cat":[856],"product_tag":[277,338,917,918,919],"class_list":{"0":"post-6086","1":"product","2":"type-product","3":"status-publish","5":"product_cat-keramik-steine-urnen","6":"product_tag-urne","7":"product_tag-keramik","8":"product_tag-innerhaus","9":"product_tag-gefas","10":"product_tag-handgefertigt","11":"pa_material-kermaik","12":"tm-has-options","14":"first","15":"instock","16":"sold-individually","17":"taxable","18":"shipping-taxable","19":"purchasable","20":"product-type-simple"},"yoast_head":"<!-- This site is optimized with the Yoast SEO plugin v24.4 - https:\/\/yoast.com\/wordpress\/plugins\/seo\/ -->\n<title>Delicate Memory Sleeve - feine Erinnerungsh\u00fclle &#8902; Art-Memorials.com<\/title>\n<meta name=\"robots\" content=\"index, follow, max-snippet:-1, max-image-preview:large, max-video-preview:-1\" \/>\n<link rel=\"canonical\" href=\"https:\/\/www.art-memorials.com\/de\/artwork\/delicate-memory-sleeve\/\" \/>\n<meta property=\"og:locale\" content=\"de_DE\" \/>\n<meta property=\"og:type\" content=\"article\" \/>\n<meta property=\"og:title\" content=\"Delicate Memory Sleeve - feine Erinnerungsh\u00fclle &#8902; Art-Memorials.com\" \/>\n<meta property=\"og:description\" content=\"Die feine Form des Gef\u00e4\u00df, welches mit einem leisem und kleinem Deckel ausgestattet ist, erzeugt eine einzigartige Gedenk-Porzellan Viole Das Auge zum Detail und die handgefertigte Pr\u00e4zision verst\u00e4rken die Wirkung der Urne weiter und machen aus ihr ein wahres Werk der Kunst. Diese Urne ist handgefertigt und deshalb auf 250 Exemplare limitiert.\" \/>\n<meta property=\"og:url\" content=\"https:\/\/www.art-memorials.com\/de\/artwork\/delicate-memory-sleeve\/\" \/>\n<meta property=\"og:site_name\" content=\"Art-Memorials\" \/>\n<meta property=\"og:image\" content=\"https:\/\/www.art-memorials.com\/wp-content\/uploads\/2023\/05\/White-Vase-I.jpg\" \/>\n\t<meta property=\"og:image:width\" content=\"2500\" \/>\n\t<meta property=\"og:image:height\" content=\"1667\" \/>\n\t<meta property=\"og:image:type\" content=\"image\/jpeg\" \/>\n<meta name=\"twitter:card\" content=\"summary_large_image\" \/>\n<meta name=\"twitter:label1\" content=\"Gesch\u00e4tzte Lesezeit\" \/>\n\t<meta name=\"twitter:data1\" content=\"1\u00a0Minute\" \/>\n<script type=\"application\/ld+json\" class=\"yoast-schema-graph\">{\"@context\":\"https:\/\/schema.org\",\"@graph\":[{\"@type\":\"WebPage\",\"@id\":\"https:\/\/www.art-memorials.com\/de\/artwork\/delicate-memory-sleeve\/\",\"url\":\"https:\/\/www.art-memorials.com\/de\/artwork\/delicate-memory-sleeve\/\",\"name\":\"Delicate Memory Sleeve - feine Erinnerungsh\u00fclle &#8902; Art-Memorials.com\",\"isPartOf\":{\"@id\":\"http:\/\/www.art-memorials.com\/de\/#website\"},\"datePublished\":\"2023-05-30T15:39:59+00:00\",\"breadcrumb\":{\"@id\":\"https:\/\/www.art-memorials.com\/de\/artwork\/delicate-memory-sleeve\/#breadcrumb\"},\"inLanguage\":\"de\",\"potentialAction\":[{\"@type\":\"ReadAction\",\"target\":[\"https:\/\/www.art-memorials.com\/de\/artwork\/delicate-memory-sleeve\/\"]}]},{\"@type\":\"BreadcrumbList\",\"@id\":\"https:\/\/www.art-memorials.com\/de\/artwork\/delicate-memory-sleeve\/#breadcrumb\",\"itemListElement\":[{\"@type\":\"ListItem\",\"position\":1,\"name\":\"Home\",\"item\":\"https:\/\/www.art-memorials.com\/de\/\"},{\"@type\":\"ListItem\",\"position\":2,\"name\":\"Shop\",\"item\":\"https:\/\/www.art-memorials.com\/de\/urnen\/\"},{\"@type\":\"ListItem\",\"position\":3,\"name\":\"Delicate Memory Sleeve &#8211; feine Erinnerungsh\u00fclle\"}]},{\"@type\":\"WebSite\",\"@id\":\"http:\/\/www.art-memorials.com\/de\/#website\",\"url\":\"http:\/\/www.art-memorials.com\/de\/\",\"name\":\"Art-Memorials\",\"description\":\"Exclusive Cremation Urns, Ash Paintings, and Sculptures\",\"potentialAction\":[{\"@type\":\"SearchAction\",\"target\":{\"@type\":\"EntryPoint\",\"urlTemplate\":\"http:\/\/www.art-memorials.com\/de\/?s={search_term_string}\"},\"query-input\":{\"@type\":\"PropertyValueSpecification\",\"valueRequired\":true,\"valueName\":\"search_term_string\"}}],\"inLanguage\":\"de\"}]}<\/script>\n<!-- \/ Yoast SEO plugin. -->","yoast_head_json":{"title":"Delicate Memory Sleeve - feine Erinnerungsh\u00fclle &#8902; Art-Memorials.com","robots":{"index":"index","follow":"follow","max-snippet":"max-snippet:-1","max-image-preview":"max-image-preview:large","max-video-preview":"max-video-preview:-1"},"canonical":"https:\/\/www.art-memorials.com\/de\/artwork\/delicate-memory-sleeve\/","og_locale":"de_DE","og_type":"article","og_title":"Delicate Memory Sleeve - feine Erinnerungsh\u00fclle &#8902; Art-Memorials.com","og_description":"Die feine Form des Gef\u00e4\u00df, welches mit einem leisem und kleinem Deckel ausgestattet ist, erzeugt eine einzigartige Gedenk-Porzellan Viole Das Auge zum Detail und die handgefertigte Pr\u00e4zision verst\u00e4rken die Wirkung der Urne weiter und machen aus ihr ein wahres Werk der Kunst. Diese Urne ist handgefertigt und deshalb auf 250 Exemplare limitiert.","og_url":"https:\/\/www.art-memorials.com\/de\/artwork\/delicate-memory-sleeve\/","og_site_name":"Art-Memorials","og_image":[{"width":2500,"height":1667,"url":"https:\/\/www.art-memorials.com\/wp-content\/uploads\/2023\/05\/White-Vase-I.jpg","type":"image\/jpeg"}],"twitter_card":"summary_large_image","twitter_misc":{"Gesch\u00e4tzte Lesezeit":"1\u00a0Minute"},"schema":{"@context":"https:\/\/schema.org","@graph":[{"@type":"WebPage","@id":"https:\/\/www.art-memorials.com\/de\/artwork\/delicate-memory-sleeve\/","url":"https:\/\/www.art-memorials.com\/de\/artwork\/delicate-memory-sleeve\/","name":"Delicate Memory Sleeve - feine Erinnerungsh\u00fclle &#8902; Art-Memorials.com","isPartOf":{"@id":"http:\/\/www.art-memorials.com\/de\/#website"},"datePublished":"2023-05-30T15:39:59+00:00","breadcrumb":{"@id":"https:\/\/www.art-memorials.com\/de\/artwork\/delicate-memory-sleeve\/#breadcrumb"},"inLanguage":"de","potentialAction":[{"@type":"ReadAction","target":["https:\/\/www.art-memorials.com\/de\/artwork\/delicate-memory-sleeve\/"]}]},{"@type":"BreadcrumbList","@id":"https:\/\/www.art-memorials.com\/de\/artwork\/delicate-memory-sleeve\/#breadcrumb","itemListElement":[{"@type":"ListItem","position":1,"name":"Home","item":"https:\/\/www.art-memorials.com\/de\/"},{"@type":"ListItem","position":2,"name":"Shop","item":"https:\/\/www.art-memorials.com\/de\/urnen\/"},{"@type":"ListItem","position":3,"name":"Delicate Memory Sleeve &#8211; feine Erinnerungsh\u00fclle"}]},{"@type":"WebSite","@id":"http:\/\/www.art-memorials.com\/de\/#website","url":"http:\/\/www.art-memorials.com\/de\/","name":"Art-Memorials","description":"Exclusive Cremation Urns, Ash Paintings, and Sculptures","potentialAction":[{"@type":"SearchAction","target":{"@type":"EntryPoint","urlTemplate":"http:\/\/www.art-memorials.com\/de\/?s={search_term_string}"},"query-input":{"@type":"PropertyValueSpecification","valueRequired":true,"valueName":"search_term_string"}}],"inLanguage":"de"}]}},"_links":{"self":[{"href":"https:\/\/www.art-memorials.com\/de\/wp-json\/wp\/v2\/product\/6086","targetHints":{"allow":["GET"]}}],"collection":[{"href":"https:\/\/www.art-memorials.com\/de\/wp-json\/wp\/v2\/product"}],"about":[{"href":"https:\/\/www.art-memorials.com\/de\/wp-json\/wp\/v2\/types\/product"}],"wp:attachment":[{"href":"https:\/\/www.art-memorials.com\/de\/wp-json\/wp\/v2\/media?parent=6086"}],"wp:term":[{"taxonomy":"product_brand","embeddable":true,"href":"https:\/\/www.art-memorials.com\/de\/wp-json\/wp\/v2\/product_brand?post=6086"},{"taxonomy":"product_cat","embeddable":true,"href":"https:\/\/www.art-memorials.com\/de\/wp-json\/wp\/v2\/product_cat?post=6086"},{"taxonomy":"product_tag","embeddable":true,"href":"https:\/\/www.art-memorials.com\/de\/wp-json\/wp\/v2\/product_tag?post=6086"}],"curies":[{"name":"wp","href":"https:\/\/api.w.org\/{rel}","templated":true}]}}