{"id":6094,"date":"2023-06-17T12:30:42","date_gmt":"2023-06-17T10:30:42","guid":{"rendered":"https:\/\/www.art-memorials.com\/product\/die-blume\/"},"modified":"2023-06-17T12:30:42","modified_gmt":"2023-06-17T10:30:42","slug":"die-blume","status":"publish","type":"product","link":"https:\/\/www.art-memorials.com\/de\/artwork\/die-blume\/","title":{"rendered":"The Flower &#8211; Die Blume"},"content":{"rendered":"<p>Diese Urne aus rostfreiem Stahl mit Floralmotiv mischt sich harmonisch in jede Umgebung und ist ein w\u00fcrdevoller Ort zur Aufbewahrung f\u00fcr die Asche einer geliebten Person. Sie erinnert uns daran, dass das Leben fl\u00fcchtig ist, aber auch an die unvergesslichen Erinenrungen und die Sch\u00f6nheit, die diese hinterlassen. Diese Urne ist ein Symbol der Liebe und des Respekts f\u00fcr die Verstorbenen und ein Weg ihre Pr\u00e4senz zu ehren, nachdem sie von uns gegangen sind.<\/p>\n<p>&nbsp;<\/p>\n<ul>\n<li>H\u00f6he der Urne: 31,00 cm<\/li>\n<li>Breite der Urne: 20,00 cm<\/li>\n<li>Tiefe der Urne: 10,00 cm<\/li>\n<li>Fassungsverm\u00f6gen: 0,5 Liter<\/li>\n<\/ul>\n","protected":false},"excerpt":{"rendered":"<p>Das feine Blumenmotiv verzaubert mit Anmut und detaillierter Ausf\u00fchrung. Die Blume ist symbolisch f\u00fcr neue Anf\u00e4nge, Wachstum und dem Kreislauf des Lebens.<\/p>\n<p>Jede Knospe erinnert uns an die besonderen Momente, die wir mit unseren Verstorbenen teilen und symbolisiert zugleich Sch\u00f6nheit und Hoffnung.<\/p>\n","protected":false},"featured_media":0,"template":"","meta":[],"product_brand":[],"product_cat":[969,980,274],"product_tag":[],"class_list":{"0":"post-6094","1":"product","2":"type-product","3":"status-publish","5":"product_cat-edelstahl-urnen-metallurnen","6":"product_cat-blumenurnen","7":"product_cat-kinder-urnen","8":"pa_material-edelstahl","9":"pa_theme-floral-de","10":"pa_theme-natur","11":"pa_topic-blume","12":"tm-has-options","14":"first","15":"instock","16":"taxable","17":"shipping-taxable","18":"purchasable","19":"product-type-simple"},"yoast_head":"<!-- This site is optimized with the Yoast SEO plugin v24.4 - https:\/\/yoast.com\/wordpress\/plugins\/seo\/ -->\n<title>The Flower - Die Blume &#8902; Art-Memorials.com<\/title>\n<meta name=\"robots\" content=\"index, follow, max-snippet:-1, max-image-preview:large, max-video-preview:-1\" \/>\n<link rel=\"canonical\" href=\"https:\/\/www.art-memorials.com\/de\/artwork\/die-blume\/\" \/>\n<meta property=\"og:locale\" content=\"de_DE\" \/>\n<meta property=\"og:type\" content=\"article\" \/>\n<meta property=\"og:title\" content=\"The Flower - Die Blume &#8902; Art-Memorials.com\" \/>\n<meta property=\"og:description\" content=\"Das feine Blumenmotiv verzaubert mit Anmut und detaillierter Ausf\u00fchrung. Die Blume ist symbolisch f\u00fcr neue Anf\u00e4nge, Wachstum und dem Kreislauf des Lebens. Jede Knospe erinnert uns an die besonderen Momente, die wir mit unseren Verstorbenen teilen und symbolisiert zugleich Sch\u00f6nheit und Hoffnung.\" \/>\n<meta property=\"og:url\" content=\"https:\/\/www.art-memorials.com\/de\/artwork\/die-blume\/\" \/>\n<meta property=\"og:site_name\" content=\"Art-Memorials\" \/>\n<meta property=\"og:image\" content=\"https:\/\/www.art-memorials.com\/wp-content\/uploads\/2023\/06\/Bild04.jpg\" \/>\n\t<meta property=\"og:image:width\" content=\"2500\" \/>\n\t<meta property=\"og:image:height\" content=\"2000\" \/>\n\t<meta property=\"og:image:type\" content=\"image\/jpeg\" \/>\n<meta name=\"twitter:card\" content=\"summary_large_image\" \/>\n<script type=\"application\/ld+json\" class=\"yoast-schema-graph\">{\"@context\":\"https:\/\/schema.org\",\"@graph\":[{\"@type\":\"WebPage\",\"@id\":\"https:\/\/www.art-memorials.com\/de\/artwork\/die-blume\/\",\"url\":\"https:\/\/www.art-memorials.com\/de\/artwork\/die-blume\/\",\"name\":\"The Flower - Die Blume &#8902; Art-Memorials.com\",\"isPartOf\":{\"@id\":\"http:\/\/www.art-memorials.com\/de\/#website\"},\"datePublished\":\"2023-06-17T10:30:42+00:00\",\"breadcrumb\":{\"@id\":\"https:\/\/www.art-memorials.com\/de\/artwork\/die-blume\/#breadcrumb\"},\"inLanguage\":\"de\",\"potentialAction\":[{\"@type\":\"ReadAction\",\"target\":[\"https:\/\/www.art-memorials.com\/de\/artwork\/die-blume\/\"]}]},{\"@type\":\"BreadcrumbList\",\"@id\":\"https:\/\/www.art-memorials.com\/de\/artwork\/die-blume\/#breadcrumb\",\"itemListElement\":[{\"@type\":\"ListItem\",\"position\":1,\"name\":\"Home\",\"item\":\"https:\/\/www.art-memorials.com\/de\/\"},{\"@type\":\"ListItem\",\"position\":2,\"name\":\"Shop\",\"item\":\"https:\/\/www.art-memorials.com\/de\/urnen\/\"},{\"@type\":\"ListItem\",\"position\":3,\"name\":\"The Flower &#8211; Die Blume\"}]},{\"@type\":\"WebSite\",\"@id\":\"http:\/\/www.art-memorials.com\/de\/#website\",\"url\":\"http:\/\/www.art-memorials.com\/de\/\",\"name\":\"Art-Memorials\",\"description\":\"Exclusive Cremation Urns, Ash Paintings, and Sculptures\",\"potentialAction\":[{\"@type\":\"SearchAction\",\"target\":{\"@type\":\"EntryPoint\",\"urlTemplate\":\"http:\/\/www.art-memorials.com\/de\/?s={search_term_string}\"},\"query-input\":{\"@type\":\"PropertyValueSpecification\",\"valueRequired\":true,\"valueName\":\"search_term_string\"}}],\"inLanguage\":\"de\"}]}<\/script>\n<!-- \/ Yoast SEO plugin. -->","yoast_head_json":{"title":"The Flower - Die Blume &#8902; Art-Memorials.com","robots":{"index":"index","follow":"follow","max-snippet":"max-snippet:-1","max-image-preview":"max-image-preview:large","max-video-preview":"max-video-preview:-1"},"canonical":"https:\/\/www.art-memorials.com\/de\/artwork\/die-blume\/","og_locale":"de_DE","og_type":"article","og_title":"The Flower - Die Blume &#8902; Art-Memorials.com","og_description":"Das feine Blumenmotiv verzaubert mit Anmut und detaillierter Ausf\u00fchrung. Die Blume ist symbolisch f\u00fcr neue Anf\u00e4nge, Wachstum und dem Kreislauf des Lebens. Jede Knospe erinnert uns an die besonderen Momente, die wir mit unseren Verstorbenen teilen und symbolisiert zugleich Sch\u00f6nheit und Hoffnung.","og_url":"https:\/\/www.art-memorials.com\/de\/artwork\/die-blume\/","og_site_name":"Art-Memorials","og_image":[{"width":2500,"height":2000,"url":"https:\/\/www.art-memorials.com\/wp-content\/uploads\/2023\/06\/Bild04.jpg","type":"image\/jpeg"}],"twitter_card":"summary_large_image","schema":{"@context":"https:\/\/schema.org","@graph":[{"@type":"WebPage","@id":"https:\/\/www.art-memorials.com\/de\/artwork\/die-blume\/","url":"https:\/\/www.art-memorials.com\/de\/artwork\/die-blume\/","name":"The Flower - Die Blume &#8902; Art-Memorials.com","isPartOf":{"@id":"http:\/\/www.art-memorials.com\/de\/#website"},"datePublished":"2023-06-17T10:30:42+00:00","breadcrumb":{"@id":"https:\/\/www.art-memorials.com\/de\/artwork\/die-blume\/#breadcrumb"},"inLanguage":"de","potentialAction":[{"@type":"ReadAction","target":["https:\/\/www.art-memorials.com\/de\/artwork\/die-blume\/"]}]},{"@type":"BreadcrumbList","@id":"https:\/\/www.art-memorials.com\/de\/artwork\/die-blume\/#breadcrumb","itemListElement":[{"@type":"ListItem","position":1,"name":"Home","item":"https:\/\/www.art-memorials.com\/de\/"},{"@type":"ListItem","position":2,"name":"Shop","item":"https:\/\/www.art-memorials.com\/de\/urnen\/"},{"@type":"ListItem","position":3,"name":"The Flower &#8211; Die Blume"}]},{"@type":"WebSite","@id":"http:\/\/www.art-memorials.com\/de\/#website","url":"http:\/\/www.art-memorials.com\/de\/","name":"Art-Memorials","description":"Exclusive Cremation Urns, Ash Paintings, and Sculptures","potentialAction":[{"@type":"SearchAction","target":{"@type":"EntryPoint","urlTemplate":"http:\/\/www.art-memorials.com\/de\/?s={search_term_string}"},"query-input":{"@type":"PropertyValueSpecification","valueRequired":true,"valueName":"search_term_string"}}],"inLanguage":"de"}]}},"_links":{"self":[{"href":"https:\/\/www.art-memorials.com\/de\/wp-json\/wp\/v2\/product\/6094","targetHints":{"allow":["GET"]}}],"collection":[{"href":"https:\/\/www.art-memorials.com\/de\/wp-json\/wp\/v2\/product"}],"about":[{"href":"https:\/\/www.art-memorials.com\/de\/wp-json\/wp\/v2\/types\/product"}],"wp:attachment":[{"href":"https:\/\/www.art-memorials.com\/de\/wp-json\/wp\/v2\/media?parent=6094"}],"wp:term":[{"taxonomy":"product_brand","embeddable":true,"href":"https:\/\/www.art-memorials.com\/de\/wp-json\/wp\/v2\/product_brand?post=6094"},{"taxonomy":"product_cat","embeddable":true,"href":"https:\/\/www.art-memorials.com\/de\/wp-json\/wp\/v2\/product_cat?post=6094"},{"taxonomy":"product_tag","embeddable":true,"href":"https:\/\/www.art-memorials.com\/de\/wp-json\/wp\/v2\/product_tag?post=6094"}],"curies":[{"name":"wp","href":"https:\/\/api.w.org\/{rel}","templated":true}]}}