{"id":6247,"date":"2023-10-13T14:56:59","date_gmt":"2023-10-13T12:56:59","guid":{"rendered":"https:\/\/www.art-memorials.com\/product\/the-bitter-sunflowers\/"},"modified":"2023-10-13T14:56:59","modified_gmt":"2023-10-13T12:56:59","slug":"the-bitter-sunflowers","status":"publish","type":"product","link":"https:\/\/www.art-memorials.com\/de\/artwork\/the-bitter-sunflowers\/","title":{"rendered":"The bitter Sunflowers &#8211; die bitteren Sonnenblumen"},"content":{"rendered":"<p>&#8216;The bitter sunflowers&#8217; erz\u00e4hlt die Geschichte einer Zukunft, von einer Welt der Verschmutzung, Kontamination und Nachl\u00e4ssigkeit.<\/p>\n<p>Die Trag\u00f6die des Ablebens unber\u00fchrter Sch\u00f6nheit und Natur.<\/p>\n","protected":false},"excerpt":{"rendered":"<p>Wandkunst &#8220;The bitter sunflowers &#8221; von Floor de Bruyn Kops. Sch\u00f6ne Kunstdrucke, Fotos, Skulpturen, Gem\u00e4lde und Mischtechnikwerke zum Verkauf.<\/p>\n","protected":false},"featured_media":0,"template":"","meta":[],"product_brand":[],"product_cat":[357],"product_tag":[],"class_list":{"0":"post-6247","1":"product","2":"type-product","3":"status-publish","5":"product_cat-aschebilder","6":"product_shipping_class-schwertransport-prioritat","7":"tm-has-options","9":"first","10":"instock","11":"taxable","12":"shipping-taxable","13":"purchasable","14":"product-type-simple"},"yoast_head":"<!-- This site is optimized with the Yoast SEO plugin v24.4 - https:\/\/yoast.com\/wordpress\/plugins\/seo\/ -->\n<title>The bitter Sunflowers - die bitteren Sonnenblumen &#8902; Art-Memorials.com<\/title>\n<meta name=\"description\" content=\"&#039;The bitter sunflowers&#039; erz\u00e4hlt die Geschichte einer Zukunft, von einer Welt der Nachl\u00e4ssigkeit. Die Trag\u00f6die des Ablebens unber\u00fchrter Sch\u00f6nheit und Natur.\" \/>\n<meta name=\"robots\" content=\"index, follow, max-snippet:-1, max-image-preview:large, max-video-preview:-1\" \/>\n<link rel=\"canonical\" href=\"https:\/\/www.art-memorials.com\/de\/artwork\/the-bitter-sunflowers\/\" \/>\n<meta property=\"og:locale\" content=\"de_DE\" \/>\n<meta property=\"og:type\" content=\"article\" \/>\n<meta property=\"og:title\" content=\"The bitter Sunflowers - die bitteren Sonnenblumen &#8902; Art-Memorials.com\" \/>\n<meta property=\"og:description\" content=\"&#039;The bitter sunflowers&#039; erz\u00e4hlt die Geschichte einer Zukunft, von einer Welt der Nachl\u00e4ssigkeit. Die Trag\u00f6die des Ablebens unber\u00fchrter Sch\u00f6nheit und Natur.\" \/>\n<meta property=\"og:url\" content=\"https:\/\/www.art-memorials.com\/de\/artwork\/the-bitter-sunflowers\/\" \/>\n<meta property=\"og:site_name\" content=\"Art-Memorials\" \/>\n<meta property=\"og:image\" content=\"https:\/\/www.art-memorials.com\/wp-content\/uploads\/2023\/10\/KC90887-De-verbitterde-zonnebloemen-Floor-de-Bruyn-Kops-scaled.jpg\" \/>\n\t<meta property=\"og:image:width\" content=\"1610\" \/>\n\t<meta property=\"og:image:height\" content=\"2560\" \/>\n\t<meta property=\"og:image:type\" content=\"image\/jpeg\" \/>\n<meta name=\"twitter:card\" content=\"summary_large_image\" \/>\n<script type=\"application\/ld+json\" class=\"yoast-schema-graph\">{\"@context\":\"https:\/\/schema.org\",\"@graph\":[{\"@type\":\"WebPage\",\"@id\":\"https:\/\/www.art-memorials.com\/de\/artwork\/the-bitter-sunflowers\/\",\"url\":\"https:\/\/www.art-memorials.com\/de\/artwork\/the-bitter-sunflowers\/\",\"name\":\"The bitter Sunflowers - die bitteren Sonnenblumen &#8902; Art-Memorials.com\",\"isPartOf\":{\"@id\":\"http:\/\/www.art-memorials.com\/de\/#website\"},\"datePublished\":\"2023-10-13T12:56:59+00:00\",\"description\":\"'The bitter sunflowers' erz\u00e4hlt die Geschichte einer Zukunft, von einer Welt der Nachl\u00e4ssigkeit. Die Trag\u00f6die des Ablebens unber\u00fchrter Sch\u00f6nheit und Natur.\",\"breadcrumb\":{\"@id\":\"https:\/\/www.art-memorials.com\/de\/artwork\/the-bitter-sunflowers\/#breadcrumb\"},\"inLanguage\":\"de\",\"potentialAction\":[{\"@type\":\"ReadAction\",\"target\":[\"https:\/\/www.art-memorials.com\/de\/artwork\/the-bitter-sunflowers\/\"]}]},{\"@type\":\"BreadcrumbList\",\"@id\":\"https:\/\/www.art-memorials.com\/de\/artwork\/the-bitter-sunflowers\/#breadcrumb\",\"itemListElement\":[{\"@type\":\"ListItem\",\"position\":1,\"name\":\"Home\",\"item\":\"https:\/\/www.art-memorials.com\/de\/\"},{\"@type\":\"ListItem\",\"position\":2,\"name\":\"Shop\",\"item\":\"https:\/\/www.art-memorials.com\/de\/urnen\/\"},{\"@type\":\"ListItem\",\"position\":3,\"name\":\"The bitter Sunflowers &#8211; die bitteren Sonnenblumen\"}]},{\"@type\":\"WebSite\",\"@id\":\"http:\/\/www.art-memorials.com\/de\/#website\",\"url\":\"http:\/\/www.art-memorials.com\/de\/\",\"name\":\"Art-Memorials\",\"description\":\"Exclusive Cremation Urns, Ash Paintings, and Sculptures\",\"potentialAction\":[{\"@type\":\"SearchAction\",\"target\":{\"@type\":\"EntryPoint\",\"urlTemplate\":\"http:\/\/www.art-memorials.com\/de\/?s={search_term_string}\"},\"query-input\":{\"@type\":\"PropertyValueSpecification\",\"valueRequired\":true,\"valueName\":\"search_term_string\"}}],\"inLanguage\":\"de\"}]}<\/script>\n<!-- \/ Yoast SEO plugin. -->","yoast_head_json":{"title":"The bitter Sunflowers - die bitteren Sonnenblumen &#8902; Art-Memorials.com","description":"'The bitter sunflowers' erz\u00e4hlt die Geschichte einer Zukunft, von einer Welt der Nachl\u00e4ssigkeit. Die Trag\u00f6die des Ablebens unber\u00fchrter Sch\u00f6nheit und Natur.","robots":{"index":"index","follow":"follow","max-snippet":"max-snippet:-1","max-image-preview":"max-image-preview:large","max-video-preview":"max-video-preview:-1"},"canonical":"https:\/\/www.art-memorials.com\/de\/artwork\/the-bitter-sunflowers\/","og_locale":"de_DE","og_type":"article","og_title":"The bitter Sunflowers - die bitteren Sonnenblumen &#8902; Art-Memorials.com","og_description":"'The bitter sunflowers' erz\u00e4hlt die Geschichte einer Zukunft, von einer Welt der Nachl\u00e4ssigkeit. Die Trag\u00f6die des Ablebens unber\u00fchrter Sch\u00f6nheit und Natur.","og_url":"https:\/\/www.art-memorials.com\/de\/artwork\/the-bitter-sunflowers\/","og_site_name":"Art-Memorials","og_image":[{"width":1610,"height":2560,"url":"https:\/\/www.art-memorials.com\/wp-content\/uploads\/2023\/10\/KC90887-De-verbitterde-zonnebloemen-Floor-de-Bruyn-Kops-scaled.jpg","type":"image\/jpeg"}],"twitter_card":"summary_large_image","schema":{"@context":"https:\/\/schema.org","@graph":[{"@type":"WebPage","@id":"https:\/\/www.art-memorials.com\/de\/artwork\/the-bitter-sunflowers\/","url":"https:\/\/www.art-memorials.com\/de\/artwork\/the-bitter-sunflowers\/","name":"The bitter Sunflowers - die bitteren Sonnenblumen &#8902; Art-Memorials.com","isPartOf":{"@id":"http:\/\/www.art-memorials.com\/de\/#website"},"datePublished":"2023-10-13T12:56:59+00:00","description":"'The bitter sunflowers' erz\u00e4hlt die Geschichte einer Zukunft, von einer Welt der Nachl\u00e4ssigkeit. Die Trag\u00f6die des Ablebens unber\u00fchrter Sch\u00f6nheit und Natur.","breadcrumb":{"@id":"https:\/\/www.art-memorials.com\/de\/artwork\/the-bitter-sunflowers\/#breadcrumb"},"inLanguage":"de","potentialAction":[{"@type":"ReadAction","target":["https:\/\/www.art-memorials.com\/de\/artwork\/the-bitter-sunflowers\/"]}]},{"@type":"BreadcrumbList","@id":"https:\/\/www.art-memorials.com\/de\/artwork\/the-bitter-sunflowers\/#breadcrumb","itemListElement":[{"@type":"ListItem","position":1,"name":"Home","item":"https:\/\/www.art-memorials.com\/de\/"},{"@type":"ListItem","position":2,"name":"Shop","item":"https:\/\/www.art-memorials.com\/de\/urnen\/"},{"@type":"ListItem","position":3,"name":"The bitter Sunflowers &#8211; die bitteren Sonnenblumen"}]},{"@type":"WebSite","@id":"http:\/\/www.art-memorials.com\/de\/#website","url":"http:\/\/www.art-memorials.com\/de\/","name":"Art-Memorials","description":"Exclusive Cremation Urns, Ash Paintings, and Sculptures","potentialAction":[{"@type":"SearchAction","target":{"@type":"EntryPoint","urlTemplate":"http:\/\/www.art-memorials.com\/de\/?s={search_term_string}"},"query-input":{"@type":"PropertyValueSpecification","valueRequired":true,"valueName":"search_term_string"}}],"inLanguage":"de"}]}},"_links":{"self":[{"href":"https:\/\/www.art-memorials.com\/de\/wp-json\/wp\/v2\/product\/6247","targetHints":{"allow":["GET"]}}],"collection":[{"href":"https:\/\/www.art-memorials.com\/de\/wp-json\/wp\/v2\/product"}],"about":[{"href":"https:\/\/www.art-memorials.com\/de\/wp-json\/wp\/v2\/types\/product"}],"wp:attachment":[{"href":"https:\/\/www.art-memorials.com\/de\/wp-json\/wp\/v2\/media?parent=6247"}],"wp:term":[{"taxonomy":"product_brand","embeddable":true,"href":"https:\/\/www.art-memorials.com\/de\/wp-json\/wp\/v2\/product_brand?post=6247"},{"taxonomy":"product_cat","embeddable":true,"href":"https:\/\/www.art-memorials.com\/de\/wp-json\/wp\/v2\/product_cat?post=6247"},{"taxonomy":"product_tag","embeddable":true,"href":"https:\/\/www.art-memorials.com\/de\/wp-json\/wp\/v2\/product_tag?post=6247"}],"curies":[{"name":"wp","href":"https:\/\/api.w.org\/{rel}","templated":true}]}}