{"id":6261,"date":"2023-11-28T02:29:26","date_gmt":"2023-11-28T00:29:26","guid":{"rendered":"https:\/\/www.art-memorials.com\/product\/natura-morte-series-16-untitled\/"},"modified":"2024-01-29T18:49:41","modified_gmt":"2024-01-29T16:49:41","slug":"natura-morte-series-16-untitled","status":"publish","type":"product","link":"https:\/\/www.art-memorials.com\/de\/artwork\/natura-morte-series-16-untitled\/","title":{"rendered":"Natura Morte Serie 16, ohne Titel"},"content":{"rendered":"<p>Tauchen Sie ein in die eindringliche Welt von &#8220;Natura Morte&#8221; von Evangelos Koukouwitakis, einer faszinierenden Stillleben-Serie. Durch seine Linse sind verwelkte Blumen, verrottendes Obst, Tierknochen, Eidechsen und zersplitterte Gl\u00e4ser eingefangen und \u00fcberwinden die Grenzen der Sterblichkeit.<br \/>\nKoukouwitakis webt Symbole der Verg\u00e4nglichkeit in repr\u00e4sentative Anordnungen ein, inspiriert von barocken Stillleben und Vanitas-Motiven. Mit beeindruckenden fotografischen Techniken f\u00e4ngt er die Sch\u00f6nheit ein, die in den Prozessen des Verfalls und des Todes liegt.<br \/>\nEntdecken Sie die Anziehungskraft dieser leuchtenden Spuren, wo jedes Bild eine Geschichte von der verg\u00e4nglichen Natur des Lebens erz\u00e4hlt, und versch\u00f6nern Sie Ihren Raum mit &#8220;Natura Morte&#8221;, einer faszinierenden Erkundung von Sch\u00f6nheit jenseits des Verg\u00e4nglichen.<\/p>\n","protected":false},"excerpt":{"rendered":"<p>Tauchen Sie ein in die eindringliche Welt von &#8220;Natura Morte&#8221; von Evangelos Koukouwitakis, einer faszinierenden Stillleben-Serie. Durch seine Linse sind verwelkte Blumen, verrottendes Obst, Tierknochen, Eidechsen und zersplitterte Gl\u00e4ser eingefangen und \u00fcberwinden die Grenzen der Sterblichkeit.<br \/>\nKoukouwitakis webt Symbole der Verg\u00e4nglichkeit in repr\u00e4sentative Anordnungen ein, inspiriert von barocken Stillleben und Vanitas-Motiven. Mit beeindruckenden fotografischen Techniken f\u00e4ngt er die Sch\u00f6nheit ein, die in den Prozessen des Verfalls und des Todes liegt.<br \/>\nEntdecken Sie die Anziehungskraft dieser leuchtenden Spuren, wo jedes Bild eine Geschichte von der verg\u00e4nglichen Natur des Lebens erz\u00e4hlt, und versch\u00f6nern Sie Ihren Raum mit &#8220;Natura Morte&#8221;, einer faszinierenden Erkundung von Sch\u00f6nheit jenseits des Verg\u00e4nglichen.<\/p>\n","protected":false},"featured_media":0,"template":"","meta":[],"product_brand":[],"product_cat":[373],"product_tag":[1024,1025,1026,1027,1028],"class_list":{"0":"post-6261","1":"product","2":"type-product","3":"status-publish","5":"product_cat-vanitas-kunst","6":"product_tag-stillleben-de","7":"product_tag-philosophie","8":"product_tag-drucke","9":"product_tag-fotografie-de","10":"product_tag-feiner-kunstdruck","11":"tm-has-options","13":"first","14":"instock","15":"taxable","16":"shipping-taxable","17":"purchasable","18":"product-type-simple"},"yoast_head":"<!-- This site is optimized with the Yoast SEO plugin v24.4 - https:\/\/yoast.com\/wordpress\/plugins\/seo\/ -->\n<title>Natura Morte Serie 16, ohne Titel &#8902; Art-Memorials.com<\/title>\n<meta name=\"description\" content=\"Wandkunst &quot;Natura Morte&quot; Stillleben Fotografie von Evangelos Koukouwitakis zum Verkauf. Sch\u00f6ne Kunstdrucke, Fotos, Skulpturen, Gem\u00e4lde und Mixed-Media.\" \/>\n<meta name=\"robots\" content=\"index, follow, max-snippet:-1, max-image-preview:large, max-video-preview:-1\" \/>\n<link rel=\"canonical\" href=\"https:\/\/www.art-memorials.com\/de\/artwork\/natura-morte-series-16-untitled\/\" \/>\n<meta property=\"og:locale\" content=\"de_DE\" \/>\n<meta property=\"og:type\" content=\"article\" \/>\n<meta property=\"og:title\" content=\"Natura Morte Serie 16, ohne Titel &#8902; Art-Memorials.com\" \/>\n<meta property=\"og:description\" content=\"Wandkunst &quot;Natura Morte&quot; Stillleben Fotografie von Evangelos Koukouwitakis zum Verkauf. Sch\u00f6ne Kunstdrucke, Fotos, Skulpturen, Gem\u00e4lde und Mixed-Media.\" \/>\n<meta property=\"og:url\" content=\"https:\/\/www.art-memorials.com\/de\/artwork\/natura-morte-series-16-untitled\/\" \/>\n<meta property=\"og:site_name\" content=\"Art-Memorials\" \/>\n<meta property=\"article:modified_time\" content=\"2024-01-29T16:49:41+00:00\" \/>\n<meta property=\"og:image\" content=\"https:\/\/www.art-memorials.com\/wp-content\/uploads\/2023\/11\/nm-16-1.jpg\" \/>\n\t<meta property=\"og:image:width\" content=\"1280\" \/>\n\t<meta property=\"og:image:height\" content=\"965\" \/>\n\t<meta property=\"og:image:type\" content=\"image\/jpeg\" \/>\n<meta name=\"twitter:card\" content=\"summary_large_image\" \/>\n<meta name=\"twitter:label1\" content=\"Gesch\u00e4tzte Lesezeit\" \/>\n\t<meta name=\"twitter:data1\" content=\"1\u00a0Minute\" \/>\n<script type=\"application\/ld+json\" class=\"yoast-schema-graph\">{\"@context\":\"https:\/\/schema.org\",\"@graph\":[{\"@type\":\"WebPage\",\"@id\":\"https:\/\/www.art-memorials.com\/de\/artwork\/natura-morte-series-16-untitled\/\",\"url\":\"https:\/\/www.art-memorials.com\/de\/artwork\/natura-morte-series-16-untitled\/\",\"name\":\"Natura Morte Serie 16, ohne Titel &#8902; Art-Memorials.com\",\"isPartOf\":{\"@id\":\"http:\/\/www.art-memorials.com\/de\/#website\"},\"datePublished\":\"2023-11-28T00:29:26+00:00\",\"dateModified\":\"2024-01-29T16:49:41+00:00\",\"description\":\"Wandkunst \\\"Natura Morte\\\" Stillleben Fotografie von Evangelos Koukouwitakis zum Verkauf. Sch\u00f6ne Kunstdrucke, Fotos, Skulpturen, Gem\u00e4lde und Mixed-Media.\",\"breadcrumb\":{\"@id\":\"https:\/\/www.art-memorials.com\/de\/artwork\/natura-morte-series-16-untitled\/#breadcrumb\"},\"inLanguage\":\"de\",\"potentialAction\":[{\"@type\":\"ReadAction\",\"target\":[\"https:\/\/www.art-memorials.com\/de\/artwork\/natura-morte-series-16-untitled\/\"]}]},{\"@type\":\"BreadcrumbList\",\"@id\":\"https:\/\/www.art-memorials.com\/de\/artwork\/natura-morte-series-16-untitled\/#breadcrumb\",\"itemListElement\":[{\"@type\":\"ListItem\",\"position\":1,\"name\":\"Home\",\"item\":\"https:\/\/www.art-memorials.com\/de\/\"},{\"@type\":\"ListItem\",\"position\":2,\"name\":\"Shop\",\"item\":\"https:\/\/www.art-memorials.com\/de\/urnen\/\"},{\"@type\":\"ListItem\",\"position\":3,\"name\":\"Natura Morte Serie 16, ohne Titel\"}]},{\"@type\":\"WebSite\",\"@id\":\"http:\/\/www.art-memorials.com\/de\/#website\",\"url\":\"http:\/\/www.art-memorials.com\/de\/\",\"name\":\"Art-Memorials\",\"description\":\"Exclusive Cremation Urns, Ash Paintings, and Sculptures\",\"potentialAction\":[{\"@type\":\"SearchAction\",\"target\":{\"@type\":\"EntryPoint\",\"urlTemplate\":\"http:\/\/www.art-memorials.com\/de\/?s={search_term_string}\"},\"query-input\":{\"@type\":\"PropertyValueSpecification\",\"valueRequired\":true,\"valueName\":\"search_term_string\"}}],\"inLanguage\":\"de\"}]}<\/script>\n<!-- \/ Yoast SEO plugin. -->","yoast_head_json":{"title":"Natura Morte Serie 16, ohne Titel &#8902; Art-Memorials.com","description":"Wandkunst \"Natura Morte\" Stillleben Fotografie von Evangelos Koukouwitakis zum Verkauf. Sch\u00f6ne Kunstdrucke, Fotos, Skulpturen, Gem\u00e4lde und Mixed-Media.","robots":{"index":"index","follow":"follow","max-snippet":"max-snippet:-1","max-image-preview":"max-image-preview:large","max-video-preview":"max-video-preview:-1"},"canonical":"https:\/\/www.art-memorials.com\/de\/artwork\/natura-morte-series-16-untitled\/","og_locale":"de_DE","og_type":"article","og_title":"Natura Morte Serie 16, ohne Titel &#8902; Art-Memorials.com","og_description":"Wandkunst \"Natura Morte\" Stillleben Fotografie von Evangelos Koukouwitakis zum Verkauf. Sch\u00f6ne Kunstdrucke, Fotos, Skulpturen, Gem\u00e4lde und Mixed-Media.","og_url":"https:\/\/www.art-memorials.com\/de\/artwork\/natura-morte-series-16-untitled\/","og_site_name":"Art-Memorials","article_modified_time":"2024-01-29T16:49:41+00:00","og_image":[{"width":1280,"height":965,"url":"https:\/\/www.art-memorials.com\/wp-content\/uploads\/2023\/11\/nm-16-1.jpg","type":"image\/jpeg"}],"twitter_card":"summary_large_image","twitter_misc":{"Gesch\u00e4tzte Lesezeit":"1\u00a0Minute"},"schema":{"@context":"https:\/\/schema.org","@graph":[{"@type":"WebPage","@id":"https:\/\/www.art-memorials.com\/de\/artwork\/natura-morte-series-16-untitled\/","url":"https:\/\/www.art-memorials.com\/de\/artwork\/natura-morte-series-16-untitled\/","name":"Natura Morte Serie 16, ohne Titel &#8902; Art-Memorials.com","isPartOf":{"@id":"http:\/\/www.art-memorials.com\/de\/#website"},"datePublished":"2023-11-28T00:29:26+00:00","dateModified":"2024-01-29T16:49:41+00:00","description":"Wandkunst \"Natura Morte\" Stillleben Fotografie von Evangelos Koukouwitakis zum Verkauf. Sch\u00f6ne Kunstdrucke, Fotos, Skulpturen, Gem\u00e4lde und Mixed-Media.","breadcrumb":{"@id":"https:\/\/www.art-memorials.com\/de\/artwork\/natura-morte-series-16-untitled\/#breadcrumb"},"inLanguage":"de","potentialAction":[{"@type":"ReadAction","target":["https:\/\/www.art-memorials.com\/de\/artwork\/natura-morte-series-16-untitled\/"]}]},{"@type":"BreadcrumbList","@id":"https:\/\/www.art-memorials.com\/de\/artwork\/natura-morte-series-16-untitled\/#breadcrumb","itemListElement":[{"@type":"ListItem","position":1,"name":"Home","item":"https:\/\/www.art-memorials.com\/de\/"},{"@type":"ListItem","position":2,"name":"Shop","item":"https:\/\/www.art-memorials.com\/de\/urnen\/"},{"@type":"ListItem","position":3,"name":"Natura Morte Serie 16, ohne Titel"}]},{"@type":"WebSite","@id":"http:\/\/www.art-memorials.com\/de\/#website","url":"http:\/\/www.art-memorials.com\/de\/","name":"Art-Memorials","description":"Exclusive Cremation Urns, Ash Paintings, and Sculptures","potentialAction":[{"@type":"SearchAction","target":{"@type":"EntryPoint","urlTemplate":"http:\/\/www.art-memorials.com\/de\/?s={search_term_string}"},"query-input":{"@type":"PropertyValueSpecification","valueRequired":true,"valueName":"search_term_string"}}],"inLanguage":"de"}]}},"_links":{"self":[{"href":"https:\/\/www.art-memorials.com\/de\/wp-json\/wp\/v2\/product\/6261","targetHints":{"allow":["GET"]}}],"collection":[{"href":"https:\/\/www.art-memorials.com\/de\/wp-json\/wp\/v2\/product"}],"about":[{"href":"https:\/\/www.art-memorials.com\/de\/wp-json\/wp\/v2\/types\/product"}],"wp:attachment":[{"href":"https:\/\/www.art-memorials.com\/de\/wp-json\/wp\/v2\/media?parent=6261"}],"wp:term":[{"taxonomy":"product_brand","embeddable":true,"href":"https:\/\/www.art-memorials.com\/de\/wp-json\/wp\/v2\/product_brand?post=6261"},{"taxonomy":"product_cat","embeddable":true,"href":"https:\/\/www.art-memorials.com\/de\/wp-json\/wp\/v2\/product_cat?post=6261"},{"taxonomy":"product_tag","embeddable":true,"href":"https:\/\/www.art-memorials.com\/de\/wp-json\/wp\/v2\/product_tag?post=6261"}],"curies":[{"name":"wp","href":"https:\/\/api.w.org\/{rel}","templated":true}]}}