{"id":6352,"date":"2023-12-08T22:06:59","date_gmt":"2023-12-08T20:06:59","guid":{"rendered":"https:\/\/www.art-memorials.com\/artwork\/blumenserie-1-ohne-titel\/"},"modified":"2024-02-01T11:56:45","modified_gmt":"2024-02-01T09:56:45","slug":"blumenserie-1-ohne-titel","status":"publish","type":"product","link":"https:\/\/www.art-memorials.com\/de\/artwork\/blumenserie-1-ohne-titel\/","title":{"rendered":"Blumenserie 1, ohne Titel"},"content":{"rendered":"<p>In diesem bezaubernden fotografischen Meisterwerk von Koukouwitaki erwacht eine bl\u00fchende Blume zu einem faszinierenden Tanz, geschickt unsterblich gemacht durch eine verl\u00e4ngerte Belichtungszeit. Die ausgedehnte Belichtungszeit f\u00e4ngt den eleganten Abstieg der Blume ein, verwandelt ihn in einen Moment dynamischer Ruhe, der die Wahrnehmung des Betrachters von Zeit herausfordert.<\/p>\n<p>Koukouwitaki manipuliert kunstvoll Perspektiven, indem er die Bl\u00fctenposition der Blume spielerisch verdreht und neigt, was eine faszinierende Dimension in die Komposition einbringt. Diese einzigartige Verschmelzung von Bewegung und Ruhe l\u00e4dt die Betrachter in ein entz\u00fcckendes Dilemma ein, und entfacht ein tiefes Staunen und Nachdenken \u00fcber die verschwommenen Grenzen zwischen Realit\u00e4t und k\u00fcnstlerischer Interpretation.<\/p>\n<p>Erheben Sie Ihren Raum mit diesem au\u00dfergew\u00f6hnlichen St\u00fcck, das Sie dazu einl\u00e4dt, die harmonische Interaktion von Bewegung und Stille zu erforschen und Sie durch die r\u00e4tselhafte Sch\u00f6nheit, die in jedem Bild eingefangen ist, in den Bann zieht.<\/p>\n","protected":false},"excerpt":{"rendered":"<p>In diesem bezaubernden fotografischen Meisterwerk von Koukouwitaki erwacht eine bl\u00fchende Blume zu einem faszinierenden Tanz, geschickt unsterblich gemacht durch eine verl\u00e4ngerte Belichtungszeit. Die ausgedehnte Belichtungszeit f\u00e4ngt den eleganten Abstieg der Blume ein, verwandelt ihn in einen Moment dynamischer Ruhe, der die Wahrnehmung des Betrachters von Zeit herausfordert.<\/p>\n<p>Koukouwitaki manipuliert kunstvoll Perspektiven, indem er die Bl\u00fctenposition der Blume spielerisch verdreht und neigt, was eine faszinierende Dimension in die Komposition einbringt. Diese einzigartige Verschmelzung von Bewegung und Ruhe l\u00e4dt die Betrachter in ein entz\u00fcckendes Dilemma ein, und entfacht ein tiefes Staunen und Nachdenken \u00fcber die verschwommenen Grenzen zwischen Realit\u00e4t und k\u00fcnstlerischer Interpretation.<\/p>\n<p>Erheben Sie Ihren Raum mit diesem au\u00dfergew\u00f6hnlichen St\u00fcck, das Sie dazu einl\u00e4dt, die harmonische Interaktion von Bewegung und Stille zu erforschen und Sie durch die r\u00e4tselhafte Sch\u00f6nheit, die in jedem Bild eingefangen ist, in den Bann zieht.<\/p>\n","protected":false},"featured_media":8849,"template":"","meta":[],"product_brand":[],"product_cat":[371,977,373],"product_tag":[395,911,1023,1044,1045,1046,1058],"class_list":{"0":"post-6352","1":"product","2":"type-product","3":"status-publish","4":"has-post-thumbnail","6":"product_cat-symbolic-art-beerdigung","7":"product_cat-wandkunst","8":"product_cat-vanitas-kunst","9":"product_tag-blume","10":"product_tag-flowers-de","11":"product_tag-fotografie","12":"product_tag-druck-de","13":"product_tag-kunst","14":"product_tag-wandkunst","15":"product_tag-blute-de","16":"tm-has-options","18":"first","19":"instock","20":"taxable","21":"shipping-taxable","22":"purchasable","23":"product-type-simple"},"yoast_head":"<!-- This site is optimized with the Yoast SEO plugin v24.4 - https:\/\/yoast.com\/wordpress\/plugins\/seo\/ -->\n<title>Blumenserie 1, ohne Titel &#8902; Art-Memorials.com<\/title>\n<meta name=\"description\" content=\"Einzigartige Wandkunst-Blumenfotografie von Evangelos Koukouwitakis. Sch\u00f6ne Kunstdrucke, Fotos, Skulpturen, Gem\u00e4lde und Mischtechnikwerke zum Verkauf.\" \/>\n<meta name=\"robots\" content=\"index, follow, max-snippet:-1, max-image-preview:large, max-video-preview:-1\" \/>\n<link rel=\"canonical\" href=\"https:\/\/www.art-memorials.com\/de\/artwork\/blumenserie-1-ohne-titel\/\" \/>\n<meta property=\"og:locale\" content=\"de_DE\" \/>\n<meta property=\"og:type\" content=\"article\" \/>\n<meta property=\"og:title\" content=\"Blumenserie 1, ohne Titel &#8902; Art-Memorials.com\" \/>\n<meta property=\"og:description\" content=\"Einzigartige Wandkunst-Blumenfotografie von Evangelos Koukouwitakis. Sch\u00f6ne Kunstdrucke, Fotos, Skulpturen, Gem\u00e4lde und Mischtechnikwerke zum Verkauf.\" \/>\n<meta property=\"og:url\" content=\"https:\/\/www.art-memorials.com\/de\/artwork\/blumenserie-1-ohne-titel\/\" \/>\n<meta property=\"og:site_name\" content=\"Art-Memorials\" \/>\n<meta property=\"article:modified_time\" content=\"2024-02-01T09:56:45+00:00\" \/>\n<meta property=\"og:image\" content=\"https:\/\/www.art-memorials.com\/wp-content\/uploads\/2023\/12\/ohne-titel-1.jpg\" \/>\n\t<meta property=\"og:image:width\" content=\"1223\" \/>\n\t<meta property=\"og:image:height\" content=\"895\" \/>\n\t<meta property=\"og:image:type\" content=\"image\/jpeg\" \/>\n<meta name=\"twitter:card\" content=\"summary_large_image\" \/>\n<meta name=\"twitter:label1\" content=\"Gesch\u00e4tzte Lesezeit\" \/>\n\t<meta name=\"twitter:data1\" content=\"1\u00a0Minute\" \/>\n<script type=\"application\/ld+json\" class=\"yoast-schema-graph\">{\"@context\":\"https:\/\/schema.org\",\"@graph\":[{\"@type\":\"WebPage\",\"@id\":\"https:\/\/www.art-memorials.com\/de\/artwork\/blumenserie-1-ohne-titel\/\",\"url\":\"https:\/\/www.art-memorials.com\/de\/artwork\/blumenserie-1-ohne-titel\/\",\"name\":\"Blumenserie 1, ohne Titel &#8902; Art-Memorials.com\",\"isPartOf\":{\"@id\":\"http:\/\/www.art-memorials.com\/de\/#website\"},\"primaryImageOfPage\":{\"@id\":\"https:\/\/www.art-memorials.com\/de\/artwork\/blumenserie-1-ohne-titel\/#primaryimage\"},\"image\":{\"@id\":\"https:\/\/www.art-memorials.com\/de\/artwork\/blumenserie-1-ohne-titel\/#primaryimage\"},\"thumbnailUrl\":\"https:\/\/www.art-memorials.com\/wp-content\/uploads\/2023\/12\/series-of-flowers-1.jpg\",\"datePublished\":\"2023-12-08T20:06:59+00:00\",\"dateModified\":\"2024-02-01T09:56:45+00:00\",\"description\":\"Einzigartige Wandkunst-Blumenfotografie von Evangelos Koukouwitakis. Sch\u00f6ne Kunstdrucke, Fotos, Skulpturen, Gem\u00e4lde und Mischtechnikwerke zum Verkauf.\",\"breadcrumb\":{\"@id\":\"https:\/\/www.art-memorials.com\/de\/artwork\/blumenserie-1-ohne-titel\/#breadcrumb\"},\"inLanguage\":\"de\",\"potentialAction\":[{\"@type\":\"ReadAction\",\"target\":[\"https:\/\/www.art-memorials.com\/de\/artwork\/blumenserie-1-ohne-titel\/\"]}]},{\"@type\":\"ImageObject\",\"inLanguage\":\"de\",\"@id\":\"https:\/\/www.art-memorials.com\/de\/artwork\/blumenserie-1-ohne-titel\/#primaryimage\",\"url\":\"https:\/\/www.art-memorials.com\/wp-content\/uploads\/2023\/12\/series-of-flowers-1.jpg\",\"contentUrl\":\"https:\/\/www.art-memorials.com\/wp-content\/uploads\/2023\/12\/series-of-flowers-1.jpg\",\"width\":1272,\"height\":931},{\"@type\":\"BreadcrumbList\",\"@id\":\"https:\/\/www.art-memorials.com\/de\/artwork\/blumenserie-1-ohne-titel\/#breadcrumb\",\"itemListElement\":[{\"@type\":\"ListItem\",\"position\":1,\"name\":\"Home\",\"item\":\"https:\/\/www.art-memorials.com\/de\/\"},{\"@type\":\"ListItem\",\"position\":2,\"name\":\"Shop\",\"item\":\"https:\/\/www.art-memorials.com\/de\/urnen\/\"},{\"@type\":\"ListItem\",\"position\":3,\"name\":\"Blumenserie 1, ohne Titel\"}]},{\"@type\":\"WebSite\",\"@id\":\"http:\/\/www.art-memorials.com\/de\/#website\",\"url\":\"http:\/\/www.art-memorials.com\/de\/\",\"name\":\"Art-Memorials\",\"description\":\"Exclusive Cremation Urns, Ash Paintings, and Sculptures\",\"potentialAction\":[{\"@type\":\"SearchAction\",\"target\":{\"@type\":\"EntryPoint\",\"urlTemplate\":\"http:\/\/www.art-memorials.com\/de\/?s={search_term_string}\"},\"query-input\":{\"@type\":\"PropertyValueSpecification\",\"valueRequired\":true,\"valueName\":\"search_term_string\"}}],\"inLanguage\":\"de\"}]}<\/script>\n<!-- \/ Yoast SEO plugin. -->","yoast_head_json":{"title":"Blumenserie 1, ohne Titel &#8902; Art-Memorials.com","description":"Einzigartige Wandkunst-Blumenfotografie von Evangelos Koukouwitakis. Sch\u00f6ne Kunstdrucke, Fotos, Skulpturen, Gem\u00e4lde und Mischtechnikwerke zum Verkauf.","robots":{"index":"index","follow":"follow","max-snippet":"max-snippet:-1","max-image-preview":"max-image-preview:large","max-video-preview":"max-video-preview:-1"},"canonical":"https:\/\/www.art-memorials.com\/de\/artwork\/blumenserie-1-ohne-titel\/","og_locale":"de_DE","og_type":"article","og_title":"Blumenserie 1, ohne Titel &#8902; Art-Memorials.com","og_description":"Einzigartige Wandkunst-Blumenfotografie von Evangelos Koukouwitakis. Sch\u00f6ne Kunstdrucke, Fotos, Skulpturen, Gem\u00e4lde und Mischtechnikwerke zum Verkauf.","og_url":"https:\/\/www.art-memorials.com\/de\/artwork\/blumenserie-1-ohne-titel\/","og_site_name":"Art-Memorials","article_modified_time":"2024-02-01T09:56:45+00:00","og_image":[{"width":1223,"height":895,"url":"https:\/\/www.art-memorials.com\/wp-content\/uploads\/2023\/12\/ohne-titel-1.jpg","type":"image\/jpeg"}],"twitter_card":"summary_large_image","twitter_misc":{"Gesch\u00e4tzte Lesezeit":"1\u00a0Minute"},"schema":{"@context":"https:\/\/schema.org","@graph":[{"@type":"WebPage","@id":"https:\/\/www.art-memorials.com\/de\/artwork\/blumenserie-1-ohne-titel\/","url":"https:\/\/www.art-memorials.com\/de\/artwork\/blumenserie-1-ohne-titel\/","name":"Blumenserie 1, ohne Titel &#8902; Art-Memorials.com","isPartOf":{"@id":"http:\/\/www.art-memorials.com\/de\/#website"},"primaryImageOfPage":{"@id":"https:\/\/www.art-memorials.com\/de\/artwork\/blumenserie-1-ohne-titel\/#primaryimage"},"image":{"@id":"https:\/\/www.art-memorials.com\/de\/artwork\/blumenserie-1-ohne-titel\/#primaryimage"},"thumbnailUrl":"https:\/\/www.art-memorials.com\/wp-content\/uploads\/2023\/12\/series-of-flowers-1.jpg","datePublished":"2023-12-08T20:06:59+00:00","dateModified":"2024-02-01T09:56:45+00:00","description":"Einzigartige Wandkunst-Blumenfotografie von Evangelos Koukouwitakis. Sch\u00f6ne Kunstdrucke, Fotos, Skulpturen, Gem\u00e4lde und Mischtechnikwerke zum Verkauf.","breadcrumb":{"@id":"https:\/\/www.art-memorials.com\/de\/artwork\/blumenserie-1-ohne-titel\/#breadcrumb"},"inLanguage":"de","potentialAction":[{"@type":"ReadAction","target":["https:\/\/www.art-memorials.com\/de\/artwork\/blumenserie-1-ohne-titel\/"]}]},{"@type":"ImageObject","inLanguage":"de","@id":"https:\/\/www.art-memorials.com\/de\/artwork\/blumenserie-1-ohne-titel\/#primaryimage","url":"https:\/\/www.art-memorials.com\/wp-content\/uploads\/2023\/12\/series-of-flowers-1.jpg","contentUrl":"https:\/\/www.art-memorials.com\/wp-content\/uploads\/2023\/12\/series-of-flowers-1.jpg","width":1272,"height":931},{"@type":"BreadcrumbList","@id":"https:\/\/www.art-memorials.com\/de\/artwork\/blumenserie-1-ohne-titel\/#breadcrumb","itemListElement":[{"@type":"ListItem","position":1,"name":"Home","item":"https:\/\/www.art-memorials.com\/de\/"},{"@type":"ListItem","position":2,"name":"Shop","item":"https:\/\/www.art-memorials.com\/de\/urnen\/"},{"@type":"ListItem","position":3,"name":"Blumenserie 1, ohne Titel"}]},{"@type":"WebSite","@id":"http:\/\/www.art-memorials.com\/de\/#website","url":"http:\/\/www.art-memorials.com\/de\/","name":"Art-Memorials","description":"Exclusive Cremation Urns, Ash Paintings, and Sculptures","potentialAction":[{"@type":"SearchAction","target":{"@type":"EntryPoint","urlTemplate":"http:\/\/www.art-memorials.com\/de\/?s={search_term_string}"},"query-input":{"@type":"PropertyValueSpecification","valueRequired":true,"valueName":"search_term_string"}}],"inLanguage":"de"}]}},"_links":{"self":[{"href":"https:\/\/www.art-memorials.com\/de\/wp-json\/wp\/v2\/product\/6352","targetHints":{"allow":["GET"]}}],"collection":[{"href":"https:\/\/www.art-memorials.com\/de\/wp-json\/wp\/v2\/product"}],"about":[{"href":"https:\/\/www.art-memorials.com\/de\/wp-json\/wp\/v2\/types\/product"}],"wp:featuredmedia":[{"embeddable":true,"href":"https:\/\/www.art-memorials.com\/de\/wp-json\/wp\/v2\/media\/8849"}],"wp:attachment":[{"href":"https:\/\/www.art-memorials.com\/de\/wp-json\/wp\/v2\/media?parent=6352"}],"wp:term":[{"taxonomy":"product_brand","embeddable":true,"href":"https:\/\/www.art-memorials.com\/de\/wp-json\/wp\/v2\/product_brand?post=6352"},{"taxonomy":"product_cat","embeddable":true,"href":"https:\/\/www.art-memorials.com\/de\/wp-json\/wp\/v2\/product_cat?post=6352"},{"taxonomy":"product_tag","embeddable":true,"href":"https:\/\/www.art-memorials.com\/de\/wp-json\/wp\/v2\/product_tag?post=6352"}],"curies":[{"name":"wp","href":"https:\/\/api.w.org\/{rel}","templated":true}]}}