{"id":6527,"date":"2023-12-08T22:49:19","date_gmt":"2023-12-08T20:49:19","guid":{"rendered":"https:\/\/www.art-memorials.com\/artwork\/series-of-flowers-4-untitled\/"},"modified":"2023-12-08T22:49:19","modified_gmt":"2023-12-08T20:49:19","slug":"series-of-flowers-4-untitled","status":"publish","type":"product","link":"https:\/\/www.art-memorials.com\/de\/artwork\/series-of-flowers-4-untitled\/","title":{"rendered":"Series of Flowers 4, Untitled"},"content":{"rendered":"<p>In diesem bezaubernden fotografischen Meisterwerk von Koukouwitaki erwacht eine bl\u00fchende Blume zu einem faszinierenden Tanz, geschickt unsterblich gemacht durch eine verl\u00e4ngerte Belichtungszeit. Die ausgedehnte Belichtung f\u00e4ngt den eleganten Abstieg der Blume ein, verwandelt ihn in einen Moment dynamischer Ruhe, der die Wahrnehmung des Betrachters von Zeit herausfordert.<br \/>\nKoukouwitaki manipuliert kunstvoll Perspektiven, indem er die Bl\u00fcten Position der Blume spielerisch verdreht und neigt, und f\u00fchrt dadurch eine faszinierende Dimension in die Komposition ein. Diese einzigartige Verschmelzung von Bewegung und Ruhe l\u00e4dt die Betrachter in ein entz\u00fcckendes Dilemma ein und entfacht ein tiefes Staunen und Nachdenken \u00fcber die verschwommenen Grenzen zwischen Realit\u00e4t und k\u00fcnstlerischer Interpretation.<br \/>\nErheben Sie Ihren Raum mit diesem au\u00dfergew\u00f6hnlichen St\u00fcck, das Sie dazu einl\u00e4dt, die harmonische Interaktion von Bewegung und Stille zu erforschen, und Sie werden von der r\u00e4tselhaften Sch\u00f6nheit, die in jedem Bild eingefangen ist, begeistert sein.<\/p>\n<p>Dieses Kunstwerk besteht aus 9 Nahaufnahmen von Blumenfotografien mit einer Gr\u00f6\u00dfe von jeweils 40 x 30 cm.<\/p>\n","protected":false},"excerpt":{"rendered":"<p>In diesem bezaubernden fotografischen Meisterwerk von Koukouwitaki erwacht eine bl\u00fchende Blume zu einem faszinierenden Tanz, geschickt unsterblich gemacht durch eine verl\u00e4ngerte Belichtungszeit. Die ausgedehnte Belichtung f\u00e4ngt den eleganten Abstieg der Blume ein, verwandelt ihn in einen Moment dynamischer Ruhe, der die Wahrnehmung des Betrachters von Zeit herausfordert.<br \/>\nKoukouwitaki manipuliert kunstvoll Perspektiven, indem er die Bl\u00fcten Position der Blume spielerisch verdreht und neigt, und f\u00fchrt dadurch eine faszinierende Dimension in die Komposition ein. Diese einzigartige Verschmelzung von Bewegung und Ruhe l\u00e4dt die Betrachter in ein entz\u00fcckendes Dilemma ein und entfacht ein tiefes Staunen und Nachdenken \u00fcber die verschwommenen Grenzen zwischen Realit\u00e4t und k\u00fcnstlerischer Interpretation.<br \/>\nErheben Sie Ihren Raum mit diesem au\u00dfergew\u00f6hnlichen St\u00fcck, das Sie dazu einl\u00e4dt, die harmonische Interaktion von Bewegung und Stille zu erforschen, und Sie werden von der r\u00e4tselhaften Sch\u00f6nheit, die in jedem Bild eingefangen ist, begeistert sein.<\/p>\n<p>Dieses Kunstwerk besteht aus 9 Nahaufnahmen von Blumenfotografien mit einer Gr\u00f6\u00dfe von jeweils 40 x 30 cm.<\/p>\n","protected":false},"featured_media":0,"template":"","meta":[],"product_brand":[],"product_cat":[371,977,373],"product_tag":[395,423,911,1023,1044,1053,1058,1059,1060],"class_list":{"0":"post-6527","1":"product","2":"type-product","3":"status-publish","5":"product_cat-symbolic-art-beerdigung","6":"product_cat-wandkunst","7":"product_cat-vanitas-kunst","8":"product_tag-blume","9":"product_tag-kunstdruck","10":"product_tag-flowers-de","11":"product_tag-fotografie","12":"product_tag-druck-de","13":"product_tag-wandkunst-de","14":"product_tag-blute-de","15":"product_tag-kunst-de","16":"product_tag-transformation-de","17":"tm-has-options","19":"first","20":"instock","21":"taxable","22":"shipping-taxable","23":"purchasable","24":"product-type-simple"},"yoast_head":"<!-- This site is optimized with the Yoast SEO plugin v24.4 - https:\/\/yoast.com\/wordpress\/plugins\/seo\/ -->\n<title>Series of Flowers 4, Untitled &#8902; Art-Memorials.com<\/title>\n<meta name=\"description\" content=\"Einzigartige Blumen Fotografie Wankunst Sch\u00f6ne Kunstdrucke, Fotos, Skulpturen, Gem\u00e4lde und Mischtechnikwerke zum Verkauf. Nahaufnahmen Bl\u00fctenserie\" \/>\n<meta name=\"robots\" content=\"index, follow, max-snippet:-1, max-image-preview:large, max-video-preview:-1\" \/>\n<link rel=\"canonical\" href=\"https:\/\/www.art-memorials.com\/de\/artwork\/series-of-flowers-4-untitled\/\" \/>\n<meta property=\"og:locale\" content=\"de_DE\" \/>\n<meta property=\"og:type\" content=\"article\" \/>\n<meta property=\"og:title\" content=\"Series of Flowers 4, Untitled &#8902; Art-Memorials.com\" \/>\n<meta property=\"og:description\" content=\"Einzigartige Blumen Fotografie Wankunst Sch\u00f6ne Kunstdrucke, Fotos, Skulpturen, Gem\u00e4lde und Mischtechnikwerke zum Verkauf. Nahaufnahmen Bl\u00fctenserie\" \/>\n<meta property=\"og:url\" content=\"https:\/\/www.art-memorials.com\/de\/artwork\/series-of-flowers-4-untitled\/\" \/>\n<meta property=\"og:site_name\" content=\"Art-Memorials\" \/>\n<meta property=\"og:image\" content=\"https:\/\/www.art-memorials.com\/wp-content\/uploads\/2023\/12\/bs4.jpg\" \/>\n\t<meta property=\"og:image:width\" content=\"905\" \/>\n\t<meta property=\"og:image:height\" content=\"1280\" \/>\n\t<meta property=\"og:image:type\" content=\"image\/jpeg\" \/>\n<meta name=\"twitter:card\" content=\"summary_large_image\" \/>\n<meta name=\"twitter:label1\" content=\"Gesch\u00e4tzte Lesezeit\" \/>\n\t<meta name=\"twitter:data1\" content=\"1\u00a0Minute\" \/>\n<script type=\"application\/ld+json\" class=\"yoast-schema-graph\">{\"@context\":\"https:\/\/schema.org\",\"@graph\":[{\"@type\":\"WebPage\",\"@id\":\"https:\/\/www.art-memorials.com\/de\/artwork\/series-of-flowers-4-untitled\/\",\"url\":\"https:\/\/www.art-memorials.com\/de\/artwork\/series-of-flowers-4-untitled\/\",\"name\":\"Series of Flowers 4, Untitled &#8902; Art-Memorials.com\",\"isPartOf\":{\"@id\":\"http:\/\/www.art-memorials.com\/de\/#website\"},\"datePublished\":\"2023-12-08T20:49:19+00:00\",\"description\":\"Einzigartige Blumen Fotografie Wankunst Sch\u00f6ne Kunstdrucke, Fotos, Skulpturen, Gem\u00e4lde und Mischtechnikwerke zum Verkauf. Nahaufnahmen Bl\u00fctenserie\",\"breadcrumb\":{\"@id\":\"https:\/\/www.art-memorials.com\/de\/artwork\/series-of-flowers-4-untitled\/#breadcrumb\"},\"inLanguage\":\"de\",\"potentialAction\":[{\"@type\":\"ReadAction\",\"target\":[\"https:\/\/www.art-memorials.com\/de\/artwork\/series-of-flowers-4-untitled\/\"]}]},{\"@type\":\"BreadcrumbList\",\"@id\":\"https:\/\/www.art-memorials.com\/de\/artwork\/series-of-flowers-4-untitled\/#breadcrumb\",\"itemListElement\":[{\"@type\":\"ListItem\",\"position\":1,\"name\":\"Home\",\"item\":\"https:\/\/www.art-memorials.com\/de\/\"},{\"@type\":\"ListItem\",\"position\":2,\"name\":\"Shop\",\"item\":\"https:\/\/www.art-memorials.com\/de\/urnen\/\"},{\"@type\":\"ListItem\",\"position\":3,\"name\":\"Series of Flowers 4, Untitled\"}]},{\"@type\":\"WebSite\",\"@id\":\"http:\/\/www.art-memorials.com\/de\/#website\",\"url\":\"http:\/\/www.art-memorials.com\/de\/\",\"name\":\"Art-Memorials\",\"description\":\"Exclusive Cremation Urns, Ash Paintings, and Sculptures\",\"potentialAction\":[{\"@type\":\"SearchAction\",\"target\":{\"@type\":\"EntryPoint\",\"urlTemplate\":\"http:\/\/www.art-memorials.com\/de\/?s={search_term_string}\"},\"query-input\":{\"@type\":\"PropertyValueSpecification\",\"valueRequired\":true,\"valueName\":\"search_term_string\"}}],\"inLanguage\":\"de\"}]}<\/script>\n<!-- \/ Yoast SEO plugin. -->","yoast_head_json":{"title":"Series of Flowers 4, Untitled &#8902; Art-Memorials.com","description":"Einzigartige Blumen Fotografie Wankunst Sch\u00f6ne Kunstdrucke, Fotos, Skulpturen, Gem\u00e4lde und Mischtechnikwerke zum Verkauf. Nahaufnahmen Bl\u00fctenserie","robots":{"index":"index","follow":"follow","max-snippet":"max-snippet:-1","max-image-preview":"max-image-preview:large","max-video-preview":"max-video-preview:-1"},"canonical":"https:\/\/www.art-memorials.com\/de\/artwork\/series-of-flowers-4-untitled\/","og_locale":"de_DE","og_type":"article","og_title":"Series of Flowers 4, Untitled &#8902; Art-Memorials.com","og_description":"Einzigartige Blumen Fotografie Wankunst Sch\u00f6ne Kunstdrucke, Fotos, Skulpturen, Gem\u00e4lde und Mischtechnikwerke zum Verkauf. Nahaufnahmen Bl\u00fctenserie","og_url":"https:\/\/www.art-memorials.com\/de\/artwork\/series-of-flowers-4-untitled\/","og_site_name":"Art-Memorials","og_image":[{"width":905,"height":1280,"url":"https:\/\/www.art-memorials.com\/wp-content\/uploads\/2023\/12\/bs4.jpg","type":"image\/jpeg"}],"twitter_card":"summary_large_image","twitter_misc":{"Gesch\u00e4tzte Lesezeit":"1\u00a0Minute"},"schema":{"@context":"https:\/\/schema.org","@graph":[{"@type":"WebPage","@id":"https:\/\/www.art-memorials.com\/de\/artwork\/series-of-flowers-4-untitled\/","url":"https:\/\/www.art-memorials.com\/de\/artwork\/series-of-flowers-4-untitled\/","name":"Series of Flowers 4, Untitled &#8902; Art-Memorials.com","isPartOf":{"@id":"http:\/\/www.art-memorials.com\/de\/#website"},"datePublished":"2023-12-08T20:49:19+00:00","description":"Einzigartige Blumen Fotografie Wankunst Sch\u00f6ne Kunstdrucke, Fotos, Skulpturen, Gem\u00e4lde und Mischtechnikwerke zum Verkauf. Nahaufnahmen Bl\u00fctenserie","breadcrumb":{"@id":"https:\/\/www.art-memorials.com\/de\/artwork\/series-of-flowers-4-untitled\/#breadcrumb"},"inLanguage":"de","potentialAction":[{"@type":"ReadAction","target":["https:\/\/www.art-memorials.com\/de\/artwork\/series-of-flowers-4-untitled\/"]}]},{"@type":"BreadcrumbList","@id":"https:\/\/www.art-memorials.com\/de\/artwork\/series-of-flowers-4-untitled\/#breadcrumb","itemListElement":[{"@type":"ListItem","position":1,"name":"Home","item":"https:\/\/www.art-memorials.com\/de\/"},{"@type":"ListItem","position":2,"name":"Shop","item":"https:\/\/www.art-memorials.com\/de\/urnen\/"},{"@type":"ListItem","position":3,"name":"Series of Flowers 4, Untitled"}]},{"@type":"WebSite","@id":"http:\/\/www.art-memorials.com\/de\/#website","url":"http:\/\/www.art-memorials.com\/de\/","name":"Art-Memorials","description":"Exclusive Cremation Urns, Ash Paintings, and Sculptures","potentialAction":[{"@type":"SearchAction","target":{"@type":"EntryPoint","urlTemplate":"http:\/\/www.art-memorials.com\/de\/?s={search_term_string}"},"query-input":{"@type":"PropertyValueSpecification","valueRequired":true,"valueName":"search_term_string"}}],"inLanguage":"de"}]}},"_links":{"self":[{"href":"https:\/\/www.art-memorials.com\/de\/wp-json\/wp\/v2\/product\/6527","targetHints":{"allow":["GET"]}}],"collection":[{"href":"https:\/\/www.art-memorials.com\/de\/wp-json\/wp\/v2\/product"}],"about":[{"href":"https:\/\/www.art-memorials.com\/de\/wp-json\/wp\/v2\/types\/product"}],"wp:attachment":[{"href":"https:\/\/www.art-memorials.com\/de\/wp-json\/wp\/v2\/media?parent=6527"}],"wp:term":[{"taxonomy":"product_brand","embeddable":true,"href":"https:\/\/www.art-memorials.com\/de\/wp-json\/wp\/v2\/product_brand?post=6527"},{"taxonomy":"product_cat","embeddable":true,"href":"https:\/\/www.art-memorials.com\/de\/wp-json\/wp\/v2\/product_cat?post=6527"},{"taxonomy":"product_tag","embeddable":true,"href":"https:\/\/www.art-memorials.com\/de\/wp-json\/wp\/v2\/product_tag?post=6527"}],"curies":[{"name":"wp","href":"https:\/\/api.w.org\/{rel}","templated":true}]}}