{"id":6608,"date":"2023-12-08T22:16:03","date_gmt":"2023-12-08T20:16:03","guid":{"rendered":"https:\/\/www.art-memorials.com\/artwork\/series-of-flowers-2-untitled\/"},"modified":"2023-12-08T22:16:03","modified_gmt":"2023-12-08T20:16:03","slug":"series-of-flowers-2-untitled","status":"publish","type":"product","link":"https:\/\/www.art-memorials.com\/de\/artwork\/series-of-flowers-2-untitled\/","title":{"rendered":"Series of Flowers 2, Untitled"},"content":{"rendered":"<p>In diesem bezaubernden fotografischen Meisterwerk von Koukouwitaki erwacht eine bl\u00fchende Blume zu einem faszinierenden Tanz, geschickt unsterblich gemacht durch eine verl\u00e4ngerte Belichtungszeit. Die ausgedehnte Belichtung f\u00e4ngt den eleganten Abstieg der Blume ein, verwandelt ihn in einen Moment dynamischer Ruhe, der die Wahrnehmung des Betrachters von Zeit herausfordert. Koukouwitaki manipuliert kunstvoll Perspektiven, indem er die Bl\u00fcten Position der Blume spielerisch verdreht und neigt, und f\u00fchrt dadurch eine faszinierende Dimension in die Komposition ein. Diese einzigartige Verschmelzung von Bewegung und Ruhe l\u00e4dt die Betrachter in ein entz\u00fcckendes Dilemma ein und entfacht ein tiefes Staunen und Nachdenken \u00fcber die verschwommenen Grenzen zwischen Realit\u00e4t und k\u00fcnstlerischer Interpretation.<\/p>\n","protected":false},"excerpt":{"rendered":"<p>In diesem bezaubernden fotografischen Meisterwerk von Koukouwitaki erwacht eine bl\u00fchende Blume zu einem faszinierenden Tanz, geschickt unsterblich gemacht durch eine verl\u00e4ngerte Belichtungszeit. Die ausgedehnte Belichtung f\u00e4ngt den eleganten Abstieg der Blume ein, verwandelt ihn in einen Moment dynamischer Ruhe, der die Wahrnehmung des Betrachters von Zeit herausfordert. Koukouwitaki manipuliert kunstvoll Perspektiven, indem er die Bl\u00fcten Position der Blume spielerisch verdreht und neigt, und f\u00fchrt dadurch eine faszinierende Dimension in die Komposition ein. Diese einzigartige Verschmelzung von Bewegung und Ruhe l\u00e4dt die Betrachter in ein entz\u00fcckendes Dilemma ein und entfacht ein tiefes Staunen und Nachdenken \u00fcber die verschwommenen Grenzen zwischen Realit\u00e4t und k\u00fcnstlerischer Interpretation.<\/p>\n","protected":false},"featured_media":8853,"template":"","meta":[],"product_brand":[],"product_cat":[371,977,373],"product_tag":[395,911,957,1023,1026,1028,1058,1074],"class_list":{"0":"post-6608","1":"product","2":"type-product","3":"status-publish","4":"has-post-thumbnail","6":"product_cat-symbolic-art-beerdigung","7":"product_cat-wandkunst","8":"product_cat-vanitas-kunst","9":"product_tag-blume","10":"product_tag-flowers-de","11":"product_tag-foto-de","12":"product_tag-fotografie","13":"product_tag-drucke","14":"product_tag-feiner-kunstdruck","15":"product_tag-blute-de","16":"product_tag-rose-de","17":"tm-has-options","19":"first","20":"instock","21":"taxable","22":"shipping-taxable","23":"purchasable","24":"product-type-simple"},"yoast_head":"<!-- This site is optimized with the Yoast SEO plugin v24.4 - https:\/\/yoast.com\/wordpress\/plugins\/seo\/ -->\n<title>Series of Flowers 2, Untitled &#8902; Art-Memorials.com<\/title>\n<meta name=\"description\" content=\"Wandkunst Blumen Fotografie von Evangelos Koukouwitakis. Sch\u00f6ne Kunstdrucke, Fotos, Skulpturen, Gem\u00e4lde und Mischtechnikwerke zum Verkauf.\" \/>\n<meta name=\"robots\" content=\"index, follow, max-snippet:-1, max-image-preview:large, max-video-preview:-1\" \/>\n<link rel=\"canonical\" href=\"https:\/\/www.art-memorials.com\/de\/artwork\/series-of-flowers-2-untitled\/\" \/>\n<meta property=\"og:locale\" content=\"de_DE\" \/>\n<meta property=\"og:type\" content=\"article\" \/>\n<meta property=\"og:title\" content=\"Series of Flowers 2, Untitled &#8902; Art-Memorials.com\" \/>\n<meta property=\"og:description\" content=\"Wandkunst Blumen Fotografie von Evangelos Koukouwitakis. Sch\u00f6ne Kunstdrucke, Fotos, Skulpturen, Gem\u00e4lde und Mischtechnikwerke zum Verkauf.\" \/>\n<meta property=\"og:url\" content=\"https:\/\/www.art-memorials.com\/de\/artwork\/series-of-flowers-2-untitled\/\" \/>\n<meta property=\"og:site_name\" content=\"Art-Memorials\" \/>\n<meta property=\"og:image\" content=\"https:\/\/www.art-memorials.com\/wp-content\/uploads\/2023\/12\/bs-2-1.jpg\" \/>\n\t<meta property=\"og:image:width\" content=\"1277\" \/>\n\t<meta property=\"og:image:height\" content=\"857\" \/>\n\t<meta property=\"og:image:type\" content=\"image\/jpeg\" \/>\n<meta name=\"twitter:card\" content=\"summary_large_image\" \/>\n<meta name=\"twitter:label1\" content=\"Gesch\u00e4tzte Lesezeit\" \/>\n\t<meta name=\"twitter:data1\" content=\"1\u00a0Minute\" \/>\n<script type=\"application\/ld+json\" class=\"yoast-schema-graph\">{\"@context\":\"https:\/\/schema.org\",\"@graph\":[{\"@type\":\"WebPage\",\"@id\":\"https:\/\/www.art-memorials.com\/de\/artwork\/series-of-flowers-2-untitled\/\",\"url\":\"https:\/\/www.art-memorials.com\/de\/artwork\/series-of-flowers-2-untitled\/\",\"name\":\"Series of Flowers 2, Untitled &#8902; Art-Memorials.com\",\"isPartOf\":{\"@id\":\"http:\/\/www.art-memorials.com\/de\/#website\"},\"primaryImageOfPage\":{\"@id\":\"https:\/\/www.art-memorials.com\/de\/artwork\/series-of-flowers-2-untitled\/#primaryimage\"},\"image\":{\"@id\":\"https:\/\/www.art-memorials.com\/de\/artwork\/series-of-flowers-2-untitled\/#primaryimage\"},\"thumbnailUrl\":\"https:\/\/www.art-memorials.com\/wp-content\/uploads\/2023\/12\/seriesofflowers8.jpg\",\"datePublished\":\"2023-12-08T20:16:03+00:00\",\"description\":\"Wandkunst Blumen Fotografie von Evangelos Koukouwitakis. Sch\u00f6ne Kunstdrucke, Fotos, Skulpturen, Gem\u00e4lde und Mischtechnikwerke zum Verkauf.\",\"breadcrumb\":{\"@id\":\"https:\/\/www.art-memorials.com\/de\/artwork\/series-of-flowers-2-untitled\/#breadcrumb\"},\"inLanguage\":\"de\",\"potentialAction\":[{\"@type\":\"ReadAction\",\"target\":[\"https:\/\/www.art-memorials.com\/de\/artwork\/series-of-flowers-2-untitled\/\"]}]},{\"@type\":\"ImageObject\",\"inLanguage\":\"de\",\"@id\":\"https:\/\/www.art-memorials.com\/de\/artwork\/series-of-flowers-2-untitled\/#primaryimage\",\"url\":\"https:\/\/www.art-memorials.com\/wp-content\/uploads\/2023\/12\/seriesofflowers8.jpg\",\"contentUrl\":\"https:\/\/www.art-memorials.com\/wp-content\/uploads\/2023\/12\/seriesofflowers8.jpg\",\"width\":251,\"height\":361},{\"@type\":\"BreadcrumbList\",\"@id\":\"https:\/\/www.art-memorials.com\/de\/artwork\/series-of-flowers-2-untitled\/#breadcrumb\",\"itemListElement\":[{\"@type\":\"ListItem\",\"position\":1,\"name\":\"Home\",\"item\":\"https:\/\/www.art-memorials.com\/de\/\"},{\"@type\":\"ListItem\",\"position\":2,\"name\":\"Shop\",\"item\":\"https:\/\/www.art-memorials.com\/de\/urnen\/\"},{\"@type\":\"ListItem\",\"position\":3,\"name\":\"Series of Flowers 2, Untitled\"}]},{\"@type\":\"WebSite\",\"@id\":\"http:\/\/www.art-memorials.com\/de\/#website\",\"url\":\"http:\/\/www.art-memorials.com\/de\/\",\"name\":\"Art-Memorials\",\"description\":\"Exclusive Cremation Urns, Ash Paintings, and Sculptures\",\"potentialAction\":[{\"@type\":\"SearchAction\",\"target\":{\"@type\":\"EntryPoint\",\"urlTemplate\":\"http:\/\/www.art-memorials.com\/de\/?s={search_term_string}\"},\"query-input\":{\"@type\":\"PropertyValueSpecification\",\"valueRequired\":true,\"valueName\":\"search_term_string\"}}],\"inLanguage\":\"de\"}]}<\/script>\n<!-- \/ Yoast SEO plugin. -->","yoast_head_json":{"title":"Series of Flowers 2, Untitled &#8902; Art-Memorials.com","description":"Wandkunst Blumen Fotografie von Evangelos Koukouwitakis. Sch\u00f6ne Kunstdrucke, Fotos, Skulpturen, Gem\u00e4lde und Mischtechnikwerke zum Verkauf.","robots":{"index":"index","follow":"follow","max-snippet":"max-snippet:-1","max-image-preview":"max-image-preview:large","max-video-preview":"max-video-preview:-1"},"canonical":"https:\/\/www.art-memorials.com\/de\/artwork\/series-of-flowers-2-untitled\/","og_locale":"de_DE","og_type":"article","og_title":"Series of Flowers 2, Untitled &#8902; Art-Memorials.com","og_description":"Wandkunst Blumen Fotografie von Evangelos Koukouwitakis. Sch\u00f6ne Kunstdrucke, Fotos, Skulpturen, Gem\u00e4lde und Mischtechnikwerke zum Verkauf.","og_url":"https:\/\/www.art-memorials.com\/de\/artwork\/series-of-flowers-2-untitled\/","og_site_name":"Art-Memorials","og_image":[{"width":1277,"height":857,"url":"https:\/\/www.art-memorials.com\/wp-content\/uploads\/2023\/12\/bs-2-1.jpg","type":"image\/jpeg"}],"twitter_card":"summary_large_image","twitter_misc":{"Gesch\u00e4tzte Lesezeit":"1\u00a0Minute"},"schema":{"@context":"https:\/\/schema.org","@graph":[{"@type":"WebPage","@id":"https:\/\/www.art-memorials.com\/de\/artwork\/series-of-flowers-2-untitled\/","url":"https:\/\/www.art-memorials.com\/de\/artwork\/series-of-flowers-2-untitled\/","name":"Series of Flowers 2, Untitled &#8902; Art-Memorials.com","isPartOf":{"@id":"http:\/\/www.art-memorials.com\/de\/#website"},"primaryImageOfPage":{"@id":"https:\/\/www.art-memorials.com\/de\/artwork\/series-of-flowers-2-untitled\/#primaryimage"},"image":{"@id":"https:\/\/www.art-memorials.com\/de\/artwork\/series-of-flowers-2-untitled\/#primaryimage"},"thumbnailUrl":"https:\/\/www.art-memorials.com\/wp-content\/uploads\/2023\/12\/seriesofflowers8.jpg","datePublished":"2023-12-08T20:16:03+00:00","description":"Wandkunst Blumen Fotografie von Evangelos Koukouwitakis. Sch\u00f6ne Kunstdrucke, Fotos, Skulpturen, Gem\u00e4lde und Mischtechnikwerke zum Verkauf.","breadcrumb":{"@id":"https:\/\/www.art-memorials.com\/de\/artwork\/series-of-flowers-2-untitled\/#breadcrumb"},"inLanguage":"de","potentialAction":[{"@type":"ReadAction","target":["https:\/\/www.art-memorials.com\/de\/artwork\/series-of-flowers-2-untitled\/"]}]},{"@type":"ImageObject","inLanguage":"de","@id":"https:\/\/www.art-memorials.com\/de\/artwork\/series-of-flowers-2-untitled\/#primaryimage","url":"https:\/\/www.art-memorials.com\/wp-content\/uploads\/2023\/12\/seriesofflowers8.jpg","contentUrl":"https:\/\/www.art-memorials.com\/wp-content\/uploads\/2023\/12\/seriesofflowers8.jpg","width":251,"height":361},{"@type":"BreadcrumbList","@id":"https:\/\/www.art-memorials.com\/de\/artwork\/series-of-flowers-2-untitled\/#breadcrumb","itemListElement":[{"@type":"ListItem","position":1,"name":"Home","item":"https:\/\/www.art-memorials.com\/de\/"},{"@type":"ListItem","position":2,"name":"Shop","item":"https:\/\/www.art-memorials.com\/de\/urnen\/"},{"@type":"ListItem","position":3,"name":"Series of Flowers 2, Untitled"}]},{"@type":"WebSite","@id":"http:\/\/www.art-memorials.com\/de\/#website","url":"http:\/\/www.art-memorials.com\/de\/","name":"Art-Memorials","description":"Exclusive Cremation Urns, Ash Paintings, and Sculptures","potentialAction":[{"@type":"SearchAction","target":{"@type":"EntryPoint","urlTemplate":"http:\/\/www.art-memorials.com\/de\/?s={search_term_string}"},"query-input":{"@type":"PropertyValueSpecification","valueRequired":true,"valueName":"search_term_string"}}],"inLanguage":"de"}]}},"_links":{"self":[{"href":"https:\/\/www.art-memorials.com\/de\/wp-json\/wp\/v2\/product\/6608","targetHints":{"allow":["GET"]}}],"collection":[{"href":"https:\/\/www.art-memorials.com\/de\/wp-json\/wp\/v2\/product"}],"about":[{"href":"https:\/\/www.art-memorials.com\/de\/wp-json\/wp\/v2\/types\/product"}],"wp:featuredmedia":[{"embeddable":true,"href":"https:\/\/www.art-memorials.com\/de\/wp-json\/wp\/v2\/media\/8853"}],"wp:attachment":[{"href":"https:\/\/www.art-memorials.com\/de\/wp-json\/wp\/v2\/media?parent=6608"}],"wp:term":[{"taxonomy":"product_brand","embeddable":true,"href":"https:\/\/www.art-memorials.com\/de\/wp-json\/wp\/v2\/product_brand?post=6608"},{"taxonomy":"product_cat","embeddable":true,"href":"https:\/\/www.art-memorials.com\/de\/wp-json\/wp\/v2\/product_cat?post=6608"},{"taxonomy":"product_tag","embeddable":true,"href":"https:\/\/www.art-memorials.com\/de\/wp-json\/wp\/v2\/product_tag?post=6608"}],"curies":[{"name":"wp","href":"https:\/\/api.w.org\/{rel}","templated":true}]}}