{"id":6610,"date":"2023-12-08T22:37:56","date_gmt":"2023-12-08T20:37:56","guid":{"rendered":"https:\/\/www.art-memorials.com\/artwork\/series-of-flowers-3-untitled\/"},"modified":"2024-02-01T11:57:05","modified_gmt":"2024-02-01T09:57:05","slug":"series-of-flowers-3-untitled","status":"publish","type":"product","link":"https:\/\/www.art-memorials.com\/de\/artwork\/series-of-flowers-3-untitled\/","title":{"rendered":"Series of Flowers 3, Untitled"},"content":{"rendered":"<p>In diesem faszinierenden fotografischen Meisterwerk von Koukouwitaki werden Pusteblumen in einem Glas durch eine geschickte Verl\u00e4ngerung der Belichtungszeit kunstvoll unsterblich gemacht. Die ausgedehnte Belichtung f\u00e4ngt den zarten Abstieg der Blumen ein und verwandelt ihn in einen Moment dynamischer Ruhe, der die Wahrnehmung des Betrachters von Zeit herausfordert.<\/p>\n<p>Seine fotografische Technik erfordert Pr\u00e4zision und bietet eine einzigartige Erz\u00e4hlung, in der die Blumen aufrecht in einem Glas stehen, einige mit gebrochenen Bl\u00fctenst\u00e4ngeln, was Zerbrechlichkeit als auch Widerstandsf\u00e4higkeit k\u00fcnstlerisch darstellt.<\/p>\n<p>Erheben Sie Ihren Raum mit diesem au\u00dfergew\u00f6hnlichen St\u00fcck, das Sie dazu einl\u00e4dt, die harmonische Interaktion von Bewegung und Stille zu erforschen!<\/p>\n","protected":false},"excerpt":{"rendered":"<p>In diesem faszinierenden fotografischen Meisterwerk von Koukouwitaki werden Pusteblumen in einem Glas durch eine geschickte Verl\u00e4ngerung der Belichtungszeit kunstvoll unsterblich gemacht. Die ausgedehnte Belichtung f\u00e4ngt den zarten Abstieg der Blumen ein und verwandelt ihn in einen Moment dynamischer Ruhe, der die Wahrnehmung des Betrachters von Zeit herausfordert.<\/p>\n<p>Seine fotografische Technik erfordert Pr\u00e4zision und bietet eine einzigartige Erz\u00e4hlung, in der die Blumen aufrecht in einem Glas stehen, einige mit gebrochenen Bl\u00fctenst\u00e4ngeln, was Zerbrechlichkeit als auch Widerstandsf\u00e4higkeit k\u00fcnstlerisch darstellt.<\/p>\n<p>Erheben Sie Ihren Raum mit diesem au\u00dfergew\u00f6hnlichen St\u00fcck, das Sie dazu einl\u00e4dt, die harmonische Interaktion von Bewegung und Stille zu erforschen!<\/p>\n","protected":false},"featured_media":0,"template":"","meta":[],"product_brand":[],"product_cat":[371,977,373],"product_tag":[1023,1044,1046,1066,1067,1068],"class_list":{"0":"post-6610","1":"product","2":"type-product","3":"status-publish","5":"product_cat-symbolic-art-beerdigung","6":"product_cat-wandkunst","7":"product_cat-vanitas-kunst","8":"product_tag-fotografie","9":"product_tag-druck-de","10":"product_tag-wandkunst","11":"product_tag-pusteblume-de","12":"product_tag-fotografie-de-2","13":"product_tag-inspiration-de","14":"tm-has-options","16":"first","17":"instock","18":"taxable","19":"shipping-taxable","20":"purchasable","21":"product-type-simple"},"yoast_head":"<!-- This site is optimized with the Yoast SEO plugin v24.4 - https:\/\/yoast.com\/wordpress\/plugins\/seo\/ -->\n<title>Series of Flowers 3, Untitled &#8902; Art-Memorials.com<\/title>\n<meta name=\"description\" content=\"Einzigartige Blumenfotografie, Pusteblumen von Evangelos Koukouwitakis. Sch\u00f6ne Kunstdrucke, Fotos, Skulpturen, Gem\u00e4lde und Mischtechnikwerke zum Verkauf.\" \/>\n<meta name=\"robots\" content=\"index, follow, max-snippet:-1, max-image-preview:large, max-video-preview:-1\" \/>\n<link rel=\"canonical\" href=\"https:\/\/www.art-memorials.com\/de\/artwork\/series-of-flowers-3-untitled\/\" \/>\n<meta property=\"og:locale\" content=\"de_DE\" \/>\n<meta property=\"og:type\" content=\"article\" \/>\n<meta property=\"og:title\" content=\"Series of Flowers 3, Untitled &#8902; Art-Memorials.com\" \/>\n<meta property=\"og:description\" content=\"Einzigartige Blumenfotografie, Pusteblumen von Evangelos Koukouwitakis. Sch\u00f6ne Kunstdrucke, Fotos, Skulpturen, Gem\u00e4lde und Mischtechnikwerke zum Verkauf.\" \/>\n<meta property=\"og:url\" content=\"https:\/\/www.art-memorials.com\/de\/artwork\/series-of-flowers-3-untitled\/\" \/>\n<meta property=\"og:site_name\" content=\"Art-Memorials\" \/>\n<meta property=\"article:modified_time\" content=\"2024-02-01T09:57:05+00:00\" \/>\n<meta property=\"og:image\" content=\"https:\/\/www.art-memorials.com\/wp-content\/uploads\/2023\/12\/bs-3-1.jpg\" \/>\n\t<meta property=\"og:image:width\" content=\"809\" \/>\n\t<meta property=\"og:image:height\" content=\"1176\" \/>\n\t<meta property=\"og:image:type\" content=\"image\/jpeg\" \/>\n<meta name=\"twitter:card\" content=\"summary_large_image\" \/>\n<meta name=\"twitter:label1\" content=\"Gesch\u00e4tzte Lesezeit\" \/>\n\t<meta name=\"twitter:data1\" content=\"1\u00a0Minute\" \/>\n<script type=\"application\/ld+json\" class=\"yoast-schema-graph\">{\"@context\":\"https:\/\/schema.org\",\"@graph\":[{\"@type\":\"WebPage\",\"@id\":\"https:\/\/www.art-memorials.com\/de\/artwork\/series-of-flowers-3-untitled\/\",\"url\":\"https:\/\/www.art-memorials.com\/de\/artwork\/series-of-flowers-3-untitled\/\",\"name\":\"Series of Flowers 3, Untitled &#8902; Art-Memorials.com\",\"isPartOf\":{\"@id\":\"http:\/\/www.art-memorials.com\/de\/#website\"},\"datePublished\":\"2023-12-08T20:37:56+00:00\",\"dateModified\":\"2024-02-01T09:57:05+00:00\",\"description\":\"Einzigartige Blumenfotografie, Pusteblumen von Evangelos Koukouwitakis. Sch\u00f6ne Kunstdrucke, Fotos, Skulpturen, Gem\u00e4lde und Mischtechnikwerke zum Verkauf.\",\"breadcrumb\":{\"@id\":\"https:\/\/www.art-memorials.com\/de\/artwork\/series-of-flowers-3-untitled\/#breadcrumb\"},\"inLanguage\":\"de\",\"potentialAction\":[{\"@type\":\"ReadAction\",\"target\":[\"https:\/\/www.art-memorials.com\/de\/artwork\/series-of-flowers-3-untitled\/\"]}]},{\"@type\":\"BreadcrumbList\",\"@id\":\"https:\/\/www.art-memorials.com\/de\/artwork\/series-of-flowers-3-untitled\/#breadcrumb\",\"itemListElement\":[{\"@type\":\"ListItem\",\"position\":1,\"name\":\"Home\",\"item\":\"https:\/\/www.art-memorials.com\/de\/\"},{\"@type\":\"ListItem\",\"position\":2,\"name\":\"Shop\",\"item\":\"https:\/\/www.art-memorials.com\/de\/urnen\/\"},{\"@type\":\"ListItem\",\"position\":3,\"name\":\"Series of Flowers 3, Untitled\"}]},{\"@type\":\"WebSite\",\"@id\":\"http:\/\/www.art-memorials.com\/de\/#website\",\"url\":\"http:\/\/www.art-memorials.com\/de\/\",\"name\":\"Art-Memorials\",\"description\":\"Exclusive Cremation Urns, Ash Paintings, and Sculptures\",\"potentialAction\":[{\"@type\":\"SearchAction\",\"target\":{\"@type\":\"EntryPoint\",\"urlTemplate\":\"http:\/\/www.art-memorials.com\/de\/?s={search_term_string}\"},\"query-input\":{\"@type\":\"PropertyValueSpecification\",\"valueRequired\":true,\"valueName\":\"search_term_string\"}}],\"inLanguage\":\"de\"}]}<\/script>\n<!-- \/ Yoast SEO plugin. -->","yoast_head_json":{"title":"Series of Flowers 3, Untitled &#8902; Art-Memorials.com","description":"Einzigartige Blumenfotografie, Pusteblumen von Evangelos Koukouwitakis. Sch\u00f6ne Kunstdrucke, Fotos, Skulpturen, Gem\u00e4lde und Mischtechnikwerke zum Verkauf.","robots":{"index":"index","follow":"follow","max-snippet":"max-snippet:-1","max-image-preview":"max-image-preview:large","max-video-preview":"max-video-preview:-1"},"canonical":"https:\/\/www.art-memorials.com\/de\/artwork\/series-of-flowers-3-untitled\/","og_locale":"de_DE","og_type":"article","og_title":"Series of Flowers 3, Untitled &#8902; Art-Memorials.com","og_description":"Einzigartige Blumenfotografie, Pusteblumen von Evangelos Koukouwitakis. Sch\u00f6ne Kunstdrucke, Fotos, Skulpturen, Gem\u00e4lde und Mischtechnikwerke zum Verkauf.","og_url":"https:\/\/www.art-memorials.com\/de\/artwork\/series-of-flowers-3-untitled\/","og_site_name":"Art-Memorials","article_modified_time":"2024-02-01T09:57:05+00:00","og_image":[{"width":809,"height":1176,"url":"https:\/\/www.art-memorials.com\/wp-content\/uploads\/2023\/12\/bs-3-1.jpg","type":"image\/jpeg"}],"twitter_card":"summary_large_image","twitter_misc":{"Gesch\u00e4tzte Lesezeit":"1\u00a0Minute"},"schema":{"@context":"https:\/\/schema.org","@graph":[{"@type":"WebPage","@id":"https:\/\/www.art-memorials.com\/de\/artwork\/series-of-flowers-3-untitled\/","url":"https:\/\/www.art-memorials.com\/de\/artwork\/series-of-flowers-3-untitled\/","name":"Series of Flowers 3, Untitled &#8902; Art-Memorials.com","isPartOf":{"@id":"http:\/\/www.art-memorials.com\/de\/#website"},"datePublished":"2023-12-08T20:37:56+00:00","dateModified":"2024-02-01T09:57:05+00:00","description":"Einzigartige Blumenfotografie, Pusteblumen von Evangelos Koukouwitakis. Sch\u00f6ne Kunstdrucke, Fotos, Skulpturen, Gem\u00e4lde und Mischtechnikwerke zum Verkauf.","breadcrumb":{"@id":"https:\/\/www.art-memorials.com\/de\/artwork\/series-of-flowers-3-untitled\/#breadcrumb"},"inLanguage":"de","potentialAction":[{"@type":"ReadAction","target":["https:\/\/www.art-memorials.com\/de\/artwork\/series-of-flowers-3-untitled\/"]}]},{"@type":"BreadcrumbList","@id":"https:\/\/www.art-memorials.com\/de\/artwork\/series-of-flowers-3-untitled\/#breadcrumb","itemListElement":[{"@type":"ListItem","position":1,"name":"Home","item":"https:\/\/www.art-memorials.com\/de\/"},{"@type":"ListItem","position":2,"name":"Shop","item":"https:\/\/www.art-memorials.com\/de\/urnen\/"},{"@type":"ListItem","position":3,"name":"Series of Flowers 3, Untitled"}]},{"@type":"WebSite","@id":"http:\/\/www.art-memorials.com\/de\/#website","url":"http:\/\/www.art-memorials.com\/de\/","name":"Art-Memorials","description":"Exclusive Cremation Urns, Ash Paintings, and Sculptures","potentialAction":[{"@type":"SearchAction","target":{"@type":"EntryPoint","urlTemplate":"http:\/\/www.art-memorials.com\/de\/?s={search_term_string}"},"query-input":{"@type":"PropertyValueSpecification","valueRequired":true,"valueName":"search_term_string"}}],"inLanguage":"de"}]}},"_links":{"self":[{"href":"https:\/\/www.art-memorials.com\/de\/wp-json\/wp\/v2\/product\/6610","targetHints":{"allow":["GET"]}}],"collection":[{"href":"https:\/\/www.art-memorials.com\/de\/wp-json\/wp\/v2\/product"}],"about":[{"href":"https:\/\/www.art-memorials.com\/de\/wp-json\/wp\/v2\/types\/product"}],"wp:attachment":[{"href":"https:\/\/www.art-memorials.com\/de\/wp-json\/wp\/v2\/media?parent=6610"}],"wp:term":[{"taxonomy":"product_brand","embeddable":true,"href":"https:\/\/www.art-memorials.com\/de\/wp-json\/wp\/v2\/product_brand?post=6610"},{"taxonomy":"product_cat","embeddable":true,"href":"https:\/\/www.art-memorials.com\/de\/wp-json\/wp\/v2\/product_cat?post=6610"},{"taxonomy":"product_tag","embeddable":true,"href":"https:\/\/www.art-memorials.com\/de\/wp-json\/wp\/v2\/product_tag?post=6610"}],"curies":[{"name":"wp","href":"https:\/\/api.w.org\/{rel}","templated":true}]}}