{"id":6631,"date":"2024-01-30T09:31:24","date_gmt":"2024-01-30T07:31:24","guid":{"rendered":"https:\/\/www.art-memorials.com\/artwork\/trinity-urn-frame\/"},"modified":"2024-01-30T09:31:24","modified_gmt":"2024-01-30T07:31:24","slug":"trinity-urn-frame","status":"publish","type":"product","link":"https:\/\/www.art-memorials.com\/de\/artwork\/trinity-urn-frame\/","title":{"rendered":"Trinity Urn Frame &#8211; Dreinigkeit-Urne Bilderrahmen"},"content":{"rendered":"<p>Moderne Kremationsurne, die \u00fcbergangslos Funktionalit\u00e4t mit sentimentalem Wert verbindet. Diese innovative Urne ist zugleich ein Bilderrahmen, wodurch Erinnerungen auf besondere und contempor\u00e4re Weise gehuldigt werden k\u00f6nnen. Inspiriert von mid-20th-century Graphiken und dem Bauhauser-Industrial Stil gibt diese Urne einen minimalistischen, aber auch bedeutsamen Raum und gesch\u00e4tzte Fotografien zu halten. Sie gibt eine besondere und bedachte Option zur Wertsch\u00e4tzung einer geliebten Person.<\/p>\n<p>Exklusiv designt mit ihrer simplen und modernen Form, umf\u00e4sst diese Urne die Essenz des Minimalistischen, w\u00e4hrend sie gleichzeitig einen bedeutungsvollen Platz f\u00fcr wertvolle Fotografien bereith\u00e4lt. Die Vereinigung von Praktikabilit\u00e4t und \u00c4sthetik macht sie zu einer sonderbaren und durchdachten Wahl f\u00fcr das Gedenken an eine geliebte Person. Nehmen sie Fusion aus Design und Emotiion auf mit dieser egelanten Kremations-Urne und Fotorahmen, einem zeitlosen Tribut zu Zelebrierung und ehrung wertgesch\u00e4tzter Erinnerungen.<\/p>\n","protected":false},"excerpt":{"rendered":"<p> [&hellip;]<\/p>\n","protected":false},"featured_media":0,"template":"","meta":[],"product_brand":[],"product_cat":[177,982,996],"product_tag":[],"class_list":{"0":"post-6631","1":"product","2":"type-product","3":"status-publish","5":"product_cat-feuerbestattung-urnen","6":"product_cat-foto-urnen-de","7":"product_cat-metallurnen","8":"pa_material-beschichteter-stahl","9":"tm-has-options","11":"first","12":"instock","13":"taxable","14":"shipping-taxable","15":"product-type-simple"},"yoast_head":"<!-- This site is optimized with the Yoast SEO plugin v24.4 - https:\/\/yoast.com\/wordpress\/plugins\/seo\/ -->\n<title>Trinity Urn Frame - Dreinigkeit-Urne Bilderrahmen &#8902; Art-Memorials.com<\/title>\n<meta name=\"robots\" content=\"index, follow, max-snippet:-1, max-image-preview:large, max-video-preview:-1\" \/>\n<link rel=\"canonical\" href=\"https:\/\/www.art-memorials.com\/de\/artwork\/trinity-urn-frame\/\" \/>\n<meta property=\"og:locale\" content=\"de_DE\" \/>\n<meta property=\"og:type\" content=\"article\" \/>\n<meta property=\"og:title\" content=\"Trinity Urn Frame - Dreinigkeit-Urne Bilderrahmen &#8902; Art-Memorials.com\" \/>\n<meta property=\"og:description\" content=\"[&hellip;]\" \/>\n<meta property=\"og:url\" content=\"https:\/\/www.art-memorials.com\/de\/artwork\/trinity-urn-frame\/\" \/>\n<meta property=\"og:site_name\" content=\"Art-Memorials\" \/>\n<meta property=\"og:image\" content=\"https:\/\/www.art-memorials.com\/wp-content\/uploads\/2024\/01\/Crematievaas_tweede_serie29.jpg\" \/>\n\t<meta property=\"og:image:width\" content=\"2560\" \/>\n\t<meta property=\"og:image:height\" content=\"1707\" \/>\n\t<meta property=\"og:image:type\" content=\"image\/jpeg\" \/>\n<meta name=\"twitter:card\" content=\"summary_large_image\" \/>\n<meta name=\"twitter:label1\" content=\"Gesch\u00e4tzte Lesezeit\" \/>\n\t<meta name=\"twitter:data1\" content=\"1\u00a0Minute\" \/>\n<script type=\"application\/ld+json\" class=\"yoast-schema-graph\">{\"@context\":\"https:\/\/schema.org\",\"@graph\":[{\"@type\":\"WebPage\",\"@id\":\"https:\/\/www.art-memorials.com\/de\/artwork\/trinity-urn-frame\/\",\"url\":\"https:\/\/www.art-memorials.com\/de\/artwork\/trinity-urn-frame\/\",\"name\":\"Trinity Urn Frame - Dreinigkeit-Urne Bilderrahmen &#8902; Art-Memorials.com\",\"isPartOf\":{\"@id\":\"http:\/\/www.art-memorials.com\/de\/#website\"},\"datePublished\":\"2024-01-30T07:31:24+00:00\",\"breadcrumb\":{\"@id\":\"https:\/\/www.art-memorials.com\/de\/artwork\/trinity-urn-frame\/#breadcrumb\"},\"inLanguage\":\"de\",\"potentialAction\":[{\"@type\":\"ReadAction\",\"target\":[\"https:\/\/www.art-memorials.com\/de\/artwork\/trinity-urn-frame\/\"]}]},{\"@type\":\"BreadcrumbList\",\"@id\":\"https:\/\/www.art-memorials.com\/de\/artwork\/trinity-urn-frame\/#breadcrumb\",\"itemListElement\":[{\"@type\":\"ListItem\",\"position\":1,\"name\":\"Home\",\"item\":\"https:\/\/www.art-memorials.com\/de\/\"},{\"@type\":\"ListItem\",\"position\":2,\"name\":\"Shop\",\"item\":\"https:\/\/www.art-memorials.com\/de\/urnen\/\"},{\"@type\":\"ListItem\",\"position\":3,\"name\":\"Trinity Urn Frame &#8211; Dreinigkeit-Urne Bilderrahmen\"}]},{\"@type\":\"WebSite\",\"@id\":\"http:\/\/www.art-memorials.com\/de\/#website\",\"url\":\"http:\/\/www.art-memorials.com\/de\/\",\"name\":\"Art-Memorials\",\"description\":\"Exclusive Cremation Urns, Ash Paintings, and Sculptures\",\"potentialAction\":[{\"@type\":\"SearchAction\",\"target\":{\"@type\":\"EntryPoint\",\"urlTemplate\":\"http:\/\/www.art-memorials.com\/de\/?s={search_term_string}\"},\"query-input\":{\"@type\":\"PropertyValueSpecification\",\"valueRequired\":true,\"valueName\":\"search_term_string\"}}],\"inLanguage\":\"de\"}]}<\/script>\n<!-- \/ Yoast SEO plugin. -->","yoast_head_json":{"title":"Trinity Urn Frame - Dreinigkeit-Urne Bilderrahmen &#8902; Art-Memorials.com","robots":{"index":"index","follow":"follow","max-snippet":"max-snippet:-1","max-image-preview":"max-image-preview:large","max-video-preview":"max-video-preview:-1"},"canonical":"https:\/\/www.art-memorials.com\/de\/artwork\/trinity-urn-frame\/","og_locale":"de_DE","og_type":"article","og_title":"Trinity Urn Frame - Dreinigkeit-Urne Bilderrahmen &#8902; Art-Memorials.com","og_description":"[&hellip;]","og_url":"https:\/\/www.art-memorials.com\/de\/artwork\/trinity-urn-frame\/","og_site_name":"Art-Memorials","og_image":[{"width":2560,"height":1707,"url":"https:\/\/www.art-memorials.com\/wp-content\/uploads\/2024\/01\/Crematievaas_tweede_serie29.jpg","type":"image\/jpeg"}],"twitter_card":"summary_large_image","twitter_misc":{"Gesch\u00e4tzte Lesezeit":"1\u00a0Minute"},"schema":{"@context":"https:\/\/schema.org","@graph":[{"@type":"WebPage","@id":"https:\/\/www.art-memorials.com\/de\/artwork\/trinity-urn-frame\/","url":"https:\/\/www.art-memorials.com\/de\/artwork\/trinity-urn-frame\/","name":"Trinity Urn Frame - Dreinigkeit-Urne Bilderrahmen &#8902; Art-Memorials.com","isPartOf":{"@id":"http:\/\/www.art-memorials.com\/de\/#website"},"datePublished":"2024-01-30T07:31:24+00:00","breadcrumb":{"@id":"https:\/\/www.art-memorials.com\/de\/artwork\/trinity-urn-frame\/#breadcrumb"},"inLanguage":"de","potentialAction":[{"@type":"ReadAction","target":["https:\/\/www.art-memorials.com\/de\/artwork\/trinity-urn-frame\/"]}]},{"@type":"BreadcrumbList","@id":"https:\/\/www.art-memorials.com\/de\/artwork\/trinity-urn-frame\/#breadcrumb","itemListElement":[{"@type":"ListItem","position":1,"name":"Home","item":"https:\/\/www.art-memorials.com\/de\/"},{"@type":"ListItem","position":2,"name":"Shop","item":"https:\/\/www.art-memorials.com\/de\/urnen\/"},{"@type":"ListItem","position":3,"name":"Trinity Urn Frame &#8211; Dreinigkeit-Urne Bilderrahmen"}]},{"@type":"WebSite","@id":"http:\/\/www.art-memorials.com\/de\/#website","url":"http:\/\/www.art-memorials.com\/de\/","name":"Art-Memorials","description":"Exclusive Cremation Urns, Ash Paintings, and Sculptures","potentialAction":[{"@type":"SearchAction","target":{"@type":"EntryPoint","urlTemplate":"http:\/\/www.art-memorials.com\/de\/?s={search_term_string}"},"query-input":{"@type":"PropertyValueSpecification","valueRequired":true,"valueName":"search_term_string"}}],"inLanguage":"de"}]}},"_links":{"self":[{"href":"https:\/\/www.art-memorials.com\/de\/wp-json\/wp\/v2\/product\/6631","targetHints":{"allow":["GET"]}}],"collection":[{"href":"https:\/\/www.art-memorials.com\/de\/wp-json\/wp\/v2\/product"}],"about":[{"href":"https:\/\/www.art-memorials.com\/de\/wp-json\/wp\/v2\/types\/product"}],"wp:attachment":[{"href":"https:\/\/www.art-memorials.com\/de\/wp-json\/wp\/v2\/media?parent=6631"}],"wp:term":[{"taxonomy":"product_brand","embeddable":true,"href":"https:\/\/www.art-memorials.com\/de\/wp-json\/wp\/v2\/product_brand?post=6631"},{"taxonomy":"product_cat","embeddable":true,"href":"https:\/\/www.art-memorials.com\/de\/wp-json\/wp\/v2\/product_cat?post=6631"},{"taxonomy":"product_tag","embeddable":true,"href":"https:\/\/www.art-memorials.com\/de\/wp-json\/wp\/v2\/product_tag?post=6631"}],"curies":[{"name":"wp","href":"https:\/\/api.w.org\/{rel}","templated":true}]}}