{"id":6980,"date":"2024-04-18T04:48:20","date_gmt":"2024-04-18T02:48:20","guid":{"rendered":"https:\/\/www.art-memorials.com\/artwork\/holzurne-2\/"},"modified":"2024-04-18T04:48:20","modified_gmt":"2024-04-18T02:48:20","slug":"holzurne-2","status":"publish","type":"product","link":"https:\/\/www.art-memorials.com\/de\/artwork\/holzurne-2\/","title":{"rendered":"Holzurne 2 &#8211; Exklusives einzigartiges Werk"},"content":{"rendered":"<p>Diese Holzurne aus Halesia Carolina Holz ist die perfekte Erg\u00e4nzung f\u00fcr jedes Umfeld.<br \/>\nSie stellt die Verk\u00f6rperung der Verbindung der Natur zu Ihren Geliebten dar.<br \/>\nDer Baum, das Symbol des Lebens, begleitet einen w\u00e4hrend und auch nach dem Trauerprozess.<br \/>\nDank des Carnaubawachs-Finish und ihrer Gr\u00f6\u00dfe, findet diese Holzurne genau dort Platz, wo Sie sie gerne sehen w\u00fcrden.<\/p>\n","protected":false},"excerpt":{"rendered":"<p>Diese Holzurne ist aus Calabas-Holz gefertigt (Brazil nuts). Die Basis ist aus Teakholz hergestellt, der Deckel aus Mahagoniholz und der Knauf besteht aus Elbenholz.<\/p>\n","protected":false},"featured_media":8881,"template":"","meta":[],"product_brand":[],"product_cat":[984],"product_tag":[180,277,286],"class_list":{"0":"post-6980","1":"product","2":"type-product","3":"status-publish","4":"has-post-thumbnail","6":"product_cat-holz-urnen","7":"product_tag-wood-de","8":"product_tag-urne","9":"product_tag-natur","10":"pa_capacity-1-liter-34-oz-de","11":"pa_capacity-2-liter-68-oz-de","12":"pa_capacity-200ml-kapazitat","13":"pa_capacity-250-ml-de","14":"pa_capacity-3-liter-100-oz-de","15":"pa_capacity-4-liter-135-oz-de","16":"pa_material-holz","17":"tm-no-options","19":"first","20":"instock","21":"taxable","22":"shipping-taxable","23":"purchasable","24":"product-type-simple"},"yoast_head":"<!-- This site is optimized with the Yoast SEO plugin v24.4 - https:\/\/yoast.com\/wordpress\/plugins\/seo\/ -->\n<title>Holzurne 2 - Exklusives einzigartiges Werk &#8902; Art-Memorials.com<\/title>\n<meta name=\"description\" content=\"Kaufen sie eine exklusive Holzurne, die aus Halesia Carolina Holz gefertigt wurde. Zeigen Sie die Verbindung ihrer Geliebten zur Natur. Das Symbol des Lebens begleitet einen durch den Trauerprozess.\" \/>\n<meta name=\"robots\" content=\"index, follow, max-snippet:-1, max-image-preview:large, max-video-preview:-1\" \/>\n<link rel=\"canonical\" href=\"https:\/\/www.art-memorials.com\/de\/artwork\/holzurne-2\/\" \/>\n<meta property=\"og:locale\" content=\"de_DE\" \/>\n<meta property=\"og:type\" content=\"article\" \/>\n<meta property=\"og:title\" content=\"Holzurne 2 - Exklusives einzigartiges Werk &#8902; Art-Memorials.com\" \/>\n<meta property=\"og:description\" content=\"Kaufen sie eine exklusive Holzurne, die aus Halesia Carolina Holz gefertigt wurde. Zeigen Sie die Verbindung ihrer Geliebten zur Natur. Das Symbol des Lebens begleitet einen durch den Trauerprozess.\" \/>\n<meta property=\"og:url\" content=\"https:\/\/www.art-memorials.com\/de\/artwork\/holzurne-2\/\" \/>\n<meta property=\"og:site_name\" content=\"Art-Memorials\" \/>\n<meta property=\"og:image\" content=\"https:\/\/www.art-memorials.com\/wp-content\/uploads\/2024\/04\/Wooden-urn-2-front.jpg\" \/>\n\t<meta property=\"og:image:width\" content=\"2560\" \/>\n\t<meta property=\"og:image:height\" content=\"1704\" \/>\n\t<meta property=\"og:image:type\" content=\"image\/jpeg\" \/>\n<meta name=\"twitter:card\" content=\"summary_large_image\" \/>\n<script type=\"application\/ld+json\" class=\"yoast-schema-graph\">{\"@context\":\"https:\/\/schema.org\",\"@graph\":[{\"@type\":\"WebPage\",\"@id\":\"https:\/\/www.art-memorials.com\/de\/artwork\/holzurne-2\/\",\"url\":\"https:\/\/www.art-memorials.com\/de\/artwork\/holzurne-2\/\",\"name\":\"Holzurne 2 - Exklusives einzigartiges Werk &#8902; Art-Memorials.com\",\"isPartOf\":{\"@id\":\"http:\/\/www.art-memorials.com\/de\/#website\"},\"primaryImageOfPage\":{\"@id\":\"https:\/\/www.art-memorials.com\/de\/artwork\/holzurne-2\/#primaryimage\"},\"image\":{\"@id\":\"https:\/\/www.art-memorials.com\/de\/artwork\/holzurne-2\/#primaryimage\"},\"thumbnailUrl\":\"https:\/\/www.art-memorials.com\/wp-content\/uploads\/2024\/04\/Wooden-urn-2-front-1.jpg\",\"datePublished\":\"2024-04-18T02:48:20+00:00\",\"description\":\"Kaufen sie eine exklusive Holzurne, die aus Halesia Carolina Holz gefertigt wurde. Zeigen Sie die Verbindung ihrer Geliebten zur Natur. Das Symbol des Lebens begleitet einen durch den Trauerprozess.\",\"breadcrumb\":{\"@id\":\"https:\/\/www.art-memorials.com\/de\/artwork\/holzurne-2\/#breadcrumb\"},\"inLanguage\":\"de\",\"potentialAction\":[{\"@type\":\"ReadAction\",\"target\":[\"https:\/\/www.art-memorials.com\/de\/artwork\/holzurne-2\/\"]}]},{\"@type\":\"ImageObject\",\"inLanguage\":\"de\",\"@id\":\"https:\/\/www.art-memorials.com\/de\/artwork\/holzurne-2\/#primaryimage\",\"url\":\"https:\/\/www.art-memorials.com\/wp-content\/uploads\/2024\/04\/Wooden-urn-2-front-1.jpg\",\"contentUrl\":\"https:\/\/www.art-memorials.com\/wp-content\/uploads\/2024\/04\/Wooden-urn-2-front-1.jpg\",\"width\":2560,\"height\":1704},{\"@type\":\"BreadcrumbList\",\"@id\":\"https:\/\/www.art-memorials.com\/de\/artwork\/holzurne-2\/#breadcrumb\",\"itemListElement\":[{\"@type\":\"ListItem\",\"position\":1,\"name\":\"Home\",\"item\":\"https:\/\/www.art-memorials.com\/de\/\"},{\"@type\":\"ListItem\",\"position\":2,\"name\":\"Shop\",\"item\":\"https:\/\/www.art-memorials.com\/de\/urnen\/\"},{\"@type\":\"ListItem\",\"position\":3,\"name\":\"Holzurne 2 &#8211; Exklusives einzigartiges Werk\"}]},{\"@type\":\"WebSite\",\"@id\":\"http:\/\/www.art-memorials.com\/de\/#website\",\"url\":\"http:\/\/www.art-memorials.com\/de\/\",\"name\":\"Art-Memorials\",\"description\":\"Exclusive Cremation Urns, Ash Paintings, and Sculptures\",\"potentialAction\":[{\"@type\":\"SearchAction\",\"target\":{\"@type\":\"EntryPoint\",\"urlTemplate\":\"http:\/\/www.art-memorials.com\/de\/?s={search_term_string}\"},\"query-input\":{\"@type\":\"PropertyValueSpecification\",\"valueRequired\":true,\"valueName\":\"search_term_string\"}}],\"inLanguage\":\"de\"}]}<\/script>\n<!-- \/ Yoast SEO plugin. -->","yoast_head_json":{"title":"Holzurne 2 - Exklusives einzigartiges Werk &#8902; Art-Memorials.com","description":"Kaufen sie eine exklusive Holzurne, die aus Halesia Carolina Holz gefertigt wurde. Zeigen Sie die Verbindung ihrer Geliebten zur Natur. Das Symbol des Lebens begleitet einen durch den Trauerprozess.","robots":{"index":"index","follow":"follow","max-snippet":"max-snippet:-1","max-image-preview":"max-image-preview:large","max-video-preview":"max-video-preview:-1"},"canonical":"https:\/\/www.art-memorials.com\/de\/artwork\/holzurne-2\/","og_locale":"de_DE","og_type":"article","og_title":"Holzurne 2 - Exklusives einzigartiges Werk &#8902; Art-Memorials.com","og_description":"Kaufen sie eine exklusive Holzurne, die aus Halesia Carolina Holz gefertigt wurde. Zeigen Sie die Verbindung ihrer Geliebten zur Natur. Das Symbol des Lebens begleitet einen durch den Trauerprozess.","og_url":"https:\/\/www.art-memorials.com\/de\/artwork\/holzurne-2\/","og_site_name":"Art-Memorials","og_image":[{"width":2560,"height":1704,"url":"https:\/\/www.art-memorials.com\/wp-content\/uploads\/2024\/04\/Wooden-urn-2-front.jpg","type":"image\/jpeg"}],"twitter_card":"summary_large_image","schema":{"@context":"https:\/\/schema.org","@graph":[{"@type":"WebPage","@id":"https:\/\/www.art-memorials.com\/de\/artwork\/holzurne-2\/","url":"https:\/\/www.art-memorials.com\/de\/artwork\/holzurne-2\/","name":"Holzurne 2 - Exklusives einzigartiges Werk &#8902; Art-Memorials.com","isPartOf":{"@id":"http:\/\/www.art-memorials.com\/de\/#website"},"primaryImageOfPage":{"@id":"https:\/\/www.art-memorials.com\/de\/artwork\/holzurne-2\/#primaryimage"},"image":{"@id":"https:\/\/www.art-memorials.com\/de\/artwork\/holzurne-2\/#primaryimage"},"thumbnailUrl":"https:\/\/www.art-memorials.com\/wp-content\/uploads\/2024\/04\/Wooden-urn-2-front-1.jpg","datePublished":"2024-04-18T02:48:20+00:00","description":"Kaufen sie eine exklusive Holzurne, die aus Halesia Carolina Holz gefertigt wurde. Zeigen Sie die Verbindung ihrer Geliebten zur Natur. Das Symbol des Lebens begleitet einen durch den Trauerprozess.","breadcrumb":{"@id":"https:\/\/www.art-memorials.com\/de\/artwork\/holzurne-2\/#breadcrumb"},"inLanguage":"de","potentialAction":[{"@type":"ReadAction","target":["https:\/\/www.art-memorials.com\/de\/artwork\/holzurne-2\/"]}]},{"@type":"ImageObject","inLanguage":"de","@id":"https:\/\/www.art-memorials.com\/de\/artwork\/holzurne-2\/#primaryimage","url":"https:\/\/www.art-memorials.com\/wp-content\/uploads\/2024\/04\/Wooden-urn-2-front-1.jpg","contentUrl":"https:\/\/www.art-memorials.com\/wp-content\/uploads\/2024\/04\/Wooden-urn-2-front-1.jpg","width":2560,"height":1704},{"@type":"BreadcrumbList","@id":"https:\/\/www.art-memorials.com\/de\/artwork\/holzurne-2\/#breadcrumb","itemListElement":[{"@type":"ListItem","position":1,"name":"Home","item":"https:\/\/www.art-memorials.com\/de\/"},{"@type":"ListItem","position":2,"name":"Shop","item":"https:\/\/www.art-memorials.com\/de\/urnen\/"},{"@type":"ListItem","position":3,"name":"Holzurne 2 &#8211; Exklusives einzigartiges Werk"}]},{"@type":"WebSite","@id":"http:\/\/www.art-memorials.com\/de\/#website","url":"http:\/\/www.art-memorials.com\/de\/","name":"Art-Memorials","description":"Exclusive Cremation Urns, Ash Paintings, and Sculptures","potentialAction":[{"@type":"SearchAction","target":{"@type":"EntryPoint","urlTemplate":"http:\/\/www.art-memorials.com\/de\/?s={search_term_string}"},"query-input":{"@type":"PropertyValueSpecification","valueRequired":true,"valueName":"search_term_string"}}],"inLanguage":"de"}]}},"_links":{"self":[{"href":"https:\/\/www.art-memorials.com\/de\/wp-json\/wp\/v2\/product\/6980","targetHints":{"allow":["GET"]}}],"collection":[{"href":"https:\/\/www.art-memorials.com\/de\/wp-json\/wp\/v2\/product"}],"about":[{"href":"https:\/\/www.art-memorials.com\/de\/wp-json\/wp\/v2\/types\/product"}],"wp:featuredmedia":[{"embeddable":true,"href":"https:\/\/www.art-memorials.com\/de\/wp-json\/wp\/v2\/media\/8881"}],"wp:attachment":[{"href":"https:\/\/www.art-memorials.com\/de\/wp-json\/wp\/v2\/media?parent=6980"}],"wp:term":[{"taxonomy":"product_brand","embeddable":true,"href":"https:\/\/www.art-memorials.com\/de\/wp-json\/wp\/v2\/product_brand?post=6980"},{"taxonomy":"product_cat","embeddable":true,"href":"https:\/\/www.art-memorials.com\/de\/wp-json\/wp\/v2\/product_cat?post=6980"},{"taxonomy":"product_tag","embeddable":true,"href":"https:\/\/www.art-memorials.com\/de\/wp-json\/wp\/v2\/product_tag?post=6980"}],"curies":[{"name":"wp","href":"https:\/\/api.w.org\/{rel}","templated":true}]}}