{"id":8453,"date":"2025-01-31T16:24:11","date_gmt":"2025-01-31T14:24:11","guid":{"rendered":"https:\/\/www.art-memorials.com\/artwork\/keramikurne-bunt-rot-von-heidi-hartmann\/"},"modified":"2025-01-31T16:24:11","modified_gmt":"2025-01-31T14:24:11","slug":"keramikurne-bunt-rot-von-heidi-hartmann","status":"publish","type":"product","link":"https:\/\/www.art-memorials.com\/de\/artwork\/keramikurne-bunt-rot-von-heidi-hartmann\/","title":{"rendered":"Keramikurne &#8211; bunt rot von Heidi Hartmann"},"content":{"rendered":"<p>Die K\u00fcnstlerin gibt uns Einblick in ihren kreativen Prozess \u2013 von der ersten Idee \u00fcber die Absicht bis hin zum fertigen Werk:<\/p>\n<p>\u201eDie letzten Jahre waren f\u00fcr mich sehr wertvoll. Ich konnte viel Zeit in Materialstudien investieren und die ganze Bandbreite des Materials aussch\u00f6pfen. Zun\u00e4chst habe ich mich auf die Darstellung der Figur konzentriert. Eine Geschichte zu erz\u00e4hlen, die zum Diskutieren anregt, das war meine Motivation. Eine Keramik f\u00fcr jemanden herzustellen, der gerade einen geliebten Menschen verloren hat, ist eine ganz besondere Aufgabe. Mit diesen Werken m\u00f6chte ich etwas Freude zur\u00fcckbringen, der Trauer Raum geben, aber vor allem die Liebe in den Vordergrund stellen. Inspirationsquellen sind dabei ganz unterschiedlich. Manchmal denke ich mir Geschichten aus. Manchmal sehe ich ein besonderes Blatt im Garten oder einen sch\u00f6nen Stoff. Meine Keramiken entstehen oft w\u00e4hrend ich arbeite, sie entwickeln sich einfach so wie ich es tue.\u201c<\/p>\n<p>Wir freuen uns, mit Heidi Hartmann zusammenarbeiten zu d\u00fcrfen und diese authentischen, mit viel Liebe, Zeit und Erfahrung hergestellten Keramikkunstwerke anbieten zu k\u00f6nnen. Wir wissen, wie wichtig es ist, die Asche Ihrer Lieben sicher aufzubewahren. Deshalb sind unsere exklusiven Keramikurnen auf Langlebigkeit und Sicherheit ausgelegt.<\/p>\n","protected":false},"excerpt":{"rendered":"<p>This round vase-like multicolored ceramic urn is a unique piece crafted with care and passion. Dieses wundersch\u00f6ne Erinnerungskunstwerk verbindet \u00e4sthetische Sch\u00f6nheit mit tiefer symbolischer Bedeutung. Ehren Sie das Andenken Ihrer Lieben auf die bedeutungsvollste Art und Weise. Unsere Urnenauswahl umfasst von erfahrenen K\u00fcnstlern wie Heidi Hartmann gefertigte Artikel, wobei jedes St\u00fcck mit gro\u00dfer Liebe zum Detail gefertigt wird. Wir wissen, wie wichtig es ist, die Asche Ihrer Lieben sicher aufzubewahren. Deshalb sind unsere exklusiven Keramikurnen auf Langlebigkeit und Sicherheit ausgelegt.<\/p>\n","protected":false},"featured_media":8756,"template":"","meta":[],"product_brand":[],"product_cat":[177,856],"product_tag":[1214,1224,1276,1277,1278,1279,1280],"class_list":{"0":"post-8453","1":"product","2":"type-product","3":"status-publish","4":"has-post-thumbnail","6":"product_cat-feuerbestattung-urnen","7":"product_cat-keramik-steine-urnen","8":"product_tag-keramik-urne","9":"product_tag-urne-de","10":"product_tag-bunte-urne","11":"product_tag-farbige-keramik-urne","12":"product_tag-orange-urne","13":"product_tag-handgefertigte-urne","14":"product_tag-handgefertigte-keramikurne","15":"tm-has-options","17":"first","18":"instock","19":"taxable","20":"shipping-taxable","21":"purchasable","22":"product-type-simple"},"yoast_head":"<!-- This site is optimized with the Yoast SEO plugin v24.4 - https:\/\/yoast.com\/wordpress\/plugins\/seo\/ -->\n<title>Keramikurne - bunt rot von Heidi Hartmann &#8902; Art-Memorials.com<\/title>\n<meta name=\"description\" content=\"Mit Sorgfalt und Leidenschaft handgefertigt, um das Andenken an Ihre Liebsten auf die bedeutungsvollste Weise zu ehren. - Sonderangebot f\u00fcr mehrfarbige rote Keramikurnen\" \/>\n<meta name=\"robots\" content=\"index, follow, max-snippet:-1, max-image-preview:large, max-video-preview:-1\" \/>\n<link rel=\"canonical\" href=\"https:\/\/www.art-memorials.com\/de\/artwork\/keramikurne-bunt-rot-von-heidi-hartmann\/\" \/>\n<meta property=\"og:locale\" content=\"de_DE\" \/>\n<meta property=\"og:type\" content=\"article\" \/>\n<meta property=\"og:title\" content=\"Keramikurne - bunt rot von Heidi Hartmann &#8902; Art-Memorials.com\" \/>\n<meta property=\"og:description\" content=\"Mit Sorgfalt und Leidenschaft handgefertigt, um das Andenken an Ihre Liebsten auf die bedeutungsvollste Weise zu ehren. - Sonderangebot f\u00fcr mehrfarbige rote Keramikurnen\" \/>\n<meta property=\"og:url\" content=\"https:\/\/www.art-memorials.com\/de\/artwork\/keramikurne-bunt-rot-von-heidi-hartmann\/\" \/>\n<meta property=\"og:site_name\" content=\"Art-Memorials\" \/>\n<meta property=\"og:image\" content=\"https:\/\/www.art-memorials.com\/wp-content\/uploads\/2025\/01\/pink1.jpg\" \/>\n\t<meta property=\"og:image:width\" content=\"1920\" \/>\n\t<meta property=\"og:image:height\" content=\"1280\" \/>\n\t<meta property=\"og:image:type\" content=\"image\/jpeg\" \/>\n<meta name=\"twitter:card\" content=\"summary_large_image\" \/>\n<meta name=\"twitter:label1\" content=\"Gesch\u00e4tzte Lesezeit\" \/>\n\t<meta name=\"twitter:data1\" content=\"1\u00a0Minute\" \/>\n<script type=\"application\/ld+json\" class=\"yoast-schema-graph\">{\"@context\":\"https:\/\/schema.org\",\"@graph\":[{\"@type\":\"WebPage\",\"@id\":\"https:\/\/www.art-memorials.com\/de\/artwork\/keramikurne-bunt-rot-von-heidi-hartmann\/\",\"url\":\"https:\/\/www.art-memorials.com\/de\/artwork\/keramikurne-bunt-rot-von-heidi-hartmann\/\",\"name\":\"Keramikurne - bunt rot von Heidi Hartmann &#8902; Art-Memorials.com\",\"isPartOf\":{\"@id\":\"http:\/\/www.art-memorials.com\/de\/#website\"},\"primaryImageOfPage\":{\"@id\":\"https:\/\/www.art-memorials.com\/de\/artwork\/keramikurne-bunt-rot-von-heidi-hartmann\/#primaryimage\"},\"image\":{\"@id\":\"https:\/\/www.art-memorials.com\/de\/artwork\/keramikurne-bunt-rot-von-heidi-hartmann\/#primaryimage\"},\"thumbnailUrl\":\"https:\/\/www.art-memorials.com\/wp-content\/uploads\/2025\/01\/25-02.jpg\",\"datePublished\":\"2025-01-31T14:24:11+00:00\",\"description\":\"Mit Sorgfalt und Leidenschaft handgefertigt, um das Andenken an Ihre Liebsten auf die bedeutungsvollste Weise zu ehren. - Sonderangebot f\u00fcr mehrfarbige rote Keramikurnen\",\"breadcrumb\":{\"@id\":\"https:\/\/www.art-memorials.com\/de\/artwork\/keramikurne-bunt-rot-von-heidi-hartmann\/#breadcrumb\"},\"inLanguage\":\"de\",\"potentialAction\":[{\"@type\":\"ReadAction\",\"target\":[\"https:\/\/www.art-memorials.com\/de\/artwork\/keramikurne-bunt-rot-von-heidi-hartmann\/\"]}]},{\"@type\":\"ImageObject\",\"inLanguage\":\"de\",\"@id\":\"https:\/\/www.art-memorials.com\/de\/artwork\/keramikurne-bunt-rot-von-heidi-hartmann\/#primaryimage\",\"url\":\"https:\/\/www.art-memorials.com\/wp-content\/uploads\/2025\/01\/25-02.jpg\",\"contentUrl\":\"https:\/\/www.art-memorials.com\/wp-content\/uploads\/2025\/01\/25-02.jpg\",\"width\":1920,\"height\":1280},{\"@type\":\"BreadcrumbList\",\"@id\":\"https:\/\/www.art-memorials.com\/de\/artwork\/keramikurne-bunt-rot-von-heidi-hartmann\/#breadcrumb\",\"itemListElement\":[{\"@type\":\"ListItem\",\"position\":1,\"name\":\"Home\",\"item\":\"https:\/\/www.art-memorials.com\/de\/\"},{\"@type\":\"ListItem\",\"position\":2,\"name\":\"Shop\",\"item\":\"https:\/\/www.art-memorials.com\/de\/urnen\/\"},{\"@type\":\"ListItem\",\"position\":3,\"name\":\"Keramikurne &#8211; bunt rot von Heidi Hartmann\"}]},{\"@type\":\"WebSite\",\"@id\":\"http:\/\/www.art-memorials.com\/de\/#website\",\"url\":\"http:\/\/www.art-memorials.com\/de\/\",\"name\":\"Art-Memorials\",\"description\":\"Exclusive Cremation Urns, Ash Paintings, and Sculptures\",\"potentialAction\":[{\"@type\":\"SearchAction\",\"target\":{\"@type\":\"EntryPoint\",\"urlTemplate\":\"http:\/\/www.art-memorials.com\/de\/?s={search_term_string}\"},\"query-input\":{\"@type\":\"PropertyValueSpecification\",\"valueRequired\":true,\"valueName\":\"search_term_string\"}}],\"inLanguage\":\"de\"}]}<\/script>\n<!-- \/ Yoast SEO plugin. -->","yoast_head_json":{"title":"Keramikurne - bunt rot von Heidi Hartmann &#8902; Art-Memorials.com","description":"Mit Sorgfalt und Leidenschaft handgefertigt, um das Andenken an Ihre Liebsten auf die bedeutungsvollste Weise zu ehren. - Sonderangebot f\u00fcr mehrfarbige rote Keramikurnen","robots":{"index":"index","follow":"follow","max-snippet":"max-snippet:-1","max-image-preview":"max-image-preview:large","max-video-preview":"max-video-preview:-1"},"canonical":"https:\/\/www.art-memorials.com\/de\/artwork\/keramikurne-bunt-rot-von-heidi-hartmann\/","og_locale":"de_DE","og_type":"article","og_title":"Keramikurne - bunt rot von Heidi Hartmann &#8902; Art-Memorials.com","og_description":"Mit Sorgfalt und Leidenschaft handgefertigt, um das Andenken an Ihre Liebsten auf die bedeutungsvollste Weise zu ehren. - Sonderangebot f\u00fcr mehrfarbige rote Keramikurnen","og_url":"https:\/\/www.art-memorials.com\/de\/artwork\/keramikurne-bunt-rot-von-heidi-hartmann\/","og_site_name":"Art-Memorials","og_image":[{"width":1920,"height":1280,"url":"https:\/\/www.art-memorials.com\/wp-content\/uploads\/2025\/01\/pink1.jpg","type":"image\/jpeg"}],"twitter_card":"summary_large_image","twitter_misc":{"Gesch\u00e4tzte Lesezeit":"1\u00a0Minute"},"schema":{"@context":"https:\/\/schema.org","@graph":[{"@type":"WebPage","@id":"https:\/\/www.art-memorials.com\/de\/artwork\/keramikurne-bunt-rot-von-heidi-hartmann\/","url":"https:\/\/www.art-memorials.com\/de\/artwork\/keramikurne-bunt-rot-von-heidi-hartmann\/","name":"Keramikurne - bunt rot von Heidi Hartmann &#8902; Art-Memorials.com","isPartOf":{"@id":"http:\/\/www.art-memorials.com\/de\/#website"},"primaryImageOfPage":{"@id":"https:\/\/www.art-memorials.com\/de\/artwork\/keramikurne-bunt-rot-von-heidi-hartmann\/#primaryimage"},"image":{"@id":"https:\/\/www.art-memorials.com\/de\/artwork\/keramikurne-bunt-rot-von-heidi-hartmann\/#primaryimage"},"thumbnailUrl":"https:\/\/www.art-memorials.com\/wp-content\/uploads\/2025\/01\/25-02.jpg","datePublished":"2025-01-31T14:24:11+00:00","description":"Mit Sorgfalt und Leidenschaft handgefertigt, um das Andenken an Ihre Liebsten auf die bedeutungsvollste Weise zu ehren. - Sonderangebot f\u00fcr mehrfarbige rote Keramikurnen","breadcrumb":{"@id":"https:\/\/www.art-memorials.com\/de\/artwork\/keramikurne-bunt-rot-von-heidi-hartmann\/#breadcrumb"},"inLanguage":"de","potentialAction":[{"@type":"ReadAction","target":["https:\/\/www.art-memorials.com\/de\/artwork\/keramikurne-bunt-rot-von-heidi-hartmann\/"]}]},{"@type":"ImageObject","inLanguage":"de","@id":"https:\/\/www.art-memorials.com\/de\/artwork\/keramikurne-bunt-rot-von-heidi-hartmann\/#primaryimage","url":"https:\/\/www.art-memorials.com\/wp-content\/uploads\/2025\/01\/25-02.jpg","contentUrl":"https:\/\/www.art-memorials.com\/wp-content\/uploads\/2025\/01\/25-02.jpg","width":1920,"height":1280},{"@type":"BreadcrumbList","@id":"https:\/\/www.art-memorials.com\/de\/artwork\/keramikurne-bunt-rot-von-heidi-hartmann\/#breadcrumb","itemListElement":[{"@type":"ListItem","position":1,"name":"Home","item":"https:\/\/www.art-memorials.com\/de\/"},{"@type":"ListItem","position":2,"name":"Shop","item":"https:\/\/www.art-memorials.com\/de\/urnen\/"},{"@type":"ListItem","position":3,"name":"Keramikurne &#8211; bunt rot von Heidi Hartmann"}]},{"@type":"WebSite","@id":"http:\/\/www.art-memorials.com\/de\/#website","url":"http:\/\/www.art-memorials.com\/de\/","name":"Art-Memorials","description":"Exclusive Cremation Urns, Ash Paintings, and Sculptures","potentialAction":[{"@type":"SearchAction","target":{"@type":"EntryPoint","urlTemplate":"http:\/\/www.art-memorials.com\/de\/?s={search_term_string}"},"query-input":{"@type":"PropertyValueSpecification","valueRequired":true,"valueName":"search_term_string"}}],"inLanguage":"de"}]}},"_links":{"self":[{"href":"https:\/\/www.art-memorials.com\/de\/wp-json\/wp\/v2\/product\/8453","targetHints":{"allow":["GET"]}}],"collection":[{"href":"https:\/\/www.art-memorials.com\/de\/wp-json\/wp\/v2\/product"}],"about":[{"href":"https:\/\/www.art-memorials.com\/de\/wp-json\/wp\/v2\/types\/product"}],"wp:featuredmedia":[{"embeddable":true,"href":"https:\/\/www.art-memorials.com\/de\/wp-json\/wp\/v2\/media\/8756"}],"wp:attachment":[{"href":"https:\/\/www.art-memorials.com\/de\/wp-json\/wp\/v2\/media?parent=8453"}],"wp:term":[{"taxonomy":"product_brand","embeddable":true,"href":"https:\/\/www.art-memorials.com\/de\/wp-json\/wp\/v2\/product_brand?post=8453"},{"taxonomy":"product_cat","embeddable":true,"href":"https:\/\/www.art-memorials.com\/de\/wp-json\/wp\/v2\/product_cat?post=8453"},{"taxonomy":"product_tag","embeddable":true,"href":"https:\/\/www.art-memorials.com\/de\/wp-json\/wp\/v2\/product_tag?post=8453"}],"curies":[{"name":"wp","href":"https:\/\/api.w.org\/{rel}","templated":true}]}}