{"id":6620,"date":"2024-01-26T17:05:57","date_gmt":"2024-01-26T15:05:57","guid":{"rendered":"https:\/\/www.art-memorials.com\/informatie\/veelgestelde-vragen\/"},"modified":"2024-02-13T17:03:46","modified_gmt":"2024-02-13T15:03:46","slug":"veelgestelde-vragen","status":"publish","type":"page","link":"https:\/\/www.art-memorials.com\/nl\/informatie\/veelgestelde-vragen\/","title":{"rendered":"Veelgestelde vragen"},"content":{"rendered":"<div class=\"wpb-content-wrapper\"><p>[vc_row][vc_column]<div class=\"sc_section\"><div class=\"sc_accordion sc_accordion_style_1\" data-active=\"0\"><div id=\"sc_accordion_item_1660050061082_2\" class=\"sc_accordion_item odd first\"><h5 class=\"sc_accordion_title\"><span class=\"sc_accordion_icon sc_accordion_icon_closed icon-ok\"><\/span><span class=\"sc_accordion_icon sc_accordion_icon_opened icon-ok\"><\/span>Frequently Asked Questions<\/h5><div class=\"sc_accordion_content\">[vc_column_text]<\/p>\n<p>Lees hier de meest gestelde vragen. Neem contact met ons op voor andere vragen, wij helpen u graag bij het vinden van een goed kunstmonument voor uw dierbare.<\/p>\n<p>[\/vc_column_text]<\/div><\/div><div id=\"sc_accordion_item_1698137559196_4\" class=\"sc_accordion_item even\"><h5 class=\"sc_accordion_title\"><span class=\"sc_accordion_icon sc_accordion_icon_closed icon-ok\"><\/span><span class=\"sc_accordion_icon sc_accordion_icon_opened icon-ok\"><\/span>What should I pay attention to when buying an urn?<\/h5><div class=\"sc_accordion_content\">[vc_column_text]Het kopen van een urn is een emotioneel proces waarbij het belangrijk is dat de urn mooi, passend en duurzaam is. Wij raden u aan de tijd te nemen. Bezoek onze online showroom om te zien wat u leuk vindt. Dit zal idee\u00ebn inspireren die u met uw familie en dierbaren kunt bespreken. Wij zijn er voor u en staan klaar om u te helpen.[\/vc_column_text]<\/div><\/div><div id=\"sc_accordion_item_1698137676919_9\" class=\"sc_accordion_item odd\"><h5 class=\"sc_accordion_title\"><span class=\"sc_accordion_icon sc_accordion_icon_closed icon-ok\"><\/span><span class=\"sc_accordion_icon sc_accordion_icon_opened icon-ok\"><\/span>How much ash is released after a cremation?<\/h5><div class=\"sc_accordion_content\">[vc_column_text]Gemiddeld wordt na de crematie van een volwassene ongeveer 3 tot 3,5 liter as geproduceerd.<\/p>\n<p>De hoeveelheid as kan vari\u00ebren op basis van de grootte van de persoon in termen van gewicht en lengte, de houtsoort die voor de kist is gebruikt en eventuele voorwerpen die in de kist zijn geplaatst.<\/p>\n<p>Bij dierenurnen is de hoeveelheid as die vrijkomt afhankelijk van het gewicht van uw geliefde dier.<\/p>\n<p>Hier kunt u een ruwe handleiding vinden voor de minimale capaciteit van urnen voor zowel mensen als dieren.[\/vc_column_text]<\/div><\/div><div id=\"sc_accordion_item_1698138605519_1\" class=\"sc_accordion_item even\"><h5 class=\"sc_accordion_title\"><span class=\"sc_accordion_icon sc_accordion_icon_closed icon-ok\"><\/span><span class=\"sc_accordion_icon sc_accordion_icon_opened icon-ok\"><\/span>Which size of urn is suitable?<\/h5><div class=\"sc_accordion_content\">[vc_column_text]Voor het volledig bewaren van de as van een volwassene heeft u een urn nodig met een inhoud van 3 tot 3,5 liter.<\/p>\n<p>Voor een kind moet u denken aan een urn met een inhoud van 1,8 liter. Bij iedere urn staat de inhoud van iedere urn vermeld. Zo niet, laat het ons weten.<\/p>\n<p>In een kleinere urn kan een portie crematie-as, een haarlok of een ander aandenken worden bewaard. Het is gebruikelijk dat familieleden meerdere kleinere urnen aanschaffen, zodat iedereen een deel van de as kan bewaren.[\/vc_column_text]<\/div><\/div><div id=\"sc_accordion_item_1659706522224_3\" class=\"sc_accordion_item odd\"><h5 class=\"sc_accordion_title\"><span class=\"sc_accordion_icon sc_accordion_icon_closed icon-ok\"><\/span><span class=\"sc_accordion_icon sc_accordion_icon_opened icon-ok\"><\/span>Can I return the urn if I'm not satisfied with it?<\/h5><div class=\"sc_accordion_content\">[vc_column_text]Al onze herdenkingsartikelen zijn van hoge kwaliteit en zorgvuldig vervaardigd. Als uw aankoop binnen deze periode niet aan uw tevredenheid voldoet, hoeft u zich geen zorgen te maken.<\/p>\n<p>U kunt het artikel binnen 14 dagen zonder opgaaf van reden retourneren. Zo willen wij het proces in ieder geval voor u vergemakkelijken.<\/p>\n<p>Het kunstwerk moet in de originele staat en verpakking worden teruggestuurd.<\/p>\n<p>Lees hier meer over ons retourbeleid. Helaas is het NIET mogelijk om een as schilderij terug te sturen.<br \/>\n[\/vc_column_text]<\/div><\/div><div class=\"sc_accordion_item even\"><h5 class=\"sc_accordion_title\"><span class=\"sc_accordion_icon sc_accordion_icon_closed icon-ok\"><\/span><span class=\"sc_accordion_icon sc_accordion_icon_opened icon-ok\"><\/span>Can a painting include clothing or belongings of someone who has passed away?<\/h5><div class=\"sc_accordion_content\">[vc_column_text]Ja, het is mogelijk om een schilderij te maken met kleding of persoonlijke spullen van een overleden persoon. Dit kan een betekenisvolle manier zijn om de persoon te herdenken en een uniek en persoonlijk kunstwerk te cre\u00ebren. Neem contact met ons op.[\/vc_column_text]<\/div><\/div><div class=\"sc_accordion_item odd\"><h5 class=\"sc_accordion_title\"><span class=\"sc_accordion_icon sc_accordion_icon_closed icon-ok\"><\/span><span class=\"sc_accordion_icon sc_accordion_icon_opened icon-ok\"><\/span>How do I send the Ashes for a Purchased Ash Painting?<\/h5><div class=\"sc_accordion_content\">[vc_column_text]<\/p>\n<p>Koop het gewenste as-schilderij. \u00c9\u00e9n van onze kunstenaar zal opnieuw recre\u00ebren zoals getoond op de foto&#8217;s, maar het eindresultaat kan natuurlijk minimaal verschillen.<br \/>\nStuur ons het bestelnummer. Hetzij via e-mail, hetzij als &#8216;aankoopnota&#8217; (opmerking) tijdens het afrekenproces.<br \/>\nWij bevestigen de bestelling en nemen contact met u op over de verzendinstructies.<br \/>\nOnze kunstenaars zullen het beeld opnieuw maken. Ze voegen respectvol een stukje as van uw dierbaren toe aan het schilderij.<br \/>\nHet kunstwerk wordt bij u thuisbezorgd. U ontvangt een track-and-trace-code waarmee u uw zending kunt volgen.<\/p>\n<p>[\/vc_column_text]<\/div><\/div><div class=\"sc_accordion_item even\"><h5 class=\"sc_accordion_title\"><span class=\"sc_accordion_icon sc_accordion_icon_closed icon-ok\"><\/span><span class=\"sc_accordion_icon sc_accordion_icon_opened icon-ok\"><\/span>What is Corten Steel?<\/h5><div class=\"sc_accordion_content\">[vc_column_text]Onze crematie\/begrafenis (metalen) urnen zijn uniek ontworpen, gemaakt in een beperkte oplage en gebruiken materialen van de hoogste kwaliteit, in dit geval Cortenstaal.<\/p>\n<p>Bekijk onze exclusieve collectie Cortenstaal uitvaartkunstwerken.<\/p>\n<p>[\/vc_column_text]<\/div><\/div><div id=\"sc_accordion_item_1671718590259_0\" class=\"sc_accordion_item odd\"><h5 class=\"sc_accordion_title\"><span class=\"sc_accordion_icon sc_accordion_icon_closed icon-ok\"><\/span><span class=\"sc_accordion_icon sc_accordion_icon_opened icon-ok\"><\/span>Do you have any information about the artist?<\/h5><div class=\"sc_accordion_content\">[vc_column_text]Ja, we hebben informatie over de kunstenaar beschikbaar op de productpagina voor elk kunstwerk. U kunt ook contact met ons opnemen als u specifieke vragen heeft over de kunstenaar of zijn werk.[\/vc_column_text]<\/div><\/div><div id=\"sc_accordion_item\" class=\"sc_accordion_item even\"><h5 class=\"sc_accordion_title\"><span class=\"sc_accordion_icon sc_accordion_icon_closed icon-ok\"><\/span><span class=\"sc_accordion_icon sc_accordion_icon_opened icon-ok\"><\/span>How do I care for my artwork?<\/h5><div class=\"sc_accordion_content\">[vc_column_text]Sommige kunstwerken zijn weerbestendig, zoals onze urnen, maar muurkunst en ingelijste kunstwerken kunnen verzorging nodig hebben. U kunt uw kunstwerk verzorgen door het uit direct zonlicht en uit de buurt van vocht- of warmtebronnen te houden. Als het kunstwerk is ingelijst, moet u er ook voor zorgen dat de lijst goed vastzit en in goede staat is.[\/vc_column_text]<\/div><\/div><div id=\"sc_accordion_item\" class=\"sc_accordion_item odd\"><h5 class=\"sc_accordion_title\"><span class=\"sc_accordion_icon sc_accordion_icon_closed icon-ok\"><\/span><span class=\"sc_accordion_icon sc_accordion_icon_opened icon-ok\"><\/span>Do you offer custom artworks?<\/h5><div class=\"sc_accordion_content\">[vc_column_text]Ja, wij bieden kunstwerken en\/of maten op maat aan. U kunt ons contacteren met uw specifieke verzoeken en wij zullen proberen daaraan tegemoet te komen. Het kan langer duren om aangepaste kunstwerken te maken en er kunnen extra kosten aan verbonden zijn.[\/vc_column_text]<\/div><\/div><div id=\"sc_accordion_item\" class=\"sc_accordion_item even\"><h5 class=\"sc_accordion_title\"><span class=\"sc_accordion_icon sc_accordion_icon_closed icon-ok\"><\/span><span class=\"sc_accordion_icon sc_accordion_icon_opened icon-ok\"><\/span>Do you offer international shipping?<\/h5><div class=\"sc_accordion_content\">[vc_column_text]Ja, wij bieden internationale verzending naar vele landen ter wereld. De kosten van internationale verzending worden tijdens het afrekenen berekend op basis van de bestemming en de grootte van het kunstwerk. Wij bieden echter gratis verzending voor veel artikelen van normaal formaat.[\/vc_column_text]<\/div><\/div><div id=\"sc_accordion_item\" class=\"sc_accordion_item odd\"><h5 class=\"sc_accordion_title\"><span class=\"sc_accordion_icon sc_accordion_icon_closed icon-ok\"><\/span><span class=\"sc_accordion_icon sc_accordion_icon_opened icon-ok\"><\/span>Do you offer discounts or promotions?<\/h5><div class=\"sc_accordion_content\">[vc_column_text]Ja, we bieden van tijd tot tijd kortingen en promoties aan. U kunt zich tijdens de registratie aanmelden voor onze nieuwsbrief om updates over promoties en verkopen te ontvangen. Je kunt ons ook volgen op Instagram om op de hoogte te blijven van de laatste aanbiedingen.[\/vc_column_text]<\/div><\/div><\/div><\/div>[\/vc_column][\/vc_row]<\/p>\n<\/div>","protected":false},"excerpt":{"rendered":"<p> [&hellip;]<\/p>\n","protected":false},"author":1,"featured_media":0,"parent":4250,"menu_order":0,"comment_status":"closed","ping_status":"closed","template":"","meta":{"footnotes":""},"class_list":["post-6620","page","type-page","status-publish","hentry"],"yoast_head":"<!-- This site is optimized with the Yoast SEO plugin v24.4 - https:\/\/yoast.com\/wordpress\/plugins\/seo\/ -->\n<title>Veelgestelde vragen &#8902; Art-Memorials.com<\/title>\n<meta name=\"robots\" content=\"index, follow, max-snippet:-1, max-image-preview:large, max-video-preview:-1\" \/>\n<link rel=\"canonical\" href=\"https:\/\/www.art-memorials.com\/nl\/informatie\/veelgestelde-vragen\/\" \/>\n<meta property=\"og:locale\" content=\"nl_NL\" \/>\n<meta property=\"og:type\" content=\"article\" \/>\n<meta property=\"og:title\" content=\"Veelgestelde vragen &#8902; Art-Memorials.com\" \/>\n<meta property=\"og:description\" content=\"[&hellip;]\" \/>\n<meta property=\"og:url\" content=\"https:\/\/www.art-memorials.com\/nl\/informatie\/veelgestelde-vragen\/\" \/>\n<meta property=\"og:site_name\" content=\"Art-Memorials\" \/>\n<meta property=\"article:modified_time\" content=\"2024-02-13T15:03:46+00:00\" \/>\n<meta name=\"twitter:card\" content=\"summary_large_image\" \/>\n<meta name=\"twitter:label1\" content=\"Geschatte leestijd\" \/>\n\t<meta name=\"twitter:data1\" content=\"5 minuten\" \/>\n<script type=\"application\/ld+json\" class=\"yoast-schema-graph\">{\"@context\":\"https:\/\/schema.org\",\"@graph\":[{\"@type\":\"WebPage\",\"@id\":\"https:\/\/www.art-memorials.com\/nl\/informatie\/veelgestelde-vragen\/\",\"url\":\"https:\/\/www.art-memorials.com\/nl\/informatie\/veelgestelde-vragen\/\",\"name\":\"Veelgestelde vragen &#8902; Art-Memorials.com\",\"isPartOf\":{\"@id\":\"http:\/\/www.art-memorials.com\/nl\/#website\"},\"datePublished\":\"2024-01-26T15:05:57+00:00\",\"dateModified\":\"2024-02-13T15:03:46+00:00\",\"breadcrumb\":{\"@id\":\"https:\/\/www.art-memorials.com\/nl\/informatie\/veelgestelde-vragen\/#breadcrumb\"},\"inLanguage\":\"nl-NL\",\"potentialAction\":[{\"@type\":\"ReadAction\",\"target\":[\"https:\/\/www.art-memorials.com\/nl\/informatie\/veelgestelde-vragen\/\"]}]},{\"@type\":\"BreadcrumbList\",\"@id\":\"https:\/\/www.art-memorials.com\/nl\/informatie\/veelgestelde-vragen\/#breadcrumb\",\"itemListElement\":[{\"@type\":\"ListItem\",\"position\":1,\"name\":\"Home\",\"item\":\"https:\/\/www.art-memorials.com\/nl\/\"},{\"@type\":\"ListItem\",\"position\":2,\"name\":\"Informatie\",\"item\":\"https:\/\/www.art-memorials.com\/nl\/informatie\/\"},{\"@type\":\"ListItem\",\"position\":3,\"name\":\"Veelgestelde vragen\"}]},{\"@type\":\"WebSite\",\"@id\":\"http:\/\/www.art-memorials.com\/nl\/#website\",\"url\":\"http:\/\/www.art-memorials.com\/nl\/\",\"name\":\"Art-Memorials\",\"description\":\"Exclusive Cremation Urns, Ash Paintings, and Sculptures\",\"potentialAction\":[{\"@type\":\"SearchAction\",\"target\":{\"@type\":\"EntryPoint\",\"urlTemplate\":\"http:\/\/www.art-memorials.com\/nl\/?s={search_term_string}\"},\"query-input\":{\"@type\":\"PropertyValueSpecification\",\"valueRequired\":true,\"valueName\":\"search_term_string\"}}],\"inLanguage\":\"nl-NL\"}]}<\/script>\n<!-- \/ Yoast SEO plugin. -->","yoast_head_json":{"title":"Veelgestelde vragen &#8902; Art-Memorials.com","robots":{"index":"index","follow":"follow","max-snippet":"max-snippet:-1","max-image-preview":"max-image-preview:large","max-video-preview":"max-video-preview:-1"},"canonical":"https:\/\/www.art-memorials.com\/nl\/informatie\/veelgestelde-vragen\/","og_locale":"nl_NL","og_type":"article","og_title":"Veelgestelde vragen &#8902; Art-Memorials.com","og_description":"[&hellip;]","og_url":"https:\/\/www.art-memorials.com\/nl\/informatie\/veelgestelde-vragen\/","og_site_name":"Art-Memorials","article_modified_time":"2024-02-13T15:03:46+00:00","twitter_card":"summary_large_image","twitter_misc":{"Geschatte leestijd":"5 minuten"},"schema":{"@context":"https:\/\/schema.org","@graph":[{"@type":"WebPage","@id":"https:\/\/www.art-memorials.com\/nl\/informatie\/veelgestelde-vragen\/","url":"https:\/\/www.art-memorials.com\/nl\/informatie\/veelgestelde-vragen\/","name":"Veelgestelde vragen &#8902; Art-Memorials.com","isPartOf":{"@id":"http:\/\/www.art-memorials.com\/nl\/#website"},"datePublished":"2024-01-26T15:05:57+00:00","dateModified":"2024-02-13T15:03:46+00:00","breadcrumb":{"@id":"https:\/\/www.art-memorials.com\/nl\/informatie\/veelgestelde-vragen\/#breadcrumb"},"inLanguage":"nl-NL","potentialAction":[{"@type":"ReadAction","target":["https:\/\/www.art-memorials.com\/nl\/informatie\/veelgestelde-vragen\/"]}]},{"@type":"BreadcrumbList","@id":"https:\/\/www.art-memorials.com\/nl\/informatie\/veelgestelde-vragen\/#breadcrumb","itemListElement":[{"@type":"ListItem","position":1,"name":"Home","item":"https:\/\/www.art-memorials.com\/nl\/"},{"@type":"ListItem","position":2,"name":"Informatie","item":"https:\/\/www.art-memorials.com\/nl\/informatie\/"},{"@type":"ListItem","position":3,"name":"Veelgestelde vragen"}]},{"@type":"WebSite","@id":"http:\/\/www.art-memorials.com\/nl\/#website","url":"http:\/\/www.art-memorials.com\/nl\/","name":"Art-Memorials","description":"Exclusive Cremation Urns, Ash Paintings, and Sculptures","potentialAction":[{"@type":"SearchAction","target":{"@type":"EntryPoint","urlTemplate":"http:\/\/www.art-memorials.com\/nl\/?s={search_term_string}"},"query-input":{"@type":"PropertyValueSpecification","valueRequired":true,"valueName":"search_term_string"}}],"inLanguage":"nl-NL"}]}},"featured_image_src":null,"featured_image_src_square":null,"_links":{"self":[{"href":"https:\/\/www.art-memorials.com\/nl\/wp-json\/wp\/v2\/pages\/6620","targetHints":{"allow":["GET"]}}],"collection":[{"href":"https:\/\/www.art-memorials.com\/nl\/wp-json\/wp\/v2\/pages"}],"about":[{"href":"https:\/\/www.art-memorials.com\/nl\/wp-json\/wp\/v2\/types\/page"}],"author":[{"embeddable":true,"href":"https:\/\/www.art-memorials.com\/nl\/wp-json\/wp\/v2\/users\/1"}],"replies":[{"embeddable":true,"href":"https:\/\/www.art-memorials.com\/nl\/wp-json\/wp\/v2\/comments?post=6620"}],"version-history":[{"count":0,"href":"https:\/\/www.art-memorials.com\/nl\/wp-json\/wp\/v2\/pages\/6620\/revisions"}],"up":[{"embeddable":true,"href":"https:\/\/www.art-memorials.com\/nl\/wp-json\/wp\/v2\/pages\/4250"}],"wp:attachment":[{"href":"https:\/\/www.art-memorials.com\/nl\/wp-json\/wp\/v2\/media?parent=6620"}],"curies":[{"name":"wp","href":"https:\/\/api.w.org\/{rel}","templated":true}]}}